{"id":18023,"date":"2021-11-24T17:54:38","date_gmt":"2021-11-24T17:54:38","guid":{"rendered":"http:\/\/bodasencubafiestas.com\/la-campana-casa-con-piscina-para-fiestas-en-la-habana\/"},"modified":"2024-09-30T14:17:12","modified_gmt":"2024-09-30T18:17:12","slug":"la-campana-haus-mit-pool-fuer-partys-havanna","status":"publish","type":"page","link":"https:\/\/bodasencubafiestas.com\/de\/la-campana-haus-mit-pool-fuer-partys-havanna\/","title":{"rendered":"La Campana, Haus mit Pool f\u00fcr Partys in Havanna"},"content":{"rendered":"<div class=\"wpb-content-wrapper\"><p>[vc_row][vc_column][rev_slider_vc alias=&#8220;villa-twilight-boca-ciega-carousel-11&#8243;][\/vc_column][\/vc_row][vc_row css=&#8220;.vc_custom_1485892471227{margin-top: 30px !important;}&#8220;][vc_column][vc_column_text]<\/p>\n<h2 style=\"text-align: center;\">La Campana, Haus mit Pool f\u00fcr Partys in Havanna<\/h2>\n<p>[\/vc_column_text]\n<div id=\"ofd-65985\" class=\"ozy-floral-divider ornament_4 align-center \">\n<svg viewBox=\"0 0 113.39 12.37\"><use xlink:href=\"https:\/\/bodasencubafiestas.com\/wp-content\/plugins\/ozy-wedding-planner-essentials\/images\/ornament_divider4.svg#ornament_divider4\"><\/use><\/svg><\/div>[vc_column_text]La Campana ist ein wundersch\u00f6nes Haus mit Pool und Garten in La Coronela, Havanna. Aufgrund seines gro\u00dfen Pools und der Ger\u00e4umigkeit und Sch\u00f6nheit seines Gartens ist es eines unserer gefragtesten Poolpartyh\u00e4user.<\/p>\n<p>In dieser Immobilie stehen Ihnen unter anderem verschiedene Dekorationen, gastronomische Dienstleistungen, eine offene Bar und Fotografie zur Verf\u00fcgung. Ob Hochzeit, Kindergeburtstag, Sweet-15-Party, Familientreffen oder jede andere Veranstaltung, im La Campana finden Sie alles, was Sie brauchen, um ein unvergessliches Fest zu feiern.<\/p>\n<p><strong>Adresse<\/strong>:Stra\u00dfe 212, Nr. 2904, zwischen 29 und 31, La Coronela, Havanna<\/p>\n<p><strong>Preis<\/strong>: 10 USD pro Person<\/p>\n<p><strong>Schlafzimmer: <\/strong><\/p>\n<p><strong>Badezimmer:1<\/strong>[\/vc_column_text]\n<div id=\"ofd-95254\" class=\"ozy-floral-divider ornament_4 align-center \">\n<svg viewBox=\"0 0 113.39 12.37\"><use xlink:href=\"https:\/\/bodasencubafiestas.com\/wp-content\/plugins\/ozy-wedding-planner-essentials\/images\/ornament_divider4.svg#ornament_divider4\"><\/use><\/svg><\/div>[\/vc_column][\/vc_row][vc_row css=&#8220;.vc_custom_1619751240572{background-color: #ffffff !important;}&#8220;][vc_column][vc_text_separator title=&#8220;Kontaktiere uns jetzt!!&#8220;][vc_column_text css=&#8220;&#8220;]<div class=\"wpforms-container wpforms-container-full wpforms-render-modern\" id=\"wpforms-28203\"><form id=\"wpforms-form-28203\" class=\"wpforms-validate wpforms-form\" data-formid=\"28203\" method=\"post\" enctype=\"multipart\/form-data\" action=\"\/de\/wp-json\/wp\/v2\/pages\/18023\" data-token=\"7f4084a83177bc18d967ebf2ffb6de19\" data-token-time=\"1775911125\"><noscript class=\"wpforms-error-noscript\">Bitte aktiviere JavaScript in deinem Browser, um dieses Formular fertigzustellen.<\/noscript><div class=\"wpforms-hidden\" id=\"wpforms-error-noscript\">Bitte aktiviere JavaScript in deinem Browser, um dieses Formular fertigzustellen.<\/div><div class=\"wpforms-field-container\"><div id=\"wpforms-28203-field_1-container\" class=\"wpforms-field wpforms-field-text\" data-field-id=\"1\"><label class=\"wpforms-field-label\" for=\"wpforms-28203-field_1\">Namen (erforderlich) <span class=\"wpforms-required-label\" aria-hidden=\"true\">*<\/span><\/label><input type=\"text\" id=\"wpforms-28203-field_1\" class=\"wpforms-field-medium wpforms-field-required\" name=\"wpforms[fields][1]\" placeholder=\"Deinen Namen hier\" aria-errormessage=\"wpforms-28203-field_1-error\" required><\/div><div id=\"wpforms-28203-field_2-container\" class=\"wpforms-field wpforms-field-email\" data-field-id=\"2\"><label class=\"wpforms-field-label\" for=\"wpforms-28203-field_2\">E-Mail (erforderlich) <span class=\"wpforms-required-label\" aria-hidden=\"true\">*<\/span><\/label><input type=\"email\" id=\"wpforms-28203-field_2\" class=\"wpforms-field-medium wpforms-field-required\" name=\"wpforms[fields][2]\" placeholder=\"Ihre E-Mail hier\" spellcheck=\"false\" aria-errormessage=\"wpforms-28203-field_2-error\" required><\/div><div id=\"wpforms-28203-field_13-container\" class=\"wpforms-field wpforms-field-phone\" data-field-id=\"13\"><label class=\"wpforms-field-label\" for=\"wpforms-28203-field_13\">Telefon (erforderlich)<\/label><input type=\"tel\" id=\"wpforms-28203-field_13\" class=\"wpforms-field-medium wpforms-smart-phone-field\" data-rule-smart-phone-field=\"true\" name=\"wpforms[fields][13]\" aria-label=\"Telefon (erforderlich)\" aria-errormessage=\"wpforms-28203-field_13-error\" ><\/div><div id=\"wpforms-28203-field_5-container\" class=\"wpforms-field wpforms-field-select wpforms-field-select-style-classic\" data-field-id=\"5\"><label class=\"wpforms-field-label\" for=\"wpforms-28203-field_5\">Art der Veranstaltung oder Dienstleistung (erforderlich) <span class=\"wpforms-required-label\" aria-hidden=\"true\">*<\/span><\/label><select id=\"wpforms-28203-field_5\" class=\"wpforms-field-medium wpforms-field-required\" name=\"wpforms[fields][5]\" required=\"required\"><option value=\"--Ausw\u00e4hlen--\" >--Ausw\u00e4hlen--<\/option><option value=\"Hochzeit\" >Hochzeit<\/option><option value=\"Erneuerung des Gel\u00fcbdes\" >Erneuerung des Gel\u00fcbdes<\/option><option value=\"Gesch\u00e4ftlich\" >Gesch\u00e4ftlich<\/option><option value=\"Private Veranstaltung \u2013 Party\" >Private Veranstaltung \u2013 Party<\/option><option value=\"Kindergeburtstag\" >Kindergeburtstag<\/option><option value=\"15. Geburtstagsfeier\" >15. Geburtstagsfeier<\/option><option value=\"Fotos zum 15. Geburtstag (Studio und im Freien)\" >Fotos zum 15. Geburtstag (Studio und im Freien)<\/option><option value=\"Verlobungsringe\" >Verlobungsringe<\/option><\/select><\/div><div id=\"wpforms-28203-field_6-container\" class=\"wpforms-field wpforms-field-select wpforms-field-select-style-classic\" data-field-id=\"6\"><label class=\"wpforms-field-label\" for=\"wpforms-28203-field_6\">Stil (erforderlich) <span class=\"wpforms-required-label\" aria-hidden=\"true\">*<\/span><\/label><select id=\"wpforms-28203-field_6\" class=\"wpforms-field-medium wpforms-field-required\" name=\"wpforms[fields][6]\" required=\"required\"><option value=\"--Ausw\u00e4hlen--\" >--Ausw\u00e4hlen--<\/option><option value=\"Klassisch (luxuri\u00f6s)\" >Klassisch (luxuri\u00f6s)<\/option><option value=\"Romantisch\" >Romantisch<\/option><option value=\"Vintage\" >Vintage<\/option><option value=\"Shabby Chic\" >Shabby Chic<\/option><option value=\"Boho Chic\" >Boho Chic<\/option><option value=\"Eklektisch\" >Eklektisch<\/option><option value=\"Modern\" >Modern<\/option><option value=\"Nat\u00fcrlich, \u00f6kologisch\" >Nat\u00fcrlich, \u00f6kologisch<\/option><option value=\"Minimalistisch (vereinfacht)\" >Minimalistisch (vereinfacht)<\/option><option value=\"Traditionell\" >Traditionell<\/option><option value=\"Ich nicht habe es noch, hilf mir!\" >Ich nicht habe es noch, hilf mir!<\/option><\/select><\/div><div id=\"wpforms-28203-field_7-container\" class=\"wpforms-field wpforms-field-checkbox\" data-field-id=\"7\"><fieldset><legend class=\"wpforms-field-label\">Bevorzugter Standort (erforderlich) <span class=\"wpforms-required-label\" aria-hidden=\"true\">*<\/span><\/legend><ul id=\"wpforms-28203-field_7\" class=\"wpforms-field-required\"><li class=\"choice-0 depth-1\"><input type=\"checkbox\" id=\"wpforms-28203-field_7_0\" name=\"wpforms[fields][7][]\" value=\"Strand\" aria-errormessage=\"wpforms-28203-field_7_0-error\" required ><label class=\"wpforms-field-label-inline\" for=\"wpforms-28203-field_7_0\">Strand<\/label><\/li><li class=\"choice-1 depth-1\"><input type=\"checkbox\" id=\"wpforms-28203-field_7_1\" name=\"wpforms[fields][7][]\" value=\"Apartment mit Meerblick\" aria-errormessage=\"wpforms-28203-field_7_1-error\" required ><label class=\"wpforms-field-label-inline\" for=\"wpforms-28203-field_7_1\">Apartment mit Meerblick<\/label><\/li><li class=\"choice-2 depth-1\"><input type=\"checkbox\" id=\"wpforms-28203-field_7_2\" name=\"wpforms[fields][7][]\" value=\"Garten\" aria-errormessage=\"wpforms-28203-field_7_2-error\" required ><label class=\"wpforms-field-label-inline\" for=\"wpforms-28203-field_7_2\">Garten<\/label><\/li><li class=\"choice-3 depth-1\"><input type=\"checkbox\" id=\"wpforms-28203-field_7_3\" name=\"wpforms[fields][7][]\" value=\"Feld\" aria-errormessage=\"wpforms-28203-field_7_3-error\" required ><label class=\"wpforms-field-label-inline\" for=\"wpforms-28203-field_7_3\">Feld<\/label><\/li><li class=\"choice-4 depth-1\"><input type=\"checkbox\" id=\"wpforms-28203-field_7_4\" name=\"wpforms[fields][7][]\" value=\"Private Villa\" aria-errormessage=\"wpforms-28203-field_7_4-error\" required ><label class=\"wpforms-field-label-inline\" for=\"wpforms-28203-field_7_4\">Private Villa<\/label><\/li><li class=\"choice-5 depth-1\"><input type=\"checkbox\" id=\"wpforms-28203-field_7_5\" name=\"wpforms[fields][7][]\" value=\"Wohnzimmer\" aria-errormessage=\"wpforms-28203-field_7_5-error\" required ><label class=\"wpforms-field-label-inline\" for=\"wpforms-28203-field_7_5\">Wohnzimmer<\/label><\/li><li class=\"choice-6 depth-1\"><input type=\"checkbox\" id=\"wpforms-28203-field_7_6\" name=\"wpforms[fields][7][]\" value=\"Hotel\" aria-errormessage=\"wpforms-28203-field_7_6-error\" required ><label class=\"wpforms-field-label-inline\" for=\"wpforms-28203-field_7_6\">Hotel<\/label><\/li><\/ul><\/fieldset><\/div><div id=\"wpforms-28203-field_8-container\" class=\"wpforms-field wpforms-field-select wpforms-field-select-style-classic\" data-field-id=\"8\"><label class=\"wpforms-field-label\" for=\"wpforms-28203-field_8\">Ungef\u00e4hres Budget (erforderlich) <span class=\"wpforms-required-label\" aria-hidden=\"true\">*<\/span><\/label><select id=\"wpforms-28203-field_8\" class=\"wpforms-field-medium wpforms-field-required\" name=\"wpforms[fields][8]\" required=\"required\"><option value=\"--Ausw\u00e4hlen--\" >--Ausw\u00e4hlen--<\/option><option value=\"100 \u00f7 350 USD\" >100 \u00f7 350 USD<\/option><option value=\"350 \u00f7 600 USD\" >350 \u00f7 600 USD<\/option><option value=\"600 \u00f7 1000 USD\" >600 \u00f7 1000 USD<\/option><option value=\"1000 \u00f7 1500 USD\" >1000 \u00f7 1500 USD<\/option><option value=\"1500 \u00f7 2000 USD\" >1500 \u00f7 2000 USD<\/option><option value=\"2000 \u00f7 3000 USD\" >2000 \u00f7 3000 USD<\/option><option value=\"3000 \u00f7 7000 USD\" >3000 \u00f7 7000 USD<\/option><option value=\"7000 \u00f7 15 000 USD\" >7000 \u00f7 15 000 USD<\/option><option value=\"15 000 \u00f7 20 000 USD\" >15 000 \u00f7 20 000 USD<\/option><option value=\"20 000 \u00f7 25 000 USD\" >20 000 \u00f7 25 000 USD<\/option><option value=\"25 000 \u00f7 unbegrenzt\" >25 000 \u00f7 unbegrenzt<\/option><\/select><\/div><div id=\"wpforms-28203-field_9-container\" class=\"wpforms-field wpforms-field-select wpforms-field-select-style-classic\" data-field-id=\"9\"><label class=\"wpforms-field-label\" for=\"wpforms-28203-field_9\">Anzahl der Personen (erforderlich) <span class=\"wpforms-required-label\" aria-hidden=\"true\">*<\/span><\/label><select id=\"wpforms-28203-field_9\" class=\"wpforms-field-medium wpforms-field-required\" name=\"wpforms[fields][9]\" required=\"required\"><option value=\"--Ausw\u00e4hlen--\" >--Ausw\u00e4hlen--<\/option><option value=\"1\" >1<\/option><option value=\"2\" >2<\/option><option value=\"3 - 10\" >3 - 10<\/option><option value=\"10 - 20\" >10 - 20<\/option><option value=\"20 - 30\" >20 - 30<\/option><option value=\"30 - 40\" >30 - 40<\/option><option value=\"40 - 50\" >40 - 50<\/option><option value=\"50 - 70\" >50 - 70<\/option><option value=\"70 - 100\" >70 - 100<\/option><option value=\"100 - 150\" >100 - 150<\/option><option value=\"150 - 200\" >150 - 200<\/option><option value=\"200 - 300\" >200 - 300<\/option><\/select><\/div><div id=\"wpforms-28203-field_10-container\" class=\"wpforms-field wpforms-field-date-time\" data-field-id=\"10\"><label class=\"wpforms-field-label\" for=\"wpforms-28203-field_10\">Datum (erforderlich) <span class=\"wpforms-required-label\" aria-hidden=\"true\">*<\/span><\/label><div class=\"wpforms-datepicker-wrap\"><input type=\"text\" id=\"wpforms-28203-field_10\" class=\"wpforms-field-date-time-date wpforms-datepicker wpforms-field-required wpforms-field-medium\" data-date-format=\"m\/d\/Y\" data-disable-past-dates=\"0\" data-input=\"true\" name=\"wpforms[fields][10][date]\" aria-errormessage=\"wpforms-28203-field_10-error\" required><a title=\"Datum leeren\" data-clear class=\"wpforms-datepicker-clear\" style=\"display:none;\"><\/a><\/div><\/div><div id=\"wpforms-28203-field_11-container\" class=\"wpforms-field wpforms-field-textarea\" data-field-id=\"11\"><label class=\"wpforms-field-label\" for=\"wpforms-28203-field_11\">Ihre Nachricht<\/label><textarea id=\"wpforms-28203-field_11\" class=\"wpforms-field-medium\" name=\"wpforms[fields][11]\" aria-errormessage=\"wpforms-28203-field_11-error\" ><\/textarea><\/div><\/div><!-- .wpforms-field-container --><div class=\"wpforms-recaptcha-container wpforms-is-turnstile\" ><div class=\"g-recaptcha\" data-sitekey=\"0x4AAAAAAAzmO8OSv74kHhcE\" data-action=\"FormID-28203\"><\/div><input type=\"text\" name=\"g-recaptcha-hidden\" class=\"wpforms-recaptcha-hidden\" style=\"position:absolute!important;clip:rect(0,0,0,0)!important;height:1px!important;width:1px!important;border:0!important;overflow:hidden!important;padding:0!important;margin:0!important;\" data-rule-turnstile=\"1\"><\/div><div class=\"wpforms-submit-container\" ><input type=\"hidden\" name=\"wpforms[id]\" value=\"28203\"><input type=\"hidden\" name=\"page_title\" value=\"\"><input type=\"hidden\" name=\"page_url\" value=\"https:\/\/bodasencubafiestas.com\/de\/wp-json\/wp\/v2\/pages\/18023\"><button type=\"submit\" name=\"wpforms[submit]\" id=\"wpforms-submit-28203\" class=\"wpforms-submit\" data-alt-text=\"Senden\" data-submit-text=\"Schicken\" aria-live=\"assertive\" value=\"wpforms-submit\">Schicken<\/button><\/div><\/form><\/div>  <!-- .wpforms-container -->[\/vc_column_text][\/vc_column][\/vc_row]<\/p>\n<\/div>","protected":false},"excerpt":{"rendered":"<p>[vc_row][vc_column][rev_slider_vc alias=&#8220;villa-twilight-boca-ciega-carousel-11&#8243;][\/vc_column][\/vc_row][vc_row css=&#8220;.vc_custom_1485892471227{margin-top: 30px !important;}&#8220;][vc_column][vc_column_text] La Campana, Haus mit Pool f\u00fcr Partys in Havanna [\/vc_column_text][vc_column_text]La Campana ist ein wundersch\u00f6nes Haus mit Pool und Garten in La Coronela, Havanna. Aufgrund seines [&hellip;]<\/p>\n","protected":false},"author":2,"featured_media":0,"parent":0,"menu_order":0,"comment_status":"closed","ping_status":"closed","template":"","meta":{"_uf_show_specific_survey":0,"_uf_disable_surveys":false,"_joinchat":[],"footnotes":""},"class_list":["post-18023","page","type-page","status-publish","hentry"],"yoast_head":"<!-- This site is optimized with the Yoast SEO plugin v27.0 - https:\/\/yoast.com\/product\/yoast-seo-wordpress\/ -->\n<title>La Campana, Haus mit Pool f\u00fcr Partys in Havanna<\/title>\n<meta name=\"description\" content=\"La Campana verf\u00fcgt \u00fcber einen Swimmingpool und einen Garten, ideal f\u00fcr die Durchf\u00fchrung von Veranstaltungen aller Art. Reservieren Sie jetzt dieses Haus mit Pool f\u00fcr Partys!\" \/>\n<meta name=\"robots\" content=\"index, follow, max-snippet:-1, max-image-preview:large, max-video-preview:-1\" \/>\n<link rel=\"canonical\" href=\"https:\/\/bodasencubafiestas.com\/de\/la-campana-haus-mit-pool-fuer-partys-havanna\/\" \/>\n<meta property=\"og:locale\" content=\"de_DE\" \/>\n<meta property=\"og:type\" content=\"article\" \/>\n<meta property=\"og:title\" content=\"La Campana, Haus mit Pool f\u00fcr Partys in Havanna\" \/>\n<meta property=\"og:description\" content=\"La Campana verf\u00fcgt \u00fcber einen Swimmingpool und einen Garten, ideal f\u00fcr die Durchf\u00fchrung von Veranstaltungen aller Art. Reservieren Sie jetzt dieses Haus mit Pool f\u00fcr Partys!\" \/>\n<meta property=\"og:url\" content=\"https:\/\/bodasencubafiestas.com\/de\/la-campana-haus-mit-pool-fuer-partys-havanna\/\" \/>\n<meta property=\"og:site_name\" content=\"Bodas en Cuba Fiestas\" \/>\n<meta property=\"article:publisher\" content=\"https:\/\/www.facebook.com\/p\/Bodas-en-Cuba-fiestas-decoraciones-para-eventos-100064305390336\/\" \/>\n<meta property=\"article:modified_time\" content=\"2024-09-30T18:17:12+00:00\" \/>\n<meta name=\"twitter:card\" content=\"summary_large_image\" \/>\n<meta name=\"twitter:label1\" content=\"Gesch\u00e4tzte Lesezeit\" \/>\n\t<meta name=\"twitter:data1\" content=\"1\u00a0Minute\" \/>\n<script type=\"application\/ld+json\" class=\"yoast-schema-graph\">{\"@context\":\"https:\/\/schema.org\",\"@graph\":[{\"@type\":\"WebPage\",\"@id\":\"https:\/\/bodasencubafiestas.com\/de\/la-campana-haus-mit-pool-fuer-partys-havanna\/\",\"url\":\"https:\/\/bodasencubafiestas.com\/de\/la-campana-haus-mit-pool-fuer-partys-havanna\/\",\"name\":\"La Campana, Haus mit Pool f\u00fcr Partys in Havanna\",\"isPartOf\":{\"@id\":\"https:\/\/bodasencubafiestas.com\/de\/#website\"},\"datePublished\":\"2021-11-24T17:54:38+00:00\",\"dateModified\":\"2024-09-30T18:17:12+00:00\",\"description\":\"La Campana verf\u00fcgt \u00fcber einen Swimmingpool und einen Garten, ideal f\u00fcr die Durchf\u00fchrung von Veranstaltungen aller Art. Reservieren Sie jetzt dieses Haus mit Pool f\u00fcr Partys!\",\"breadcrumb\":{\"@id\":\"https:\/\/bodasencubafiestas.com\/de\/la-campana-haus-mit-pool-fuer-partys-havanna\/#breadcrumb\"},\"inLanguage\":\"de\",\"potentialAction\":[{\"@type\":\"ReadAction\",\"target\":[\"https:\/\/bodasencubafiestas.com\/de\/la-campana-haus-mit-pool-fuer-partys-havanna\/\"]}]},{\"@type\":\"BreadcrumbList\",\"@id\":\"https:\/\/bodasencubafiestas.com\/de\/la-campana-haus-mit-pool-fuer-partys-havanna\/#breadcrumb\",\"itemListElement\":[{\"@type\":\"ListItem\",\"position\":1,\"name\":\"Home\",\"item\":\"https:\/\/bodasencubafiestas.com\/de\/\"},{\"@type\":\"ListItem\",\"position\":2,\"name\":\"La Campana, Haus mit Pool f\u00fcr Partys in Havanna\"}]},{\"@type\":\"WebSite\",\"@id\":\"https:\/\/bodasencubafiestas.com\/de\/#website\",\"url\":\"https:\/\/bodasencubafiestas.com\/de\/\",\"name\":\"Bodas en Cuba Fiestas\",\"description\":\"\",\"publisher\":{\"@id\":\"https:\/\/bodasencubafiestas.com\/de\/#organization\"},\"potentialAction\":[{\"@type\":\"SearchAction\",\"target\":{\"@type\":\"EntryPoint\",\"urlTemplate\":\"https:\/\/bodasencubafiestas.com\/de\/?s={search_term_string}\"},\"query-input\":{\"@type\":\"PropertyValueSpecification\",\"valueRequired\":true,\"valueName\":\"search_term_string\"}}],\"inLanguage\":\"de\"},{\"@type\":\"Organization\",\"@id\":\"https:\/\/bodasencubafiestas.com\/de\/#organization\",\"name\":\"Bodas en Cuba Fiestas\",\"url\":\"https:\/\/bodasencubafiestas.com\/de\/\",\"logo\":{\"@type\":\"ImageObject\",\"inLanguage\":\"de\",\"@id\":\"https:\/\/bodasencubafiestas.com\/de\/#\/schema\/logo\/image\/\",\"url\":\"https:\/\/bodasencubafiestas.com\/wp-content\/uploads\/2026\/03\/BodasenCubaFiestas-logo.png\",\"contentUrl\":\"https:\/\/bodasencubafiestas.com\/wp-content\/uploads\/2026\/03\/BodasenCubaFiestas-logo.png\",\"width\":696,\"height\":696,\"caption\":\"Bodas en Cuba Fiestas\"},\"image\":{\"@id\":\"https:\/\/bodasencubafiestas.com\/de\/#\/schema\/logo\/image\/\"},\"sameAs\":[\"https:\/\/www.facebook.com\/p\/Bodas-en-Cuba-fiestas-decoraciones-para-eventos-100064305390336\/\",\"https:\/\/www.instagram.com\/bodasencubafiestas\/\"]}]}<\/script>\n<!-- \/ Yoast SEO plugin. -->","yoast_head_json":{"title":"La Campana, Haus mit Pool f\u00fcr Partys in Havanna","description":"La Campana verf\u00fcgt \u00fcber einen Swimmingpool und einen Garten, ideal f\u00fcr die Durchf\u00fchrung von Veranstaltungen aller Art. Reservieren Sie jetzt dieses Haus mit Pool f\u00fcr Partys!","robots":{"index":"index","follow":"follow","max-snippet":"max-snippet:-1","max-image-preview":"max-image-preview:large","max-video-preview":"max-video-preview:-1"},"canonical":"https:\/\/bodasencubafiestas.com\/de\/la-campana-haus-mit-pool-fuer-partys-havanna\/","og_locale":"de_DE","og_type":"article","og_title":"La Campana, Haus mit Pool f\u00fcr Partys in Havanna","og_description":"La Campana verf\u00fcgt \u00fcber einen Swimmingpool und einen Garten, ideal f\u00fcr die Durchf\u00fchrung von Veranstaltungen aller Art. Reservieren Sie jetzt dieses Haus mit Pool f\u00fcr Partys!","og_url":"https:\/\/bodasencubafiestas.com\/de\/la-campana-haus-mit-pool-fuer-partys-havanna\/","og_site_name":"Bodas en Cuba Fiestas","article_publisher":"https:\/\/www.facebook.com\/p\/Bodas-en-Cuba-fiestas-decoraciones-para-eventos-100064305390336\/","article_modified_time":"2024-09-30T18:17:12+00:00","twitter_card":"summary_large_image","twitter_misc":{"Gesch\u00e4tzte Lesezeit":"1\u00a0Minute"},"schema":{"@context":"https:\/\/schema.org","@graph":[{"@type":"WebPage","@id":"https:\/\/bodasencubafiestas.com\/de\/la-campana-haus-mit-pool-fuer-partys-havanna\/","url":"https:\/\/bodasencubafiestas.com\/de\/la-campana-haus-mit-pool-fuer-partys-havanna\/","name":"La Campana, Haus mit Pool f\u00fcr Partys in Havanna","isPartOf":{"@id":"https:\/\/bodasencubafiestas.com\/de\/#website"},"datePublished":"2021-11-24T17:54:38+00:00","dateModified":"2024-09-30T18:17:12+00:00","description":"La Campana verf\u00fcgt \u00fcber einen Swimmingpool und einen Garten, ideal f\u00fcr die Durchf\u00fchrung von Veranstaltungen aller Art. Reservieren Sie jetzt dieses Haus mit Pool f\u00fcr Partys!","breadcrumb":{"@id":"https:\/\/bodasencubafiestas.com\/de\/la-campana-haus-mit-pool-fuer-partys-havanna\/#breadcrumb"},"inLanguage":"de","potentialAction":[{"@type":"ReadAction","target":["https:\/\/bodasencubafiestas.com\/de\/la-campana-haus-mit-pool-fuer-partys-havanna\/"]}]},{"@type":"BreadcrumbList","@id":"https:\/\/bodasencubafiestas.com\/de\/la-campana-haus-mit-pool-fuer-partys-havanna\/#breadcrumb","itemListElement":[{"@type":"ListItem","position":1,"name":"Home","item":"https:\/\/bodasencubafiestas.com\/de\/"},{"@type":"ListItem","position":2,"name":"La Campana, Haus mit Pool f\u00fcr Partys in Havanna"}]},{"@type":"WebSite","@id":"https:\/\/bodasencubafiestas.com\/de\/#website","url":"https:\/\/bodasencubafiestas.com\/de\/","name":"Bodas en Cuba Fiestas","description":"","publisher":{"@id":"https:\/\/bodasencubafiestas.com\/de\/#organization"},"potentialAction":[{"@type":"SearchAction","target":{"@type":"EntryPoint","urlTemplate":"https:\/\/bodasencubafiestas.com\/de\/?s={search_term_string}"},"query-input":{"@type":"PropertyValueSpecification","valueRequired":true,"valueName":"search_term_string"}}],"inLanguage":"de"},{"@type":"Organization","@id":"https:\/\/bodasencubafiestas.com\/de\/#organization","name":"Bodas en Cuba Fiestas","url":"https:\/\/bodasencubafiestas.com\/de\/","logo":{"@type":"ImageObject","inLanguage":"de","@id":"https:\/\/bodasencubafiestas.com\/de\/#\/schema\/logo\/image\/","url":"https:\/\/bodasencubafiestas.com\/wp-content\/uploads\/2026\/03\/BodasenCubaFiestas-logo.png","contentUrl":"https:\/\/bodasencubafiestas.com\/wp-content\/uploads\/2026\/03\/BodasenCubaFiestas-logo.png","width":696,"height":696,"caption":"Bodas en Cuba Fiestas"},"image":{"@id":"https:\/\/bodasencubafiestas.com\/de\/#\/schema\/logo\/image\/"},"sameAs":["https:\/\/www.facebook.com\/p\/Bodas-en-Cuba-fiestas-decoraciones-para-eventos-100064305390336\/","https:\/\/www.instagram.com\/bodasencubafiestas\/"]}]}},"_links":{"self":[{"href":"https:\/\/bodasencubafiestas.com\/de\/wp-json\/wp\/v2\/pages\/18023","targetHints":{"allow":["GET"]}}],"collection":[{"href":"https:\/\/bodasencubafiestas.com\/de\/wp-json\/wp\/v2\/pages"}],"about":[{"href":"https:\/\/bodasencubafiestas.com\/de\/wp-json\/wp\/v2\/types\/page"}],"author":[{"embeddable":true,"href":"https:\/\/bodasencubafiestas.com\/de\/wp-json\/wp\/v2\/users\/2"}],"replies":[{"embeddable":true,"href":"https:\/\/bodasencubafiestas.com\/de\/wp-json\/wp\/v2\/comments?post=18023"}],"version-history":[{"count":0,"href":"https:\/\/bodasencubafiestas.com\/de\/wp-json\/wp\/v2\/pages\/18023\/revisions"}],"wp:attachment":[{"href":"https:\/\/bodasencubafiestas.com\/de\/wp-json\/wp\/v2\/media?parent=18023"}],"curies":[{"name":"wp","href":"https:\/\/api.w.org\/{rel}","templated":true}]}}