{"id":18065,"date":"2018-09-11T18:22:13","date_gmt":"2018-09-11T18:22:13","guid":{"rendered":"http:\/\/bodasencubafiestas.com\/casas-para-fiestas\/"},"modified":"2024-09-21T18:46:38","modified_gmt":"2024-09-21T22:46:38","slug":"party-location-mieten","status":"publish","type":"page","link":"https:\/\/bodasencubafiestas.com\/de\/party-location-mieten\/","title":{"rendered":"Party Location Mieten in Kuba"},"content":{"rendered":"<div class=\"wpb-content-wrapper\"><p>[vc_row full_width=&#8220;stretch_row&#8220; content_placement=&#8220;middle&#8220; css=&#8220;.vc_custom_1650929649715{margin-top: 40px !important;}&#8220;][vc_column]<h2 class=\"ozy-divider-cap-left wpb_content_element \"  style=\"color:#590455\" >Party Location Mieten in Kuba<\/h2><div class=\"ozy-content-divider \" style=\"border-top-style:solid;border-top-width:2px;border-top-color:#590455!important;width:40px;max-width:40px;left:0;\"><\/div>[vc_column_text css=&#8220;.vc_custom_1537500803104{margin-top: 20px !important;}&#8220;]Wir bieten Ihnen wundersch\u00f6ne <strong>Party Location Mieten in Kuba<\/strong>. Feiern Sie Ihre Veranstaltung, Ihren Deb\u00fctantenball, Ihre Hochzeit oder Ihren Geburtstag in einem Privathaus, es ist eine ausgezeichnete Option Wir haben wundervolle Immobilien: gro\u00dfe Hostels mit wundersch\u00f6nen G\u00e4rten, Villen mit Pools, Apartments mit Meerblick und gro\u00dfen Terrassen, Bauernh\u00f6fe, die sich ideal f\u00fcr \u00f6kologische Veranstaltungen eignen, und Strandh\u00e4user.[\/vc_column_text][\/vc_column][\/vc_row][vc_row][vc_column width=&#8220;1\/2&#8243;][vc_custom_heading text=&#8220;Party Location Mieten in Kuba&#8220; font_container=&#8220;tag:h3|text_align:center|color:%23c09e6f&#8220; google_fonts=&#8220;font_family:Lovers%20Quarrel%3Anormal|font_style:300%20light%3A300%3Anormal&#8220;]\n<div id=\"ofd-16125\" class=\"ozy-floral-divider style_1 align-center \">\n<svg viewBox=\"0 0 360.62 37.92\"><use xlink:href=\"https:\/\/bodasencubafiestas.com\/wp-content\/plugins\/ozy-wedding-planner-essentials\/images\/floral_divider.svg#floral_divider\"><\/use><\/svg><\/div>[vc_empty_space][vc_column_text css=&#8220;.vc_custom_1693839795811{margin-top: 20px !important;}&#8220;]Die Ausrichtung Ihrer Party in einem Privathaus hat viele Vorteile. Das Anwesen bietet Ihnen nach einer Nacht voller Spa\u00df eine Unterkunft und sorgt au\u00dferdem f\u00fcr Privatsph\u00e4re, Offenheit und eine famili\u00e4re Atmosph\u00e4re bei Ihrer Veranstaltung.<\/p>\n<p>Wenn Sie Ihren Deb\u00fctantenball, Ihre Hochzeit oder Ihre Veranstaltung in einem Veranstaltungsort, Saal oder Haus f\u00fcr Partys in unserem Land abhalten m\u00f6chten und nicht wissen, wo Sie anfangen sollen, empfehlen wir Ihnen unsere Veranstaltungsorganisation. Wir bieten mehrere Angebote an.<\/p>\n<p>Hier k\u00f6nnen Sie Hochzeitspaketangebote sehen:<\/p>\n<p><a href=\"https:\/\/bodasencubafiestas.com\/de\/hochzeitsangebote-in-kuba\/\" target=\"_blank\" rel=\"noopener\">https:\/\/bodasencubafiestas.com\/de\/hochzeitsangebote-in-kuba\/<\/a><\/p>\n<p>Schauen Sie sich unsere Pakete f\u00fcr einen Deb\u00fctantenball an:<\/p>\n<p><a href=\"https:\/\/bodasencubafiestas.com\/de\/angebot-15-debutantenball-kuba\/\" target=\"_blank\" rel=\"noopener\">https:\/\/bodasencubafiestas.com\/de\/angebot-15-debutantenball-kuba\/<\/a><\/p>\n<p>Auch f\u00fcr die Kleinen haben wir Geburtstagsfeier-Angebote:<\/p>\n<p><a href=\"https:\/\/bodasencubafiestas.com\/de\/geburtstagspaket-kuba\/\" target=\"_blank\" rel=\"noopener\">https:\/\/bodasencubafiestas.com\/de\/geburtstagspaket-kuba\/<\/a><\/p>\n<p>Kontaktiere uns. Wir bieten Ihnen die besten M\u00f6glichkeiten.[\/vc_column_text][\/vc_column][vc_column width=&#8220;1\/2&#8243;][vc_images_carousel images=&#8220;3944,2185,2186,3955&#8243; img_size=&#8220;570&#215;370&#8243; autoplay=&#8220;yes&#8220; wrap=&#8220;yes&#8220; css_animation=&#8220;bounceIn&#8220;][\/vc_column][\/vc_row][vc_row css=&#8220;.vc_custom_1619642754257{background-color: #ffffff !important;}&#8220;][vc_column][vc_text_separator title=&#8220;Kontaktiere uns jetzt!!&#8220;][vc_column_text css=&#8220;&#8220;]<div class=\"wpforms-container wpforms-container-full wpforms-render-modern\" id=\"wpforms-28203\"><form id=\"wpforms-form-28203\" class=\"wpforms-validate wpforms-form\" data-formid=\"28203\" method=\"post\" enctype=\"multipart\/form-data\" action=\"\/de\/wp-json\/wp\/v2\/pages\/18065\" data-token=\"7f4084a83177bc18d967ebf2ffb6de19\" data-token-time=\"1775917442\"><noscript class=\"wpforms-error-noscript\">Bitte aktiviere JavaScript in deinem Browser, um dieses Formular fertigzustellen.<\/noscript><div class=\"wpforms-hidden\" id=\"wpforms-error-noscript\">Bitte aktiviere JavaScript in deinem Browser, um dieses Formular fertigzustellen.<\/div><div class=\"wpforms-field-container\"><div id=\"wpforms-28203-field_1-container\" class=\"wpforms-field wpforms-field-text\" data-field-id=\"1\"><label class=\"wpforms-field-label\" for=\"wpforms-28203-field_1\">Namen (erforderlich) <span class=\"wpforms-required-label\" aria-hidden=\"true\">*<\/span><\/label><input type=\"text\" id=\"wpforms-28203-field_1\" class=\"wpforms-field-medium wpforms-field-required\" name=\"wpforms[fields][1]\" placeholder=\"Deinen Namen hier\" aria-errormessage=\"wpforms-28203-field_1-error\" required><\/div><div id=\"wpforms-28203-field_2-container\" class=\"wpforms-field wpforms-field-email\" data-field-id=\"2\"><label class=\"wpforms-field-label\" for=\"wpforms-28203-field_2\">E-Mail (erforderlich) <span class=\"wpforms-required-label\" aria-hidden=\"true\">*<\/span><\/label><input type=\"email\" id=\"wpforms-28203-field_2\" class=\"wpforms-field-medium wpforms-field-required\" name=\"wpforms[fields][2]\" placeholder=\"Ihre E-Mail hier\" spellcheck=\"false\" aria-errormessage=\"wpforms-28203-field_2-error\" required><\/div><div id=\"wpforms-28203-field_13-container\" class=\"wpforms-field wpforms-field-phone\" data-field-id=\"13\"><label class=\"wpforms-field-label\" for=\"wpforms-28203-field_13\">Telefon (erforderlich)<\/label><input type=\"tel\" id=\"wpforms-28203-field_13\" class=\"wpforms-field-medium wpforms-smart-phone-field\" data-rule-smart-phone-field=\"true\" name=\"wpforms[fields][13]\" aria-label=\"Telefon (erforderlich)\" aria-errormessage=\"wpforms-28203-field_13-error\" ><\/div><div id=\"wpforms-28203-field_5-container\" class=\"wpforms-field wpforms-field-select wpforms-field-select-style-classic\" data-field-id=\"5\"><label class=\"wpforms-field-label\" for=\"wpforms-28203-field_5\">Art der Veranstaltung oder Dienstleistung (erforderlich) <span class=\"wpforms-required-label\" aria-hidden=\"true\">*<\/span><\/label><select id=\"wpforms-28203-field_5\" class=\"wpforms-field-medium wpforms-field-required\" name=\"wpforms[fields][5]\" required=\"required\"><option value=\"--Ausw\u00e4hlen--\" >--Ausw\u00e4hlen--<\/option><option value=\"Hochzeit\" >Hochzeit<\/option><option value=\"Erneuerung des Gel\u00fcbdes\" >Erneuerung des Gel\u00fcbdes<\/option><option value=\"Gesch\u00e4ftlich\" >Gesch\u00e4ftlich<\/option><option value=\"Private Veranstaltung \u2013 Party\" >Private Veranstaltung \u2013 Party<\/option><option value=\"Kindergeburtstag\" >Kindergeburtstag<\/option><option value=\"15. Geburtstagsfeier\" >15. Geburtstagsfeier<\/option><option value=\"Fotos zum 15. Geburtstag (Studio und im Freien)\" >Fotos zum 15. Geburtstag (Studio und im Freien)<\/option><option value=\"Verlobungsringe\" >Verlobungsringe<\/option><\/select><\/div><div id=\"wpforms-28203-field_6-container\" class=\"wpforms-field wpforms-field-select wpforms-field-select-style-classic\" data-field-id=\"6\"><label class=\"wpforms-field-label\" for=\"wpforms-28203-field_6\">Stil (erforderlich) <span class=\"wpforms-required-label\" aria-hidden=\"true\">*<\/span><\/label><select id=\"wpforms-28203-field_6\" class=\"wpforms-field-medium wpforms-field-required\" name=\"wpforms[fields][6]\" required=\"required\"><option value=\"--Ausw\u00e4hlen--\" >--Ausw\u00e4hlen--<\/option><option value=\"Klassisch (luxuri\u00f6s)\" >Klassisch (luxuri\u00f6s)<\/option><option value=\"Romantisch\" >Romantisch<\/option><option value=\"Vintage\" >Vintage<\/option><option value=\"Shabby Chic\" >Shabby Chic<\/option><option value=\"Boho Chic\" >Boho Chic<\/option><option value=\"Eklektisch\" >Eklektisch<\/option><option value=\"Modern\" >Modern<\/option><option value=\"Nat\u00fcrlich, \u00f6kologisch\" >Nat\u00fcrlich, \u00f6kologisch<\/option><option value=\"Minimalistisch (vereinfacht)\" >Minimalistisch (vereinfacht)<\/option><option value=\"Traditionell\" >Traditionell<\/option><option value=\"Ich nicht habe es noch, hilf mir!\" >Ich nicht habe es noch, hilf mir!<\/option><\/select><\/div><div id=\"wpforms-28203-field_7-container\" class=\"wpforms-field wpforms-field-checkbox\" data-field-id=\"7\"><fieldset><legend class=\"wpforms-field-label\">Bevorzugter Standort (erforderlich) <span class=\"wpforms-required-label\" aria-hidden=\"true\">*<\/span><\/legend><ul id=\"wpforms-28203-field_7\" class=\"wpforms-field-required\"><li class=\"choice-0 depth-1\"><input type=\"checkbox\" id=\"wpforms-28203-field_7_0\" name=\"wpforms[fields][7][]\" value=\"Strand\" aria-errormessage=\"wpforms-28203-field_7_0-error\" required ><label class=\"wpforms-field-label-inline\" for=\"wpforms-28203-field_7_0\">Strand<\/label><\/li><li class=\"choice-1 depth-1\"><input type=\"checkbox\" id=\"wpforms-28203-field_7_1\" name=\"wpforms[fields][7][]\" value=\"Apartment mit Meerblick\" aria-errormessage=\"wpforms-28203-field_7_1-error\" required ><label class=\"wpforms-field-label-inline\" for=\"wpforms-28203-field_7_1\">Apartment mit Meerblick<\/label><\/li><li class=\"choice-2 depth-1\"><input type=\"checkbox\" id=\"wpforms-28203-field_7_2\" name=\"wpforms[fields][7][]\" value=\"Garten\" aria-errormessage=\"wpforms-28203-field_7_2-error\" required ><label class=\"wpforms-field-label-inline\" for=\"wpforms-28203-field_7_2\">Garten<\/label><\/li><li class=\"choice-3 depth-1\"><input type=\"checkbox\" id=\"wpforms-28203-field_7_3\" name=\"wpforms[fields][7][]\" value=\"Feld\" aria-errormessage=\"wpforms-28203-field_7_3-error\" required ><label class=\"wpforms-field-label-inline\" for=\"wpforms-28203-field_7_3\">Feld<\/label><\/li><li class=\"choice-4 depth-1\"><input type=\"checkbox\" id=\"wpforms-28203-field_7_4\" name=\"wpforms[fields][7][]\" value=\"Private Villa\" aria-errormessage=\"wpforms-28203-field_7_4-error\" required ><label class=\"wpforms-field-label-inline\" for=\"wpforms-28203-field_7_4\">Private Villa<\/label><\/li><li class=\"choice-5 depth-1\"><input type=\"checkbox\" id=\"wpforms-28203-field_7_5\" name=\"wpforms[fields][7][]\" value=\"Wohnzimmer\" aria-errormessage=\"wpforms-28203-field_7_5-error\" required ><label class=\"wpforms-field-label-inline\" for=\"wpforms-28203-field_7_5\">Wohnzimmer<\/label><\/li><li class=\"choice-6 depth-1\"><input type=\"checkbox\" id=\"wpforms-28203-field_7_6\" name=\"wpforms[fields][7][]\" value=\"Hotel\" aria-errormessage=\"wpforms-28203-field_7_6-error\" required ><label class=\"wpforms-field-label-inline\" for=\"wpforms-28203-field_7_6\">Hotel<\/label><\/li><\/ul><\/fieldset><\/div><div id=\"wpforms-28203-field_8-container\" class=\"wpforms-field wpforms-field-select wpforms-field-select-style-classic\" data-field-id=\"8\"><label class=\"wpforms-field-label\" for=\"wpforms-28203-field_8\">Ungef\u00e4hres Budget (erforderlich) <span class=\"wpforms-required-label\" aria-hidden=\"true\">*<\/span><\/label><select id=\"wpforms-28203-field_8\" class=\"wpforms-field-medium wpforms-field-required\" name=\"wpforms[fields][8]\" required=\"required\"><option value=\"--Ausw\u00e4hlen--\" >--Ausw\u00e4hlen--<\/option><option value=\"100 \u00f7 350 USD\" >100 \u00f7 350 USD<\/option><option value=\"350 \u00f7 600 USD\" >350 \u00f7 600 USD<\/option><option value=\"600 \u00f7 1000 USD\" >600 \u00f7 1000 USD<\/option><option value=\"1000 \u00f7 1500 USD\" >1000 \u00f7 1500 USD<\/option><option value=\"1500 \u00f7 2000 USD\" >1500 \u00f7 2000 USD<\/option><option value=\"2000 \u00f7 3000 USD\" >2000 \u00f7 3000 USD<\/option><option value=\"3000 \u00f7 7000 USD\" >3000 \u00f7 7000 USD<\/option><option value=\"7000 \u00f7 15 000 USD\" >7000 \u00f7 15 000 USD<\/option><option value=\"15 000 \u00f7 20 000 USD\" >15 000 \u00f7 20 000 USD<\/option><option value=\"20 000 \u00f7 25 000 USD\" >20 000 \u00f7 25 000 USD<\/option><option value=\"25 000 \u00f7 unbegrenzt\" >25 000 \u00f7 unbegrenzt<\/option><\/select><\/div><div id=\"wpforms-28203-field_9-container\" class=\"wpforms-field wpforms-field-select wpforms-field-select-style-classic\" data-field-id=\"9\"><label class=\"wpforms-field-label\" for=\"wpforms-28203-field_9\">Anzahl der Personen (erforderlich) <span class=\"wpforms-required-label\" aria-hidden=\"true\">*<\/span><\/label><select id=\"wpforms-28203-field_9\" class=\"wpforms-field-medium wpforms-field-required\" name=\"wpforms[fields][9]\" required=\"required\"><option value=\"--Ausw\u00e4hlen--\" >--Ausw\u00e4hlen--<\/option><option value=\"1\" >1<\/option><option value=\"2\" >2<\/option><option value=\"3 - 10\" >3 - 10<\/option><option value=\"10 - 20\" >10 - 20<\/option><option value=\"20 - 30\" >20 - 30<\/option><option value=\"30 - 40\" >30 - 40<\/option><option value=\"40 - 50\" >40 - 50<\/option><option value=\"50 - 70\" >50 - 70<\/option><option value=\"70 - 100\" >70 - 100<\/option><option value=\"100 - 150\" >100 - 150<\/option><option value=\"150 - 200\" >150 - 200<\/option><option value=\"200 - 300\" >200 - 300<\/option><\/select><\/div><div id=\"wpforms-28203-field_10-container\" class=\"wpforms-field wpforms-field-date-time\" data-field-id=\"10\"><label class=\"wpforms-field-label\" for=\"wpforms-28203-field_10\">Datum (erforderlich) <span class=\"wpforms-required-label\" aria-hidden=\"true\">*<\/span><\/label><div class=\"wpforms-datepicker-wrap\"><input type=\"text\" id=\"wpforms-28203-field_10\" class=\"wpforms-field-date-time-date wpforms-datepicker wpforms-field-required wpforms-field-medium\" data-date-format=\"m\/d\/Y\" data-disable-past-dates=\"0\" data-input=\"true\" name=\"wpforms[fields][10][date]\" aria-errormessage=\"wpforms-28203-field_10-error\" required><a title=\"Datum leeren\" data-clear class=\"wpforms-datepicker-clear\" style=\"display:none;\"><\/a><\/div><\/div><div id=\"wpforms-28203-field_11-container\" class=\"wpforms-field wpforms-field-textarea\" data-field-id=\"11\"><label class=\"wpforms-field-label\" for=\"wpforms-28203-field_11\">Ihre Nachricht<\/label><textarea id=\"wpforms-28203-field_11\" class=\"wpforms-field-medium\" name=\"wpforms[fields][11]\" aria-errormessage=\"wpforms-28203-field_11-error\" ><\/textarea><\/div><\/div><!-- .wpforms-field-container --><div class=\"wpforms-recaptcha-container wpforms-is-turnstile\" ><div class=\"g-recaptcha\" data-sitekey=\"0x4AAAAAAAzmO8OSv74kHhcE\" data-action=\"FormID-28203\"><\/div><input type=\"text\" name=\"g-recaptcha-hidden\" class=\"wpforms-recaptcha-hidden\" style=\"position:absolute!important;clip:rect(0,0,0,0)!important;height:1px!important;width:1px!important;border:0!important;overflow:hidden!important;padding:0!important;margin:0!important;\" data-rule-turnstile=\"1\"><\/div><div class=\"wpforms-submit-container\" ><input type=\"hidden\" name=\"wpforms[id]\" value=\"28203\"><input type=\"hidden\" name=\"page_title\" value=\"\"><input type=\"hidden\" name=\"page_url\" value=\"https:\/\/bodasencubafiestas.com\/de\/wp-json\/wp\/v2\/pages\/18065\"><button type=\"submit\" name=\"wpforms[submit]\" id=\"wpforms-submit-28203\" class=\"wpforms-submit\" data-alt-text=\"Senden\" data-submit-text=\"Schicken\" aria-live=\"assertive\" value=\"wpforms-submit\">Schicken<\/button><\/div><\/form><\/div>  <!-- .wpforms-container -->[\/vc_column_text][\/vc_column][\/vc_row]<\/p>\n<\/div>","protected":false},"excerpt":{"rendered":"<p>[vc_row full_width=&#8220;stretch_row&#8220; content_placement=&#8220;middle&#8220; css=&#8220;.vc_custom_1650929649715{margin-top: 40px !important;}&#8220;][vc_column][vc_column_text css=&#8220;.vc_custom_1537500803104{margin-top: 20px !important;}&#8220;]Wir bieten Ihnen wundersch\u00f6ne Party Location Mieten in Kuba. Feiern Sie Ihre Veranstaltung, Ihren Deb\u00fctantenball, Ihre Hochzeit oder Ihren Geburtstag in einem [&hellip;]<\/p>\n","protected":false},"author":2,"featured_media":0,"parent":0,"menu_order":0,"comment_status":"closed","ping_status":"closed","template":"","meta":{"_uf_show_specific_survey":0,"_uf_disable_surveys":false,"_joinchat":[],"footnotes":""},"class_list":["post-18065","page","type-page","status-publish","hentry"],"yoast_head":"<!-- This site is optimized with the Yoast SEO plugin v27.0 - https:\/\/yoast.com\/product\/yoast-seo-wordpress\/ -->\n<title>Party Location Mieten in Kuba klicken Sie hier<\/title>\n<meta name=\"description\" content=\"Wir bieten Ihnen wundersch\u00f6ne H\u00e4user f\u00fcr Party Location Mieten Feiern Sie Ihre Veranstaltung, Ihren Deb\u00fctantenball, Ihre Hochzeit oder Ihren Geburtstag in einem Privathaus. Wir verf\u00fcgen \u00fcber hervorragende Immobilien\" \/>\n<meta name=\"robots\" content=\"index, follow, max-snippet:-1, max-image-preview:large, max-video-preview:-1\" \/>\n<link rel=\"canonical\" href=\"https:\/\/bodasencubafiestas.com\/de\/party-location-mieten\/\" \/>\n<meta property=\"og:locale\" content=\"de_DE\" \/>\n<meta property=\"og:type\" content=\"article\" \/>\n<meta property=\"og:title\" content=\"Party Location Mieten in Kuba klicken Sie hier\" \/>\n<meta property=\"og:description\" content=\"Wir bieten Ihnen wundersch\u00f6ne H\u00e4user f\u00fcr Party Location Mieten Feiern Sie Ihre Veranstaltung, Ihren Deb\u00fctantenball, Ihre Hochzeit oder Ihren Geburtstag in einem Privathaus. Wir verf\u00fcgen \u00fcber hervorragende Immobilien\" \/>\n<meta property=\"og:url\" content=\"https:\/\/bodasencubafiestas.com\/de\/party-location-mieten\/\" \/>\n<meta property=\"og:site_name\" content=\"Bodas en Cuba Fiestas\" \/>\n<meta property=\"article:publisher\" content=\"https:\/\/www.facebook.com\/p\/Bodas-en-Cuba-fiestas-decoraciones-para-eventos-100064305390336\/\" \/>\n<meta property=\"article:modified_time\" content=\"2024-09-21T22:46:38+00:00\" \/>\n<meta name=\"twitter:card\" content=\"summary_large_image\" \/>\n<meta name=\"twitter:label1\" content=\"Gesch\u00e4tzte Lesezeit\" \/>\n\t<meta name=\"twitter:data1\" content=\"2\u00a0Minuten\" \/>\n<script type=\"application\/ld+json\" class=\"yoast-schema-graph\">{\"@context\":\"https:\/\/schema.org\",\"@graph\":[{\"@type\":\"WebPage\",\"@id\":\"https:\/\/bodasencubafiestas.com\/de\/party-location-mieten\/\",\"url\":\"https:\/\/bodasencubafiestas.com\/de\/party-location-mieten\/\",\"name\":\"Party Location Mieten in Kuba klicken Sie hier\",\"isPartOf\":{\"@id\":\"https:\/\/bodasencubafiestas.com\/de\/#website\"},\"datePublished\":\"2018-09-11T18:22:13+00:00\",\"dateModified\":\"2024-09-21T22:46:38+00:00\",\"description\":\"Wir bieten Ihnen wundersch\u00f6ne H\u00e4user f\u00fcr Party Location Mieten Feiern Sie Ihre Veranstaltung, Ihren Deb\u00fctantenball, Ihre Hochzeit oder Ihren Geburtstag in einem Privathaus. Wir verf\u00fcgen \u00fcber hervorragende Immobilien\",\"breadcrumb\":{\"@id\":\"https:\/\/bodasencubafiestas.com\/de\/party-location-mieten\/#breadcrumb\"},\"inLanguage\":\"de\",\"potentialAction\":[{\"@type\":\"ReadAction\",\"target\":[\"https:\/\/bodasencubafiestas.com\/de\/party-location-mieten\/\"]}]},{\"@type\":\"BreadcrumbList\",\"@id\":\"https:\/\/bodasencubafiestas.com\/de\/party-location-mieten\/#breadcrumb\",\"itemListElement\":[{\"@type\":\"ListItem\",\"position\":1,\"name\":\"Home\",\"item\":\"https:\/\/bodasencubafiestas.com\/de\/\"},{\"@type\":\"ListItem\",\"position\":2,\"name\":\"Party Location Mieten in Kuba\"}]},{\"@type\":\"WebSite\",\"@id\":\"https:\/\/bodasencubafiestas.com\/de\/#website\",\"url\":\"https:\/\/bodasencubafiestas.com\/de\/\",\"name\":\"Bodas en Cuba Fiestas\",\"description\":\"\",\"publisher\":{\"@id\":\"https:\/\/bodasencubafiestas.com\/de\/#organization\"},\"potentialAction\":[{\"@type\":\"SearchAction\",\"target\":{\"@type\":\"EntryPoint\",\"urlTemplate\":\"https:\/\/bodasencubafiestas.com\/de\/?s={search_term_string}\"},\"query-input\":{\"@type\":\"PropertyValueSpecification\",\"valueRequired\":true,\"valueName\":\"search_term_string\"}}],\"inLanguage\":\"de\"},{\"@type\":\"Organization\",\"@id\":\"https:\/\/bodasencubafiestas.com\/de\/#organization\",\"name\":\"Bodas en Cuba Fiestas\",\"url\":\"https:\/\/bodasencubafiestas.com\/de\/\",\"logo\":{\"@type\":\"ImageObject\",\"inLanguage\":\"de\",\"@id\":\"https:\/\/bodasencubafiestas.com\/de\/#\/schema\/logo\/image\/\",\"url\":\"https:\/\/bodasencubafiestas.com\/wp-content\/uploads\/2026\/03\/BodasenCubaFiestas-logo.png\",\"contentUrl\":\"https:\/\/bodasencubafiestas.com\/wp-content\/uploads\/2026\/03\/BodasenCubaFiestas-logo.png\",\"width\":696,\"height\":696,\"caption\":\"Bodas en Cuba Fiestas\"},\"image\":{\"@id\":\"https:\/\/bodasencubafiestas.com\/de\/#\/schema\/logo\/image\/\"},\"sameAs\":[\"https:\/\/www.facebook.com\/p\/Bodas-en-Cuba-fiestas-decoraciones-para-eventos-100064305390336\/\",\"https:\/\/www.instagram.com\/bodasencubafiestas\/\"]}]}<\/script>\n<!-- \/ Yoast SEO plugin. -->","yoast_head_json":{"title":"Party Location Mieten in Kuba klicken Sie hier","description":"Wir bieten Ihnen wundersch\u00f6ne H\u00e4user f\u00fcr Party Location Mieten Feiern Sie Ihre Veranstaltung, Ihren Deb\u00fctantenball, Ihre Hochzeit oder Ihren Geburtstag in einem Privathaus. Wir verf\u00fcgen \u00fcber hervorragende Immobilien","robots":{"index":"index","follow":"follow","max-snippet":"max-snippet:-1","max-image-preview":"max-image-preview:large","max-video-preview":"max-video-preview:-1"},"canonical":"https:\/\/bodasencubafiestas.com\/de\/party-location-mieten\/","og_locale":"de_DE","og_type":"article","og_title":"Party Location Mieten in Kuba klicken Sie hier","og_description":"Wir bieten Ihnen wundersch\u00f6ne H\u00e4user f\u00fcr Party Location Mieten Feiern Sie Ihre Veranstaltung, Ihren Deb\u00fctantenball, Ihre Hochzeit oder Ihren Geburtstag in einem Privathaus. Wir verf\u00fcgen \u00fcber hervorragende Immobilien","og_url":"https:\/\/bodasencubafiestas.com\/de\/party-location-mieten\/","og_site_name":"Bodas en Cuba Fiestas","article_publisher":"https:\/\/www.facebook.com\/p\/Bodas-en-Cuba-fiestas-decoraciones-para-eventos-100064305390336\/","article_modified_time":"2024-09-21T22:46:38+00:00","twitter_card":"summary_large_image","twitter_misc":{"Gesch\u00e4tzte Lesezeit":"2\u00a0Minuten"},"schema":{"@context":"https:\/\/schema.org","@graph":[{"@type":"WebPage","@id":"https:\/\/bodasencubafiestas.com\/de\/party-location-mieten\/","url":"https:\/\/bodasencubafiestas.com\/de\/party-location-mieten\/","name":"Party Location Mieten in Kuba klicken Sie hier","isPartOf":{"@id":"https:\/\/bodasencubafiestas.com\/de\/#website"},"datePublished":"2018-09-11T18:22:13+00:00","dateModified":"2024-09-21T22:46:38+00:00","description":"Wir bieten Ihnen wundersch\u00f6ne H\u00e4user f\u00fcr Party Location Mieten Feiern Sie Ihre Veranstaltung, Ihren Deb\u00fctantenball, Ihre Hochzeit oder Ihren Geburtstag in einem Privathaus. Wir verf\u00fcgen \u00fcber hervorragende Immobilien","breadcrumb":{"@id":"https:\/\/bodasencubafiestas.com\/de\/party-location-mieten\/#breadcrumb"},"inLanguage":"de","potentialAction":[{"@type":"ReadAction","target":["https:\/\/bodasencubafiestas.com\/de\/party-location-mieten\/"]}]},{"@type":"BreadcrumbList","@id":"https:\/\/bodasencubafiestas.com\/de\/party-location-mieten\/#breadcrumb","itemListElement":[{"@type":"ListItem","position":1,"name":"Home","item":"https:\/\/bodasencubafiestas.com\/de\/"},{"@type":"ListItem","position":2,"name":"Party Location Mieten in Kuba"}]},{"@type":"WebSite","@id":"https:\/\/bodasencubafiestas.com\/de\/#website","url":"https:\/\/bodasencubafiestas.com\/de\/","name":"Bodas en Cuba Fiestas","description":"","publisher":{"@id":"https:\/\/bodasencubafiestas.com\/de\/#organization"},"potentialAction":[{"@type":"SearchAction","target":{"@type":"EntryPoint","urlTemplate":"https:\/\/bodasencubafiestas.com\/de\/?s={search_term_string}"},"query-input":{"@type":"PropertyValueSpecification","valueRequired":true,"valueName":"search_term_string"}}],"inLanguage":"de"},{"@type":"Organization","@id":"https:\/\/bodasencubafiestas.com\/de\/#organization","name":"Bodas en Cuba Fiestas","url":"https:\/\/bodasencubafiestas.com\/de\/","logo":{"@type":"ImageObject","inLanguage":"de","@id":"https:\/\/bodasencubafiestas.com\/de\/#\/schema\/logo\/image\/","url":"https:\/\/bodasencubafiestas.com\/wp-content\/uploads\/2026\/03\/BodasenCubaFiestas-logo.png","contentUrl":"https:\/\/bodasencubafiestas.com\/wp-content\/uploads\/2026\/03\/BodasenCubaFiestas-logo.png","width":696,"height":696,"caption":"Bodas en Cuba Fiestas"},"image":{"@id":"https:\/\/bodasencubafiestas.com\/de\/#\/schema\/logo\/image\/"},"sameAs":["https:\/\/www.facebook.com\/p\/Bodas-en-Cuba-fiestas-decoraciones-para-eventos-100064305390336\/","https:\/\/www.instagram.com\/bodasencubafiestas\/"]}]}},"_links":{"self":[{"href":"https:\/\/bodasencubafiestas.com\/de\/wp-json\/wp\/v2\/pages\/18065","targetHints":{"allow":["GET"]}}],"collection":[{"href":"https:\/\/bodasencubafiestas.com\/de\/wp-json\/wp\/v2\/pages"}],"about":[{"href":"https:\/\/bodasencubafiestas.com\/de\/wp-json\/wp\/v2\/types\/page"}],"author":[{"embeddable":true,"href":"https:\/\/bodasencubafiestas.com\/de\/wp-json\/wp\/v2\/users\/2"}],"replies":[{"embeddable":true,"href":"https:\/\/bodasencubafiestas.com\/de\/wp-json\/wp\/v2\/comments?post=18065"}],"version-history":[{"count":0,"href":"https:\/\/bodasencubafiestas.com\/de\/wp-json\/wp\/v2\/pages\/18065\/revisions"}],"wp:attachment":[{"href":"https:\/\/bodasencubafiestas.com\/de\/wp-json\/wp\/v2\/media?parent=18065"}],"curies":[{"name":"wp","href":"https:\/\/api.w.org\/{rel}","templated":true}]}}