{"id":21269,"date":"2024-03-14T14:36:23","date_gmt":"2024-03-14T18:36:23","guid":{"rendered":"https:\/\/bodasencubafiestas.com\/fotograf-in-kuba\/"},"modified":"2024-03-14T14:36:23","modified_gmt":"2024-03-14T18:36:23","slug":"fotograf-in-kuba","status":"publish","type":"page","link":"https:\/\/bodasencubafiestas.com\/de\/fotograf-in-kuba\/","title":{"rendered":"Fotograf in Kuba"},"content":{"rendered":"<div class=\"wpb-content-wrapper\"><p>[vc_row][vc_column][vc_empty_space][\/vc_column][\/vc_row][vc_row][vc_column][vc_column_text]In Kuba ist Fotografie eine Kunst, die in jeder Ecke gedeiht und mit dem t\u00e4glichen Leben in einem Land mit malerischen Orten verschmilzt. Wir haben das Gl\u00fcck, Profis in dieser Kunst zu haben, die \u00fcber die Vielseitigkeit verf\u00fcgen, eine spezielle Fototour zu unternehmen oder einzigartige Schnappsch\u00fcsse bei den von uns organisierten Veranstaltungen zu machen. Wenn Sie sich fragen, wie viel ein Fotograf verlangt? oder Wo werden in Kuba Fotos gemacht? Sie sind am richtigen Ort, um es herauszufinden. Erfahren Sie mehr \u00fcber die faszinierende Welt der kommerziellen Fotografie in Kuba.<\/p>\n<p>&nbsp;<\/p>\n<h1><strong>Angebote f\u00fcr Fotostudios in Havanna<\/strong><\/h1>\n<p>&nbsp;<\/p>\n<p>Die Fotor\u00e4ume in Havanna bieten unterschiedliche Dienstleistungen f\u00fcr jeden Geschmack. Familien- und Kreativsitzungen sowie k\u00fcnstlerische und klassische Portr\u00e4ts sind einige der Optionen, auf die Sie zugreifen k\u00f6nnen. Entdecken Sie die verf\u00fcgbaren Angebote und w\u00e4hlen Sie den Stil, der am besten zu Ihrer Vision passt.<\/p>\n<p>Ebenso sind sie daf\u00fcr bekannt, dass sie sich an die Vorlieben und Stile jedes Kunden anpassen. Sie bieten personalisierte Sitzungen f\u00fcr Hochzeiten, Verlobungen, Schwangerschaften, Babys, Familien usw. an. Mit hochwertiger Ausstattung und einem kreativen Ansatz garantieren sie au\u00dfergew\u00f6hnliche Ergebnisse, die die Erwartungen \u00fcbertreffen.<\/p>\n<p>Sie finden auch talentierte und leidenschaftliche Fotografen, die sich der Aufgabe widmen, die Essenz und Sch\u00f6nheit jedes Augenblicks einzufangen. Durch ihre k\u00fcnstlerischen und technischen F\u00e4higkeiten verwandeln sie allt\u00e4gliche Momente in Meisterwerke. Dar\u00fcber hinaus wissen sie, wie man mit Licht, Farben und Emotionen spielt, was eindrucksvolle und einpr\u00e4gsame Bilder garantiert.<\/p>\n<h1><\/h1>\n<h1><strong>Fotografen in Havanna<\/strong><\/h1>\n<p>&nbsp;<\/p>\n<p>Egal, ob Sie einen Fotografen f\u00fcr Ihre Hochzeit, ein Familienshooting oder einfach nur zum Erkunden der Stadt suchen, an jeder Ecke finden Sie Talent und Kreativit\u00e4t. Sie zeichnen sich durch ihre F\u00e4higkeit aus, die Essenz und Sch\u00f6nheit jedes Augenblicks einzufangen. Mit jahrelanger Erfahrung und einem kreativen Ansatz sind kubanische Fotografen f\u00fcr ihre Qualit\u00e4t und Leidenschaft f\u00fcr visuelle Kunst bekannt.<\/p>\n<p>&nbsp;<\/p>\n<h1><strong>Fotostudios f\u00fcr Kinder in Havanna<\/strong><\/h1>\n<p>&nbsp;<\/p>\n<p>Fotostudios f\u00fcr Kinder sind Orte, an denen Kreativit\u00e4t und Spa\u00df zusammenkommen, um die Essenz der Kindheit einzufangen. Sie zeichnen sich durch ihre Professionalit\u00e4t aus, wenn es darum geht, die Unschuld und Freude der Kleinen einzufangen. Dank der speziell daf\u00fcr konzipierten Umgebung, eine spielerische und einladende Atmosph\u00e4re zu schaffen, haben Kinder Spa\u00df beim Fotografieren.<\/p>\n<p>Sie bieten auch besondere Dienstleistungen an und schaffen magische und unterhaltsame Momente, die in wundersch\u00f6nen Fotos festgehalten werden. Durch thematische Sitzungen zu verschiedenen Themen und klassische Portr\u00e4ts werden sich Ihre Kleinen wie echte Stars vor der Kamera f\u00fchlen. Jede Fotosession ist ein einzigartiges und pers\u00f6nliches Erlebnis, angepasst an die Vorlieben jedes Kindes. Fotografen verstehen es, die Essenz der Kindheit auf kreative und emotionale Weise einzufangen. Kinder f\u00fchlen sich wohl und k\u00f6nnen sich frei ausdr\u00fccken, was sich in jedem Bild widerspiegelt.<\/p>\n<p>Wenn Sie die wertvollsten Momente Ihrer Kleinen mit Stil und Professionalit\u00e4t festhalten m\u00f6chten, sind spezialisierte Fotostudios in Havanna der perfekte Ort, um unvergessliche Erinnerungen zu schaffen.[\/vc_column_text][\/vc_column][\/vc_row][vc_row][vc_column][vc_single_image image=&#8220;21169&#8243; img_size=&#8220;full&#8220; alignment=&#8220;center&#8220;][\/vc_column][\/vc_row][vc_row][vc_column][vc_column_text]<\/p>\n<h1><strong>Wie viel verdient ein Fotograf in Havanna?<\/strong><\/h1>\n<p>&nbsp;<\/p>\n<p>Die Preise variieren je nach verschiedenen Faktoren, wie z. B. der Erfahrung des Fotografen, der Dauer der Sitzung und den enthaltenen Leistungen. Dennoch bieten sie ihren Kunden wettbewerbsf\u00e4hige und erschwingliche Preise. Mit Optionen f\u00fcr unterschiedliche Budgets und Bed\u00fcrfnisse ist es m\u00f6glich, ma\u00dfgeschneiderte Pakete zu finden, die ein unvergessliches Fotoerlebnis garantieren, ohne Kompromisse bei der Qualit\u00e4t einzugehen. Sie finden Basis-Sessions und Komplettpakete mit personalisierten Alben; Es ist wichtig, dem Fotografen Ihre Erwartungen und Ihr Budget mitzuteilen, um die beste Option zu finden. Wir empfehlen Ihnen, sich direkt an das Studio Ihrer Wahl zu wenden, um detaillierte Informationen zu den verf\u00fcgbaren Preisen und Paketen zu erhalten.<\/p>\n<p>&nbsp;<\/p>\n<h1><b><span style=\"color: windowtext;\">Wo werden in Kuba Fotosessions gemacht?<\/span><\/b><\/h1>\n<p>Kuba bietet einzigartige Kulissen f\u00fcr unvergessliche Fotosessions. Die Stra\u00dfen und Geb\u00e4ude der Altstadt von Havanna, die paradiesischen Str\u00e4nde von Varadero, Hotels, Parks usw. \u2013 jeder Winkel der Insel ist eine Gelegenheit, unvergessliche Bilder zu schaffen. Z\u00f6gern Sie nicht, verschiedene Orte zu erkunden, um den perfekten Rahmen zu finden, der Ihre Vision erg\u00e4nzt.<\/p>\n<p>Wenn Sie den idealen Fotografen f\u00fcr Ihre Feier finden m\u00f6chten, sollten Sie sich gut informieren. <em>Unsere Agentur f\u00fcr Eventorganisation Bodas en Cuba Fiestas<\/em> der Sitz ist in der kubanischen Hauptstadt, wir organisieren jedoch Veranstaltungen auf der ganzen Insel. Wir k\u00f6nnen Ihnen bei der Koordination aller Details helfen. Sie m\u00fcssen nur das untenstehende Formular ausf\u00fcllen und erhalten sofort Hilfe.<\/p>\n<p>[\/vc_column_text][\/vc_column][\/vc_row][vc_row css=&#8220;.vc_custom_1619751404775{background-color: #ffffff !important;}&#8220;][vc_column][vc_text_separator title=&#8220;Kontaktiere uns jetzt!!&#8220;]\n<div class=\"wpcf7 no-js\" id=\"wpcf7-f1864-o1\" lang=\"es-ES\" dir=\"ltr\" data-wpcf7-id=\"1864\">\n<div class=\"screen-reader-response\"><p role=\"status\" aria-live=\"polite\" aria-atomic=\"true\"><\/p> <ul><\/ul><\/div>\n<form action=\"\/de\/wp-json\/wp\/v2\/pages\/21269#wpcf7-f1864-o1\" method=\"post\" class=\"wpcf7-form init\" aria-label=\"Formulario de contacto\" novalidate=\"novalidate\" data-status=\"init\">\n<fieldset class=\"hidden-fields-container\"><input type=\"hidden\" name=\"_wpcf7\" value=\"1864\" \/><input type=\"hidden\" name=\"_wpcf7_version\" value=\"6.1.5\" \/><input type=\"hidden\" name=\"_wpcf7_locale\" value=\"es_ES\" \/><input type=\"hidden\" name=\"_wpcf7_unit_tag\" value=\"wpcf7-f1864-o1\" \/><input type=\"hidden\" name=\"_wpcf7_container_post\" value=\"0\" \/><input type=\"hidden\" name=\"_wpcf7_posted_data_hash\" value=\"\" \/>\n<\/fieldset>\n<p><label>Nombre (requerido)<br \/>\n<span class=\"wpcf7-form-control-wrap\" data-name=\"your-name\"><input size=\"40\" maxlength=\"400\" class=\"wpcf7-form-control wpcf7-text wpcf7-validates-as-required\" aria-required=\"true\" aria-invalid=\"false\" placeholder=\"Su Nombre aqu\u00ed\" value=\"\" type=\"text\" name=\"your-name\" \/><\/span><\/label><br \/>\n<label> Email (requerido)<br \/>\n<span class=\"wpcf7-form-control-wrap\" data-name=\"your-email\"><input size=\"40\" maxlength=\"400\" class=\"wpcf7-form-control wpcf7-email wpcf7-validates-as-required wpcf7-text wpcf7-validates-as-email\" aria-required=\"true\" aria-invalid=\"false\" placeholder=\"Su Email aqu\u00ed\" value=\"\" type=\"email\" name=\"your-email\" \/><\/span><\/label><br \/>\n<label>Pa\u00eds (requerido)<br \/>\n[uacf7_country_dropdown* uacf7_country_dropdown-160 country_auto_complete]<\/label><br \/>\n<label>Tel\u00e9fono (requerido)<br \/>\n<span class=\"wpcf7-form-control-wrap\" data-name=\"tel-780\"><input size=\"40\" maxlength=\"400\" class=\"wpcf7-form-control wpcf7-tel wpcf7-validates-as-required wpcf7-text wpcf7-validates-as-tel\" aria-required=\"true\" aria-invalid=\"false\" value=\"\" type=\"tel\" name=\"tel-780\" \/><\/span><\/label><br \/>\n<label>Tipo de evento o servicio (requerido)<br \/>\n<span class=\"wpcf7-form-control-wrap\" data-name=\"tipo-evento\"><select class=\"wpcf7-form-control wpcf7-select wpcf7-validates-as-required\" aria-required=\"true\" aria-invalid=\"false\" name=\"tipo-evento\"><option value=\"--Seleccione--\">--Seleccione--<\/option><option value=\"Boda\">Boda<\/option><option value=\"Renovaci\u00f3n de Votos\">Renovaci\u00f3n de Votos<\/option><option value=\"Negocios\">Negocios<\/option><option value=\"Evento Privado - Fiesta\">Evento Privado - Fiesta<\/option><option value=\"Cumplea\u00f1os Infantil\">Cumplea\u00f1os Infantil<\/option><option value=\"Fiesta de 15 A\u00f1os\">Fiesta de 15 A\u00f1os<\/option><option value=\"Fotos de 15 (Estudio y Exteriores)\">Fotos de 15 (Estudio y Exteriores)<\/option><option value=\"Anillos de compromiso\">Anillos de compromiso<\/option><\/select><\/span><\/label><br \/>\n<label>Estilo (requerido)<br \/>\n<span class=\"wpcf7-form-control-wrap\" data-name=\"Estilo\"><select class=\"wpcf7-form-control wpcf7-select wpcf7-validates-as-required\" aria-required=\"true\" aria-invalid=\"false\" name=\"Estilo\"><option value=\"--Seleccione--\">--Seleccione--<\/option><option value=\"Cl\u00e1sico (lujoso)\">Cl\u00e1sico (lujoso)<\/option><option value=\"Rom\u00e1ntico\">Rom\u00e1ntico<\/option><option value=\"Vintage\">Vintage<\/option><option value=\"Shabby Chic\">Shabby Chic<\/option><option value=\"Boho Chic\">Boho Chic<\/option><option value=\"Ecl\u00e9ctico\">Ecl\u00e9ctico<\/option><option value=\"Moderno\">Moderno<\/option><option value=\"Natural, Ecol\u00f3gico\">Natural, Ecol\u00f3gico<\/option><option value=\"Minimalista (simplificado)\">Minimalista (simplificado)<\/option><option value=\"Tradicional\">Tradicional<\/option><option value=\"Todav\u00eda no lo tengo, \u00a1ay\u00fadame!\">Todav\u00eda no lo tengo, \u00a1ay\u00fadame!<\/option><\/select><\/span><\/label><br \/>\n<label>Ubicaci\u00f3n preferida (requerido)<br \/>\n<span class=\"wpcf7-form-control-wrap\" data-name=\"checkbox-location\"><span class=\"wpcf7-form-control wpcf7-checkbox wpcf7-validates-as-required\"><span class=\"wpcf7-list-item first\"><input type=\"checkbox\" name=\"checkbox-location[]\" value=\"Playa\" \/><span class=\"wpcf7-list-item-label\">Playa<\/span><\/span><span class=\"wpcf7-list-item\"><input type=\"checkbox\" name=\"checkbox-location[]\" value=\"Apartamento con Vista al Mar\" \/><span class=\"wpcf7-list-item-label\">Apartamento con Vista al Mar<\/span><\/span><span class=\"wpcf7-list-item\"><input type=\"checkbox\" name=\"checkbox-location[]\" value=\"Jard\u00edn\" \/><span class=\"wpcf7-list-item-label\">Jard\u00edn<\/span><\/span><span class=\"wpcf7-list-item\"><input type=\"checkbox\" name=\"checkbox-location[]\" value=\"Campo\" \/><span class=\"wpcf7-list-item-label\">Campo<\/span><\/span><span class=\"wpcf7-list-item\"><input type=\"checkbox\" name=\"checkbox-location[]\" value=\"Villa Privada\" \/><span class=\"wpcf7-list-item-label\">Villa Privada<\/span><\/span><span class=\"wpcf7-list-item\"><input type=\"checkbox\" name=\"checkbox-location[]\" value=\"Sal\u00f3n\" \/><span class=\"wpcf7-list-item-label\">Sal\u00f3n<\/span><\/span><span class=\"wpcf7-list-item last\"><input type=\"checkbox\" name=\"checkbox-location[]\" value=\"Hotel\" \/><span class=\"wpcf7-list-item-label\">Hotel<\/span><\/span><\/span><\/span><\/label><br \/>\n<label>Presupuesto aproximado (requerido)<br \/>\n<span class=\"wpcf7-form-control-wrap\" data-name=\"presupuesto\"><select class=\"wpcf7-form-control wpcf7-select wpcf7-validates-as-required\" aria-required=\"true\" aria-invalid=\"false\" name=\"presupuesto\"><option value=\"--Seleccione--\">--Seleccione--<\/option><option value=\"100 \u00f7 350 USD\">100 \u00f7 350 USD<\/option><option value=\"350 \u00f7 600 USD\">350 \u00f7 600 USD<\/option><option value=\"600 \u00f7 1000 USD\">600 \u00f7 1000 USD<\/option><option value=\"1000 \u00f7 1500 USD\">1000 \u00f7 1500 USD<\/option><option value=\"1500 \u00f7 2000 USD\">1500 \u00f7 2000 USD<\/option><option value=\"2000 \u00f7 3000 USD\">2000 \u00f7 3000 USD<\/option><option value=\"3000 \u00f7 7000 USD\">3000 \u00f7 7000 USD<\/option><option value=\"7000 \u00f7 15 000 USD\">7000 \u00f7 15 000 USD<\/option><option value=\"15 000 \u00f7 20 000 USD\">15 000 \u00f7 20 000 USD<\/option><option value=\"20 000 \u00f7 25 000 USD\">20 000 \u00f7 25 000 USD<\/option><option value=\"25 000 \u00f7 USD ilimitado\">25 000 \u00f7 USD ilimitado<\/option><\/select><\/span><\/label><br \/>\n<label>N\u00famero de personas (requerido)<br \/>\n<span class=\"wpcf7-form-control-wrap\" data-name=\"cantidad-personas\"><select class=\"wpcf7-form-control wpcf7-select wpcf7-validates-as-required\" aria-required=\"true\" aria-invalid=\"false\" name=\"cantidad-personas\"><option value=\"--Seleccione--\">--Seleccione--<\/option><option value=\"1\">1<\/option><option value=\"2\">2<\/option><option value=\"3 - 10\">3 - 10<\/option><option value=\"10 - 20\">10 - 20<\/option><option value=\"20 - 30\">20 - 30<\/option><option value=\"30 - 40\">30 - 40<\/option><option value=\"40 - 50\">40 - 50<\/option><option value=\"50 - 70\">50 - 70<\/option><option value=\"70 - 100\">70 - 100<\/option><option value=\"100 - 150\">100 - 150<\/option><option value=\"150 - 200\">150 - 200<\/option><option value=\"200 - 300\">200 - 300<\/option><\/select><\/span><\/label><br \/>\n<label>Fecha (requerido)<br \/>\n<span class=\"wpcf7-form-control-wrap\" data-name=\"date-931\"><input class=\"wpcf7-form-control wpcf7-date wpcf7-validates-as-required wpcf7-validates-as-date\" aria-required=\"true\" aria-invalid=\"false\" value=\"\" type=\"date\" name=\"date-931\" \/><\/span><\/label><br \/>\n<label>Tu mensaje<br \/>\n<span class=\"wpcf7-form-control-wrap\" data-name=\"tu-mensaje\"><textarea cols=\"40\" rows=\"10\" maxlength=\"2000\" class=\"wpcf7-form-control wpcf7-textarea\" aria-invalid=\"false\" name=\"tu-mensaje\"><\/textarea><\/span><\/label><br \/>\n<input class=\"wpcf7-form-control wpcf7-submit has-spinner\" type=\"submit\" value=\"Enviar\" \/>\n<\/p><div class=\"wpcf7-response-output\" aria-hidden=\"true\"><\/div>\n<\/form>\n<\/div>\n[\/vc_column][\/vc_row]<\/p>\n<\/div>","protected":false},"excerpt":{"rendered":"<p>[vc_row][vc_column][vc_empty_space][\/vc_column][\/vc_row][vc_row][vc_column][vc_column_text]In Kuba ist Fotografie eine Kunst, die in jeder Ecke gedeiht und mit dem t\u00e4glichen Leben in einem Land mit malerischen Orten verschmilzt. Wir haben das Gl\u00fcck, Profis in dieser [&hellip;]<\/p>\n","protected":false},"author":2,"featured_media":0,"parent":0,"menu_order":0,"comment_status":"closed","ping_status":"closed","template":"","meta":{"_uf_show_specific_survey":0,"_uf_disable_surveys":false,"_joinchat":[],"footnotes":""},"class_list":["post-21269","page","type-page","status-publish","hentry"],"yoast_head":"<!-- This site is optimized with the Yoast SEO plugin v27.0 - https:\/\/yoast.com\/product\/yoast-seo-wordpress\/ -->\n<title>Fotograf in Kuba<\/title>\n<meta name=\"description\" content=\"Entdecken Sie die faszinierende Welt der Fotografie in Kuba. Finden Sie verlockende Angebote und erkunden Sie spezialisierte Studios f\u00fcr jedes Budget\" \/>\n<meta name=\"robots\" content=\"index, follow, max-snippet:-1, max-image-preview:large, max-video-preview:-1\" \/>\n<link rel=\"canonical\" href=\"https:\/\/bodasencubafiestas.com\/de\/fotograf-in-kuba\/\" \/>\n<meta property=\"og:locale\" content=\"de_DE\" \/>\n<meta property=\"og:type\" content=\"article\" \/>\n<meta property=\"og:title\" content=\"Fotograf in Kuba\" \/>\n<meta property=\"og:description\" content=\"Entdecken Sie die faszinierende Welt der Fotografie in Kuba. Finden Sie verlockende Angebote und erkunden Sie spezialisierte Studios f\u00fcr jedes Budget\" \/>\n<meta property=\"og:url\" content=\"https:\/\/bodasencubafiestas.com\/de\/fotograf-in-kuba\/\" \/>\n<meta property=\"og:site_name\" content=\"Bodas en Cuba Fiestas\" \/>\n<meta property=\"article:publisher\" content=\"https:\/\/www.facebook.com\/p\/Bodas-en-Cuba-fiestas-decoraciones-para-eventos-100064305390336\/\" \/>\n<meta name=\"twitter:card\" content=\"summary_large_image\" \/>\n<meta name=\"twitter:label1\" content=\"Gesch\u00e4tzte Lesezeit\" \/>\n\t<meta name=\"twitter:data1\" content=\"4\u00a0Minuten\" \/>\n<script type=\"application\/ld+json\" class=\"yoast-schema-graph\">{\"@context\":\"https:\/\/schema.org\",\"@graph\":[{\"@type\":\"WebPage\",\"@id\":\"https:\/\/bodasencubafiestas.com\/de\/fotograf-in-kuba\/\",\"url\":\"https:\/\/bodasencubafiestas.com\/de\/fotograf-in-kuba\/\",\"name\":\"Fotograf in Kuba\",\"isPartOf\":{\"@id\":\"https:\/\/bodasencubafiestas.com\/de\/#website\"},\"datePublished\":\"2024-03-14T18:36:23+00:00\",\"description\":\"Entdecken Sie die faszinierende Welt der Fotografie in Kuba. Finden Sie verlockende Angebote und erkunden Sie spezialisierte Studios f\u00fcr jedes Budget\",\"breadcrumb\":{\"@id\":\"https:\/\/bodasencubafiestas.com\/de\/fotograf-in-kuba\/#breadcrumb\"},\"inLanguage\":\"de\",\"potentialAction\":[{\"@type\":\"ReadAction\",\"target\":[\"https:\/\/bodasencubafiestas.com\/de\/fotograf-in-kuba\/\"]}]},{\"@type\":\"BreadcrumbList\",\"@id\":\"https:\/\/bodasencubafiestas.com\/de\/fotograf-in-kuba\/#breadcrumb\",\"itemListElement\":[{\"@type\":\"ListItem\",\"position\":1,\"name\":\"Home\",\"item\":\"https:\/\/bodasencubafiestas.com\/de\/\"},{\"@type\":\"ListItem\",\"position\":2,\"name\":\"Fotograf in Kuba\"}]},{\"@type\":\"WebSite\",\"@id\":\"https:\/\/bodasencubafiestas.com\/de\/#website\",\"url\":\"https:\/\/bodasencubafiestas.com\/de\/\",\"name\":\"Bodas en Cuba Fiestas\",\"description\":\"\",\"publisher\":{\"@id\":\"https:\/\/bodasencubafiestas.com\/de\/#organization\"},\"potentialAction\":[{\"@type\":\"SearchAction\",\"target\":{\"@type\":\"EntryPoint\",\"urlTemplate\":\"https:\/\/bodasencubafiestas.com\/de\/?s={search_term_string}\"},\"query-input\":{\"@type\":\"PropertyValueSpecification\",\"valueRequired\":true,\"valueName\":\"search_term_string\"}}],\"inLanguage\":\"de\"},{\"@type\":\"Organization\",\"@id\":\"https:\/\/bodasencubafiestas.com\/de\/#organization\",\"name\":\"Bodas en Cuba Fiestas\",\"url\":\"https:\/\/bodasencubafiestas.com\/de\/\",\"logo\":{\"@type\":\"ImageObject\",\"inLanguage\":\"de\",\"@id\":\"https:\/\/bodasencubafiestas.com\/de\/#\/schema\/logo\/image\/\",\"url\":\"https:\/\/bodasencubafiestas.com\/wp-content\/uploads\/2026\/03\/BodasenCubaFiestas-logo.png\",\"contentUrl\":\"https:\/\/bodasencubafiestas.com\/wp-content\/uploads\/2026\/03\/BodasenCubaFiestas-logo.png\",\"width\":696,\"height\":696,\"caption\":\"Bodas en Cuba Fiestas\"},\"image\":{\"@id\":\"https:\/\/bodasencubafiestas.com\/de\/#\/schema\/logo\/image\/\"},\"sameAs\":[\"https:\/\/www.facebook.com\/p\/Bodas-en-Cuba-fiestas-decoraciones-para-eventos-100064305390336\/\",\"https:\/\/www.instagram.com\/bodasencubafiestas\/\"]}]}<\/script>\n<!-- \/ Yoast SEO plugin. -->","yoast_head_json":{"title":"Fotograf in Kuba","description":"Entdecken Sie die faszinierende Welt der Fotografie in Kuba. Finden Sie verlockende Angebote und erkunden Sie spezialisierte Studios f\u00fcr jedes Budget","robots":{"index":"index","follow":"follow","max-snippet":"max-snippet:-1","max-image-preview":"max-image-preview:large","max-video-preview":"max-video-preview:-1"},"canonical":"https:\/\/bodasencubafiestas.com\/de\/fotograf-in-kuba\/","og_locale":"de_DE","og_type":"article","og_title":"Fotograf in Kuba","og_description":"Entdecken Sie die faszinierende Welt der Fotografie in Kuba. Finden Sie verlockende Angebote und erkunden Sie spezialisierte Studios f\u00fcr jedes Budget","og_url":"https:\/\/bodasencubafiestas.com\/de\/fotograf-in-kuba\/","og_site_name":"Bodas en Cuba Fiestas","article_publisher":"https:\/\/www.facebook.com\/p\/Bodas-en-Cuba-fiestas-decoraciones-para-eventos-100064305390336\/","twitter_card":"summary_large_image","twitter_misc":{"Gesch\u00e4tzte Lesezeit":"4\u00a0Minuten"},"schema":{"@context":"https:\/\/schema.org","@graph":[{"@type":"WebPage","@id":"https:\/\/bodasencubafiestas.com\/de\/fotograf-in-kuba\/","url":"https:\/\/bodasencubafiestas.com\/de\/fotograf-in-kuba\/","name":"Fotograf in Kuba","isPartOf":{"@id":"https:\/\/bodasencubafiestas.com\/de\/#website"},"datePublished":"2024-03-14T18:36:23+00:00","description":"Entdecken Sie die faszinierende Welt der Fotografie in Kuba. Finden Sie verlockende Angebote und erkunden Sie spezialisierte Studios f\u00fcr jedes Budget","breadcrumb":{"@id":"https:\/\/bodasencubafiestas.com\/de\/fotograf-in-kuba\/#breadcrumb"},"inLanguage":"de","potentialAction":[{"@type":"ReadAction","target":["https:\/\/bodasencubafiestas.com\/de\/fotograf-in-kuba\/"]}]},{"@type":"BreadcrumbList","@id":"https:\/\/bodasencubafiestas.com\/de\/fotograf-in-kuba\/#breadcrumb","itemListElement":[{"@type":"ListItem","position":1,"name":"Home","item":"https:\/\/bodasencubafiestas.com\/de\/"},{"@type":"ListItem","position":2,"name":"Fotograf in Kuba"}]},{"@type":"WebSite","@id":"https:\/\/bodasencubafiestas.com\/de\/#website","url":"https:\/\/bodasencubafiestas.com\/de\/","name":"Bodas en Cuba Fiestas","description":"","publisher":{"@id":"https:\/\/bodasencubafiestas.com\/de\/#organization"},"potentialAction":[{"@type":"SearchAction","target":{"@type":"EntryPoint","urlTemplate":"https:\/\/bodasencubafiestas.com\/de\/?s={search_term_string}"},"query-input":{"@type":"PropertyValueSpecification","valueRequired":true,"valueName":"search_term_string"}}],"inLanguage":"de"},{"@type":"Organization","@id":"https:\/\/bodasencubafiestas.com\/de\/#organization","name":"Bodas en Cuba Fiestas","url":"https:\/\/bodasencubafiestas.com\/de\/","logo":{"@type":"ImageObject","inLanguage":"de","@id":"https:\/\/bodasencubafiestas.com\/de\/#\/schema\/logo\/image\/","url":"https:\/\/bodasencubafiestas.com\/wp-content\/uploads\/2026\/03\/BodasenCubaFiestas-logo.png","contentUrl":"https:\/\/bodasencubafiestas.com\/wp-content\/uploads\/2026\/03\/BodasenCubaFiestas-logo.png","width":696,"height":696,"caption":"Bodas en Cuba Fiestas"},"image":{"@id":"https:\/\/bodasencubafiestas.com\/de\/#\/schema\/logo\/image\/"},"sameAs":["https:\/\/www.facebook.com\/p\/Bodas-en-Cuba-fiestas-decoraciones-para-eventos-100064305390336\/","https:\/\/www.instagram.com\/bodasencubafiestas\/"]}]}},"_links":{"self":[{"href":"https:\/\/bodasencubafiestas.com\/de\/wp-json\/wp\/v2\/pages\/21269","targetHints":{"allow":["GET"]}}],"collection":[{"href":"https:\/\/bodasencubafiestas.com\/de\/wp-json\/wp\/v2\/pages"}],"about":[{"href":"https:\/\/bodasencubafiestas.com\/de\/wp-json\/wp\/v2\/types\/page"}],"author":[{"embeddable":true,"href":"https:\/\/bodasencubafiestas.com\/de\/wp-json\/wp\/v2\/users\/2"}],"replies":[{"embeddable":true,"href":"https:\/\/bodasencubafiestas.com\/de\/wp-json\/wp\/v2\/comments?post=21269"}],"version-history":[{"count":0,"href":"https:\/\/bodasencubafiestas.com\/de\/wp-json\/wp\/v2\/pages\/21269\/revisions"}],"wp:attachment":[{"href":"https:\/\/bodasencubafiestas.com\/de\/wp-json\/wp\/v2\/media?parent=21269"}],"curies":[{"name":"wp","href":"https:\/\/api.w.org\/{rel}","templated":true}]}}