{"id":22139,"date":"2024-04-20T09:34:12","date_gmt":"2024-04-20T13:34:12","guid":{"rendered":"https:\/\/bodasencubafiestas.com\/the-best-all-inclusive-party-resorts-in-cuba-copy\/"},"modified":"2024-04-20T09:41:51","modified_gmt":"2024-04-20T13:41:51","slug":"los-mejores-resorts-para-fiestas-todo-incluido-en-cuba","status":"publish","type":"page","link":"https:\/\/bodasencubafiestas.com\/en\/los-mejores-resorts-para-fiestas-todo-incluido-en-cuba\/","title":{"rendered":"Los mejores resorts para fiestas todo incluido en cuba"},"content":{"rendered":"<div class=\"wpb-content-wrapper\"><p>[vc_row full_width=&#8221;stretch_row_content_no_spaces&#8221; full_height=&#8221;yes&#8221; css=&#8221;.vc_custom_1692626754326{margin-top: 30px !important;}&#8221;][vc_column][vc_single_image image=&#8221;22079&#8243; img_size=&#8221;full&#8221; alignment=&#8221;center&#8221; el_id=&#8221;boda hotel parque central&#8221;][vc_column_text css=&#8221;.vc_custom_1713620250444{margin-right: 1px !important;margin-left: 1px !important;}&#8221;]<\/p>\n<h1 style=\"text-align: center;\"><strong>Los mejores resorts para fiestas todo incluido en cuba<\/strong><\/h1>\n<p>&nbsp;<\/p>\n<p><span style=\"font-size: 13pt;\">\u00a1Bienvenido a nuestra gu\u00eda sobre los mejores resorts para fiestas todo incluido en Cuba! Si est\u00e1s buscando un lugar ex\u00f3tico y lleno de vida para celebrar tu boda o fiesta, has venido al lugar correcto. Cuba es conocida por su rica cultura, su m\u00fasica en vivo y su vibrante vida nocturna, lo que lo convierte en el destino perfecto para cualquier celebraci\u00f3n. En este art\u00edculo, te presentaremos los mejores resorts para fiestas todo incluido en Cuba, con \u00e9nfasis en aquellos que ofrecen paquetes especiales para bodas y fiestas cubanas.<\/span>[\/vc_column_text][vc_column_text]<\/p>\n<h1 style=\"text-align: center;\"><strong>Fiestas en Cuba<\/strong><\/h1>\n<p>&nbsp;<\/p>\n<p><span style=\"font-size: 13pt;\">Cuba es conocida por su enriquecedora vida nocturna y su m\u00fasica en vivo. Si est\u00e1s buscando un lugar para celebrar una fiesta cubana, entonces los resorts todo incluido son la opci\u00f3n perfecta. Ofrecen paquetes especiales para fiestas, que incluyen lo necesario para una noche de diversi\u00f3n y baile.<\/span><\/p>\n<p>&nbsp;<\/p>\n<h1 style=\"text-align: center;\"><strong>Paquetes de fiestas en Cuba<\/strong><\/h1>\n<p>&nbsp;<\/p>\n<p><span style=\"font-size: 13pt;\">Los paquetes de fiestas suelen incluir:<\/span><\/p>\n<p>&nbsp;<\/p>\n<ul>\n<li><span style=\"font-size: 13pt;\">M\u00fasica en vivo<\/span><\/li>\n<li><span style=\"font-size: 13pt;\">Bebidas y comida<\/span><\/li>\n<li><span style=\"font-size: 13pt;\">Decoraciones tem\u00e1ticas<\/span><\/li>\n<li><span style=\"font-size: 13pt;\">Fotograf\u00eda y video<\/span><\/li>\n<li><span style=\"font-size: 13pt;\">Alojamiento para los invitados<\/span><\/li>\n<li><span style=\"font-size: 13pt;\">Transporte al lugar de la fiesta<\/span><\/li>\n<\/ul>\n<p>&nbsp;<\/p>\n<p><span style=\"font-size: 13pt;\">Algunos resorts tambi\u00e9n ofrecen servicios adicionales, como:<\/span><\/p>\n<p>&nbsp;<\/p>\n<ul>\n<li><span style=\"font-size: 13pt;\">Clases de salsa<\/span><\/li>\n<li><span style=\"font-size: 13pt;\">Espect\u00e1culos de cabaret<\/span><\/li>\n<li><span style=\"font-size: 13pt;\">Excursiones y actividades durante el d\u00eda<\/span><\/li>\n<li><span style=\"font-size: 13pt;\">Servicios de spa y bienestar<\/span><\/li>\n<\/ul>\n<p>[\/vc_column_text][vc_single_image image=&#8221;22086&#8243; img_size=&#8221;full&#8221; alignment=&#8221;center&#8221;][vc_column_text]<\/p>\n<h1 style=\"text-align: center;\"><strong>Hoteles para fiestas en Cuba<\/strong><\/h1>\n<p>&nbsp;<\/p>\n<h2><strong>Meli\u00e1 Cohiba<\/strong><\/h2>\n<p>&nbsp;<\/p>\n<p><span style=\"font-size: 13pt;\">El Meli\u00e1 Cohiba es un hotel de lujo ubicado en La Habana. Ofrece paquetes especiales para bodas y fiestas, con servicios personalizados y atenci\u00f3n al detalle. El hotel cuenta con una variedad de opciones de alojamiento, desde habitaciones est\u00e1ndar hasta suites de lujo, y ofrece diversos servicios y comodidades, como spa, gimnasio, piscinas y restaurantes.<\/span><\/p>\n<p>&nbsp;<\/p>\n<h2><strong>Iberostar Parque Central<\/strong><\/h2>\n<p>&nbsp;<\/p>\n<p><span style=\"font-size: 13pt;\">El Iberostar Parque Central es un hotel de cinco estrellas. Igualmente ofrece paquetes para cualquier celebraci\u00f3n que desee realizar, con varias opciones para decoraci\u00f3n y entretenimiento.<\/span><\/p>\n<p>&nbsp;<\/p>\n<p><span style=\"font-size: 13pt;\">Por tanto, si est\u00e1s buscando los mejores resorts para fiestas todo incluido en Cuba para una boda o una fiesta, entonces hay varias opciones disponibles. Los resorts para fiestas todo incluido en Cuba ofrecen paquetes especiales para este tipo de eventos, con servicios personalizados y atenci\u00f3n al detalle. Cuentan con lo indispensable para una celebraci\u00f3n \u00fanica y memorable. \u00a1No dudes en contactar para obtener m\u00e1s informaci\u00f3n sobre sus paquetes y servicios!<\/span>[\/vc_column_text][vc_single_image image=&#8221;22093&#8243; img_size=&#8221;full&#8221; alignment=&#8221;center&#8221;][vc_column_text]<span style=\"font-size: 13pt;\">Finalmente, te aconsejamos buscar una agencia con una trayectoria comprobada de \u00e9xito y un profundo conocimiento de la cultura local como nuestros <a href=\"http:\/\/bodasencubafiestas.com\">organizadores de bodas en Cuba<\/a>. Estos profesionales aportar\u00e1n elegancia a tu evento, y adem\u00e1s se encargar\u00e1n de todos los elementos organizativos.<\/span><\/p>\n<div class=\"wpb_wrapper\">\n<div class=\"wpb_text_column wpb_content_element \">\n<div class=\"wpb_wrapper\">\n<p><span style=\"font-size: 13pt;\">Vea m\u00e1s de nuestras ofertas para fiestas en los enlaces a continuaci\u00f3n:<\/span><\/p>\n<p><span style=\"font-size: 13pt;\"><a href=\"https:\/\/bodasencubafiestas.com\/fiestas-eventos-en-cuba\/\">Fiestas y eventos<\/a><\/span><\/p>\n<p><span style=\"font-size: 13pt;\"><a href=\"https:\/\/bodasencubafiestas.com\/fiesta-15-cuba-habana-fotos-quinceaneras-trajes\/\">Fiestas de 15<\/a><\/span><\/p>\n<p><span style=\"font-size: 13pt;\"><a href=\"https:\/\/bodasencubafiestas.com\/fiesta-en-varadero-cuba\/\">Fiesta en Varadero<\/a><\/span><\/p>\n<\/div>\n<\/div>\n<\/div>\n<div class=\"wpb_wrapper\">\n<div class=\"wpb_text_column wpb_content_element \">\n<div class=\"wpb_wrapper\">\n<p>&nbsp;<\/p>\n<p><span style=\"font-size: 13pt;\">Cont\u00e1ctanos, llena el formulario al final de la p\u00e1gina y te responderemos al instante.<\/span><\/p>\n<\/div>\n<\/div>\n<\/div>\n<p>[\/vc_column_text][\/vc_column][\/vc_row][vc_row css=&#8221;.vc_custom_1619641050256{background-color: #ffffff !important;}&#8221;][vc_column][vc_text_separator title=&#8221;\u00a1Contacta ya!&#8221;]\n<div class=\"wpcf7 no-js\" id=\"wpcf7-f1864-o1\" lang=\"es-ES\" dir=\"ltr\" data-wpcf7-id=\"1864\">\n<div class=\"screen-reader-response\"><p role=\"status\" aria-live=\"polite\" aria-atomic=\"true\"><\/p> <ul><\/ul><\/div>\n<form action=\"\/en\/wp-json\/wp\/v2\/pages\/22139#wpcf7-f1864-o1\" method=\"post\" class=\"wpcf7-form init\" aria-label=\"Formulario de contacto\" novalidate=\"novalidate\" data-status=\"init\">\n<fieldset class=\"hidden-fields-container\"><input type=\"hidden\" name=\"_wpcf7\" value=\"1864\" \/><input type=\"hidden\" name=\"_wpcf7_version\" value=\"6.1.5\" \/><input type=\"hidden\" name=\"_wpcf7_locale\" value=\"es_ES\" \/><input type=\"hidden\" name=\"_wpcf7_unit_tag\" value=\"wpcf7-f1864-o1\" \/><input type=\"hidden\" name=\"_wpcf7_container_post\" value=\"0\" \/><input type=\"hidden\" name=\"_wpcf7_posted_data_hash\" value=\"\" \/>\n<\/fieldset>\n<p><label>Nombre (requerido)<br \/>\n<span class=\"wpcf7-form-control-wrap\" data-name=\"your-name\"><input size=\"40\" maxlength=\"400\" class=\"wpcf7-form-control wpcf7-text wpcf7-validates-as-required\" aria-required=\"true\" aria-invalid=\"false\" placeholder=\"Su Nombre aqu\u00ed\" value=\"\" type=\"text\" name=\"your-name\" \/><\/span><\/label><br \/>\n<label> Email (requerido)<br \/>\n<span class=\"wpcf7-form-control-wrap\" data-name=\"your-email\"><input size=\"40\" maxlength=\"400\" class=\"wpcf7-form-control wpcf7-email wpcf7-validates-as-required wpcf7-text wpcf7-validates-as-email\" aria-required=\"true\" aria-invalid=\"false\" placeholder=\"Su Email aqu\u00ed\" value=\"\" type=\"email\" name=\"your-email\" \/><\/span><\/label><br \/>\n<label>Pa\u00eds (requerido)<br \/>\n[uacf7_country_dropdown* uacf7_country_dropdown-160 country_auto_complete]<\/label><br \/>\n<label>Tel\u00e9fono (requerido)<br \/>\n<span class=\"wpcf7-form-control-wrap\" data-name=\"tel-780\"><input size=\"40\" maxlength=\"400\" class=\"wpcf7-form-control wpcf7-tel wpcf7-validates-as-required wpcf7-text wpcf7-validates-as-tel\" aria-required=\"true\" aria-invalid=\"false\" value=\"\" type=\"tel\" name=\"tel-780\" \/><\/span><\/label><br \/>\n<label>Tipo de evento o servicio (requerido)<br \/>\n<span class=\"wpcf7-form-control-wrap\" data-name=\"tipo-evento\"><select class=\"wpcf7-form-control wpcf7-select wpcf7-validates-as-required\" aria-required=\"true\" aria-invalid=\"false\" name=\"tipo-evento\"><option value=\"--Seleccione--\">--Seleccione--<\/option><option value=\"Boda\">Boda<\/option><option value=\"Renovaci\u00f3n de Votos\">Renovaci\u00f3n de Votos<\/option><option value=\"Negocios\">Negocios<\/option><option value=\"Evento Privado - Fiesta\">Evento Privado - Fiesta<\/option><option value=\"Cumplea\u00f1os Infantil\">Cumplea\u00f1os Infantil<\/option><option value=\"Fiesta de 15 A\u00f1os\">Fiesta de 15 A\u00f1os<\/option><option value=\"Fotos de 15 (Estudio y Exteriores)\">Fotos de 15 (Estudio y Exteriores)<\/option><option value=\"Anillos de compromiso\">Anillos de compromiso<\/option><\/select><\/span><\/label><br \/>\n<label>Estilo (requerido)<br \/>\n<span class=\"wpcf7-form-control-wrap\" data-name=\"Estilo\"><select class=\"wpcf7-form-control wpcf7-select wpcf7-validates-as-required\" aria-required=\"true\" aria-invalid=\"false\" name=\"Estilo\"><option value=\"--Seleccione--\">--Seleccione--<\/option><option value=\"Cl\u00e1sico (lujoso)\">Cl\u00e1sico (lujoso)<\/option><option value=\"Rom\u00e1ntico\">Rom\u00e1ntico<\/option><option value=\"Vintage\">Vintage<\/option><option value=\"Shabby Chic\">Shabby Chic<\/option><option value=\"Boho Chic\">Boho Chic<\/option><option value=\"Ecl\u00e9ctico\">Ecl\u00e9ctico<\/option><option value=\"Moderno\">Moderno<\/option><option value=\"Natural, Ecol\u00f3gico\">Natural, Ecol\u00f3gico<\/option><option value=\"Minimalista (simplificado)\">Minimalista (simplificado)<\/option><option value=\"Tradicional\">Tradicional<\/option><option value=\"Todav\u00eda no lo tengo, \u00a1ay\u00fadame!\">Todav\u00eda no lo tengo, \u00a1ay\u00fadame!<\/option><\/select><\/span><\/label><br \/>\n<label>Ubicaci\u00f3n preferida (requerido)<br \/>\n<span class=\"wpcf7-form-control-wrap\" data-name=\"checkbox-location\"><span class=\"wpcf7-form-control wpcf7-checkbox wpcf7-validates-as-required\"><span class=\"wpcf7-list-item first\"><input type=\"checkbox\" name=\"checkbox-location[]\" value=\"Playa\" \/><span class=\"wpcf7-list-item-label\">Playa<\/span><\/span><span class=\"wpcf7-list-item\"><input type=\"checkbox\" name=\"checkbox-location[]\" value=\"Apartamento con Vista al Mar\" \/><span class=\"wpcf7-list-item-label\">Apartamento con Vista al Mar<\/span><\/span><span class=\"wpcf7-list-item\"><input type=\"checkbox\" name=\"checkbox-location[]\" value=\"Jard\u00edn\" \/><span class=\"wpcf7-list-item-label\">Jard\u00edn<\/span><\/span><span class=\"wpcf7-list-item\"><input type=\"checkbox\" name=\"checkbox-location[]\" value=\"Campo\" \/><span class=\"wpcf7-list-item-label\">Campo<\/span><\/span><span class=\"wpcf7-list-item\"><input type=\"checkbox\" name=\"checkbox-location[]\" value=\"Villa Privada\" \/><span class=\"wpcf7-list-item-label\">Villa Privada<\/span><\/span><span class=\"wpcf7-list-item\"><input type=\"checkbox\" name=\"checkbox-location[]\" value=\"Sal\u00f3n\" \/><span class=\"wpcf7-list-item-label\">Sal\u00f3n<\/span><\/span><span class=\"wpcf7-list-item last\"><input type=\"checkbox\" name=\"checkbox-location[]\" value=\"Hotel\" \/><span class=\"wpcf7-list-item-label\">Hotel<\/span><\/span><\/span><\/span><\/label><br \/>\n<label>Presupuesto aproximado (requerido)<br \/>\n<span class=\"wpcf7-form-control-wrap\" data-name=\"presupuesto\"><select class=\"wpcf7-form-control wpcf7-select wpcf7-validates-as-required\" aria-required=\"true\" aria-invalid=\"false\" name=\"presupuesto\"><option value=\"--Seleccione--\">--Seleccione--<\/option><option value=\"100 \u00f7 350 USD\">100 \u00f7 350 USD<\/option><option value=\"350 \u00f7 600 USD\">350 \u00f7 600 USD<\/option><option value=\"600 \u00f7 1000 USD\">600 \u00f7 1000 USD<\/option><option value=\"1000 \u00f7 1500 USD\">1000 \u00f7 1500 USD<\/option><option value=\"1500 \u00f7 2000 USD\">1500 \u00f7 2000 USD<\/option><option value=\"2000 \u00f7 3000 USD\">2000 \u00f7 3000 USD<\/option><option value=\"3000 \u00f7 7000 USD\">3000 \u00f7 7000 USD<\/option><option value=\"7000 \u00f7 15 000 USD\">7000 \u00f7 15 000 USD<\/option><option value=\"15 000 \u00f7 20 000 USD\">15 000 \u00f7 20 000 USD<\/option><option value=\"20 000 \u00f7 25 000 USD\">20 000 \u00f7 25 000 USD<\/option><option value=\"25 000 \u00f7 USD ilimitado\">25 000 \u00f7 USD ilimitado<\/option><\/select><\/span><\/label><br \/>\n<label>N\u00famero de personas (requerido)<br \/>\n<span class=\"wpcf7-form-control-wrap\" data-name=\"cantidad-personas\"><select class=\"wpcf7-form-control wpcf7-select wpcf7-validates-as-required\" aria-required=\"true\" aria-invalid=\"false\" name=\"cantidad-personas\"><option value=\"--Seleccione--\">--Seleccione--<\/option><option value=\"1\">1<\/option><option value=\"2\">2<\/option><option value=\"3 - 10\">3 - 10<\/option><option value=\"10 - 20\">10 - 20<\/option><option value=\"20 - 30\">20 - 30<\/option><option value=\"30 - 40\">30 - 40<\/option><option value=\"40 - 50\">40 - 50<\/option><option value=\"50 - 70\">50 - 70<\/option><option value=\"70 - 100\">70 - 100<\/option><option value=\"100 - 150\">100 - 150<\/option><option value=\"150 - 200\">150 - 200<\/option><option value=\"200 - 300\">200 - 300<\/option><\/select><\/span><\/label><br \/>\n<label>Fecha (requerido)<br \/>\n<span class=\"wpcf7-form-control-wrap\" data-name=\"date-931\"><input class=\"wpcf7-form-control wpcf7-date wpcf7-validates-as-required wpcf7-validates-as-date\" aria-required=\"true\" aria-invalid=\"false\" value=\"\" type=\"date\" name=\"date-931\" \/><\/span><\/label><br \/>\n<label>Tu mensaje<br \/>\n<span class=\"wpcf7-form-control-wrap\" data-name=\"tu-mensaje\"><textarea cols=\"40\" rows=\"10\" maxlength=\"2000\" class=\"wpcf7-form-control wpcf7-textarea\" aria-invalid=\"false\" name=\"tu-mensaje\"><\/textarea><\/span><\/label><br \/>\n<input class=\"wpcf7-form-control wpcf7-submit has-spinner\" type=\"submit\" value=\"Enviar\" \/>\n<\/p><div class=\"wpcf7-response-output\" aria-hidden=\"true\"><\/div>\n<\/form>\n<\/div>\n[\/vc_column][\/vc_row][vc_row][vc_column][vc_column_text]<\/p>\n<p>[\/vc_column_text][\/vc_column][\/vc_row]<\/p>\n<\/div>","protected":false},"excerpt":{"rendered":"<p>[vc_row full_width=&#8221;stretch_row_content_no_spaces&#8221; full_height=&#8221;yes&#8221; css=&#8221;.vc_custom_1692626754326{margin-top: 30px !important;}&#8221;][vc_column][vc_single_image image=&#8221;22079&#8243; img_size=&#8221;full&#8221; alignment=&#8221;center&#8221; el_id=&#8221;boda hotel parque central&#8221;][vc_column_text css=&#8221;.vc_custom_1713620250444{margin-right: 1px !important;margin-left: 1px !important;}&#8221;] Los mejores resorts para fiestas todo incluido en cuba &nbsp; \u00a1Bienvenido a [&hellip;]<\/p>\n","protected":false},"author":2,"featured_media":0,"parent":0,"menu_order":0,"comment_status":"closed","ping_status":"closed","template":"","meta":{"_uf_show_specific_survey":0,"_uf_disable_surveys":false,"_joinchat":[],"footnotes":""},"class_list":["post-22139","page","type-page","status-publish","hentry"],"yoast_head":"<!-- This site is optimized with the Yoast SEO plugin v27.0 - https:\/\/yoast.com\/product\/yoast-seo-wordpress\/ -->\n<title>Los mejores resorts para fiestas todo incluido en cuba<\/title>\n<meta name=\"description\" content=\"\u00a1Planifica tu boda en el mejor resort para fiestas todo incluido de Cuba! Disfruta de un entorno \u00fanico con hoteles para celebraciones que te brindar\u00e1n una experiencia inolvidable. Celebra tu amor en un destino ex\u00f3tico con playas de ensue\u00f1o y cultura vibrante. \u00a1Reserva ahora y haz de tu boda en Cuba un evento inolvidable!\" \/>\n<meta name=\"robots\" content=\"index, follow, max-snippet:-1, max-image-preview:large, max-video-preview:-1\" \/>\n<link rel=\"canonical\" href=\"https:\/\/bodasencubafiestas.com\/en\/los-mejores-resorts-para-fiestas-todo-incluido-en-cuba\/\" \/>\n<meta property=\"og:locale\" content=\"en_US\" \/>\n<meta property=\"og:type\" content=\"article\" \/>\n<meta property=\"og:title\" content=\"Los mejores resorts para fiestas todo incluido en cuba\" \/>\n<meta property=\"og:description\" content=\"\u00a1Planifica tu boda en el mejor resort para fiestas todo incluido de Cuba! Disfruta de un entorno \u00fanico con hoteles para celebraciones que te brindar\u00e1n una experiencia inolvidable. Celebra tu amor en un destino ex\u00f3tico con playas de ensue\u00f1o y cultura vibrante. \u00a1Reserva ahora y haz de tu boda en Cuba un evento inolvidable!\" \/>\n<meta property=\"og:url\" content=\"https:\/\/bodasencubafiestas.com\/en\/los-mejores-resorts-para-fiestas-todo-incluido-en-cuba\/\" \/>\n<meta property=\"og:site_name\" content=\"Bodas en Cuba Fiestas\" \/>\n<meta property=\"article:publisher\" content=\"https:\/\/www.facebook.com\/p\/Bodas-en-Cuba-fiestas-decoraciones-para-eventos-100064305390336\/\" \/>\n<meta property=\"article:modified_time\" content=\"2024-04-20T13:41:51+00:00\" \/>\n<meta name=\"twitter:card\" content=\"summary_large_image\" \/>\n<meta name=\"twitter:label1\" content=\"Est. reading time\" \/>\n\t<meta name=\"twitter:data1\" content=\"3 minutes\" \/>\n<script type=\"application\/ld+json\" class=\"yoast-schema-graph\">{\"@context\":\"https:\/\/schema.org\",\"@graph\":[{\"@type\":\"WebPage\",\"@id\":\"https:\/\/bodasencubafiestas.com\/en\/los-mejores-resorts-para-fiestas-todo-incluido-en-cuba\/\",\"url\":\"https:\/\/bodasencubafiestas.com\/en\/los-mejores-resorts-para-fiestas-todo-incluido-en-cuba\/\",\"name\":\"Los mejores resorts para fiestas todo incluido en cuba\",\"isPartOf\":{\"@id\":\"https:\/\/bodasencubafiestas.com\/en\/#website\"},\"datePublished\":\"2024-04-20T13:34:12+00:00\",\"dateModified\":\"2024-04-20T13:41:51+00:00\",\"description\":\"\u00a1Planifica tu boda en el mejor resort para fiestas todo incluido de Cuba! Disfruta de un entorno \u00fanico con hoteles para celebraciones que te brindar\u00e1n una experiencia inolvidable. Celebra tu amor en un destino ex\u00f3tico con playas de ensue\u00f1o y cultura vibrante. \u00a1Reserva ahora y haz de tu boda en Cuba un evento inolvidable!\",\"breadcrumb\":{\"@id\":\"https:\/\/bodasencubafiestas.com\/en\/los-mejores-resorts-para-fiestas-todo-incluido-en-cuba\/#breadcrumb\"},\"inLanguage\":\"en-US\",\"potentialAction\":[{\"@type\":\"ReadAction\",\"target\":[\"https:\/\/bodasencubafiestas.com\/en\/los-mejores-resorts-para-fiestas-todo-incluido-en-cuba\/\"]}]},{\"@type\":\"BreadcrumbList\",\"@id\":\"https:\/\/bodasencubafiestas.com\/en\/los-mejores-resorts-para-fiestas-todo-incluido-en-cuba\/#breadcrumb\",\"itemListElement\":[{\"@type\":\"ListItem\",\"position\":1,\"name\":\"Home\",\"item\":\"https:\/\/bodasencubafiestas.com\/en\/\"},{\"@type\":\"ListItem\",\"position\":2,\"name\":\"Los mejores resorts para fiestas todo incluido en cuba\"}]},{\"@type\":\"WebSite\",\"@id\":\"https:\/\/bodasencubafiestas.com\/en\/#website\",\"url\":\"https:\/\/bodasencubafiestas.com\/en\/\",\"name\":\"Bodas en Cuba Fiestas\",\"description\":\"\",\"publisher\":{\"@id\":\"https:\/\/bodasencubafiestas.com\/en\/#organization\"},\"potentialAction\":[{\"@type\":\"SearchAction\",\"target\":{\"@type\":\"EntryPoint\",\"urlTemplate\":\"https:\/\/bodasencubafiestas.com\/en\/?s={search_term_string}\"},\"query-input\":{\"@type\":\"PropertyValueSpecification\",\"valueRequired\":true,\"valueName\":\"search_term_string\"}}],\"inLanguage\":\"en-US\"},{\"@type\":\"Organization\",\"@id\":\"https:\/\/bodasencubafiestas.com\/en\/#organization\",\"name\":\"Bodas en Cuba Fiestas\",\"url\":\"https:\/\/bodasencubafiestas.com\/en\/\",\"logo\":{\"@type\":\"ImageObject\",\"inLanguage\":\"en-US\",\"@id\":\"https:\/\/bodasencubafiestas.com\/en\/#\/schema\/logo\/image\/\",\"url\":\"https:\/\/bodasencubafiestas.com\/wp-content\/uploads\/2026\/03\/BodasenCubaFiestas-logo.png\",\"contentUrl\":\"https:\/\/bodasencubafiestas.com\/wp-content\/uploads\/2026\/03\/BodasenCubaFiestas-logo.png\",\"width\":696,\"height\":696,\"caption\":\"Bodas en Cuba Fiestas\"},\"image\":{\"@id\":\"https:\/\/bodasencubafiestas.com\/en\/#\/schema\/logo\/image\/\"},\"sameAs\":[\"https:\/\/www.facebook.com\/p\/Bodas-en-Cuba-fiestas-decoraciones-para-eventos-100064305390336\/\",\"https:\/\/www.instagram.com\/bodasencubafiestas\/\"]}]}<\/script>\n<!-- \/ Yoast SEO plugin. -->","yoast_head_json":{"title":"Los mejores resorts para fiestas todo incluido en cuba","description":"\u00a1Planifica tu boda en el mejor resort para fiestas todo incluido de Cuba! Disfruta de un entorno \u00fanico con hoteles para celebraciones que te brindar\u00e1n una experiencia inolvidable. Celebra tu amor en un destino ex\u00f3tico con playas de ensue\u00f1o y cultura vibrante. \u00a1Reserva ahora y haz de tu boda en Cuba un evento inolvidable!","robots":{"index":"index","follow":"follow","max-snippet":"max-snippet:-1","max-image-preview":"max-image-preview:large","max-video-preview":"max-video-preview:-1"},"canonical":"https:\/\/bodasencubafiestas.com\/en\/los-mejores-resorts-para-fiestas-todo-incluido-en-cuba\/","og_locale":"en_US","og_type":"article","og_title":"Los mejores resorts para fiestas todo incluido en cuba","og_description":"\u00a1Planifica tu boda en el mejor resort para fiestas todo incluido de Cuba! Disfruta de un entorno \u00fanico con hoteles para celebraciones que te brindar\u00e1n una experiencia inolvidable. Celebra tu amor en un destino ex\u00f3tico con playas de ensue\u00f1o y cultura vibrante. \u00a1Reserva ahora y haz de tu boda en Cuba un evento inolvidable!","og_url":"https:\/\/bodasencubafiestas.com\/en\/los-mejores-resorts-para-fiestas-todo-incluido-en-cuba\/","og_site_name":"Bodas en Cuba Fiestas","article_publisher":"https:\/\/www.facebook.com\/p\/Bodas-en-Cuba-fiestas-decoraciones-para-eventos-100064305390336\/","article_modified_time":"2024-04-20T13:41:51+00:00","twitter_card":"summary_large_image","twitter_misc":{"Est. reading time":"3 minutes"},"schema":{"@context":"https:\/\/schema.org","@graph":[{"@type":"WebPage","@id":"https:\/\/bodasencubafiestas.com\/en\/los-mejores-resorts-para-fiestas-todo-incluido-en-cuba\/","url":"https:\/\/bodasencubafiestas.com\/en\/los-mejores-resorts-para-fiestas-todo-incluido-en-cuba\/","name":"Los mejores resorts para fiestas todo incluido en cuba","isPartOf":{"@id":"https:\/\/bodasencubafiestas.com\/en\/#website"},"datePublished":"2024-04-20T13:34:12+00:00","dateModified":"2024-04-20T13:41:51+00:00","description":"\u00a1Planifica tu boda en el mejor resort para fiestas todo incluido de Cuba! Disfruta de un entorno \u00fanico con hoteles para celebraciones que te brindar\u00e1n una experiencia inolvidable. Celebra tu amor en un destino ex\u00f3tico con playas de ensue\u00f1o y cultura vibrante. \u00a1Reserva ahora y haz de tu boda en Cuba un evento inolvidable!","breadcrumb":{"@id":"https:\/\/bodasencubafiestas.com\/en\/los-mejores-resorts-para-fiestas-todo-incluido-en-cuba\/#breadcrumb"},"inLanguage":"en-US","potentialAction":[{"@type":"ReadAction","target":["https:\/\/bodasencubafiestas.com\/en\/los-mejores-resorts-para-fiestas-todo-incluido-en-cuba\/"]}]},{"@type":"BreadcrumbList","@id":"https:\/\/bodasencubafiestas.com\/en\/los-mejores-resorts-para-fiestas-todo-incluido-en-cuba\/#breadcrumb","itemListElement":[{"@type":"ListItem","position":1,"name":"Home","item":"https:\/\/bodasencubafiestas.com\/en\/"},{"@type":"ListItem","position":2,"name":"Los mejores resorts para fiestas todo incluido en cuba"}]},{"@type":"WebSite","@id":"https:\/\/bodasencubafiestas.com\/en\/#website","url":"https:\/\/bodasencubafiestas.com\/en\/","name":"Bodas en Cuba Fiestas","description":"","publisher":{"@id":"https:\/\/bodasencubafiestas.com\/en\/#organization"},"potentialAction":[{"@type":"SearchAction","target":{"@type":"EntryPoint","urlTemplate":"https:\/\/bodasencubafiestas.com\/en\/?s={search_term_string}"},"query-input":{"@type":"PropertyValueSpecification","valueRequired":true,"valueName":"search_term_string"}}],"inLanguage":"en-US"},{"@type":"Organization","@id":"https:\/\/bodasencubafiestas.com\/en\/#organization","name":"Bodas en Cuba Fiestas","url":"https:\/\/bodasencubafiestas.com\/en\/","logo":{"@type":"ImageObject","inLanguage":"en-US","@id":"https:\/\/bodasencubafiestas.com\/en\/#\/schema\/logo\/image\/","url":"https:\/\/bodasencubafiestas.com\/wp-content\/uploads\/2026\/03\/BodasenCubaFiestas-logo.png","contentUrl":"https:\/\/bodasencubafiestas.com\/wp-content\/uploads\/2026\/03\/BodasenCubaFiestas-logo.png","width":696,"height":696,"caption":"Bodas en Cuba Fiestas"},"image":{"@id":"https:\/\/bodasencubafiestas.com\/en\/#\/schema\/logo\/image\/"},"sameAs":["https:\/\/www.facebook.com\/p\/Bodas-en-Cuba-fiestas-decoraciones-para-eventos-100064305390336\/","https:\/\/www.instagram.com\/bodasencubafiestas\/"]}]}},"_links":{"self":[{"href":"https:\/\/bodasencubafiestas.com\/en\/wp-json\/wp\/v2\/pages\/22139","targetHints":{"allow":["GET"]}}],"collection":[{"href":"https:\/\/bodasencubafiestas.com\/en\/wp-json\/wp\/v2\/pages"}],"about":[{"href":"https:\/\/bodasencubafiestas.com\/en\/wp-json\/wp\/v2\/types\/page"}],"author":[{"embeddable":true,"href":"https:\/\/bodasencubafiestas.com\/en\/wp-json\/wp\/v2\/users\/2"}],"replies":[{"embeddable":true,"href":"https:\/\/bodasencubafiestas.com\/en\/wp-json\/wp\/v2\/comments?post=22139"}],"version-history":[{"count":0,"href":"https:\/\/bodasencubafiestas.com\/en\/wp-json\/wp\/v2\/pages\/22139\/revisions"}],"wp:attachment":[{"href":"https:\/\/bodasencubafiestas.com\/en\/wp-json\/wp\/v2\/media?parent=22139"}],"curies":[{"name":"wp","href":"https:\/\/api.w.org\/{rel}","templated":true}]}}