{"id":27017,"date":"2024-07-10T06:54:43","date_gmt":"2024-07-10T10:54:43","guid":{"rendered":"https:\/\/bodasencubafiestas.com\/bodas-espectaculares-en-merida-copy\/"},"modified":"2024-07-10T07:13:10","modified_gmt":"2024-07-10T11:13:10","slug":"spectacular-weddings-in-merida-yucatan","status":"publish","type":"page","link":"https:\/\/bodasencubafiestas.com\/en\/spectacular-weddings-in-merida-yucatan\/","title":{"rendered":"Spectacular Weddings in Merida, Yucatan"},"content":{"rendered":"<div class=\"wpb-content-wrapper\"><p>[vc_row full_width=&#8221;stretch_row&#8221; full_height=&#8221;yes&#8221; content_placement=&#8221;middle&#8221; parallax=&#8221;content-moving&#8221; parallax_image=&#8221;26916&#8243; css=&#8221;.vc_custom_1715481900902{margin-top: 0px !important;margin-right: 0px !important;margin-bottom: 0px !important;margin-left: 0px !important;padding-top: 0px !important;padding-right: 0px !important;padding-bottom: 0px !important;padding-left: 0px !important;}&#8221;][vc_column][vc_empty_space height=&#8221;120px&#8221;]<div id=\"ovd-95159\" class=\"ozy-vertical_divider wpb_content_element\"><span class=\"h1-size heading-font\">Spectacular Weddings in Merida<\/span><\/div>[\/vc_column][\/vc_row][vc_row][vc_column][vc_empty_space][vc_single_image image=&#8221;805&#8243; img_size=&#8221;full&#8221; alignment=&#8221;center&#8221; css=&#8221;.vc_custom_1485726900427{margin-bottom: -50px !important;}&#8221;]<div id=\"ovd-7844\" class=\"ozy-vertical_divider wpb_content_element\"><span class=\"h2-size heading-font\">Spectacular Weddings in Merida, Yucatan<\/span><\/div>[vc_custom_heading text=&#8221;We specialize in making your dreams of a spectacular wedding in Merida Yucatan come true. Merida is a magical, versatile place filled with charm and tradition, ideal for celebrating one of the most important days of your life. Our goal is to make your wedding spectacular and personalized. From choosing the venue to entertainment and every detail in between, everything is carefully planned and executed.&#8221; font_container=&#8221;tag:h4|text_align:center|color:%23590455&#8243; use_theme_fonts=&#8221;yes&#8221; css=&#8221;.vc_custom_1720609302833{padding-right: 13% !important;padding-left: 13% !important;}&#8221;][vc_empty_space height=&#8221;60px&#8221;][\/vc_column][\/vc_row][vc_row css=&#8221;.vc_custom_1485869950700{margin-top: 0px !important;padding-top: 0px !important;}&#8221;][vc_column][vc_empty_space][vc_single_image image=&#8221;809&#8243; img_size=&#8221;full&#8221; alignment=&#8221;center&#8221; css=&#8221;.vc_custom_1485870079754{margin-top: -100px !important;margin-bottom: -20px !important;padding-top: 0px !important;}&#8221;]<div id=\"ovd-45555\" class=\"ozy-vertical_divider wpb_content_element\"><span class=\"h1-size heading-font\"><\/span><\/div>[\/vc_column][\/vc_row][vc_row css=&#8221;.vc_custom_1485871380807{margin-top: 0px !important;margin-right: 0px !important;margin-bottom: 0px !important;margin-left: 0px !important;padding-top: 0px !important;padding-right: 0px !important;padding-bottom: 0px !important;padding-left: 0px !important;}&#8221;][vc_column width=&#8221;1\/2&#8243; css=&#8221;.vc_custom_1485871126583{margin-right: 0px !important;margin-left: 0px !important;padding-right: 0px !important;padding-left: 0px !important;}&#8221;][vc_single_image image=&#8221;26909&#8243; img_size=&#8221;full&#8221; css=&#8221;.vc_custom_1720508929424{margin-top: 60px !important;margin-right: 0px !important;margin-bottom: 30px !important;margin-left: 0px !important;padding-top: 0px !important;padding-right: 0px !important;padding-bottom: 0px !important;padding-left: 0px !important;}&#8221;]<span  id=\"wofcb-37413\" class=\"ozy-custom_button_w\"><a id=\"ofcb-37413\" class=\"ozy-custom_button ocbtn-1\"  href=\"#bodas-espectaculares-en-merida\"  target=\"\" >CONTACT OUR TEAM<\/a><\/span>[\/vc_column][vc_column width=&#8221;1\/2&#8243; css=&#8221;.vc_custom_1485893521190{padding-top: 10% !important;padding-right: 10% !important;padding-bottom: 5% !important;padding-left: 10% !important;background-color: #ffffff !important;}&#8221;]<div id=\"tile-with-icon_icon3127\" class=\"title-with-icon-wrapper clear xlarge \" data-color=\"\">\r\n\t\t\t<div class=\"wpb_content_element title-with-icon clearfix \"><h1 style=\"color:#000000\">Choose Merida as your wedding destination<\/h1>\r\n\t\t\t<\/div><\/div>[vc_column_text]Merida offers a perfect setting for weddings and other events, with its historical charm, luxury hotels, colonial haciendas, and paradisiacal beaches. The city boasts exquisite culture and warm hospitality, ensuring a pleasant experience for you and your guests. The variety of spectacular venues allows for unique and memorable weddings.<\/p>\n<p>Advantages of choosing Merida for your wedding:<\/p>\n<ul>\n<li>Romantic and elegant settings<\/li>\n<li>Perfect weather year-round<\/li>\n<li>Wide range of wedding venues<\/li>\n<\/ul>\n<p>[\/vc_column_text][\/vc_column][\/vc_row][vc_row][vc_column][vc_empty_space][vc_single_image image=&#8221;805&#8243; img_size=&#8221;full&#8221; alignment=&#8221;center&#8221; css=&#8221;.vc_custom_1485726900427{margin-bottom: -50px !important;}&#8221;][vc_empty_space][\/vc_column][\/vc_row][vc_row][vc_column][vc_empty_space][vc_custom_heading text=&#8221;Frequently Asked Questions&#8221; font_container=&#8221;tag:h2|text_align:center&#8221; google_fonts=&#8221;font_family:Great%20Vibes%3Aregular|font_style:400%20regular%3A400%3Anormal&#8221;][vc_empty_space][vc_toggle title=&#8221;1. Do you offer image consulting services for brides and grooms?&#8221; open=&#8221;true&#8221;]Yes, we have professionals who will help you choose the perfect attire and coordinate the overall style of the wedding to harmonize with your chosen theme.[\/vc_toggle][vc_toggle title=&#8221;2. What type of decoration do you offer for weddings?&#8221; open=&#8221;true&#8221;]We offer a wide variety of decoration options, from classic and elegant styles to modern and bohemian themes. We work with you to personalize every detail and reflect your personality and vision.[\/vc_toggle][vc_toggle title=&#8221;3. What catering options do you offer?&#8221; open=&#8221;true&#8221;]We have various banquet options that cater to different tastes and preferences. From traditional, international, and gourmet menus to vegetarian or vegan options, we guarantee an exceptional culinary experience. <a href=\"https:\/\/bodasencubafiestas.com\/en\/wedding-banquets-in-merida-yucatan\/\">See our wedding banquets.<\/a>[\/vc_toggle][vc_toggle title=&#8221;4. Can you organize pre-wedding events?&#8221; open=&#8221;true&#8221;]Yes, we can organize pre-events such as bachelor\/bachelorette parties, rehearsal dinners, and welcome cocktails.<\/p>\n<h2><\/h2>\n<p>[\/vc_toggle][\/vc_column][\/vc_row][vc_row][vc_column][vc_raw_html]JTNDYSUyMGlkJTNEJTIyYm9kYXMtZXNwZWN0YWN1bGFyZXMtZW4tbWVyaWRhJTIyJTIwbmFtZSUzRCUyMmJvZGFzLWVzcGVjdGFjdWxhcmVzLWVuLW1lcmlkYSUyMiUyMiUzRSUzQyUyRmElM0U=[\/vc_raw_html][\/vc_column][\/vc_row][vc_row css=&#8221;.vc_custom_1619835027074{background-color: #ffffff !important;}&#8221;][vc_column][vc_text_separator title=&#8221;CONTACT US NOW!&#8221;]\n<div class=\"wpcf7 no-js\" id=\"wpcf7-f26123-o1\" lang=\"\" dir=\"ltr\" data-wpcf7-id=\"26123\">\n<div class=\"screen-reader-response\"><p role=\"status\" aria-live=\"polite\" aria-atomic=\"true\"><\/p> <ul><\/ul><\/div>\n<form action=\"\/en\/wp-json\/wp\/v2\/pages\/27017#wpcf7-f26123-o1\" method=\"post\" class=\"wpcf7-form init\" aria-label=\"Contact form\" novalidate=\"novalidate\" data-status=\"init\">\n<fieldset class=\"hidden-fields-container\"><input type=\"hidden\" name=\"_wpcf7\" value=\"26123\" \/><input type=\"hidden\" name=\"_wpcf7_version\" value=\"6.1.5\" \/><input type=\"hidden\" name=\"_wpcf7_locale\" value=\"\" \/><input type=\"hidden\" name=\"_wpcf7_unit_tag\" value=\"wpcf7-f26123-o1\" \/><input type=\"hidden\" name=\"_wpcf7_container_post\" value=\"0\" \/><input type=\"hidden\" name=\"_wpcf7_posted_data_hash\" value=\"\" \/>\n<\/fieldset>\n<p><label>Name (required)<br \/>\n<span class=\"wpcf7-form-control-wrap\" data-name=\"your-name\"><input size=\"40\" maxlength=\"400\" class=\"wpcf7-form-control wpcf7-text wpcf7-validates-as-required\" aria-required=\"true\" aria-invalid=\"false\" placeholder=\"Your name here\" value=\"\" type=\"text\" name=\"your-name\" \/><\/span><\/label><br \/>\n<label>Email (required)<br \/>\n<span class=\"wpcf7-form-control-wrap\" data-name=\"your-email\"><input size=\"40\" maxlength=\"400\" class=\"wpcf7-form-control wpcf7-email wpcf7-validates-as-required wpcf7-text wpcf7-validates-as-email\" aria-required=\"true\" aria-invalid=\"false\" placeholder=\"Your email here\" value=\"\" type=\"email\" name=\"your-email\" \/><\/span><\/label><br \/>\n<label>Phone (required)<br \/>\n<span class=\"wpcf7-form-control-wrap\" data-name=\"your-phone\"><input size=\"40\" maxlength=\"400\" class=\"wpcf7-form-control wpcf7-text wpcf7-validates-as-required\" aria-required=\"true\" aria-invalid=\"false\" placeholder=\"Your phone here\" value=\"\" type=\"text\" name=\"your-phone\" \/><\/span><\/label><br \/>\n<label>Country (required)<br \/>\n<span class=\"wpcf7-form-control-wrap\" data-name=\"your-location\"><input size=\"40\" maxlength=\"400\" class=\"wpcf7-form-control wpcf7-text wpcf7-validates-as-required\" aria-required=\"true\" aria-invalid=\"false\" placeholder=\"Your country here\" value=\"\" type=\"text\" name=\"your-location\" \/><\/span><\/label>\n<\/p>\n<p><label>What kind of Event do you wish (required)<br \/>\n<span class=\"wpcf7-form-control-wrap\" data-name=\"tipo-evento\"><select class=\"wpcf7-form-control wpcf7-select wpcf7-validates-as-required\" aria-required=\"true\" aria-invalid=\"false\" name=\"tipo-evento\"><option value=\"--Pick one--\">--Pick one--<\/option><option value=\"Wedding\">Wedding<\/option><option value=\"Votes Renovation\">Votes Renovation<\/option><option value=\"Business Event\">Business Event<\/option><option value=\"Party - Private Event\">Party - Private Event<\/option><option value=\"Children&#039;s Birthday\">Children&#039;s Birthday<\/option><option value=\"Sweet 15th 16th birthday party\">Sweet 15th 16th birthday party<\/option><option value=\"15th 16th birthday Photos (Studio and Outdoors)\">15th 16th birthday Photos (Studio and Outdoors)<\/option><\/select><\/span><\/label>\n<\/p>\n<p><label>Style (required)<br \/>\n<span class=\"wpcf7-form-control-wrap\" data-name=\"style\"><select class=\"wpcf7-form-control wpcf7-select wpcf7-validates-as-required\" aria-required=\"true\" aria-invalid=\"false\" name=\"style\"><option value=\"--Pick one--\">--Pick one--<\/option><option value=\"Classic (Luxurious)\">Classic (Luxurious)<\/option><option value=\"Romantic\">Romantic<\/option><option value=\"Vintage\">Vintage<\/option><option value=\"Shabby Chic\">Shabby Chic<\/option><option value=\"Boho Chic\">Boho Chic<\/option><option value=\"Eclectic\">Eclectic<\/option><option value=\"Modern\">Modern<\/option><option value=\"Eco-Friendly\">Eco-Friendly<\/option><option value=\"Minimalistic (Simplified)\">Minimalistic (Simplified)<\/option><option value=\"Traditional\">Traditional<\/option><option value=\"I don&#039;t have it yet, help me!\">I don&#039;t have it yet, help me!<\/option><\/select><\/span><\/label>\n<\/p>\n<p><label>Preferent Location (required)<br \/>\n<span class=\"wpcf7-form-control-wrap\" data-name=\"checkbox-location\"><span class=\"wpcf7-form-control wpcf7-checkbox wpcf7-validates-as-required\"><span class=\"wpcf7-list-item first\"><input type=\"checkbox\" name=\"checkbox-location[]\" value=\"Beach\" \/><span class=\"wpcf7-list-item-label\">Beach<\/span><\/span><span class=\"wpcf7-list-item\"><input type=\"checkbox\" name=\"checkbox-location[]\" value=\"Historic Place\" \/><span class=\"wpcf7-list-item-label\">Historic Place<\/span><\/span><span class=\"wpcf7-list-item\"><input type=\"checkbox\" name=\"checkbox-location[]\" value=\"Estate\" \/><span class=\"wpcf7-list-item-label\">Estate<\/span><\/span><span class=\"wpcf7-list-item\"><input type=\"checkbox\" name=\"checkbox-location[]\" value=\"Private Villa\" \/><span class=\"wpcf7-list-item-label\">Private Villa<\/span><\/span><span class=\"wpcf7-list-item\"><input type=\"checkbox\" name=\"checkbox-location[]\" value=\"Party Venue - Saloon\" \/><span class=\"wpcf7-list-item-label\">Party Venue - Saloon<\/span><\/span><span class=\"wpcf7-list-item last\"><input type=\"checkbox\" name=\"checkbox-location[]\" value=\"Hotel\" \/><span class=\"wpcf7-list-item-label\">Hotel<\/span><\/span><\/span><\/span><\/label>\n<\/p>\n<p><label>Approximate Budget (required)<br \/>\n<span class=\"wpcf7-form-control-wrap\" data-name=\"budget\"><select class=\"wpcf7-form-control wpcf7-select wpcf7-validates-as-required\" aria-required=\"true\" aria-invalid=\"false\" name=\"budget\"><option value=\"--Pick one--\">--Pick one--<\/option><option value=\"35,000 \u00f7 45,000 MEX$\">35,000 \u00f7 45,000 MEX$<\/option><option value=\"45,000 \u00f7 80,000 MEX$\">45,000 \u00f7 80,000 MEX$<\/option><option value=\"80,000 \u00f7 120,000 MEX$\">80,000 \u00f7 120,000 MEX$<\/option><option value=\"120,000 \u00f7 220,000 MEX$\">120,000 \u00f7 220,000 MEX$<\/option><option value=\"220,000 \u00f7 350,000 MEX$\">220,000 \u00f7 350,000 MEX$<\/option><option value=\"350,000 \u00f7 500,000 MEX$\">350,000 \u00f7 500,000 MEX$<\/option><option value=\"550,000 \u00f7 800,000 MEX$\">550,000 \u00f7 800,000 MEX$<\/option><option value=\"800,000 \u00f7 MEX$ unlimited\">800,000 \u00f7 MEX$ unlimited<\/option><\/select><\/span><\/label>\n<\/p>\n<p><label>Number of Guests (required)<br \/>\n<span class=\"wpcf7-form-control-wrap\" data-name=\"number-people\"><select class=\"wpcf7-form-control wpcf7-select wpcf7-validates-as-required\" aria-required=\"true\" aria-invalid=\"false\" name=\"number-people\"><option value=\"--Pick One--\">--Pick One--<\/option><option value=\"1\">1<\/option><option value=\"2\">2<\/option><option value=\"3 - 10\">3 - 10<\/option><option value=\"10 - 20\">10 - 20<\/option><option value=\"20 - 30\">20 - 30<\/option><option value=\"30 - 40\">30 - 40<\/option><option value=\"40 - 50\">40 - 50<\/option><option value=\"50 - 70\">50 - 70<\/option><option value=\"70 - 100\">70 - 100<\/option><option value=\"100 - 150\">100 - 150<\/option><option value=\"150 - 200\">150 - 200<\/option><option value=\"200 - 300\">200 - 300<\/option><option value=\"300 - 400\">300 - 400<\/option><option value=\"More than 400\">More than 400<\/option><\/select><\/span><\/label>\n<\/p>\n<p><label>Date(required)<br \/>\n<span class=\"wpcf7-form-control-wrap\" data-name=\"date-931\"><input class=\"wpcf7-form-control wpcf7-date wpcf7-validates-as-required wpcf7-validates-as-date\" aria-required=\"true\" aria-invalid=\"false\" value=\"\" type=\"date\" name=\"date-931\" \/><\/span><\/label>\n<\/p>\n<p><label>Your Message<br \/>\n<span class=\"wpcf7-form-control-wrap\" data-name=\"your-message\"><textarea cols=\"40\" rows=\"10\" maxlength=\"2000\" class=\"wpcf7-form-control wpcf7-textarea\" aria-invalid=\"false\" name=\"your-message\"><\/textarea><\/span><\/label>\n<\/p>\n<p><input class=\"wpcf7-form-control wpcf7-submit has-spinner\" type=\"submit\" value=\"Send\" \/>\n<\/p>\n<p><span class=\"wpcf7-form-control-wrap\" data-name=\"url-894\"><input size=\"40\" maxlength=\"400\" class=\"wpcf7-form-control wpcf7-url wpcf7-text wpcf7-validates-as-url\" aria-invalid=\"false\" value=\"\" type=\"url\" name=\"url-894\" \/><\/span>\n<\/p><div class=\"wpcf7-response-output\" aria-hidden=\"true\"><\/div>\n<\/form>\n<\/div>\n[\/vc_column][\/vc_row]<\/p>\n<\/div>","protected":false},"excerpt":{"rendered":"<p>[vc_row full_width=&#8221;stretch_row&#8221; full_height=&#8221;yes&#8221; content_placement=&#8221;middle&#8221; parallax=&#8221;content-moving&#8221; parallax_image=&#8221;26916&#8243; css=&#8221;.vc_custom_1715481900902{margin-top: 0px !important;margin-right: 0px !important;margin-bottom: 0px !important;margin-left: 0px !important;padding-top: 0px !important;padding-right: 0px !important;padding-bottom: 0px !important;padding-left: 0px !important;}&#8221;][vc_column][vc_empty_space height=&#8221;120px&#8221;][\/vc_column][\/vc_row][vc_row][vc_column][vc_empty_space][vc_single_image image=&#8221;805&#8243; img_size=&#8221;full&#8221; alignment=&#8221;center&#8221; css=&#8221;.vc_custom_1485726900427{margin-bottom: -50px !important;}&#8221;][vc_custom_heading [&hellip;]<\/p>\n","protected":false},"author":2,"featured_media":0,"parent":0,"menu_order":0,"comment_status":"closed","ping_status":"closed","template":"","meta":{"_uf_show_specific_survey":0,"_uf_disable_surveys":false,"_joinchat":[],"footnotes":""},"class_list":["post-27017","page","type-page","status-publish","hentry"],"yoast_head":"<!-- This site is optimized with the Yoast SEO plugin v27.0 - https:\/\/yoast.com\/product\/yoast-seo-wordpress\/ -->\n<title>Spectacular Weddings in M\u00e9rida<\/title>\n<meta name=\"description\" content=\"We specialize in making spectacular weddings in M\u00e9rida, Yucat\u00e1n a reality. Everything you need to know to make your celebration unique.\" \/>\n<meta name=\"robots\" content=\"index, follow, max-snippet:-1, max-image-preview:large, max-video-preview:-1\" \/>\n<link rel=\"canonical\" href=\"https:\/\/bodasencubafiestas.com\/en\/spectacular-weddings-in-merida-yucatan\/\" \/>\n<meta property=\"og:locale\" content=\"en_US\" \/>\n<meta property=\"og:type\" content=\"article\" \/>\n<meta property=\"og:title\" content=\"Spectacular Weddings in M\u00e9rida\" \/>\n<meta property=\"og:description\" content=\"We specialize in making spectacular weddings in M\u00e9rida, Yucat\u00e1n a reality. Everything you need to know to make your celebration unique.\" \/>\n<meta property=\"og:url\" content=\"https:\/\/bodasencubafiestas.com\/en\/spectacular-weddings-in-merida-yucatan\/\" \/>\n<meta property=\"og:site_name\" content=\"Bodas en Cuba Fiestas\" \/>\n<meta property=\"article:publisher\" content=\"https:\/\/www.facebook.com\/p\/Bodas-en-Cuba-fiestas-decoraciones-para-eventos-100064305390336\/\" \/>\n<meta property=\"article:modified_time\" content=\"2024-07-10T11:13:10+00:00\" \/>\n<meta name=\"twitter:card\" content=\"summary_large_image\" \/>\n<meta name=\"twitter:label1\" content=\"Est. reading time\" \/>\n\t<meta name=\"twitter:data1\" content=\"4 minutes\" \/>\n<script type=\"application\/ld+json\" class=\"yoast-schema-graph\">{\"@context\":\"https:\/\/schema.org\",\"@graph\":[{\"@type\":\"WebPage\",\"@id\":\"https:\/\/bodasencubafiestas.com\/en\/spectacular-weddings-in-merida-yucatan\/\",\"url\":\"https:\/\/bodasencubafiestas.com\/en\/spectacular-weddings-in-merida-yucatan\/\",\"name\":\"Spectacular Weddings in M\u00e9rida\",\"isPartOf\":{\"@id\":\"https:\/\/bodasencubafiestas.com\/en\/#website\"},\"datePublished\":\"2024-07-10T10:54:43+00:00\",\"dateModified\":\"2024-07-10T11:13:10+00:00\",\"description\":\"We specialize in making spectacular weddings in M\u00e9rida, Yucat\u00e1n a reality. Everything you need to know to make your celebration unique.\",\"breadcrumb\":{\"@id\":\"https:\/\/bodasencubafiestas.com\/en\/spectacular-weddings-in-merida-yucatan\/#breadcrumb\"},\"inLanguage\":\"en-US\",\"potentialAction\":[{\"@type\":\"ReadAction\",\"target\":[\"https:\/\/bodasencubafiestas.com\/en\/spectacular-weddings-in-merida-yucatan\/\"]}]},{\"@type\":\"BreadcrumbList\",\"@id\":\"https:\/\/bodasencubafiestas.com\/en\/spectacular-weddings-in-merida-yucatan\/#breadcrumb\",\"itemListElement\":[{\"@type\":\"ListItem\",\"position\":1,\"name\":\"Home\",\"item\":\"https:\/\/bodasencubafiestas.com\/en\/\"},{\"@type\":\"ListItem\",\"position\":2,\"name\":\"Spectacular Weddings in Merida, Yucatan\"}]},{\"@type\":\"WebSite\",\"@id\":\"https:\/\/bodasencubafiestas.com\/en\/#website\",\"url\":\"https:\/\/bodasencubafiestas.com\/en\/\",\"name\":\"Bodas en Cuba Fiestas\",\"description\":\"\",\"publisher\":{\"@id\":\"https:\/\/bodasencubafiestas.com\/en\/#organization\"},\"potentialAction\":[{\"@type\":\"SearchAction\",\"target\":{\"@type\":\"EntryPoint\",\"urlTemplate\":\"https:\/\/bodasencubafiestas.com\/en\/?s={search_term_string}\"},\"query-input\":{\"@type\":\"PropertyValueSpecification\",\"valueRequired\":true,\"valueName\":\"search_term_string\"}}],\"inLanguage\":\"en-US\"},{\"@type\":\"Organization\",\"@id\":\"https:\/\/bodasencubafiestas.com\/en\/#organization\",\"name\":\"Bodas en Cuba Fiestas\",\"url\":\"https:\/\/bodasencubafiestas.com\/en\/\",\"logo\":{\"@type\":\"ImageObject\",\"inLanguage\":\"en-US\",\"@id\":\"https:\/\/bodasencubafiestas.com\/en\/#\/schema\/logo\/image\/\",\"url\":\"https:\/\/bodasencubafiestas.com\/wp-content\/uploads\/2026\/03\/BodasenCubaFiestas-logo.png\",\"contentUrl\":\"https:\/\/bodasencubafiestas.com\/wp-content\/uploads\/2026\/03\/BodasenCubaFiestas-logo.png\",\"width\":696,\"height\":696,\"caption\":\"Bodas en Cuba Fiestas\"},\"image\":{\"@id\":\"https:\/\/bodasencubafiestas.com\/en\/#\/schema\/logo\/image\/\"},\"sameAs\":[\"https:\/\/www.facebook.com\/p\/Bodas-en-Cuba-fiestas-decoraciones-para-eventos-100064305390336\/\",\"https:\/\/www.instagram.com\/bodasencubafiestas\/\"]}]}<\/script>\n<!-- \/ Yoast SEO plugin. -->","yoast_head_json":{"title":"Spectacular Weddings in M\u00e9rida","description":"We specialize in making spectacular weddings in M\u00e9rida, Yucat\u00e1n a reality. Everything you need to know to make your celebration unique.","robots":{"index":"index","follow":"follow","max-snippet":"max-snippet:-1","max-image-preview":"max-image-preview:large","max-video-preview":"max-video-preview:-1"},"canonical":"https:\/\/bodasencubafiestas.com\/en\/spectacular-weddings-in-merida-yucatan\/","og_locale":"en_US","og_type":"article","og_title":"Spectacular Weddings in M\u00e9rida","og_description":"We specialize in making spectacular weddings in M\u00e9rida, Yucat\u00e1n a reality. Everything you need to know to make your celebration unique.","og_url":"https:\/\/bodasencubafiestas.com\/en\/spectacular-weddings-in-merida-yucatan\/","og_site_name":"Bodas en Cuba Fiestas","article_publisher":"https:\/\/www.facebook.com\/p\/Bodas-en-Cuba-fiestas-decoraciones-para-eventos-100064305390336\/","article_modified_time":"2024-07-10T11:13:10+00:00","twitter_card":"summary_large_image","twitter_misc":{"Est. reading time":"4 minutes"},"schema":{"@context":"https:\/\/schema.org","@graph":[{"@type":"WebPage","@id":"https:\/\/bodasencubafiestas.com\/en\/spectacular-weddings-in-merida-yucatan\/","url":"https:\/\/bodasencubafiestas.com\/en\/spectacular-weddings-in-merida-yucatan\/","name":"Spectacular Weddings in M\u00e9rida","isPartOf":{"@id":"https:\/\/bodasencubafiestas.com\/en\/#website"},"datePublished":"2024-07-10T10:54:43+00:00","dateModified":"2024-07-10T11:13:10+00:00","description":"We specialize in making spectacular weddings in M\u00e9rida, Yucat\u00e1n a reality. Everything you need to know to make your celebration unique.","breadcrumb":{"@id":"https:\/\/bodasencubafiestas.com\/en\/spectacular-weddings-in-merida-yucatan\/#breadcrumb"},"inLanguage":"en-US","potentialAction":[{"@type":"ReadAction","target":["https:\/\/bodasencubafiestas.com\/en\/spectacular-weddings-in-merida-yucatan\/"]}]},{"@type":"BreadcrumbList","@id":"https:\/\/bodasencubafiestas.com\/en\/spectacular-weddings-in-merida-yucatan\/#breadcrumb","itemListElement":[{"@type":"ListItem","position":1,"name":"Home","item":"https:\/\/bodasencubafiestas.com\/en\/"},{"@type":"ListItem","position":2,"name":"Spectacular Weddings in Merida, Yucatan"}]},{"@type":"WebSite","@id":"https:\/\/bodasencubafiestas.com\/en\/#website","url":"https:\/\/bodasencubafiestas.com\/en\/","name":"Bodas en Cuba Fiestas","description":"","publisher":{"@id":"https:\/\/bodasencubafiestas.com\/en\/#organization"},"potentialAction":[{"@type":"SearchAction","target":{"@type":"EntryPoint","urlTemplate":"https:\/\/bodasencubafiestas.com\/en\/?s={search_term_string}"},"query-input":{"@type":"PropertyValueSpecification","valueRequired":true,"valueName":"search_term_string"}}],"inLanguage":"en-US"},{"@type":"Organization","@id":"https:\/\/bodasencubafiestas.com\/en\/#organization","name":"Bodas en Cuba Fiestas","url":"https:\/\/bodasencubafiestas.com\/en\/","logo":{"@type":"ImageObject","inLanguage":"en-US","@id":"https:\/\/bodasencubafiestas.com\/en\/#\/schema\/logo\/image\/","url":"https:\/\/bodasencubafiestas.com\/wp-content\/uploads\/2026\/03\/BodasenCubaFiestas-logo.png","contentUrl":"https:\/\/bodasencubafiestas.com\/wp-content\/uploads\/2026\/03\/BodasenCubaFiestas-logo.png","width":696,"height":696,"caption":"Bodas en Cuba Fiestas"},"image":{"@id":"https:\/\/bodasencubafiestas.com\/en\/#\/schema\/logo\/image\/"},"sameAs":["https:\/\/www.facebook.com\/p\/Bodas-en-Cuba-fiestas-decoraciones-para-eventos-100064305390336\/","https:\/\/www.instagram.com\/bodasencubafiestas\/"]}]}},"_links":{"self":[{"href":"https:\/\/bodasencubafiestas.com\/en\/wp-json\/wp\/v2\/pages\/27017","targetHints":{"allow":["GET"]}}],"collection":[{"href":"https:\/\/bodasencubafiestas.com\/en\/wp-json\/wp\/v2\/pages"}],"about":[{"href":"https:\/\/bodasencubafiestas.com\/en\/wp-json\/wp\/v2\/types\/page"}],"author":[{"embeddable":true,"href":"https:\/\/bodasencubafiestas.com\/en\/wp-json\/wp\/v2\/users\/2"}],"replies":[{"embeddable":true,"href":"https:\/\/bodasencubafiestas.com\/en\/wp-json\/wp\/v2\/comments?post=27017"}],"version-history":[{"count":0,"href":"https:\/\/bodasencubafiestas.com\/en\/wp-json\/wp\/v2\/pages\/27017\/revisions"}],"wp:attachment":[{"href":"https:\/\/bodasencubafiestas.com\/en\/wp-json\/wp\/v2\/media?parent=27017"}],"curies":[{"name":"wp","href":"https:\/\/api.w.org\/{rel}","templated":true}]}}