{"id":15134,"date":"2018-09-11T02:47:54","date_gmt":"2018-09-11T02:47:54","guid":{"rendered":"http:\/\/bodasencubafiestas.com\/contactar-agencia-para-eventos-en-la-habana-cuba\/"},"modified":"2024-09-24T15:32:20","modified_gmt":"2024-09-24T19:32:20","slug":"contact-agence-evenements-a-la-havane-cuba","status":"publish","type":"page","link":"https:\/\/bodasencubafiestas.com\/fr\/contact-agence-evenements-a-la-havane-cuba\/","title":{"rendered":"Contact"},"content":{"rendered":"<div class=\"wpb-content-wrapper\"><p>[vc_row css=\u00a0\u00bb.vc_custom_1485254065501{margin-top: 0px !important;margin-bottom: 0px !important;padding-top: 60px !important;padding-bottom: 60px !important;}\u00a0\u00bb][vc_column width=\u00a0\u00bb1\/3&Prime;]<div id=\"tile-with-icon_icon9514\" class=\"title-with-icon-wrapper clear large \" data-color=\"\">\r\n\t\t\t<div class=\"wpb_content_element title-with-icon clearfix margin-bottom-0 \"><span  style=\"color:#590455 !important;background-color: !important;\" class=\"oic-location-1 clear large \" ><\/span><h3 style=\"color:#000000\">Adresse<\/h3>\r\n\t\t\t<\/div><div class=\"wpb_content_element left-cs title-with-icon-content large clearfix\" style=\"color:#000000\">Adresse: 23e Rue # 1103 entre 8 et 10, Plaza de La Revoluci\u00f3n Municipalit\u00e9, La Havane, Cuba<\/p>\n<p>Heures: 8h30 \u00e0 20h00<br \/>\n(Un rendez-vous pr\u00e9alable est n\u00e9cessaire)<\/div><\/div>[\/vc_column][vc_column width=\u00a0\u00bb1\/3&Prime;]<div id=\"tile-with-icon_icon730\" class=\"title-with-icon-wrapper clear large \" data-color=\"\">\r\n\t\t\t<div class=\"wpb_content_element title-with-icon clearfix margin-bottom-0 \"><span  style=\"color:#590455 !important;background-color: !important;\" class=\"oic-telephone clear large \" ><\/span><h3 style=\"color:#000000\">T\u00e9l\u00e9phone<\/h3>\r\n\t\t\t<\/div><div class=\"wpb_content_element left-cs title-with-icon-content large clearfix\" style=\"color:#000000\">+53 5 9160581<\/p>\n<p>Aussi par <strong>WhatsApp<\/strong><\/div><\/div>[\/vc_column][vc_column width=\u00a0\u00bb1\/3&Prime;]<div id=\"tile-with-icon_icon9565\" class=\"title-with-icon-wrapper clear large \" data-color=\"\">\r\n\t\t\t<div class=\"wpb_content_element title-with-icon clearfix margin-bottom-0 \"><span  style=\"color:#590455 !important;background-color: !important;\" class=\"oic-monitor clear large \" ><\/span><h3 style=\"color:#000000\">E-Mail<\/h3>\r\n\t\t\t<\/div><div class=\"wpb_content_element left-cs title-with-icon-content large clearfix\" style=\"color:#000000\"><\/p>\n<div class=\"text-xs-left unit-body\"><a href=\"mailto:info@bodasencubafiestas.com\">info@bodasencubafiestas.com<\/a><\/div>\n<div><\/div>\n<div class=\"text-xs-left unit-body\">Remplissez le formulaire en bas de la page et incluez des informations sur votre journ\u00e9e<\/div>\n<p><\/div><\/div>[\/vc_column][\/vc_row][vc_row][vc_column][vc_gmaps link=\u00a0\u00bb#E-8_JTNDaWZyYW1lJTIwc3JjJTNEJTIyaHR0cHMlM0ElMkYlMkZ3d3cuZ29vZ2xlLmNvbSUyRm1hcHMlMkZlbWJlZCUzRnBiJTNEJTIxMW0xOCUyMTFtMTIlMjExbTMlMjExZDM2NjguNzc0NTk1Mzk4MzQ2JTIxMmQtODIuMzc4MDA2Nzg1MDMwMDElMjEzZDIzLjE0MTkxMjg4NDg5Mjc4MyUyMTJtMyUyMTFmMCUyMTJmMCUyMTNmMCUyMTNtMiUyMTFpMTAyNCUyMTJpNzY4JTIxNGYxMy4xJTIxM20zJTIxMW0yJTIxMXMweDg4Y2Q3OTM2NzgzY2E3OGYlMjUzQTB4OTRiZDY1MjI1NmY2OGJhMyUyMTJzQm9kYXMlMkJlbiUyQkN1YmElMkJGaWVzdGFzJTIxNWUwJTIxM20yJTIxMXNlcyUyMTJzdWElMjE0djE1NjEyOTcxNjU2ODElMjE1bTIlMjExc2VzJTIxMnN1YSUyMiUyMHdpZHRoJTNEJTIyNjAwJTIyJTIwaGVpZ2h0JTNEJTIyNDUwJTIyJTIwZnJhbWVib3JkZXIlM0QlMjIwJTIyJTIwc3R5bGUlM0QlMjJib3JkZXIlM0EwJTIyJTIwYWxsb3dmdWxsc2NyZWVuJTNFJTNDJTJGaWZyYW1lJTNF\u00a0\u00bb][\/vc_column][\/vc_row][vc_row css=\u00a0\u00bb.vc_custom_1619835909547{background-color: #ffffff !important;}\u00a0\u00bb][vc_column][vc_text_separator title=\u00a0\u00bbContactez-nous maintenant!!\u00a0\u00bb][vc_column_text css=\u00a0\u00bb\u00a0\u00bb]<div class=\"wpforms-container wpforms-container-full wpforms-render-modern\" id=\"wpforms-28201\"><form id=\"wpforms-form-28201\" class=\"wpforms-validate wpforms-form\" data-formid=\"28201\" method=\"post\" enctype=\"multipart\/form-data\" action=\"\/fr\/wp-json\/wp\/v2\/pages\/15134\" data-token=\"cceac42a4a04a68617bebf67f75a15d9\" data-token-time=\"1775917378\"><noscript class=\"wpforms-error-noscript\">Veuillez activer JavaScript dans votre navigateur pour remplir ce formulaire.<\/noscript><div class=\"wpforms-hidden\" id=\"wpforms-error-noscript\">Veuillez activer JavaScript dans votre navigateur pour remplir ce formulaire.<\/div><div class=\"wpforms-field-container\"><div id=\"wpforms-28201-field_1-container\" class=\"wpforms-field wpforms-field-text\" data-field-id=\"1\"><label class=\"wpforms-field-label\" for=\"wpforms-28201-field_1\">Nom (obligatoire) <span class=\"wpforms-required-label\" aria-hidden=\"true\">*<\/span><\/label><input type=\"text\" id=\"wpforms-28201-field_1\" class=\"wpforms-field-medium wpforms-field-required\" name=\"wpforms[fields][1]\" placeholder=\"Votre nom ici\" aria-errormessage=\"wpforms-28201-field_1-error\" required><\/div><div id=\"wpforms-28201-field_2-container\" class=\"wpforms-field wpforms-field-email\" data-field-id=\"2\"><label class=\"wpforms-field-label\" for=\"wpforms-28201-field_2\">E-mail (obligatoire) <span class=\"wpforms-required-label\" aria-hidden=\"true\">*<\/span><\/label><input type=\"email\" id=\"wpforms-28201-field_2\" class=\"wpforms-field-medium wpforms-field-required\" name=\"wpforms[fields][2]\" placeholder=\"Votre email ici\" spellcheck=\"false\" aria-errormessage=\"wpforms-28201-field_2-error\" required><\/div><div id=\"wpforms-28201-field_13-container\" class=\"wpforms-field wpforms-field-phone\" data-field-id=\"13\"><label class=\"wpforms-field-label\" for=\"wpforms-28201-field_13\">T\u00e9l\u00e9phone (obligatoire) <span class=\"wpforms-required-label\" aria-hidden=\"true\">*<\/span><\/label><input type=\"tel\" id=\"wpforms-28201-field_13\" class=\"wpforms-field-medium wpforms-field-required wpforms-smart-phone-field\" data-rule-smart-phone-field=\"true\" name=\"wpforms[fields][13]\" aria-label=\"T\u00e9l\u00e9phone (obligatoire)\" aria-errormessage=\"wpforms-28201-field_13-error\" required><\/div><div id=\"wpforms-28201-field_5-container\" class=\"wpforms-field wpforms-field-select wpforms-field-select-style-classic\" data-field-id=\"5\"><label class=\"wpforms-field-label\" for=\"wpforms-28201-field_5\">Type d&#039;\u00e9v\u00e9nement ou de service (obligatoire) <span class=\"wpforms-required-label\" aria-hidden=\"true\">*<\/span><\/label><select id=\"wpforms-28201-field_5\" class=\"wpforms-field-medium wpforms-field-required\" name=\"wpforms[fields][5]\" required=\"required\"><option value=\"--S\u00e9lectionner--\" >--S\u00e9lectionner--<\/option><option value=\"Wedding\" >Wedding<\/option><option value=\"Renewal of Vows\" >Renewal of Vows<\/option><option value=\"Business\" >Business<\/option><option value=\"Private Event - Party\" >Private Event - Party<\/option><option value=\"Children&#039;s Birthday\" >Children&#039;s Birthday<\/option><option value=\"15th Birthday Party\" >15th Birthday Party<\/option><option value=\"15th Birthday Photos (Studio and Outdoors)\" >15th Birthday Photos (Studio and Outdoors)<\/option><option value=\"Engagement Rings\" >Engagement Rings<\/option><\/select><\/div><div id=\"wpforms-28201-field_6-container\" class=\"wpforms-field wpforms-field-select wpforms-field-select-style-classic\" data-field-id=\"6\"><label class=\"wpforms-field-label\" for=\"wpforms-28201-field_6\">Style (obligatoire) <span class=\"wpforms-required-label\" aria-hidden=\"true\">*<\/span><\/label><select id=\"wpforms-28201-field_6\" class=\"wpforms-field-medium wpforms-field-required\" name=\"wpforms[fields][6]\" required=\"required\"><option value=\"--S\u00e9lectionner--\" >--S\u00e9lectionner--<\/option><option value=\"Classique (luxueux)\" >Classique (luxueux)<\/option><option value=\"Romantique\" >Romantique<\/option><option value=\"Vintage\" >Vintage<\/option><option value=\"Shabby Chic\" >Shabby Chic<\/option><option value=\"Boho Chic\" >Boho Chic<\/option><option value=\"\u00c9clectique\" >\u00c9clectique<\/option><option value=\"Moderne\" >Moderne<\/option><option value=\"Naturel, \u00c9cologique\" >Naturel, \u00c9cologique<\/option><option value=\"Minimaliste (simplifi\u00e9)\" >Minimaliste (simplifi\u00e9)<\/option><option value=\"Traditionnel\" >Traditionnel<\/option><option value=\"Je ne l&#039;ai encore, aidez-moi !\" >Je ne l&#039;ai encore, aidez-moi !<\/option><\/select><\/div><div id=\"wpforms-28201-field_7-container\" class=\"wpforms-field wpforms-field-checkbox\" data-field-id=\"7\"><fieldset><legend class=\"wpforms-field-label\">Emplacement pr\u00e9f\u00e9r\u00e9 (obligatoire) <span class=\"wpforms-required-label\" aria-hidden=\"true\">*<\/span><\/legend><ul id=\"wpforms-28201-field_7\" class=\"wpforms-field-required\"><li class=\"choice-0 depth-1\"><input type=\"checkbox\" id=\"wpforms-28201-field_7_0\" name=\"wpforms[fields][7][]\" value=\"Plage\" aria-errormessage=\"wpforms-28201-field_7_0-error\" required ><label class=\"wpforms-field-label-inline\" for=\"wpforms-28201-field_7_0\">Plage<\/label><\/li><li class=\"choice-1 depth-1\"><input type=\"checkbox\" id=\"wpforms-28201-field_7_1\" name=\"wpforms[fields][7][]\" value=\"Appartement avec vue sur l&#039;oc\u00e9an\" aria-errormessage=\"wpforms-28201-field_7_1-error\" required ><label class=\"wpforms-field-label-inline\" for=\"wpforms-28201-field_7_1\">Appartement avec vue sur l'oc\u00e9an<\/label><\/li><li class=\"choice-2 depth-1\"><input type=\"checkbox\" id=\"wpforms-28201-field_7_2\" name=\"wpforms[fields][7][]\" value=\"Jardin\" aria-errormessage=\"wpforms-28201-field_7_2-error\" required ><label class=\"wpforms-field-label-inline\" for=\"wpforms-28201-field_7_2\">Jardin<\/label><\/li><li class=\"choice-3 depth-1\"><input type=\"checkbox\" id=\"wpforms-28201-field_7_3\" name=\"wpforms[fields][7][]\" value=\"Champ\" aria-errormessage=\"wpforms-28201-field_7_3-error\" required ><label class=\"wpforms-field-label-inline\" for=\"wpforms-28201-field_7_3\">Champ<\/label><\/li><li class=\"choice-4 depth-1\"><input type=\"checkbox\" id=\"wpforms-28201-field_7_4\" name=\"wpforms[fields][7][]\" value=\"Villa priv\u00e9e\" aria-errormessage=\"wpforms-28201-field_7_4-error\" required ><label class=\"wpforms-field-label-inline\" for=\"wpforms-28201-field_7_4\">Villa priv\u00e9e<\/label><\/li><li class=\"choice-5 depth-1\"><input type=\"checkbox\" id=\"wpforms-28201-field_7_5\" name=\"wpforms[fields][7][]\" value=\"Salon\" aria-errormessage=\"wpforms-28201-field_7_5-error\" required ><label class=\"wpforms-field-label-inline\" for=\"wpforms-28201-field_7_5\">Salon<\/label><\/li><li class=\"choice-6 depth-1\"><input type=\"checkbox\" id=\"wpforms-28201-field_7_6\" name=\"wpforms[fields][7][]\" value=\"H\u00f4tel\" aria-errormessage=\"wpforms-28201-field_7_6-error\" required ><label class=\"wpforms-field-label-inline\" for=\"wpforms-28201-field_7_6\">H\u00f4tel<\/label><\/li><\/ul><\/fieldset><\/div><div id=\"wpforms-28201-field_8-container\" class=\"wpforms-field wpforms-field-select wpforms-field-select-style-classic\" data-field-id=\"8\"><label class=\"wpforms-field-label\" for=\"wpforms-28201-field_8\">Budget approximatif (obligatoire) <span class=\"wpforms-required-label\" aria-hidden=\"true\">*<\/span><\/label><select id=\"wpforms-28201-field_8\" class=\"wpforms-field-medium wpforms-field-required\" name=\"wpforms[fields][8]\" required=\"required\"><option value=\"--S\u00e9lectionner--\" >--S\u00e9lectionner--<\/option><option value=\"100 \u00f7 350 USD\" >100 \u00f7 350 USD<\/option><option value=\"350 \u00f7 600 USD\" >350 \u00f7 600 USD<\/option><option value=\"600 \u00f7 1 000 USD\" >600 \u00f7 1 000 USD<\/option><option value=\"1 000 \u00f7 1 500 USD\" >1 000 \u00f7 1 500 USD<\/option><option value=\"1 500 \u00f7 2 000 USD\" >1 500 \u00f7 2 000 USD<\/option><option value=\"2 000 \u00f7 3 000 USD\" >2 000 \u00f7 3 000 USD<\/option><option value=\"3 000 \u00f7 7 000 USD\" >3 000 \u00f7 7 000 USD<\/option><option value=\"7 000 \u00f7 15 000 USD\" >7 000 \u00f7 15 000 USD<\/option><option value=\"15 000 \u00f7 20 000 USD\" >15 000 \u00f7 20 000 USD<\/option><option value=\"20 000 \u00f7 25 000 USD\" >20 000 \u00f7 25 000 USD<\/option><option value=\"25 000 \u00f7 illimit\u00e9\" >25 000 \u00f7 illimit\u00e9<\/option><\/select><\/div><div id=\"wpforms-28201-field_9-container\" class=\"wpforms-field wpforms-field-select wpforms-field-select-style-classic\" data-field-id=\"9\"><label class=\"wpforms-field-label\" for=\"wpforms-28201-field_9\">Nombre de personnes (obligatoire) <span class=\"wpforms-required-label\" aria-hidden=\"true\">*<\/span><\/label><select id=\"wpforms-28201-field_9\" class=\"wpforms-field-medium wpforms-field-required\" name=\"wpforms[fields][9]\" required=\"required\"><option value=\"--S\u00e9lectionner--\" >--S\u00e9lectionner--<\/option><option value=\"1\" >1<\/option><option value=\"2\" >2<\/option><option value=\"3 - 10\" >3 - 10<\/option><option value=\"10 - 20\" >10 - 20<\/option><option value=\"20 - 30\" >20 - 30<\/option><option value=\"30 - 40\" >30 - 40<\/option><option value=\"40 - 50\" >40 - 50<\/option><option value=\"50 - 70\" >50 - 70<\/option><option value=\"70 - 100\" >70 - 100<\/option><option value=\"100 - 150\" >100 - 150<\/option><option value=\"150 - 200\" >150 - 200<\/option><option value=\"200 - 300\" >200 - 300<\/option><\/select><\/div><div id=\"wpforms-28201-field_10-container\" class=\"wpforms-field wpforms-field-date-time\" data-field-id=\"10\"><label class=\"wpforms-field-label\" for=\"wpforms-28201-field_10\">Date (obligatoire) <span class=\"wpforms-required-label\" aria-hidden=\"true\">*<\/span><\/label><div class=\"wpforms-datepicker-wrap\"><input type=\"text\" id=\"wpforms-28201-field_10\" class=\"wpforms-field-date-time-date wpforms-datepicker wpforms-field-required wpforms-field-medium\" data-date-format=\"m\/d\/Y\" data-disable-past-dates=\"0\" data-input=\"true\" name=\"wpforms[fields][10][date]\" aria-errormessage=\"wpforms-28201-field_10-error\" required><a title=\"Clear Date\" data-clear class=\"wpforms-datepicker-clear\" style=\"display:none;\"><\/a><\/div><\/div><div id=\"wpforms-28201-field_11-container\" class=\"wpforms-field wpforms-field-textarea\" data-field-id=\"11\"><label class=\"wpforms-field-label\" for=\"wpforms-28201-field_11\">Votre message<\/label><textarea id=\"wpforms-28201-field_11\" class=\"wpforms-field-medium\" name=\"wpforms[fields][11]\" aria-errormessage=\"wpforms-28201-field_11-error\" ><\/textarea><\/div><\/div><!-- .wpforms-field-container --><div class=\"wpforms-recaptcha-container wpforms-is-turnstile\" ><div class=\"g-recaptcha\" data-sitekey=\"0x4AAAAAAAzmO8OSv74kHhcE\" data-action=\"FormID-28201\"><\/div><input type=\"text\" name=\"g-recaptcha-hidden\" class=\"wpforms-recaptcha-hidden\" style=\"position:absolute!important;clip:rect(0,0,0,0)!important;height:1px!important;width:1px!important;border:0!important;overflow:hidden!important;padding:0!important;margin:0!important;\" data-rule-turnstile=\"1\"><\/div><div class=\"wpforms-submit-container\" ><input type=\"hidden\" name=\"wpforms[id]\" value=\"28201\"><input type=\"hidden\" name=\"page_title\" value=\"\"><input type=\"hidden\" name=\"page_url\" value=\"https:\/\/bodasencubafiestas.com\/fr\/wp-json\/wp\/v2\/pages\/15134\"><button type=\"submit\" name=\"wpforms[submit]\" id=\"wpforms-submit-28201\" class=\"wpforms-submit\" data-alt-text=\"Envoi\" data-submit-text=\"Envoyer\" aria-live=\"assertive\" value=\"wpforms-submit\">Envoyer<\/button><\/div><\/form><\/div>  <!-- .wpforms-container -->[\/vc_column_text][\/vc_column][\/vc_row]<\/p>\n<\/div>","protected":false},"excerpt":{"rendered":"<p>[vc_row css=\u00a0\u00bb.vc_custom_1485254065501{margin-top: 0px !important;margin-bottom: 0px !important;padding-top: 60px !important;padding-bottom: 60px !important;}\u00a0\u00bb][vc_column width=\u00a0\u00bb1\/3&Prime;][\/vc_column][vc_column width=\u00a0\u00bb1\/3&Prime;][\/vc_column][vc_column width=\u00a0\u00bb1\/3&Prime;][\/vc_column][\/vc_row][vc_row][vc_column][vc_gmaps link=\u00a0\u00bb#E-8_JTNDaWZyYW1lJTIwc3JjJTNEJTIyaHR0cHMlM0ElMkYlMkZ3d3cuZ29vZ2xlLmNvbSUyRm1hcHMlMkZlbWJlZCUzRnBiJTNEJTIxMW0xOCUyMTFtMTIlMjExbTMlMjExZDM2NjguNzc0NTk1Mzk4MzQ2JTIxMmQtODIuMzc4MDA2Nzg1MDMwMDElMjEzZDIzLjE0MTkxMjg4NDg5Mjc4MyUyMTJtMyUyMTFmMCUyMTJmMCUyMTNmMCUyMTNtMiUyMTFpMTAyNCUyMTJpNzY4JTIxNGYxMy4xJTIxM20zJTIxMW0yJTIxMXMweDg4Y2Q3OTM2NzgzY2E3OGYlMjUzQTB4OTRiZDY1MjI1NmY2OGJhMyUyMTJzQm9kYXMlMkJlbiUyQkN1YmElMkJGaWVzdGFzJTIxNWUwJTIxM20yJTIxMXNlcyUyMTJzdWElMjE0djE1NjEyOTcxNjU2ODElMjE1bTIlMjExc2VzJTIxMnN1YSUyMiUyMHdpZHRoJTNEJTIyNjAwJTIyJTIwaGVpZ2h0JTNEJTIyNDUwJTIyJTIwZnJhbWVib3JkZXIlM0QlMjIwJTIyJTIwc3R5bGUlM0QlMjJib3JkZXIlM0EwJTIyJTIwYWxsb3dmdWxsc2NyZWVuJTNFJTNDJTJGaWZyYW1lJTNF\u00a0\u00bb][\/vc_column][\/vc_row][vc_row css=\u00a0\u00bb.vc_custom_1619835909547{background-color: #ffffff !important;}\u00a0\u00bb][vc_column][vc_text_separator title=\u00a0\u00bbContactez-nous maintenant!!\u00a0\u00bb][vc_column_text css=\u00a0\u00bb\u00a0\u00bb][\/vc_column_text][\/vc_column][\/vc_row]<\/p>\n","protected":false},"author":2,"featured_media":0,"parent":0,"menu_order":0,"comment_status":"closed","ping_status":"closed","template":"","meta":{"_uf_show_specific_survey":0,"_uf_disable_surveys":false,"_joinchat":[],"footnotes":""},"class_list":["post-15134","page","type-page","status-publish","hentry"],"yoast_head":"<!-- This site is optimized with the Yoast SEO plugin v27.0 - https:\/\/yoast.com\/product\/yoast-seo-wordpress\/ -->\n<title>Contacter l&#039;agence pour les \u00e9v\u00e9nements \u00e0 La Havane, Cuba<\/title>\n<meta name=\"description\" content=\"Contactez notre agence pour les \u00e9v\u00e9nements \u00e0 La Havane, Cuba ici\" \/>\n<meta name=\"robots\" content=\"index, follow, max-snippet:-1, max-image-preview:large, max-video-preview:-1\" \/>\n<link rel=\"canonical\" href=\"https:\/\/bodasencubafiestas.com\/fr\/contact-agence-evenements-a-la-havane-cuba\/\" \/>\n<meta property=\"og:locale\" content=\"fr_FR\" \/>\n<meta property=\"og:type\" content=\"article\" \/>\n<meta property=\"og:title\" content=\"Contacter l&#039;agence pour les \u00e9v\u00e9nements \u00e0 La Havane, Cuba\" \/>\n<meta property=\"og:description\" content=\"Contactez notre agence pour les \u00e9v\u00e9nements \u00e0 La Havane, Cuba ici\" \/>\n<meta property=\"og:url\" content=\"https:\/\/bodasencubafiestas.com\/fr\/contact-agence-evenements-a-la-havane-cuba\/\" \/>\n<meta property=\"og:site_name\" content=\"Bodas en Cuba Fiestas\" \/>\n<meta property=\"article:publisher\" content=\"https:\/\/www.facebook.com\/p\/Bodas-en-Cuba-fiestas-decoraciones-para-eventos-100064305390336\/\" \/>\n<meta property=\"article:modified_time\" content=\"2024-09-24T19:32:20+00:00\" \/>\n<meta name=\"twitter:card\" content=\"summary_large_image\" \/>\n<meta name=\"twitter:label1\" content=\"Dur\u00e9e de lecture estim\u00e9e\" \/>\n\t<meta name=\"twitter:data1\" content=\"1 minute\" \/>\n<script type=\"application\/ld+json\" class=\"yoast-schema-graph\">{\"@context\":\"https:\/\/schema.org\",\"@graph\":[{\"@type\":\"WebPage\",\"@id\":\"https:\/\/bodasencubafiestas.com\/fr\/contact-agence-evenements-a-la-havane-cuba\/\",\"url\":\"https:\/\/bodasencubafiestas.com\/fr\/contact-agence-evenements-a-la-havane-cuba\/\",\"name\":\"Contacter l'agence pour les \u00e9v\u00e9nements \u00e0 La Havane, Cuba\",\"isPartOf\":{\"@id\":\"https:\/\/bodasencubafiestas.com\/fr\/#website\"},\"datePublished\":\"2018-09-11T02:47:54+00:00\",\"dateModified\":\"2024-09-24T19:32:20+00:00\",\"description\":\"Contactez notre agence pour les \u00e9v\u00e9nements \u00e0 La Havane, Cuba ici\",\"breadcrumb\":{\"@id\":\"https:\/\/bodasencubafiestas.com\/fr\/contact-agence-evenements-a-la-havane-cuba\/#breadcrumb\"},\"inLanguage\":\"fr-FR\",\"potentialAction\":[{\"@type\":\"ReadAction\",\"target\":[\"https:\/\/bodasencubafiestas.com\/fr\/contact-agence-evenements-a-la-havane-cuba\/\"]}]},{\"@type\":\"BreadcrumbList\",\"@id\":\"https:\/\/bodasencubafiestas.com\/fr\/contact-agence-evenements-a-la-havane-cuba\/#breadcrumb\",\"itemListElement\":[{\"@type\":\"ListItem\",\"position\":1,\"name\":\"Home\",\"item\":\"https:\/\/bodasencubafiestas.com\/fr\/\"},{\"@type\":\"ListItem\",\"position\":2,\"name\":\"Contact\"}]},{\"@type\":\"WebSite\",\"@id\":\"https:\/\/bodasencubafiestas.com\/fr\/#website\",\"url\":\"https:\/\/bodasencubafiestas.com\/fr\/\",\"name\":\"Bodas en Cuba Fiestas\",\"description\":\"\",\"publisher\":{\"@id\":\"https:\/\/bodasencubafiestas.com\/fr\/#organization\"},\"potentialAction\":[{\"@type\":\"SearchAction\",\"target\":{\"@type\":\"EntryPoint\",\"urlTemplate\":\"https:\/\/bodasencubafiestas.com\/fr\/?s={search_term_string}\"},\"query-input\":{\"@type\":\"PropertyValueSpecification\",\"valueRequired\":true,\"valueName\":\"search_term_string\"}}],\"inLanguage\":\"fr-FR\"},{\"@type\":\"Organization\",\"@id\":\"https:\/\/bodasencubafiestas.com\/fr\/#organization\",\"name\":\"Bodas en Cuba Fiestas\",\"url\":\"https:\/\/bodasencubafiestas.com\/fr\/\",\"logo\":{\"@type\":\"ImageObject\",\"inLanguage\":\"fr-FR\",\"@id\":\"https:\/\/bodasencubafiestas.com\/fr\/#\/schema\/logo\/image\/\",\"url\":\"https:\/\/bodasencubafiestas.com\/wp-content\/uploads\/2026\/03\/BodasenCubaFiestas-logo.png\",\"contentUrl\":\"https:\/\/bodasencubafiestas.com\/wp-content\/uploads\/2026\/03\/BodasenCubaFiestas-logo.png\",\"width\":696,\"height\":696,\"caption\":\"Bodas en Cuba Fiestas\"},\"image\":{\"@id\":\"https:\/\/bodasencubafiestas.com\/fr\/#\/schema\/logo\/image\/\"},\"sameAs\":[\"https:\/\/www.facebook.com\/p\/Bodas-en-Cuba-fiestas-decoraciones-para-eventos-100064305390336\/\",\"https:\/\/www.instagram.com\/bodasencubafiestas\/\"]}]}<\/script>\n<!-- \/ Yoast SEO plugin. -->","yoast_head_json":{"title":"Contacter l'agence pour les \u00e9v\u00e9nements \u00e0 La Havane, Cuba","description":"Contactez notre agence pour les \u00e9v\u00e9nements \u00e0 La Havane, Cuba ici","robots":{"index":"index","follow":"follow","max-snippet":"max-snippet:-1","max-image-preview":"max-image-preview:large","max-video-preview":"max-video-preview:-1"},"canonical":"https:\/\/bodasencubafiestas.com\/fr\/contact-agence-evenements-a-la-havane-cuba\/","og_locale":"fr_FR","og_type":"article","og_title":"Contacter l'agence pour les \u00e9v\u00e9nements \u00e0 La Havane, Cuba","og_description":"Contactez notre agence pour les \u00e9v\u00e9nements \u00e0 La Havane, Cuba ici","og_url":"https:\/\/bodasencubafiestas.com\/fr\/contact-agence-evenements-a-la-havane-cuba\/","og_site_name":"Bodas en Cuba Fiestas","article_publisher":"https:\/\/www.facebook.com\/p\/Bodas-en-Cuba-fiestas-decoraciones-para-eventos-100064305390336\/","article_modified_time":"2024-09-24T19:32:20+00:00","twitter_card":"summary_large_image","twitter_misc":{"Dur\u00e9e de lecture estim\u00e9e":"1 minute"},"schema":{"@context":"https:\/\/schema.org","@graph":[{"@type":"WebPage","@id":"https:\/\/bodasencubafiestas.com\/fr\/contact-agence-evenements-a-la-havane-cuba\/","url":"https:\/\/bodasencubafiestas.com\/fr\/contact-agence-evenements-a-la-havane-cuba\/","name":"Contacter l'agence pour les \u00e9v\u00e9nements \u00e0 La Havane, Cuba","isPartOf":{"@id":"https:\/\/bodasencubafiestas.com\/fr\/#website"},"datePublished":"2018-09-11T02:47:54+00:00","dateModified":"2024-09-24T19:32:20+00:00","description":"Contactez notre agence pour les \u00e9v\u00e9nements \u00e0 La Havane, Cuba ici","breadcrumb":{"@id":"https:\/\/bodasencubafiestas.com\/fr\/contact-agence-evenements-a-la-havane-cuba\/#breadcrumb"},"inLanguage":"fr-FR","potentialAction":[{"@type":"ReadAction","target":["https:\/\/bodasencubafiestas.com\/fr\/contact-agence-evenements-a-la-havane-cuba\/"]}]},{"@type":"BreadcrumbList","@id":"https:\/\/bodasencubafiestas.com\/fr\/contact-agence-evenements-a-la-havane-cuba\/#breadcrumb","itemListElement":[{"@type":"ListItem","position":1,"name":"Home","item":"https:\/\/bodasencubafiestas.com\/fr\/"},{"@type":"ListItem","position":2,"name":"Contact"}]},{"@type":"WebSite","@id":"https:\/\/bodasencubafiestas.com\/fr\/#website","url":"https:\/\/bodasencubafiestas.com\/fr\/","name":"Bodas en Cuba Fiestas","description":"","publisher":{"@id":"https:\/\/bodasencubafiestas.com\/fr\/#organization"},"potentialAction":[{"@type":"SearchAction","target":{"@type":"EntryPoint","urlTemplate":"https:\/\/bodasencubafiestas.com\/fr\/?s={search_term_string}"},"query-input":{"@type":"PropertyValueSpecification","valueRequired":true,"valueName":"search_term_string"}}],"inLanguage":"fr-FR"},{"@type":"Organization","@id":"https:\/\/bodasencubafiestas.com\/fr\/#organization","name":"Bodas en Cuba Fiestas","url":"https:\/\/bodasencubafiestas.com\/fr\/","logo":{"@type":"ImageObject","inLanguage":"fr-FR","@id":"https:\/\/bodasencubafiestas.com\/fr\/#\/schema\/logo\/image\/","url":"https:\/\/bodasencubafiestas.com\/wp-content\/uploads\/2026\/03\/BodasenCubaFiestas-logo.png","contentUrl":"https:\/\/bodasencubafiestas.com\/wp-content\/uploads\/2026\/03\/BodasenCubaFiestas-logo.png","width":696,"height":696,"caption":"Bodas en Cuba Fiestas"},"image":{"@id":"https:\/\/bodasencubafiestas.com\/fr\/#\/schema\/logo\/image\/"},"sameAs":["https:\/\/www.facebook.com\/p\/Bodas-en-Cuba-fiestas-decoraciones-para-eventos-100064305390336\/","https:\/\/www.instagram.com\/bodasencubafiestas\/"]}]}},"_links":{"self":[{"href":"https:\/\/bodasencubafiestas.com\/fr\/wp-json\/wp\/v2\/pages\/15134","targetHints":{"allow":["GET"]}}],"collection":[{"href":"https:\/\/bodasencubafiestas.com\/fr\/wp-json\/wp\/v2\/pages"}],"about":[{"href":"https:\/\/bodasencubafiestas.com\/fr\/wp-json\/wp\/v2\/types\/page"}],"author":[{"embeddable":true,"href":"https:\/\/bodasencubafiestas.com\/fr\/wp-json\/wp\/v2\/users\/2"}],"replies":[{"embeddable":true,"href":"https:\/\/bodasencubafiestas.com\/fr\/wp-json\/wp\/v2\/comments?post=15134"}],"version-history":[{"count":0,"href":"https:\/\/bodasencubafiestas.com\/fr\/wp-json\/wp\/v2\/pages\/15134\/revisions"}],"wp:attachment":[{"href":"https:\/\/bodasencubafiestas.com\/fr\/wp-json\/wp\/v2\/media?parent=15134"}],"curies":[{"name":"wp","href":"https:\/\/api.w.org\/{rel}","templated":true}]}}