{"id":21268,"date":"2024-03-14T14:17:31","date_gmt":"2024-03-14T18:17:31","guid":{"rendered":"https:\/\/bodasencubafiestas.com\/photographe-a-cuba\/"},"modified":"2024-03-14T14:17:31","modified_gmt":"2024-03-14T18:17:31","slug":"photographe-a-cuba","status":"publish","type":"page","link":"https:\/\/bodasencubafiestas.com\/fr\/photographe-a-cuba\/","title":{"rendered":"Photographe \u00e0 Cuba"},"content":{"rendered":"<div class=\"wpb-content-wrapper\"><p>[vc_row][vc_column][vc_empty_space][\/vc_column][\/vc_row][vc_row][vc_column][vc_column_text]\u00c0 Cuba, la photographie est un art qui s&rsquo;\u00e9panouit dans tous les coins et se confond avec la vie quotidienne d&rsquo;un pays aux endroits pittoresques. Nous avons la chance de compter sur des professionnels de cet art dot\u00e9s de la polyvalence n\u00e9cessaire pour effectuer un voyage photographique sp\u00e9cialis\u00e9 ou prendre des clich\u00e9s uniques lors des \u00e9v\u00e9nements que nous organisons. Si vous vous demandez combien co\u00fbte un photographe ? ou O\u00f9 prend-on des photos \u00e0 Cuba ? Vous \u00eates au bon endroit pour le savoir. D\u00e9couvrez le monde fascinant de la photographie commerciale \u00e0 Cuba.<\/p>\n<p>&nbsp;<\/p>\n<h1><strong>Offres de studio de photographie \u00e0 La Havane<\/strong><\/h1>\n<p>&nbsp;<\/p>\n<p>Les espaces de photographie \u00e0 La Havane disposent de diff\u00e9rents services pour satisfaire tous les go\u00fbts. S\u00e9ances familiales et cr\u00e9atives, portraits artistiques et classiques, sont quelques-unes des options auxquelles vous pouvez acc\u00e9der. Explorez les offres disponibles et choisissez le style qui correspond le mieux \u00e0 votre vision.<\/p>\n<p>De m\u00eame, ils sont reconnus pour s\u2019adapter aux pr\u00e9f\u00e9rences et aux styles de chaque client. Ils proposent des s\u00e9ances personnalis\u00e9es pour les mariages, les fian\u00e7ailles, les grossesses, les b\u00e9b\u00e9s, la famille, etc. Avec des \u00e9quipements de haute qualit\u00e9 et une approche cr\u00e9ative, ils garantissent des r\u00e9sultats exceptionnels qui d\u00e9passent les attentes.<\/p>\n<p>Vous trouverez \u00e9galement des photographes talentueux et passionn\u00e9s qui se consacrent \u00e0 capturer l&rsquo;essence et la beaut\u00e9 de chaque instant. Gr\u00e2ce \u00e0 leurs comp\u00e9tences artistiques et techniques, ils transforment les moments du quotidien en chefs-d\u2019\u0153uvre. De plus, ils savent jouer avec la lumi\u00e8re, les couleurs et les \u00e9motions, ce qui garantit des images saisissantes et m\u00e9morables.<\/p>\n<h1><\/h1>\n<h1><strong>Photographes \u00e0 La Havane<\/strong><\/h1>\n<p>&nbsp;<\/p>\n<p>Que vous recherchiez un photographe pour votre mariage, une s\u00e9ance familiale ou simplement pour explorer la ville, vous trouverez du talent et de la cr\u00e9ativit\u00e9 \u00e0 chaque coin de rue. Ils se distinguent par leur capacit\u00e9 \u00e0 capturer l\u2019essence et la beaut\u00e9 de chaque instant. Forts de plusieurs ann\u00e9es d\u2019exp\u00e9rience et d\u2019une approche cr\u00e9ative, les photographes cubains sont reconnus pour leur qualit\u00e9 et leur passion pour les arts visuels.<\/p>\n<p>&nbsp;<\/p>\n<h1><strong>Studios de photographie pour enfants \u00e0 La Havane<\/strong><\/h1>\n<p>&nbsp;<\/p>\n<p>Les studios de photographie pour enfants sont des espaces o\u00f9 cr\u00e9ativit\u00e9 et plaisir se conjuguent pour capturer l&rsquo;essence de l&rsquo;enfance. Ils se distinguent par leur professionnalisme lorsqu&rsquo;il s&rsquo;agit de capturer l&rsquo;innocence et la joie des plus petits. Avec des d\u00e9cors sp\u00e9cialement con\u00e7us pour cr\u00e9er une ambiance ludique et accueillante, les enfants s&rsquo;amusent tout en se faisant photographier.<\/p>\n<p>Ils fournissent \u00e9galement des services sp\u00e9ciaux, cr\u00e9ant des moments magiques et amusants captur\u00e9s dans de belles photographies. A travers des s\u00e9ances th\u00e9matiques sur des sujets vari\u00e9s et des portraits classiques, vos petits se sentiront comme de v\u00e9ritables stars devant l&rsquo;appareil photo. Chaque s\u00e9ance photo est une exp\u00e9rience unique et personnalis\u00e9e, adapt\u00e9e aux pr\u00e9f\u00e9rences de chaque enfant. Les photographes savent capturer l\u2019essence de l\u2019enfance de mani\u00e8re cr\u00e9ative et \u00e9motionnelle. Les enfants se sentent \u00e0 l&rsquo;aise et libres de s&rsquo;exprimer, ce qui se refl\u00e8te dans chaque image.<\/p>\n<p>Si vous souhaitez immortaliser les moments les plus pr\u00e9cieux de vos tout-petits avec style et professionnalisme, les studios de photographie sp\u00e9cialis\u00e9s \u00e0 La Havane sont l&rsquo;endroit id\u00e9al pour cr\u00e9er des souvenirs qui dureront pour toujours.[\/vc_column_text][\/vc_column][\/vc_row][vc_row][vc_column][vc_single_image image=\u00a0\u00bb21169&Prime; img_size=\u00a0\u00bbfull\u00a0\u00bb alignment=\u00a0\u00bbcenter\u00a0\u00bb][\/vc_column][\/vc_row][vc_row][vc_column][vc_column_text]<\/p>\n<h1><strong>Combien co\u00fbte un photographe \u00e0 La Havane ?<\/strong><\/h1>\n<p>&nbsp;<\/p>\n<p>Les prix varient en fonction de divers facteurs, tels que l&rsquo;exp\u00e9rience du photographe, la dur\u00e9e de la s\u00e9ance et les services inclus. Malgr\u00e9 cela, ils maintiennent des prix comp\u00e9titifs et accessibles \u00e0 leurs clients. Avec des options adapt\u00e9es \u00e0 diff\u00e9rents budgets et besoins, il est possible de trouver des forfaits personnalis\u00e9s qui garantissent une exp\u00e9rience photographique inoubliable sans compromettre la qualit\u00e9. Vous trouverez des s\u00e9ances de base et des forfaits complets avec des albums personnalis\u00e9s ; Il est important de communiquer vos attentes et votre budget au photographe pour trouver la meilleure option. Nous vous recommandons de contacter directement le studio de votre choix pour obtenir des informations d\u00e9taill\u00e9es sur les tarifs et forfaits disponibles.<\/p>\n<p>&nbsp;<\/p>\n<h1><b><span style=\"color: windowtext;\">O\u00f9 se d\u00e9roulent les s\u00e9ances photo \u00e0 Cuba ?<\/span><\/b><\/h1>\n<p>Cuba offre des d\u00e9cors uniques pour des s\u00e9ances photo inoubliables. Les rues et les b\u00e2timents de la Vieille Havane, les plages paradisiaques de Varadero, les h\u00f4tels, les parcs, etc., chaque recoin de l&rsquo;\u00eele est l&rsquo;occasion de cr\u00e9er des images m\u00e9morables. N&rsquo;h\u00e9sitez pas \u00e0 explorer diff\u00e9rents lieux pour trouver le cadre parfait qui compl\u00e8te votre vision.<\/p>\n<p>Si vous souhaitez trouver le photographe id\u00e9al pour votre c\u00e9l\u00e9bration, assurez-vous d&rsquo;\u00eatre bien inform\u00e9. <em> Notre agence organisatrice d&rsquo;\u00e9v\u00e9nements Bodas en Cuba Fiestas<\/em> r\u00e9side dans la capitale cubaine, mais nous organisons des \u00e9v\u00e9nements dans toute l&rsquo;\u00eele. Nous pouvons vous aider \u00e0 coordonner tous les d\u00e9tails. Il vous suffit de remplir le formulaire ci-dessous et vous serez assist\u00e9 instantan\u00e9ment.<\/p>\n<p>[\/vc_column_text][\/vc_column][\/vc_row][vc_row css=\u00a0\u00bb.vc_custom_1619751404775{background-color: #ffffff !important;}\u00a0\u00bb][vc_column][vc_text_separator title=\u00a0\u00bbContactez-nous maintenant!!\u00a0\u00bb]\n<div class=\"wpcf7 no-js\" id=\"wpcf7-f1864-o1\" lang=\"es-ES\" dir=\"ltr\" data-wpcf7-id=\"1864\">\n<div class=\"screen-reader-response\"><p role=\"status\" aria-live=\"polite\" aria-atomic=\"true\"><\/p> <ul><\/ul><\/div>\n<form action=\"\/fr\/wp-json\/wp\/v2\/pages\/21268#wpcf7-f1864-o1\" method=\"post\" class=\"wpcf7-form init\" aria-label=\"Formulario de contacto\" novalidate=\"novalidate\" data-status=\"init\">\n<fieldset class=\"hidden-fields-container\"><input type=\"hidden\" name=\"_wpcf7\" value=\"1864\" \/><input type=\"hidden\" name=\"_wpcf7_version\" value=\"6.1.5\" \/><input type=\"hidden\" name=\"_wpcf7_locale\" value=\"es_ES\" \/><input type=\"hidden\" name=\"_wpcf7_unit_tag\" value=\"wpcf7-f1864-o1\" \/><input type=\"hidden\" name=\"_wpcf7_container_post\" value=\"0\" \/><input type=\"hidden\" name=\"_wpcf7_posted_data_hash\" value=\"\" \/>\n<\/fieldset>\n<p><label>Nombre (requerido)<br \/>\n<span class=\"wpcf7-form-control-wrap\" data-name=\"your-name\"><input size=\"40\" maxlength=\"400\" class=\"wpcf7-form-control wpcf7-text wpcf7-validates-as-required\" aria-required=\"true\" aria-invalid=\"false\" placeholder=\"Su Nombre aqu\u00ed\" value=\"\" type=\"text\" name=\"your-name\" \/><\/span><\/label><br \/>\n<label> Email (requerido)<br \/>\n<span class=\"wpcf7-form-control-wrap\" data-name=\"your-email\"><input size=\"40\" maxlength=\"400\" class=\"wpcf7-form-control wpcf7-email wpcf7-validates-as-required wpcf7-text wpcf7-validates-as-email\" aria-required=\"true\" aria-invalid=\"false\" placeholder=\"Su Email aqu\u00ed\" value=\"\" type=\"email\" name=\"your-email\" \/><\/span><\/label><br \/>\n<label>Pa\u00eds (requerido)<br \/>\n[uacf7_country_dropdown* uacf7_country_dropdown-160 country_auto_complete]<\/label><br \/>\n<label>Tel\u00e9fono (requerido)<br \/>\n<span class=\"wpcf7-form-control-wrap\" data-name=\"tel-780\"><input size=\"40\" maxlength=\"400\" class=\"wpcf7-form-control wpcf7-tel wpcf7-validates-as-required wpcf7-text wpcf7-validates-as-tel\" aria-required=\"true\" aria-invalid=\"false\" value=\"\" type=\"tel\" name=\"tel-780\" \/><\/span><\/label><br \/>\n<label>Tipo de evento o servicio (requerido)<br \/>\n<span class=\"wpcf7-form-control-wrap\" data-name=\"tipo-evento\"><select class=\"wpcf7-form-control wpcf7-select wpcf7-validates-as-required\" aria-required=\"true\" aria-invalid=\"false\" name=\"tipo-evento\"><option value=\"--Seleccione--\">--Seleccione--<\/option><option value=\"Boda\">Boda<\/option><option value=\"Renovaci\u00f3n de Votos\">Renovaci\u00f3n de Votos<\/option><option value=\"Negocios\">Negocios<\/option><option value=\"Evento Privado - Fiesta\">Evento Privado - Fiesta<\/option><option value=\"Cumplea\u00f1os Infantil\">Cumplea\u00f1os Infantil<\/option><option value=\"Fiesta de 15 A\u00f1os\">Fiesta de 15 A\u00f1os<\/option><option value=\"Fotos de 15 (Estudio y Exteriores)\">Fotos de 15 (Estudio y Exteriores)<\/option><option value=\"Anillos de compromiso\">Anillos de compromiso<\/option><\/select><\/span><\/label><br \/>\n<label>Estilo (requerido)<br \/>\n<span class=\"wpcf7-form-control-wrap\" data-name=\"Estilo\"><select class=\"wpcf7-form-control wpcf7-select wpcf7-validates-as-required\" aria-required=\"true\" aria-invalid=\"false\" name=\"Estilo\"><option value=\"--Seleccione--\">--Seleccione--<\/option><option value=\"Cl\u00e1sico (lujoso)\">Cl\u00e1sico (lujoso)<\/option><option value=\"Rom\u00e1ntico\">Rom\u00e1ntico<\/option><option value=\"Vintage\">Vintage<\/option><option value=\"Shabby Chic\">Shabby Chic<\/option><option value=\"Boho Chic\">Boho Chic<\/option><option value=\"Ecl\u00e9ctico\">Ecl\u00e9ctico<\/option><option value=\"Moderno\">Moderno<\/option><option value=\"Natural, Ecol\u00f3gico\">Natural, Ecol\u00f3gico<\/option><option value=\"Minimalista (simplificado)\">Minimalista (simplificado)<\/option><option value=\"Tradicional\">Tradicional<\/option><option value=\"Todav\u00eda no lo tengo, \u00a1ay\u00fadame!\">Todav\u00eda no lo tengo, \u00a1ay\u00fadame!<\/option><\/select><\/span><\/label><br \/>\n<label>Ubicaci\u00f3n preferida (requerido)<br \/>\n<span class=\"wpcf7-form-control-wrap\" data-name=\"checkbox-location\"><span class=\"wpcf7-form-control wpcf7-checkbox wpcf7-validates-as-required\"><span class=\"wpcf7-list-item first\"><input type=\"checkbox\" name=\"checkbox-location[]\" value=\"Playa\" \/><span class=\"wpcf7-list-item-label\">Playa<\/span><\/span><span class=\"wpcf7-list-item\"><input type=\"checkbox\" name=\"checkbox-location[]\" value=\"Apartamento con Vista al Mar\" \/><span class=\"wpcf7-list-item-label\">Apartamento con Vista al Mar<\/span><\/span><span class=\"wpcf7-list-item\"><input type=\"checkbox\" name=\"checkbox-location[]\" value=\"Jard\u00edn\" \/><span class=\"wpcf7-list-item-label\">Jard\u00edn<\/span><\/span><span class=\"wpcf7-list-item\"><input type=\"checkbox\" name=\"checkbox-location[]\" value=\"Campo\" \/><span class=\"wpcf7-list-item-label\">Campo<\/span><\/span><span class=\"wpcf7-list-item\"><input type=\"checkbox\" name=\"checkbox-location[]\" value=\"Villa Privada\" \/><span class=\"wpcf7-list-item-label\">Villa Privada<\/span><\/span><span class=\"wpcf7-list-item\"><input type=\"checkbox\" name=\"checkbox-location[]\" value=\"Sal\u00f3n\" \/><span class=\"wpcf7-list-item-label\">Sal\u00f3n<\/span><\/span><span class=\"wpcf7-list-item last\"><input type=\"checkbox\" name=\"checkbox-location[]\" value=\"Hotel\" \/><span class=\"wpcf7-list-item-label\">Hotel<\/span><\/span><\/span><\/span><\/label><br \/>\n<label>Presupuesto aproximado (requerido)<br \/>\n<span class=\"wpcf7-form-control-wrap\" data-name=\"presupuesto\"><select class=\"wpcf7-form-control wpcf7-select wpcf7-validates-as-required\" aria-required=\"true\" aria-invalid=\"false\" name=\"presupuesto\"><option value=\"--Seleccione--\">--Seleccione--<\/option><option value=\"100 \u00f7 350 USD\">100 \u00f7 350 USD<\/option><option value=\"350 \u00f7 600 USD\">350 \u00f7 600 USD<\/option><option value=\"600 \u00f7 1000 USD\">600 \u00f7 1000 USD<\/option><option value=\"1000 \u00f7 1500 USD\">1000 \u00f7 1500 USD<\/option><option value=\"1500 \u00f7 2000 USD\">1500 \u00f7 2000 USD<\/option><option value=\"2000 \u00f7 3000 USD\">2000 \u00f7 3000 USD<\/option><option value=\"3000 \u00f7 7000 USD\">3000 \u00f7 7000 USD<\/option><option value=\"7000 \u00f7 15 000 USD\">7000 \u00f7 15 000 USD<\/option><option value=\"15 000 \u00f7 20 000 USD\">15 000 \u00f7 20 000 USD<\/option><option value=\"20 000 \u00f7 25 000 USD\">20 000 \u00f7 25 000 USD<\/option><option value=\"25 000 \u00f7 USD ilimitado\">25 000 \u00f7 USD ilimitado<\/option><\/select><\/span><\/label><br \/>\n<label>N\u00famero de personas (requerido)<br \/>\n<span class=\"wpcf7-form-control-wrap\" data-name=\"cantidad-personas\"><select class=\"wpcf7-form-control wpcf7-select wpcf7-validates-as-required\" aria-required=\"true\" aria-invalid=\"false\" name=\"cantidad-personas\"><option value=\"--Seleccione--\">--Seleccione--<\/option><option value=\"1\">1<\/option><option value=\"2\">2<\/option><option value=\"3 - 10\">3 - 10<\/option><option value=\"10 - 20\">10 - 20<\/option><option value=\"20 - 30\">20 - 30<\/option><option value=\"30 - 40\">30 - 40<\/option><option value=\"40 - 50\">40 - 50<\/option><option value=\"50 - 70\">50 - 70<\/option><option value=\"70 - 100\">70 - 100<\/option><option value=\"100 - 150\">100 - 150<\/option><option value=\"150 - 200\">150 - 200<\/option><option value=\"200 - 300\">200 - 300<\/option><\/select><\/span><\/label><br \/>\n<label>Fecha (requerido)<br \/>\n<span class=\"wpcf7-form-control-wrap\" data-name=\"date-931\"><input class=\"wpcf7-form-control wpcf7-date wpcf7-validates-as-required wpcf7-validates-as-date\" aria-required=\"true\" aria-invalid=\"false\" value=\"\" type=\"date\" name=\"date-931\" \/><\/span><\/label><br \/>\n<label>Tu mensaje<br \/>\n<span class=\"wpcf7-form-control-wrap\" data-name=\"tu-mensaje\"><textarea cols=\"40\" rows=\"10\" maxlength=\"2000\" class=\"wpcf7-form-control wpcf7-textarea\" aria-invalid=\"false\" name=\"tu-mensaje\"><\/textarea><\/span><\/label><br \/>\n<input class=\"wpcf7-form-control wpcf7-submit has-spinner\" type=\"submit\" value=\"Enviar\" \/>\n<\/p><div class=\"wpcf7-response-output\" aria-hidden=\"true\"><\/div>\n<\/form>\n<\/div>\n[\/vc_column][\/vc_row]<\/p>\n<\/div>","protected":false},"excerpt":{"rendered":"<p>[vc_row][vc_column][vc_empty_space][\/vc_column][\/vc_row][vc_row][vc_column][vc_column_text]\u00c0 Cuba, la photographie est un art qui s&rsquo;\u00e9panouit dans tous les coins et se confond avec la vie quotidienne d&rsquo;un pays aux endroits pittoresques. Nous avons la chance de [&hellip;]<\/p>\n","protected":false},"author":2,"featured_media":0,"parent":0,"menu_order":0,"comment_status":"closed","ping_status":"closed","template":"","meta":{"_uf_show_specific_survey":0,"_uf_disable_surveys":false,"_joinchat":[],"footnotes":""},"class_list":["post-21268","page","type-page","status-publish","hentry"],"yoast_head":"<!-- This site is optimized with the Yoast SEO plugin v27.0 - https:\/\/yoast.com\/product\/yoast-seo-wordpress\/ -->\n<title>Photographe \u00e0 Cuba<\/title>\n<meta name=\"description\" content=\"D\u00e9couvrez le monde fascinant de la photographie \u00e0 Cuba. Trouvez des offres all\u00e9chantes et explorez des studios sp\u00e9cialis\u00e9s pour tous les budgets\" \/>\n<meta name=\"robots\" content=\"index, follow, max-snippet:-1, max-image-preview:large, max-video-preview:-1\" \/>\n<link rel=\"canonical\" href=\"https:\/\/bodasencubafiestas.com\/fr\/photographe-a-cuba\/\" \/>\n<meta property=\"og:locale\" content=\"fr_FR\" \/>\n<meta property=\"og:type\" content=\"article\" \/>\n<meta property=\"og:title\" content=\"Photographe \u00e0 Cuba\" \/>\n<meta property=\"og:description\" content=\"D\u00e9couvrez le monde fascinant de la photographie \u00e0 Cuba. Trouvez des offres all\u00e9chantes et explorez des studios sp\u00e9cialis\u00e9s pour tous les budgets\" \/>\n<meta property=\"og:url\" content=\"https:\/\/bodasencubafiestas.com\/fr\/photographe-a-cuba\/\" \/>\n<meta property=\"og:site_name\" content=\"Bodas en Cuba Fiestas\" \/>\n<meta property=\"article:publisher\" content=\"https:\/\/www.facebook.com\/p\/Bodas-en-Cuba-fiestas-decoraciones-para-eventos-100064305390336\/\" \/>\n<meta name=\"twitter:card\" content=\"summary_large_image\" \/>\n<meta name=\"twitter:label1\" content=\"Dur\u00e9e de lecture estim\u00e9e\" \/>\n\t<meta name=\"twitter:data1\" content=\"5 minutes\" \/>\n<script type=\"application\/ld+json\" class=\"yoast-schema-graph\">{\"@context\":\"https:\/\/schema.org\",\"@graph\":[{\"@type\":\"WebPage\",\"@id\":\"https:\/\/bodasencubafiestas.com\/fr\/photographe-a-cuba\/\",\"url\":\"https:\/\/bodasencubafiestas.com\/fr\/photographe-a-cuba\/\",\"name\":\"Photographe \u00e0 Cuba\",\"isPartOf\":{\"@id\":\"https:\/\/bodasencubafiestas.com\/fr\/#website\"},\"datePublished\":\"2024-03-14T18:17:31+00:00\",\"description\":\"D\u00e9couvrez le monde fascinant de la photographie \u00e0 Cuba. Trouvez des offres all\u00e9chantes et explorez des studios sp\u00e9cialis\u00e9s pour tous les budgets\",\"breadcrumb\":{\"@id\":\"https:\/\/bodasencubafiestas.com\/fr\/photographe-a-cuba\/#breadcrumb\"},\"inLanguage\":\"fr-FR\",\"potentialAction\":[{\"@type\":\"ReadAction\",\"target\":[\"https:\/\/bodasencubafiestas.com\/fr\/photographe-a-cuba\/\"]}]},{\"@type\":\"BreadcrumbList\",\"@id\":\"https:\/\/bodasencubafiestas.com\/fr\/photographe-a-cuba\/#breadcrumb\",\"itemListElement\":[{\"@type\":\"ListItem\",\"position\":1,\"name\":\"Home\",\"item\":\"https:\/\/bodasencubafiestas.com\/fr\/\"},{\"@type\":\"ListItem\",\"position\":2,\"name\":\"Photographe \u00e0 Cuba\"}]},{\"@type\":\"WebSite\",\"@id\":\"https:\/\/bodasencubafiestas.com\/fr\/#website\",\"url\":\"https:\/\/bodasencubafiestas.com\/fr\/\",\"name\":\"Bodas en Cuba Fiestas\",\"description\":\"\",\"publisher\":{\"@id\":\"https:\/\/bodasencubafiestas.com\/fr\/#organization\"},\"potentialAction\":[{\"@type\":\"SearchAction\",\"target\":{\"@type\":\"EntryPoint\",\"urlTemplate\":\"https:\/\/bodasencubafiestas.com\/fr\/?s={search_term_string}\"},\"query-input\":{\"@type\":\"PropertyValueSpecification\",\"valueRequired\":true,\"valueName\":\"search_term_string\"}}],\"inLanguage\":\"fr-FR\"},{\"@type\":\"Organization\",\"@id\":\"https:\/\/bodasencubafiestas.com\/fr\/#organization\",\"name\":\"Bodas en Cuba Fiestas\",\"url\":\"https:\/\/bodasencubafiestas.com\/fr\/\",\"logo\":{\"@type\":\"ImageObject\",\"inLanguage\":\"fr-FR\",\"@id\":\"https:\/\/bodasencubafiestas.com\/fr\/#\/schema\/logo\/image\/\",\"url\":\"https:\/\/bodasencubafiestas.com\/wp-content\/uploads\/2026\/03\/BodasenCubaFiestas-logo.png\",\"contentUrl\":\"https:\/\/bodasencubafiestas.com\/wp-content\/uploads\/2026\/03\/BodasenCubaFiestas-logo.png\",\"width\":696,\"height\":696,\"caption\":\"Bodas en Cuba Fiestas\"},\"image\":{\"@id\":\"https:\/\/bodasencubafiestas.com\/fr\/#\/schema\/logo\/image\/\"},\"sameAs\":[\"https:\/\/www.facebook.com\/p\/Bodas-en-Cuba-fiestas-decoraciones-para-eventos-100064305390336\/\",\"https:\/\/www.instagram.com\/bodasencubafiestas\/\"]}]}<\/script>\n<!-- \/ Yoast SEO plugin. -->","yoast_head_json":{"title":"Photographe \u00e0 Cuba","description":"D\u00e9couvrez le monde fascinant de la photographie \u00e0 Cuba. Trouvez des offres all\u00e9chantes et explorez des studios sp\u00e9cialis\u00e9s pour tous les budgets","robots":{"index":"index","follow":"follow","max-snippet":"max-snippet:-1","max-image-preview":"max-image-preview:large","max-video-preview":"max-video-preview:-1"},"canonical":"https:\/\/bodasencubafiestas.com\/fr\/photographe-a-cuba\/","og_locale":"fr_FR","og_type":"article","og_title":"Photographe \u00e0 Cuba","og_description":"D\u00e9couvrez le monde fascinant de la photographie \u00e0 Cuba. Trouvez des offres all\u00e9chantes et explorez des studios sp\u00e9cialis\u00e9s pour tous les budgets","og_url":"https:\/\/bodasencubafiestas.com\/fr\/photographe-a-cuba\/","og_site_name":"Bodas en Cuba Fiestas","article_publisher":"https:\/\/www.facebook.com\/p\/Bodas-en-Cuba-fiestas-decoraciones-para-eventos-100064305390336\/","twitter_card":"summary_large_image","twitter_misc":{"Dur\u00e9e de lecture estim\u00e9e":"5 minutes"},"schema":{"@context":"https:\/\/schema.org","@graph":[{"@type":"WebPage","@id":"https:\/\/bodasencubafiestas.com\/fr\/photographe-a-cuba\/","url":"https:\/\/bodasencubafiestas.com\/fr\/photographe-a-cuba\/","name":"Photographe \u00e0 Cuba","isPartOf":{"@id":"https:\/\/bodasencubafiestas.com\/fr\/#website"},"datePublished":"2024-03-14T18:17:31+00:00","description":"D\u00e9couvrez le monde fascinant de la photographie \u00e0 Cuba. Trouvez des offres all\u00e9chantes et explorez des studios sp\u00e9cialis\u00e9s pour tous les budgets","breadcrumb":{"@id":"https:\/\/bodasencubafiestas.com\/fr\/photographe-a-cuba\/#breadcrumb"},"inLanguage":"fr-FR","potentialAction":[{"@type":"ReadAction","target":["https:\/\/bodasencubafiestas.com\/fr\/photographe-a-cuba\/"]}]},{"@type":"BreadcrumbList","@id":"https:\/\/bodasencubafiestas.com\/fr\/photographe-a-cuba\/#breadcrumb","itemListElement":[{"@type":"ListItem","position":1,"name":"Home","item":"https:\/\/bodasencubafiestas.com\/fr\/"},{"@type":"ListItem","position":2,"name":"Photographe \u00e0 Cuba"}]},{"@type":"WebSite","@id":"https:\/\/bodasencubafiestas.com\/fr\/#website","url":"https:\/\/bodasencubafiestas.com\/fr\/","name":"Bodas en Cuba Fiestas","description":"","publisher":{"@id":"https:\/\/bodasencubafiestas.com\/fr\/#organization"},"potentialAction":[{"@type":"SearchAction","target":{"@type":"EntryPoint","urlTemplate":"https:\/\/bodasencubafiestas.com\/fr\/?s={search_term_string}"},"query-input":{"@type":"PropertyValueSpecification","valueRequired":true,"valueName":"search_term_string"}}],"inLanguage":"fr-FR"},{"@type":"Organization","@id":"https:\/\/bodasencubafiestas.com\/fr\/#organization","name":"Bodas en Cuba Fiestas","url":"https:\/\/bodasencubafiestas.com\/fr\/","logo":{"@type":"ImageObject","inLanguage":"fr-FR","@id":"https:\/\/bodasencubafiestas.com\/fr\/#\/schema\/logo\/image\/","url":"https:\/\/bodasencubafiestas.com\/wp-content\/uploads\/2026\/03\/BodasenCubaFiestas-logo.png","contentUrl":"https:\/\/bodasencubafiestas.com\/wp-content\/uploads\/2026\/03\/BodasenCubaFiestas-logo.png","width":696,"height":696,"caption":"Bodas en Cuba Fiestas"},"image":{"@id":"https:\/\/bodasencubafiestas.com\/fr\/#\/schema\/logo\/image\/"},"sameAs":["https:\/\/www.facebook.com\/p\/Bodas-en-Cuba-fiestas-decoraciones-para-eventos-100064305390336\/","https:\/\/www.instagram.com\/bodasencubafiestas\/"]}]}},"_links":{"self":[{"href":"https:\/\/bodasencubafiestas.com\/fr\/wp-json\/wp\/v2\/pages\/21268","targetHints":{"allow":["GET"]}}],"collection":[{"href":"https:\/\/bodasencubafiestas.com\/fr\/wp-json\/wp\/v2\/pages"}],"about":[{"href":"https:\/\/bodasencubafiestas.com\/fr\/wp-json\/wp\/v2\/types\/page"}],"author":[{"embeddable":true,"href":"https:\/\/bodasencubafiestas.com\/fr\/wp-json\/wp\/v2\/users\/2"}],"replies":[{"embeddable":true,"href":"https:\/\/bodasencubafiestas.com\/fr\/wp-json\/wp\/v2\/comments?post=21268"}],"version-history":[{"count":0,"href":"https:\/\/bodasencubafiestas.com\/fr\/wp-json\/wp\/v2\/pages\/21268\/revisions"}],"wp:attachment":[{"href":"https:\/\/bodasencubafiestas.com\/fr\/wp-json\/wp\/v2\/media?parent=21268"}],"curies":[{"name":"wp","href":"https:\/\/api.w.org\/{rel}","templated":true}]}}