{"id":21623,"date":"2024-04-01T10:59:37","date_gmt":"2024-04-01T14:59:37","guid":{"rendered":"https:\/\/bodasencubafiestas.com\/buffet-pour-la-restauration-de-fetes\/"},"modified":"2024-09-25T11:34:43","modified_gmt":"2024-09-25T15:34:43","slug":"buffet-pour-la-restauration-de-fetes","status":"publish","type":"page","link":"https:\/\/bodasencubafiestas.com\/fr\/buffet-pour-la-restauration-de-fetes\/","title":{"rendered":"Buffet pour la restauration de f\u00eates"},"content":{"rendered":"<div class=\"wpb-content-wrapper\"><p>[vc_row full_width=\u00a0\u00bbstretch_row\u00a0\u00bb content_placement=\u00a0\u00bbmiddle\u00a0\u00bb][vc_column][vc_zigzag][\/vc_column][\/vc_row][vc_row full_width=\u00a0\u00bbstretch_row\u00a0\u00bb content_placement=\u00a0\u00bbmiddle\u00a0\u00bb css=\u00a0\u00bb.vc_custom_1654732792379{margin-top: 40px !important;}\u00a0\u00bb][vc_column width=\u00a0\u00bb2\/3&Prime;]<h2 class=\"ozy-divider-cap-left wpb_content_element \"  style=\"color:#590455\" >Buffet para fiestas en Cuba<\/h2><div class=\"ozy-content-divider \" style=\"border-top-style:solid;border-top-width:2px;border-top-color:#590455!important;width:40px;max-width:40px;left:0;\"><\/div>[vc_column_text css=\u00a0\u00bb.vc_custom_1711391837998{margin-top: 20px !important;}\u00a0\u00bb]<span style=\"font-size: 13pt;\">Service de buffet pour f\u00eates \u00e0 Cuba. Nous pouvons satisfaire les go\u00fbts les plus exquis et proposer une vari\u00e9t\u00e9 de plats allant de la cuisine typiquement cubaine \u00e0 la cuisine internationale la plus raffin\u00e9e.<\/span><\/p>\n<p><span style=\"font-size: 13pt;\">Nos p\u00e2tisseries sont sp\u00e9cialis\u00e9es et nous proposons un large spectre de textures et de saveurs en g\u00e2teaux, p\u00e2tisseries et confiseries. Le client peut choisir la saveur et le remplissage, ainsi que son design et sa couleur.<\/span><\/p>\n<p><span style=\"font-size: 13pt;\">Si vous souhaitez organiser un <a href=\"http:\/\/bodasencubafiestas.com\" target=\"_blank\" rel=\"noopener\">mariage \u00e0 Cuba<\/a>, un \u00e9v\u00e9nement professionnel, c\u00e9l\u00e9brer un <a href=\"http:\/\/bodasencubafiestas.com\/fiesta-15-cuba-habana-fotos-quinceaneras-trajes\/\">gala \u00e0 15<\/a> ou organiser une soir\u00e9e priv\u00e9e et que vous ne disposez pas du service buffet : contactez-nous. Dans notre agence nous avons plusieurs chefs, ma\u00eetres p\u00e2tissiers et personnel hautement qualifi\u00e9.<\/span>[\/vc_column_text][\/vc_column][vc_column width=\u00a0\u00bb1\/3&Prime;][vc_masonry_media_grid item=\u00a0\u00bbmediaGrid_SimpleOverlay\u00a0\u00bb grid_id=\u00a0\u00bbvc_gid:1726958343903-2342667d-62f1-0&Prime; include=\u00a0\u00bb3222,3218,3216,2172,3255,17662&Prime;][\/vc_column][\/vc_row][vc_row][vc_column][vc_custom_heading text=\u00a0\u00bbService traiteur \u00e0 Cuba\u00a0\u00bb font_container=\u00a0\u00bbtag:h3|text_align:center|color:%23c09e6f\u00a0\u00bb google_fonts=\u00a0\u00bbfont_family:Lovers%20Quarrel%3Anormal|font_style:300%20light%3A300%3Anormal\u00a0\u00bb]\n<div id=\"ofd-28589\" class=\"ozy-floral-divider ornament_5 align-center \">\n<svg viewBox=\"0 0 255.12 23.4\"><use xlink:href=\"https:\/\/bodasencubafiestas.com\/wp-content\/plugins\/ozy-wedding-planner-essentials\/images\/ornament_divider5.svg#ornament_divider5\"><\/use><\/svg><\/div>[vc_empty_space][vc_column_text css=\u00a0\u00bb.vc_custom_1711391865728{margin-top: 20px !important;}\u00a0\u00bb]<span style=\"font-size: 13pt;\">Nous disposons du mat\u00e9riel et du personnel pour amener le service de restauration sur le lieu o\u00f9 se d\u00e9roulera l&rsquo;\u00e9v\u00e9nement. Contactez-nous. Nous adoucirons votre f\u00eate\u2026<\/span>[\/vc_column_text][vc_cta h2=\u00a0\u00bbChequea aqu\u00ed opciones de Paquetes para Bodas, Fiestas de 15 y Fotograf\u00eda. Sigue los enlaces:\u00a0\u00bb txt_align=\u00a0\u00bbcenter\u00a0\u00bb]<\/p>\n<ul>\n<li><span style=\"font-size: 13pt;\"><a href=\"http:\/\/bodasencubafiestas.com\/paquetes-de-bodas-en-cuba\/\">Forfait mariage \u00e9conomique<\/a><\/span><\/li>\n<li><span style=\"font-size: 13pt;\"><a href=\"http:\/\/bodasencubafiestas.com\/paquetes-de-boda-en-la-playa-todo-incluido\/\">Forfait mariage \u00e0 la plage tout compris<\/a><\/span><\/li>\n<li><span style=\"font-size: 13pt;\"><a href=\"http:\/\/bodasencubafiestas.com\/paquete-luna-de-miel-cuba\/\">Forfait mariage lune de miel<\/a><\/span><\/li>\n<li><span style=\"font-size: 13pt;\"><a href=\"http:\/\/bodasencubafiestas.com\/paquete-de-15-anos-cuba\/\" target=\"_blank\" rel=\"noopener\">Forfaits Quinceanera<\/a><\/span><\/li>\n<li><span style=\"font-size: 13pt;\"><a href=\"http:\/\/bodasencubafiestas.com\/fotos-de-15-en-cuba-precios-quinceaneras\/\" target=\"_blank\" rel=\"noopener\">photos de 15 ans<\/a><\/span><\/li>\n<li><span style=\"font-size: 13pt;\"><a href=\"http:\/\/bodasencubafiestas.com\">Aller \u00e0 la page d&rsquo;accueil<\/a><\/span><\/li>\n<\/ul>\n<p>[\/vc_cta][\/vc_column][\/vc_row][vc_row css=\u00a0\u00bb.vc_custom_1619645720388{background-color: #ffffff !important;}\u00a0\u00bb][vc_column][vc_text_separator title=\u00a0\u00bbContactez-nous maintenant!!\u00a0\u00bb][vc_column_text css=\u00a0\u00bb\u00a0\u00bb]<div class=\"wpforms-container wpforms-container-full wpforms-render-modern\" id=\"wpforms-28201\"><form id=\"wpforms-form-28201\" class=\"wpforms-validate wpforms-form\" data-formid=\"28201\" method=\"post\" enctype=\"multipart\/form-data\" action=\"\/fr\/wp-json\/wp\/v2\/pages\/21623\" data-token=\"e693e2bc8f6a75a9ce242505d6200955\" data-token-time=\"1776179715\"><noscript class=\"wpforms-error-noscript\">Veuillez activer JavaScript dans votre navigateur pour remplir ce formulaire.<\/noscript><div class=\"wpforms-hidden\" id=\"wpforms-error-noscript\">Veuillez activer JavaScript dans votre navigateur pour remplir ce formulaire.<\/div><div class=\"wpforms-field-container\"><div id=\"wpforms-28201-field_1-container\" class=\"wpforms-field wpforms-field-text\" data-field-id=\"1\"><label class=\"wpforms-field-label\" for=\"wpforms-28201-field_1\">Nom (obligatoire) <span class=\"wpforms-required-label\" aria-hidden=\"true\">*<\/span><\/label><input type=\"text\" id=\"wpforms-28201-field_1\" class=\"wpforms-field-medium wpforms-field-required\" name=\"wpforms[fields][1]\" placeholder=\"Votre nom ici\" aria-errormessage=\"wpforms-28201-field_1-error\" required><\/div><div id=\"wpforms-28201-field_2-container\" class=\"wpforms-field wpforms-field-email\" data-field-id=\"2\"><label class=\"wpforms-field-label\" for=\"wpforms-28201-field_2\">E-mail (obligatoire) <span class=\"wpforms-required-label\" aria-hidden=\"true\">*<\/span><\/label><input type=\"email\" id=\"wpforms-28201-field_2\" class=\"wpforms-field-medium wpforms-field-required\" name=\"wpforms[fields][2]\" placeholder=\"Votre email ici\" spellcheck=\"false\" aria-errormessage=\"wpforms-28201-field_2-error\" required><\/div><div id=\"wpforms-28201-field_13-container\" class=\"wpforms-field wpforms-field-phone\" data-field-id=\"13\"><label class=\"wpforms-field-label\" for=\"wpforms-28201-field_13\">T\u00e9l\u00e9phone (obligatoire) <span class=\"wpforms-required-label\" aria-hidden=\"true\">*<\/span><\/label><input type=\"tel\" id=\"wpforms-28201-field_13\" class=\"wpforms-field-medium wpforms-field-required wpforms-smart-phone-field\" data-rule-smart-phone-field=\"true\" name=\"wpforms[fields][13]\" aria-label=\"T\u00e9l\u00e9phone (obligatoire)\" aria-errormessage=\"wpforms-28201-field_13-error\" required><\/div><div id=\"wpforms-28201-field_5-container\" class=\"wpforms-field wpforms-field-select wpforms-field-select-style-classic\" data-field-id=\"5\"><label class=\"wpforms-field-label\" for=\"wpforms-28201-field_5\">Type d&#039;\u00e9v\u00e9nement ou de service (obligatoire) <span class=\"wpforms-required-label\" aria-hidden=\"true\">*<\/span><\/label><select id=\"wpforms-28201-field_5\" class=\"wpforms-field-medium wpforms-field-required\" name=\"wpforms[fields][5]\" required=\"required\"><option value=\"--S\u00e9lectionner--\" >--S\u00e9lectionner--<\/option><option value=\"Wedding\" >Wedding<\/option><option value=\"Renewal of Vows\" >Renewal of Vows<\/option><option value=\"Business\" >Business<\/option><option value=\"Private Event - Party\" >Private Event - Party<\/option><option value=\"Children&#039;s Birthday\" >Children&#039;s Birthday<\/option><option value=\"15th Birthday Party\" >15th Birthday Party<\/option><option value=\"15th Birthday Photos (Studio and Outdoors)\" >15th Birthday Photos (Studio and Outdoors)<\/option><option value=\"Engagement Rings\" >Engagement Rings<\/option><\/select><\/div><div id=\"wpforms-28201-field_6-container\" class=\"wpforms-field wpforms-field-select wpforms-field-select-style-classic\" data-field-id=\"6\"><label class=\"wpforms-field-label\" for=\"wpforms-28201-field_6\">Style (obligatoire) <span class=\"wpforms-required-label\" aria-hidden=\"true\">*<\/span><\/label><select id=\"wpforms-28201-field_6\" class=\"wpforms-field-medium wpforms-field-required\" name=\"wpforms[fields][6]\" required=\"required\"><option value=\"--S\u00e9lectionner--\" >--S\u00e9lectionner--<\/option><option value=\"Classique (luxueux)\" >Classique (luxueux)<\/option><option value=\"Romantique\" >Romantique<\/option><option value=\"Vintage\" >Vintage<\/option><option value=\"Shabby Chic\" >Shabby Chic<\/option><option value=\"Boho Chic\" >Boho Chic<\/option><option value=\"\u00c9clectique\" >\u00c9clectique<\/option><option value=\"Moderne\" >Moderne<\/option><option value=\"Naturel, \u00c9cologique\" >Naturel, \u00c9cologique<\/option><option value=\"Minimaliste (simplifi\u00e9)\" >Minimaliste (simplifi\u00e9)<\/option><option value=\"Traditionnel\" >Traditionnel<\/option><option value=\"Je ne l&#039;ai encore, aidez-moi !\" >Je ne l&#039;ai encore, aidez-moi !<\/option><\/select><\/div><div id=\"wpforms-28201-field_7-container\" class=\"wpforms-field wpforms-field-checkbox\" data-field-id=\"7\"><fieldset><legend class=\"wpforms-field-label\">Emplacement pr\u00e9f\u00e9r\u00e9 (obligatoire) <span class=\"wpforms-required-label\" aria-hidden=\"true\">*<\/span><\/legend><ul id=\"wpforms-28201-field_7\" class=\"wpforms-field-required\"><li class=\"choice-0 depth-1\"><input type=\"checkbox\" id=\"wpforms-28201-field_7_0\" name=\"wpforms[fields][7][]\" value=\"Plage\" aria-errormessage=\"wpforms-28201-field_7_0-error\" required ><label class=\"wpforms-field-label-inline\" for=\"wpforms-28201-field_7_0\">Plage<\/label><\/li><li class=\"choice-1 depth-1\"><input type=\"checkbox\" id=\"wpforms-28201-field_7_1\" name=\"wpforms[fields][7][]\" value=\"Appartement avec vue sur l&#039;oc\u00e9an\" aria-errormessage=\"wpforms-28201-field_7_1-error\" required ><label class=\"wpforms-field-label-inline\" for=\"wpforms-28201-field_7_1\">Appartement avec vue sur l'oc\u00e9an<\/label><\/li><li class=\"choice-2 depth-1\"><input type=\"checkbox\" id=\"wpforms-28201-field_7_2\" name=\"wpforms[fields][7][]\" value=\"Jardin\" aria-errormessage=\"wpforms-28201-field_7_2-error\" required ><label class=\"wpforms-field-label-inline\" for=\"wpforms-28201-field_7_2\">Jardin<\/label><\/li><li class=\"choice-3 depth-1\"><input type=\"checkbox\" id=\"wpforms-28201-field_7_3\" name=\"wpforms[fields][7][]\" value=\"Champ\" aria-errormessage=\"wpforms-28201-field_7_3-error\" required ><label class=\"wpforms-field-label-inline\" for=\"wpforms-28201-field_7_3\">Champ<\/label><\/li><li class=\"choice-4 depth-1\"><input type=\"checkbox\" id=\"wpforms-28201-field_7_4\" name=\"wpforms[fields][7][]\" value=\"Villa priv\u00e9e\" aria-errormessage=\"wpforms-28201-field_7_4-error\" required ><label class=\"wpforms-field-label-inline\" for=\"wpforms-28201-field_7_4\">Villa priv\u00e9e<\/label><\/li><li class=\"choice-5 depth-1\"><input type=\"checkbox\" id=\"wpforms-28201-field_7_5\" name=\"wpforms[fields][7][]\" value=\"Salon\" aria-errormessage=\"wpforms-28201-field_7_5-error\" required ><label class=\"wpforms-field-label-inline\" for=\"wpforms-28201-field_7_5\">Salon<\/label><\/li><li class=\"choice-6 depth-1\"><input type=\"checkbox\" id=\"wpforms-28201-field_7_6\" name=\"wpforms[fields][7][]\" value=\"H\u00f4tel\" aria-errormessage=\"wpforms-28201-field_7_6-error\" required ><label class=\"wpforms-field-label-inline\" for=\"wpforms-28201-field_7_6\">H\u00f4tel<\/label><\/li><\/ul><\/fieldset><\/div><div id=\"wpforms-28201-field_8-container\" class=\"wpforms-field wpforms-field-select wpforms-field-select-style-classic\" data-field-id=\"8\"><label class=\"wpforms-field-label\" for=\"wpforms-28201-field_8\">Budget approximatif (obligatoire) <span class=\"wpforms-required-label\" aria-hidden=\"true\">*<\/span><\/label><select id=\"wpforms-28201-field_8\" class=\"wpforms-field-medium wpforms-field-required\" name=\"wpforms[fields][8]\" required=\"required\"><option value=\"--S\u00e9lectionner--\" >--S\u00e9lectionner--<\/option><option value=\"100 \u00f7 350 USD\" >100 \u00f7 350 USD<\/option><option value=\"350 \u00f7 600 USD\" >350 \u00f7 600 USD<\/option><option value=\"600 \u00f7 1 000 USD\" >600 \u00f7 1 000 USD<\/option><option value=\"1 000 \u00f7 1 500 USD\" >1 000 \u00f7 1 500 USD<\/option><option value=\"1 500 \u00f7 2 000 USD\" >1 500 \u00f7 2 000 USD<\/option><option value=\"2 000 \u00f7 3 000 USD\" >2 000 \u00f7 3 000 USD<\/option><option value=\"3 000 \u00f7 7 000 USD\" >3 000 \u00f7 7 000 USD<\/option><option value=\"7 000 \u00f7 15 000 USD\" >7 000 \u00f7 15 000 USD<\/option><option value=\"15 000 \u00f7 20 000 USD\" >15 000 \u00f7 20 000 USD<\/option><option value=\"20 000 \u00f7 25 000 USD\" >20 000 \u00f7 25 000 USD<\/option><option value=\"25 000 \u00f7 illimit\u00e9\" >25 000 \u00f7 illimit\u00e9<\/option><\/select><\/div><div id=\"wpforms-28201-field_9-container\" class=\"wpforms-field wpforms-field-select wpforms-field-select-style-classic\" data-field-id=\"9\"><label class=\"wpforms-field-label\" for=\"wpforms-28201-field_9\">Nombre de personnes (obligatoire) <span class=\"wpforms-required-label\" aria-hidden=\"true\">*<\/span><\/label><select id=\"wpforms-28201-field_9\" class=\"wpforms-field-medium wpforms-field-required\" name=\"wpforms[fields][9]\" required=\"required\"><option value=\"--S\u00e9lectionner--\" >--S\u00e9lectionner--<\/option><option value=\"1\" >1<\/option><option value=\"2\" >2<\/option><option value=\"3 - 10\" >3 - 10<\/option><option value=\"10 - 20\" >10 - 20<\/option><option value=\"20 - 30\" >20 - 30<\/option><option value=\"30 - 40\" >30 - 40<\/option><option value=\"40 - 50\" >40 - 50<\/option><option value=\"50 - 70\" >50 - 70<\/option><option value=\"70 - 100\" >70 - 100<\/option><option value=\"100 - 150\" >100 - 150<\/option><option value=\"150 - 200\" >150 - 200<\/option><option value=\"200 - 300\" >200 - 300<\/option><\/select><\/div><div id=\"wpforms-28201-field_10-container\" class=\"wpforms-field wpforms-field-date-time\" data-field-id=\"10\"><label class=\"wpforms-field-label\" for=\"wpforms-28201-field_10\">Date (obligatoire) <span class=\"wpforms-required-label\" aria-hidden=\"true\">*<\/span><\/label><div class=\"wpforms-datepicker-wrap\"><input type=\"text\" id=\"wpforms-28201-field_10\" class=\"wpforms-field-date-time-date wpforms-datepicker wpforms-field-required wpforms-field-medium\" data-date-format=\"m\/d\/Y\" data-disable-past-dates=\"0\" data-input=\"true\" name=\"wpforms[fields][10][date]\" aria-errormessage=\"wpforms-28201-field_10-error\" required><a title=\"Clear Date\" data-clear class=\"wpforms-datepicker-clear\" style=\"display:none;\"><\/a><\/div><\/div><div id=\"wpforms-28201-field_11-container\" class=\"wpforms-field wpforms-field-textarea\" data-field-id=\"11\"><label class=\"wpforms-field-label\" for=\"wpforms-28201-field_11\">Votre message<\/label><textarea id=\"wpforms-28201-field_11\" class=\"wpforms-field-medium\" name=\"wpforms[fields][11]\" aria-errormessage=\"wpforms-28201-field_11-error\" ><\/textarea><\/div><\/div><!-- .wpforms-field-container --><div class=\"wpforms-recaptcha-container wpforms-is-turnstile\" ><div class=\"g-recaptcha\" data-sitekey=\"0x4AAAAAAAzmO8OSv74kHhcE\" data-action=\"FormID-28201\"><\/div><input type=\"text\" name=\"g-recaptcha-hidden\" class=\"wpforms-recaptcha-hidden\" style=\"position:absolute!important;clip:rect(0,0,0,0)!important;height:1px!important;width:1px!important;border:0!important;overflow:hidden!important;padding:0!important;margin:0!important;\" data-rule-turnstile=\"1\"><\/div><div class=\"wpforms-submit-container\" ><input type=\"hidden\" name=\"wpforms[id]\" value=\"28201\"><input type=\"hidden\" name=\"page_title\" value=\"\"><input type=\"hidden\" name=\"page_url\" value=\"https:\/\/bodasencubafiestas.com\/fr\/wp-json\/wp\/v2\/pages\/21623\"><button type=\"submit\" name=\"wpforms[submit]\" id=\"wpforms-submit-28201\" class=\"wpforms-submit\" data-alt-text=\"Envoi\" data-submit-text=\"Envoyer\" aria-live=\"assertive\" value=\"wpforms-submit\">Envoyer<\/button><\/div><\/form><\/div>  <!-- .wpforms-container -->[\/vc_column_text][\/vc_column][\/vc_row]<\/p>\n<\/div>","protected":false},"excerpt":{"rendered":"<p>[vc_row full_width=\u00a0\u00bbstretch_row\u00a0\u00bb content_placement=\u00a0\u00bbmiddle\u00a0\u00bb][vc_column][vc_zigzag][\/vc_column][\/vc_row][vc_row full_width=\u00a0\u00bbstretch_row\u00a0\u00bb content_placement=\u00a0\u00bbmiddle\u00a0\u00bb css=\u00a0\u00bb.vc_custom_1654732792379{margin-top: 40px !important;}\u00a0\u00bb][vc_column width=\u00a0\u00bb2\/3&Prime;][vc_column_text css=\u00a0\u00bb.vc_custom_1711391837998{margin-top: 20px !important;}\u00a0\u00bb]Service de buffet pour f\u00eates \u00e0 Cuba. Nous pouvons satisfaire les go\u00fbts les plus exquis et proposer une vari\u00e9t\u00e9 [&hellip;]<\/p>\n","protected":false},"author":2,"featured_media":0,"parent":0,"menu_order":0,"comment_status":"closed","ping_status":"closed","template":"","meta":{"_uf_show_specific_survey":0,"_uf_disable_surveys":false,"_joinchat":[],"footnotes":""},"class_list":["post-21623","page","type-page","status-publish","hentry"],"yoast_head":"<!-- This site is optimized with the Yoast SEO plugin v27.0 - https:\/\/yoast.com\/product\/yoast-seo-wordpress\/ -->\n<title>Buffet pour f\u00eates \u00e0 Cuba. Service de restauration<\/title>\n<meta name=\"description\" content=\"Service de buffet pour f\u00eates \u00e0 Cuba. Nous disposons de l&#039;\u00e9quipement et du personnel pour assurer le service de restauration sur le lieu o\u00f9 se d\u00e9roulera l&#039;\u00e9v\u00e9nement.\" \/>\n<meta name=\"robots\" content=\"index, follow, max-snippet:-1, max-image-preview:large, max-video-preview:-1\" \/>\n<link rel=\"canonical\" href=\"https:\/\/bodasencubafiestas.com\/fr\/buffet-pour-la-restauration-de-fetes\/\" \/>\n<meta property=\"og:locale\" content=\"fr_FR\" \/>\n<meta property=\"og:type\" content=\"article\" \/>\n<meta property=\"og:title\" content=\"Buffet pour f\u00eates \u00e0 Cuba. Service de restauration\" \/>\n<meta property=\"og:description\" content=\"Service de buffet pour f\u00eates \u00e0 Cuba. Nous disposons de l&#039;\u00e9quipement et du personnel pour assurer le service de restauration sur le lieu o\u00f9 se d\u00e9roulera l&#039;\u00e9v\u00e9nement.\" \/>\n<meta property=\"og:url\" content=\"https:\/\/bodasencubafiestas.com\/fr\/buffet-pour-la-restauration-de-fetes\/\" \/>\n<meta property=\"og:site_name\" content=\"Bodas en Cuba Fiestas\" \/>\n<meta property=\"article:publisher\" content=\"https:\/\/www.facebook.com\/p\/Bodas-en-Cuba-fiestas-decoraciones-para-eventos-100064305390336\/\" \/>\n<meta property=\"article:modified_time\" content=\"2024-09-25T15:34:43+00:00\" \/>\n<meta name=\"twitter:card\" content=\"summary_large_image\" \/>\n<meta name=\"twitter:label1\" content=\"Dur\u00e9e de lecture estim\u00e9e\" \/>\n\t<meta name=\"twitter:data1\" content=\"2 minutes\" \/>\n<script type=\"application\/ld+json\" class=\"yoast-schema-graph\">{\"@context\":\"https:\/\/schema.org\",\"@graph\":[{\"@type\":\"WebPage\",\"@id\":\"https:\/\/bodasencubafiestas.com\/fr\/buffet-pour-la-restauration-de-fetes\/\",\"url\":\"https:\/\/bodasencubafiestas.com\/fr\/buffet-pour-la-restauration-de-fetes\/\",\"name\":\"Buffet pour f\u00eates \u00e0 Cuba. Service de restauration\",\"isPartOf\":{\"@id\":\"https:\/\/bodasencubafiestas.com\/fr\/#website\"},\"datePublished\":\"2024-04-01T14:59:37+00:00\",\"dateModified\":\"2024-09-25T15:34:43+00:00\",\"description\":\"Service de buffet pour f\u00eates \u00e0 Cuba. Nous disposons de l'\u00e9quipement et du personnel pour assurer le service de restauration sur le lieu o\u00f9 se d\u00e9roulera l'\u00e9v\u00e9nement.\",\"breadcrumb\":{\"@id\":\"https:\/\/bodasencubafiestas.com\/fr\/buffet-pour-la-restauration-de-fetes\/#breadcrumb\"},\"inLanguage\":\"fr-FR\",\"potentialAction\":[{\"@type\":\"ReadAction\",\"target\":[\"https:\/\/bodasencubafiestas.com\/fr\/buffet-pour-la-restauration-de-fetes\/\"]}]},{\"@type\":\"BreadcrumbList\",\"@id\":\"https:\/\/bodasencubafiestas.com\/fr\/buffet-pour-la-restauration-de-fetes\/#breadcrumb\",\"itemListElement\":[{\"@type\":\"ListItem\",\"position\":1,\"name\":\"Home\",\"item\":\"https:\/\/bodasencubafiestas.com\/fr\/\"},{\"@type\":\"ListItem\",\"position\":2,\"name\":\"Buffet pour la restauration de f\u00eates\"}]},{\"@type\":\"WebSite\",\"@id\":\"https:\/\/bodasencubafiestas.com\/fr\/#website\",\"url\":\"https:\/\/bodasencubafiestas.com\/fr\/\",\"name\":\"Bodas en Cuba Fiestas\",\"description\":\"\",\"publisher\":{\"@id\":\"https:\/\/bodasencubafiestas.com\/fr\/#organization\"},\"potentialAction\":[{\"@type\":\"SearchAction\",\"target\":{\"@type\":\"EntryPoint\",\"urlTemplate\":\"https:\/\/bodasencubafiestas.com\/fr\/?s={search_term_string}\"},\"query-input\":{\"@type\":\"PropertyValueSpecification\",\"valueRequired\":true,\"valueName\":\"search_term_string\"}}],\"inLanguage\":\"fr-FR\"},{\"@type\":\"Organization\",\"@id\":\"https:\/\/bodasencubafiestas.com\/fr\/#organization\",\"name\":\"Bodas en Cuba Fiestas\",\"url\":\"https:\/\/bodasencubafiestas.com\/fr\/\",\"logo\":{\"@type\":\"ImageObject\",\"inLanguage\":\"fr-FR\",\"@id\":\"https:\/\/bodasencubafiestas.com\/fr\/#\/schema\/logo\/image\/\",\"url\":\"https:\/\/bodasencubafiestas.com\/wp-content\/uploads\/2026\/03\/BodasenCubaFiestas-logo.png\",\"contentUrl\":\"https:\/\/bodasencubafiestas.com\/wp-content\/uploads\/2026\/03\/BodasenCubaFiestas-logo.png\",\"width\":696,\"height\":696,\"caption\":\"Bodas en Cuba Fiestas\"},\"image\":{\"@id\":\"https:\/\/bodasencubafiestas.com\/fr\/#\/schema\/logo\/image\/\"},\"sameAs\":[\"https:\/\/www.facebook.com\/p\/Bodas-en-Cuba-fiestas-decoraciones-para-eventos-100064305390336\/\",\"https:\/\/www.instagram.com\/bodasencubafiestas\/\"]}]}<\/script>\n<!-- \/ Yoast SEO plugin. -->","yoast_head_json":{"title":"Buffet pour f\u00eates \u00e0 Cuba. Service de restauration","description":"Service de buffet pour f\u00eates \u00e0 Cuba. Nous disposons de l'\u00e9quipement et du personnel pour assurer le service de restauration sur le lieu o\u00f9 se d\u00e9roulera l'\u00e9v\u00e9nement.","robots":{"index":"index","follow":"follow","max-snippet":"max-snippet:-1","max-image-preview":"max-image-preview:large","max-video-preview":"max-video-preview:-1"},"canonical":"https:\/\/bodasencubafiestas.com\/fr\/buffet-pour-la-restauration-de-fetes\/","og_locale":"fr_FR","og_type":"article","og_title":"Buffet pour f\u00eates \u00e0 Cuba. Service de restauration","og_description":"Service de buffet pour f\u00eates \u00e0 Cuba. Nous disposons de l'\u00e9quipement et du personnel pour assurer le service de restauration sur le lieu o\u00f9 se d\u00e9roulera l'\u00e9v\u00e9nement.","og_url":"https:\/\/bodasencubafiestas.com\/fr\/buffet-pour-la-restauration-de-fetes\/","og_site_name":"Bodas en Cuba Fiestas","article_publisher":"https:\/\/www.facebook.com\/p\/Bodas-en-Cuba-fiestas-decoraciones-para-eventos-100064305390336\/","article_modified_time":"2024-09-25T15:34:43+00:00","twitter_card":"summary_large_image","twitter_misc":{"Dur\u00e9e de lecture estim\u00e9e":"2 minutes"},"schema":{"@context":"https:\/\/schema.org","@graph":[{"@type":"WebPage","@id":"https:\/\/bodasencubafiestas.com\/fr\/buffet-pour-la-restauration-de-fetes\/","url":"https:\/\/bodasencubafiestas.com\/fr\/buffet-pour-la-restauration-de-fetes\/","name":"Buffet pour f\u00eates \u00e0 Cuba. Service de restauration","isPartOf":{"@id":"https:\/\/bodasencubafiestas.com\/fr\/#website"},"datePublished":"2024-04-01T14:59:37+00:00","dateModified":"2024-09-25T15:34:43+00:00","description":"Service de buffet pour f\u00eates \u00e0 Cuba. Nous disposons de l'\u00e9quipement et du personnel pour assurer le service de restauration sur le lieu o\u00f9 se d\u00e9roulera l'\u00e9v\u00e9nement.","breadcrumb":{"@id":"https:\/\/bodasencubafiestas.com\/fr\/buffet-pour-la-restauration-de-fetes\/#breadcrumb"},"inLanguage":"fr-FR","potentialAction":[{"@type":"ReadAction","target":["https:\/\/bodasencubafiestas.com\/fr\/buffet-pour-la-restauration-de-fetes\/"]}]},{"@type":"BreadcrumbList","@id":"https:\/\/bodasencubafiestas.com\/fr\/buffet-pour-la-restauration-de-fetes\/#breadcrumb","itemListElement":[{"@type":"ListItem","position":1,"name":"Home","item":"https:\/\/bodasencubafiestas.com\/fr\/"},{"@type":"ListItem","position":2,"name":"Buffet pour la restauration de f\u00eates"}]},{"@type":"WebSite","@id":"https:\/\/bodasencubafiestas.com\/fr\/#website","url":"https:\/\/bodasencubafiestas.com\/fr\/","name":"Bodas en Cuba Fiestas","description":"","publisher":{"@id":"https:\/\/bodasencubafiestas.com\/fr\/#organization"},"potentialAction":[{"@type":"SearchAction","target":{"@type":"EntryPoint","urlTemplate":"https:\/\/bodasencubafiestas.com\/fr\/?s={search_term_string}"},"query-input":{"@type":"PropertyValueSpecification","valueRequired":true,"valueName":"search_term_string"}}],"inLanguage":"fr-FR"},{"@type":"Organization","@id":"https:\/\/bodasencubafiestas.com\/fr\/#organization","name":"Bodas en Cuba Fiestas","url":"https:\/\/bodasencubafiestas.com\/fr\/","logo":{"@type":"ImageObject","inLanguage":"fr-FR","@id":"https:\/\/bodasencubafiestas.com\/fr\/#\/schema\/logo\/image\/","url":"https:\/\/bodasencubafiestas.com\/wp-content\/uploads\/2026\/03\/BodasenCubaFiestas-logo.png","contentUrl":"https:\/\/bodasencubafiestas.com\/wp-content\/uploads\/2026\/03\/BodasenCubaFiestas-logo.png","width":696,"height":696,"caption":"Bodas en Cuba Fiestas"},"image":{"@id":"https:\/\/bodasencubafiestas.com\/fr\/#\/schema\/logo\/image\/"},"sameAs":["https:\/\/www.facebook.com\/p\/Bodas-en-Cuba-fiestas-decoraciones-para-eventos-100064305390336\/","https:\/\/www.instagram.com\/bodasencubafiestas\/"]}]}},"_links":{"self":[{"href":"https:\/\/bodasencubafiestas.com\/fr\/wp-json\/wp\/v2\/pages\/21623","targetHints":{"allow":["GET"]}}],"collection":[{"href":"https:\/\/bodasencubafiestas.com\/fr\/wp-json\/wp\/v2\/pages"}],"about":[{"href":"https:\/\/bodasencubafiestas.com\/fr\/wp-json\/wp\/v2\/types\/page"}],"author":[{"embeddable":true,"href":"https:\/\/bodasencubafiestas.com\/fr\/wp-json\/wp\/v2\/users\/2"}],"replies":[{"embeddable":true,"href":"https:\/\/bodasencubafiestas.com\/fr\/wp-json\/wp\/v2\/comments?post=21623"}],"version-history":[{"count":0,"href":"https:\/\/bodasencubafiestas.com\/fr\/wp-json\/wp\/v2\/pages\/21623\/revisions"}],"wp:attachment":[{"href":"https:\/\/bodasencubafiestas.com\/fr\/wp-json\/wp\/v2\/media?parent=21623"}],"curies":[{"name":"wp","href":"https:\/\/api.w.org\/{rel}","templated":true}]}}