{"id":24710,"date":"2024-06-01T09:51:41","date_gmt":"2024-06-01T13:51:41","guid":{"rendered":"https:\/\/bodasencubafiestas.com\/bodas-en-varadero-cuba-copy\/"},"modified":"2024-06-01T10:02:17","modified_gmt":"2024-06-01T14:02:17","slug":"mariage-varadero","status":"publish","type":"page","link":"https:\/\/bodasencubafiestas.com\/fr\/mariage-varadero\/","title":{"rendered":"Mariage Varadero"},"content":{"rendered":"<div class=\"wpb-content-wrapper\"><p>[vc_row full_width=\u00a0\u00bbfit_page_template\u00a0\u00bb css=\u00a0\u00bb.vc_custom_1485724041660{margin-top: 0px !important;margin-right: 0px !important;margin-bottom: 0px !important;margin-left: 0px !important;padding-top: 0px !important;padding-right: 0px !important;padding-bottom: 0px !important;padding-left: 0px !important;}\u00a0\u00bb][vc_column][rev_slider_vc alias=\u00a0\u00bbvaradero\u00a0\u00bb][vc_separator][vc_column_text]<\/p>\n<p style=\"text-align: center;\"><strong><span style=\"font-size: 18pt;\">Mariages \u00e0 Varadero Cuba<\/span><\/strong><\/p>\n<p><span style=\"font-size: 13pt;\">Nous organisons des mariages \u00e0 Varadero Cuba, l&rsquo;air marin et le sable blanc ajouteront charme et romantisme \u00e0 votre c\u00e9l\u00e9bration. La plage de Varadero est la plus c\u00e9l\u00e8bre de notre \u00eele et id\u00e9ale pour votre mariage. D\u00e9couvrez diff\u00e9rents <a href=\"https:\/\/bodasencubafiestas.com\/fr\/forfaits-mariage-a-varadero-cuba\/\">forfaits mariage \u00e0 La Playa Varadero<\/a> sur ce lien.<\/span>[\/vc_column_text][vc_separator][\/vc_column][\/vc_row][vc_row][vc_column][vc_column_text]<\/p>\n<p style=\"text-align: center;\"><strong><span style=\"font-size: 18pt;\">Tous les services pour votre mariage \u00e0 Varadero<\/span><\/strong><\/p>\n<p><span style=\"font-size: 13pt;\">Nous organisons des mariages avec glamour et charme. Ici, nous prenons soin de chaque d\u00e9tail, nous avons l&rsquo;excellence et la cubitude comme norme. Nous nous occupons de tous les aspects de votre c\u00e9l\u00e9bration pour vous garantir des moments inoubliables avec un minimum d&rsquo;insomnie : nous recherchons le meilleur endroit sur la plage ; Nous le conditionnons, notre \u00e9quipe d&rsquo;artistes designers mettra en place un bel \u00e9crin pour l&rsquo;\u00e9v\u00e9nement. Il ne vous reste plus qu&rsquo;\u00e0 profiter.<\/span>[\/vc_column_text][\/vc_column][\/vc_row][vc_row css=\u00a0\u00bb.vc_custom_1485871380807{margin-top: 0px !important;margin-right: 0px !important;margin-bottom: 0px !important;margin-left: 0px !important;padding-top: 0px !important;padding-right: 0px !important;padding-bottom: 0px !important;padding-left: 0px !important;}\u00a0\u00bb][vc_column width=\u00a0\u00bb1\/2&Prime; css=\u00a0\u00bb.vc_custom_1485871126583{margin-right: 0px !important;margin-left: 0px !important;padding-right: 0px !important;padding-left: 0px !important;}\u00a0\u00bb][vc_single_image image=\u00a0\u00bb2033&Prime; img_size=\u00a0\u00bbfull\u00a0\u00bb css=\u00a0\u00bb.vc_custom_1537840739055{margin-top: 60px !important;margin-right: 0px !important;margin-bottom: 30px !important;margin-left: 0px !important;padding-top: 0px !important;padding-right: 0px !important;padding-bottom: 0px !important;padding-left: 0px !important;}\u00a0\u00bb]<span  id=\"wofcb-62941\" class=\"ozy-custom_button_w\"><a id=\"ofcb-62941\" class=\"ozy-custom_button ocbtn-1\"  href=\"https:\/\/bodasencubafiestas.com\/fr\/forfaits-mariage-a-varadero-cuba\/\"  target=\"\" >VOIR FORFAITS MARIAGE \u00c0 VARADERO BEACH<\/a><\/span>[\/vc_column][vc_column width=\u00a0\u00bb1\/2&Prime; css=\u00a0\u00bb.vc_custom_1485893521190{padding-top: 10% !important;padding-right: 10% !important;padding-bottom: 5% !important;padding-left: 10% !important;background-color: #ffffff !important;}\u00a0\u00bb]<div id=\"tile-with-icon_icon9353\" class=\"title-with-icon-wrapper clear xlarge \" data-color=\"\">\r\n\t\t\t<div class=\"wpb_content_element title-with-icon clearfix \"><span  style=\"color:#590455 !important;background-color: !important;\" class=\"oic-fi4-diamond clear xlarge \" ><\/span><h2 style=\"color:#000000\">Varadero est un excellent endroit pour votre mariage<\/h2>\r\n\t\t\t<\/div><\/div>[vc_column_text]<span style=\"font-size: 13pt;\">Varadero est un endroit magnifique pour ce grand jour, la nature conspirera avec nous pour que tout soit m\u00e9morable. C\u00f4t\u00e9 logistique : vous n&rsquo;avez \u00e0 vous soucier de rien, nous garantissons toute l&rsquo;organisation, la d\u00e9coration, les costumes, la restauration, le maquillage et coiffures, les vid\u00e9os, les photos, le transport, y compris : les activit\u00e9s artistiques avec des groupes musicaux et l&rsquo;h\u00e9bergement pour lune de miel. Consultez nos forfaits sp\u00e9ciaux pour la plage de Varadero et r\u00e9servez en bas de page dans le formulaire de r\u00e9servation.<\/span><\/p>\n<p><span style=\"font-size: 13pt;\">Contactez-nous et profitez simplement de votre journ\u00e9e sp\u00e9ciale.<\/span>[\/vc_column_text][\/vc_column][\/vc_row][vc_row css=\u00a0\u00bb.vc_custom_1619751859018{background-color: #ffffff !important;}\u00a0\u00bb][vc_column][vc_text_separator title=\u00a0\u00bbContactez-nous maintenant!\u00a0\u00bb]\n<div class=\"wpcf7 no-js\" id=\"wpcf7-f1864-o1\" lang=\"es-ES\" dir=\"ltr\" data-wpcf7-id=\"1864\">\n<div class=\"screen-reader-response\"><p role=\"status\" aria-live=\"polite\" aria-atomic=\"true\"><\/p> <ul><\/ul><\/div>\n<form action=\"\/fr\/wp-json\/wp\/v2\/pages\/24710#wpcf7-f1864-o1\" method=\"post\" class=\"wpcf7-form init\" aria-label=\"Formulario de contacto\" novalidate=\"novalidate\" data-status=\"init\">\n<fieldset class=\"hidden-fields-container\"><input type=\"hidden\" name=\"_wpcf7\" value=\"1864\" \/><input type=\"hidden\" name=\"_wpcf7_version\" value=\"6.1.5\" \/><input type=\"hidden\" name=\"_wpcf7_locale\" value=\"es_ES\" \/><input type=\"hidden\" name=\"_wpcf7_unit_tag\" value=\"wpcf7-f1864-o1\" \/><input type=\"hidden\" name=\"_wpcf7_container_post\" value=\"0\" \/><input type=\"hidden\" name=\"_wpcf7_posted_data_hash\" value=\"\" \/>\n<\/fieldset>\n<p><label>Nombre (requerido)<br \/>\n<span class=\"wpcf7-form-control-wrap\" data-name=\"your-name\"><input size=\"40\" maxlength=\"400\" class=\"wpcf7-form-control wpcf7-text wpcf7-validates-as-required\" aria-required=\"true\" aria-invalid=\"false\" placeholder=\"Su Nombre aqu\u00ed\" value=\"\" type=\"text\" name=\"your-name\" \/><\/span><\/label><br \/>\n<label> Email (requerido)<br \/>\n<span class=\"wpcf7-form-control-wrap\" data-name=\"your-email\"><input size=\"40\" maxlength=\"400\" class=\"wpcf7-form-control wpcf7-email wpcf7-validates-as-required wpcf7-text wpcf7-validates-as-email\" aria-required=\"true\" aria-invalid=\"false\" placeholder=\"Su Email aqu\u00ed\" value=\"\" type=\"email\" name=\"your-email\" \/><\/span><\/label><br \/>\n<label>Pa\u00eds (requerido)<br \/>\n[uacf7_country_dropdown* uacf7_country_dropdown-160 country_auto_complete]<\/label><br \/>\n<label>Tel\u00e9fono (requerido)<br \/>\n<span class=\"wpcf7-form-control-wrap\" data-name=\"tel-780\"><input size=\"40\" maxlength=\"400\" class=\"wpcf7-form-control wpcf7-tel wpcf7-validates-as-required wpcf7-text wpcf7-validates-as-tel\" aria-required=\"true\" aria-invalid=\"false\" value=\"\" type=\"tel\" name=\"tel-780\" \/><\/span><\/label><br \/>\n<label>Tipo de evento o servicio (requerido)<br \/>\n<span class=\"wpcf7-form-control-wrap\" data-name=\"tipo-evento\"><select class=\"wpcf7-form-control wpcf7-select wpcf7-validates-as-required\" aria-required=\"true\" aria-invalid=\"false\" name=\"tipo-evento\"><option value=\"--Seleccione--\">--Seleccione--<\/option><option value=\"Boda\">Boda<\/option><option value=\"Renovaci\u00f3n de Votos\">Renovaci\u00f3n de Votos<\/option><option value=\"Negocios\">Negocios<\/option><option value=\"Evento Privado - Fiesta\">Evento Privado - Fiesta<\/option><option value=\"Cumplea\u00f1os Infantil\">Cumplea\u00f1os Infantil<\/option><option value=\"Fiesta de 15 A\u00f1os\">Fiesta de 15 A\u00f1os<\/option><option value=\"Fotos de 15 (Estudio y Exteriores)\">Fotos de 15 (Estudio y Exteriores)<\/option><option value=\"Anillos de compromiso\">Anillos de compromiso<\/option><\/select><\/span><\/label><br \/>\n<label>Estilo (requerido)<br \/>\n<span class=\"wpcf7-form-control-wrap\" data-name=\"Estilo\"><select class=\"wpcf7-form-control wpcf7-select wpcf7-validates-as-required\" aria-required=\"true\" aria-invalid=\"false\" name=\"Estilo\"><option value=\"--Seleccione--\">--Seleccione--<\/option><option value=\"Cl\u00e1sico (lujoso)\">Cl\u00e1sico (lujoso)<\/option><option value=\"Rom\u00e1ntico\">Rom\u00e1ntico<\/option><option value=\"Vintage\">Vintage<\/option><option value=\"Shabby Chic\">Shabby Chic<\/option><option value=\"Boho Chic\">Boho Chic<\/option><option value=\"Ecl\u00e9ctico\">Ecl\u00e9ctico<\/option><option value=\"Moderno\">Moderno<\/option><option value=\"Natural, Ecol\u00f3gico\">Natural, Ecol\u00f3gico<\/option><option value=\"Minimalista (simplificado)\">Minimalista (simplificado)<\/option><option value=\"Tradicional\">Tradicional<\/option><option value=\"Todav\u00eda no lo tengo, \u00a1ay\u00fadame!\">Todav\u00eda no lo tengo, \u00a1ay\u00fadame!<\/option><\/select><\/span><\/label><br \/>\n<label>Ubicaci\u00f3n preferida (requerido)<br \/>\n<span class=\"wpcf7-form-control-wrap\" data-name=\"checkbox-location\"><span class=\"wpcf7-form-control wpcf7-checkbox wpcf7-validates-as-required\"><span class=\"wpcf7-list-item first\"><input type=\"checkbox\" name=\"checkbox-location[]\" value=\"Playa\" \/><span class=\"wpcf7-list-item-label\">Playa<\/span><\/span><span class=\"wpcf7-list-item\"><input type=\"checkbox\" name=\"checkbox-location[]\" value=\"Apartamento con Vista al Mar\" \/><span class=\"wpcf7-list-item-label\">Apartamento con Vista al Mar<\/span><\/span><span class=\"wpcf7-list-item\"><input type=\"checkbox\" name=\"checkbox-location[]\" value=\"Jard\u00edn\" \/><span class=\"wpcf7-list-item-label\">Jard\u00edn<\/span><\/span><span class=\"wpcf7-list-item\"><input type=\"checkbox\" name=\"checkbox-location[]\" value=\"Campo\" \/><span class=\"wpcf7-list-item-label\">Campo<\/span><\/span><span class=\"wpcf7-list-item\"><input type=\"checkbox\" name=\"checkbox-location[]\" value=\"Villa Privada\" \/><span class=\"wpcf7-list-item-label\">Villa Privada<\/span><\/span><span class=\"wpcf7-list-item\"><input type=\"checkbox\" name=\"checkbox-location[]\" value=\"Sal\u00f3n\" \/><span class=\"wpcf7-list-item-label\">Sal\u00f3n<\/span><\/span><span class=\"wpcf7-list-item last\"><input type=\"checkbox\" name=\"checkbox-location[]\" value=\"Hotel\" \/><span class=\"wpcf7-list-item-label\">Hotel<\/span><\/span><\/span><\/span><\/label><br \/>\n<label>Presupuesto aproximado (requerido)<br \/>\n<span class=\"wpcf7-form-control-wrap\" data-name=\"presupuesto\"><select class=\"wpcf7-form-control wpcf7-select wpcf7-validates-as-required\" aria-required=\"true\" aria-invalid=\"false\" name=\"presupuesto\"><option value=\"--Seleccione--\">--Seleccione--<\/option><option value=\"100 \u00f7 350 USD\">100 \u00f7 350 USD<\/option><option value=\"350 \u00f7 600 USD\">350 \u00f7 600 USD<\/option><option value=\"600 \u00f7 1000 USD\">600 \u00f7 1000 USD<\/option><option value=\"1000 \u00f7 1500 USD\">1000 \u00f7 1500 USD<\/option><option value=\"1500 \u00f7 2000 USD\">1500 \u00f7 2000 USD<\/option><option value=\"2000 \u00f7 3000 USD\">2000 \u00f7 3000 USD<\/option><option value=\"3000 \u00f7 7000 USD\">3000 \u00f7 7000 USD<\/option><option value=\"7000 \u00f7 15 000 USD\">7000 \u00f7 15 000 USD<\/option><option value=\"15 000 \u00f7 20 000 USD\">15 000 \u00f7 20 000 USD<\/option><option value=\"20 000 \u00f7 25 000 USD\">20 000 \u00f7 25 000 USD<\/option><option value=\"25 000 \u00f7 USD ilimitado\">25 000 \u00f7 USD ilimitado<\/option><\/select><\/span><\/label><br \/>\n<label>N\u00famero de personas (requerido)<br \/>\n<span class=\"wpcf7-form-control-wrap\" data-name=\"cantidad-personas\"><select class=\"wpcf7-form-control wpcf7-select wpcf7-validates-as-required\" aria-required=\"true\" aria-invalid=\"false\" name=\"cantidad-personas\"><option value=\"--Seleccione--\">--Seleccione--<\/option><option value=\"1\">1<\/option><option value=\"2\">2<\/option><option value=\"3 - 10\">3 - 10<\/option><option value=\"10 - 20\">10 - 20<\/option><option value=\"20 - 30\">20 - 30<\/option><option value=\"30 - 40\">30 - 40<\/option><option value=\"40 - 50\">40 - 50<\/option><option value=\"50 - 70\">50 - 70<\/option><option value=\"70 - 100\">70 - 100<\/option><option value=\"100 - 150\">100 - 150<\/option><option value=\"150 - 200\">150 - 200<\/option><option value=\"200 - 300\">200 - 300<\/option><\/select><\/span><\/label><br \/>\n<label>Fecha (requerido)<br \/>\n<span class=\"wpcf7-form-control-wrap\" data-name=\"date-931\"><input class=\"wpcf7-form-control wpcf7-date wpcf7-validates-as-required wpcf7-validates-as-date\" aria-required=\"true\" aria-invalid=\"false\" value=\"\" type=\"date\" name=\"date-931\" \/><\/span><\/label><br \/>\n<label>Tu mensaje<br \/>\n<span class=\"wpcf7-form-control-wrap\" data-name=\"tu-mensaje\"><textarea cols=\"40\" rows=\"10\" maxlength=\"2000\" class=\"wpcf7-form-control wpcf7-textarea\" aria-invalid=\"false\" name=\"tu-mensaje\"><\/textarea><\/span><\/label><br \/>\n<input class=\"wpcf7-form-control wpcf7-submit has-spinner\" type=\"submit\" value=\"Enviar\" \/>\n<\/p><div class=\"wpcf7-response-output\" aria-hidden=\"true\"><\/div>\n<\/form>\n<\/div>\n[\/vc_column][\/vc_row]<\/p>\n<\/div>","protected":false},"excerpt":{"rendered":"<p>[vc_row full_width=\u00a0\u00bbfit_page_template\u00a0\u00bb css=\u00a0\u00bb.vc_custom_1485724041660{margin-top: 0px !important;margin-right: 0px !important;margin-bottom: 0px !important;margin-left: 0px !important;padding-top: 0px !important;padding-right: 0px !important;padding-bottom: 0px !important;padding-left: 0px !important;}\u00a0\u00bb][vc_column][rev_slider_vc alias=\u00a0\u00bbvaradero\u00a0\u00bb][vc_separator][vc_column_text] Mariages \u00e0 Varadero Cuba Nous organisons des mariages \u00e0 Varadero [&hellip;]<\/p>\n","protected":false},"author":2,"featured_media":0,"parent":0,"menu_order":0,"comment_status":"closed","ping_status":"closed","template":"","meta":{"_uf_show_specific_survey":0,"_uf_disable_surveys":false,"_joinchat":[],"footnotes":""},"class_list":["post-24710","page","type-page","status-publish","hentry"],"yoast_head":"<!-- This site is optimized with the Yoast SEO plugin v27.0 - https:\/\/yoast.com\/product\/yoast-seo-wordpress\/ -->\n<title>Mariage Varadero<\/title>\n<meta name=\"description\" content=\"Nous organisons des mariages \u00e0 Varadero Cuba. La plage de Varadero est id\u00e9ale pour votre f\u00eate de mariage. Contactez-nous et profitez simplement de votre journ\u00e9e sp\u00e9ciale.\" \/>\n<meta name=\"robots\" content=\"index, follow, max-snippet:-1, max-image-preview:large, max-video-preview:-1\" \/>\n<link rel=\"canonical\" href=\"https:\/\/bodasencubafiestas.com\/fr\/mariage-varadero\/\" \/>\n<meta property=\"og:locale\" content=\"fr_FR\" \/>\n<meta property=\"og:type\" content=\"article\" \/>\n<meta property=\"og:title\" content=\"Mariage Varadero\" \/>\n<meta property=\"og:description\" content=\"Nous organisons des mariages \u00e0 Varadero Cuba. La plage de Varadero est id\u00e9ale pour votre f\u00eate de mariage. Contactez-nous et profitez simplement de votre journ\u00e9e sp\u00e9ciale.\" \/>\n<meta property=\"og:url\" content=\"https:\/\/bodasencubafiestas.com\/fr\/mariage-varadero\/\" \/>\n<meta property=\"og:site_name\" content=\"Bodas en Cuba Fiestas\" \/>\n<meta property=\"article:publisher\" content=\"https:\/\/www.facebook.com\/p\/Bodas-en-Cuba-fiestas-decoraciones-para-eventos-100064305390336\/\" \/>\n<meta property=\"article:modified_time\" content=\"2024-06-01T14:02:17+00:00\" \/>\n<meta name=\"twitter:card\" content=\"summary_large_image\" \/>\n<meta name=\"twitter:label1\" content=\"Dur\u00e9e de lecture estim\u00e9e\" \/>\n\t<meta name=\"twitter:data1\" content=\"2 minutes\" \/>\n<script type=\"application\/ld+json\" class=\"yoast-schema-graph\">{\"@context\":\"https:\/\/schema.org\",\"@graph\":[{\"@type\":\"WebPage\",\"@id\":\"https:\/\/bodasencubafiestas.com\/fr\/mariage-varadero\/\",\"url\":\"https:\/\/bodasencubafiestas.com\/fr\/mariage-varadero\/\",\"name\":\"Mariage Varadero\",\"isPartOf\":{\"@id\":\"https:\/\/bodasencubafiestas.com\/fr\/#website\"},\"datePublished\":\"2024-06-01T13:51:41+00:00\",\"dateModified\":\"2024-06-01T14:02:17+00:00\",\"description\":\"Nous organisons des mariages \u00e0 Varadero Cuba. La plage de Varadero est id\u00e9ale pour votre f\u00eate de mariage. Contactez-nous et profitez simplement de votre journ\u00e9e sp\u00e9ciale.\",\"breadcrumb\":{\"@id\":\"https:\/\/bodasencubafiestas.com\/fr\/mariage-varadero\/#breadcrumb\"},\"inLanguage\":\"fr-FR\",\"potentialAction\":[{\"@type\":\"ReadAction\",\"target\":[\"https:\/\/bodasencubafiestas.com\/fr\/mariage-varadero\/\"]}]},{\"@type\":\"BreadcrumbList\",\"@id\":\"https:\/\/bodasencubafiestas.com\/fr\/mariage-varadero\/#breadcrumb\",\"itemListElement\":[{\"@type\":\"ListItem\",\"position\":1,\"name\":\"Home\",\"item\":\"https:\/\/bodasencubafiestas.com\/fr\/\"},{\"@type\":\"ListItem\",\"position\":2,\"name\":\"Mariage Varadero\"}]},{\"@type\":\"WebSite\",\"@id\":\"https:\/\/bodasencubafiestas.com\/fr\/#website\",\"url\":\"https:\/\/bodasencubafiestas.com\/fr\/\",\"name\":\"Bodas en Cuba Fiestas\",\"description\":\"\",\"publisher\":{\"@id\":\"https:\/\/bodasencubafiestas.com\/fr\/#organization\"},\"potentialAction\":[{\"@type\":\"SearchAction\",\"target\":{\"@type\":\"EntryPoint\",\"urlTemplate\":\"https:\/\/bodasencubafiestas.com\/fr\/?s={search_term_string}\"},\"query-input\":{\"@type\":\"PropertyValueSpecification\",\"valueRequired\":true,\"valueName\":\"search_term_string\"}}],\"inLanguage\":\"fr-FR\"},{\"@type\":\"Organization\",\"@id\":\"https:\/\/bodasencubafiestas.com\/fr\/#organization\",\"name\":\"Bodas en Cuba Fiestas\",\"url\":\"https:\/\/bodasencubafiestas.com\/fr\/\",\"logo\":{\"@type\":\"ImageObject\",\"inLanguage\":\"fr-FR\",\"@id\":\"https:\/\/bodasencubafiestas.com\/fr\/#\/schema\/logo\/image\/\",\"url\":\"https:\/\/bodasencubafiestas.com\/wp-content\/uploads\/2026\/03\/BodasenCubaFiestas-logo.png\",\"contentUrl\":\"https:\/\/bodasencubafiestas.com\/wp-content\/uploads\/2026\/03\/BodasenCubaFiestas-logo.png\",\"width\":696,\"height\":696,\"caption\":\"Bodas en Cuba Fiestas\"},\"image\":{\"@id\":\"https:\/\/bodasencubafiestas.com\/fr\/#\/schema\/logo\/image\/\"},\"sameAs\":[\"https:\/\/www.facebook.com\/p\/Bodas-en-Cuba-fiestas-decoraciones-para-eventos-100064305390336\/\",\"https:\/\/www.instagram.com\/bodasencubafiestas\/\"]}]}<\/script>\n<!-- \/ Yoast SEO plugin. -->","yoast_head_json":{"title":"Mariage Varadero","description":"Nous organisons des mariages \u00e0 Varadero Cuba. La plage de Varadero est id\u00e9ale pour votre f\u00eate de mariage. Contactez-nous et profitez simplement de votre journ\u00e9e sp\u00e9ciale.","robots":{"index":"index","follow":"follow","max-snippet":"max-snippet:-1","max-image-preview":"max-image-preview:large","max-video-preview":"max-video-preview:-1"},"canonical":"https:\/\/bodasencubafiestas.com\/fr\/mariage-varadero\/","og_locale":"fr_FR","og_type":"article","og_title":"Mariage Varadero","og_description":"Nous organisons des mariages \u00e0 Varadero Cuba. La plage de Varadero est id\u00e9ale pour votre f\u00eate de mariage. Contactez-nous et profitez simplement de votre journ\u00e9e sp\u00e9ciale.","og_url":"https:\/\/bodasencubafiestas.com\/fr\/mariage-varadero\/","og_site_name":"Bodas en Cuba Fiestas","article_publisher":"https:\/\/www.facebook.com\/p\/Bodas-en-Cuba-fiestas-decoraciones-para-eventos-100064305390336\/","article_modified_time":"2024-06-01T14:02:17+00:00","twitter_card":"summary_large_image","twitter_misc":{"Dur\u00e9e de lecture estim\u00e9e":"2 minutes"},"schema":{"@context":"https:\/\/schema.org","@graph":[{"@type":"WebPage","@id":"https:\/\/bodasencubafiestas.com\/fr\/mariage-varadero\/","url":"https:\/\/bodasencubafiestas.com\/fr\/mariage-varadero\/","name":"Mariage Varadero","isPartOf":{"@id":"https:\/\/bodasencubafiestas.com\/fr\/#website"},"datePublished":"2024-06-01T13:51:41+00:00","dateModified":"2024-06-01T14:02:17+00:00","description":"Nous organisons des mariages \u00e0 Varadero Cuba. La plage de Varadero est id\u00e9ale pour votre f\u00eate de mariage. Contactez-nous et profitez simplement de votre journ\u00e9e sp\u00e9ciale.","breadcrumb":{"@id":"https:\/\/bodasencubafiestas.com\/fr\/mariage-varadero\/#breadcrumb"},"inLanguage":"fr-FR","potentialAction":[{"@type":"ReadAction","target":["https:\/\/bodasencubafiestas.com\/fr\/mariage-varadero\/"]}]},{"@type":"BreadcrumbList","@id":"https:\/\/bodasencubafiestas.com\/fr\/mariage-varadero\/#breadcrumb","itemListElement":[{"@type":"ListItem","position":1,"name":"Home","item":"https:\/\/bodasencubafiestas.com\/fr\/"},{"@type":"ListItem","position":2,"name":"Mariage Varadero"}]},{"@type":"WebSite","@id":"https:\/\/bodasencubafiestas.com\/fr\/#website","url":"https:\/\/bodasencubafiestas.com\/fr\/","name":"Bodas en Cuba Fiestas","description":"","publisher":{"@id":"https:\/\/bodasencubafiestas.com\/fr\/#organization"},"potentialAction":[{"@type":"SearchAction","target":{"@type":"EntryPoint","urlTemplate":"https:\/\/bodasencubafiestas.com\/fr\/?s={search_term_string}"},"query-input":{"@type":"PropertyValueSpecification","valueRequired":true,"valueName":"search_term_string"}}],"inLanguage":"fr-FR"},{"@type":"Organization","@id":"https:\/\/bodasencubafiestas.com\/fr\/#organization","name":"Bodas en Cuba Fiestas","url":"https:\/\/bodasencubafiestas.com\/fr\/","logo":{"@type":"ImageObject","inLanguage":"fr-FR","@id":"https:\/\/bodasencubafiestas.com\/fr\/#\/schema\/logo\/image\/","url":"https:\/\/bodasencubafiestas.com\/wp-content\/uploads\/2026\/03\/BodasenCubaFiestas-logo.png","contentUrl":"https:\/\/bodasencubafiestas.com\/wp-content\/uploads\/2026\/03\/BodasenCubaFiestas-logo.png","width":696,"height":696,"caption":"Bodas en Cuba Fiestas"},"image":{"@id":"https:\/\/bodasencubafiestas.com\/fr\/#\/schema\/logo\/image\/"},"sameAs":["https:\/\/www.facebook.com\/p\/Bodas-en-Cuba-fiestas-decoraciones-para-eventos-100064305390336\/","https:\/\/www.instagram.com\/bodasencubafiestas\/"]}]}},"_links":{"self":[{"href":"https:\/\/bodasencubafiestas.com\/fr\/wp-json\/wp\/v2\/pages\/24710","targetHints":{"allow":["GET"]}}],"collection":[{"href":"https:\/\/bodasencubafiestas.com\/fr\/wp-json\/wp\/v2\/pages"}],"about":[{"href":"https:\/\/bodasencubafiestas.com\/fr\/wp-json\/wp\/v2\/types\/page"}],"author":[{"embeddable":true,"href":"https:\/\/bodasencubafiestas.com\/fr\/wp-json\/wp\/v2\/users\/2"}],"replies":[{"embeddable":true,"href":"https:\/\/bodasencubafiestas.com\/fr\/wp-json\/wp\/v2\/comments?post=24710"}],"version-history":[{"count":0,"href":"https:\/\/bodasencubafiestas.com\/fr\/wp-json\/wp\/v2\/pages\/24710\/revisions"}],"wp:attachment":[{"href":"https:\/\/bodasencubafiestas.com\/fr\/wp-json\/wp\/v2\/media?parent=24710"}],"curies":[{"name":"wp","href":"https:\/\/api.w.org\/{rel}","templated":true}]}}