{"id":21270,"date":"2024-03-14T14:56:06","date_gmt":"2024-03-14T18:56:06","guid":{"rendered":"https:\/\/bodasencubafiestas.com\/fotografo-a-cuba\/"},"modified":"2024-03-14T14:56:06","modified_gmt":"2024-03-14T18:56:06","slug":"fotografo-a-cuba","status":"publish","type":"page","link":"https:\/\/bodasencubafiestas.com\/it\/fotografo-a-cuba\/","title":{"rendered":"Fotografo a Cuba"},"content":{"rendered":"<div class=\"wpb-content-wrapper\"><p>[vc_row][vc_column][vc_empty_space][\/vc_column][\/vc_row][vc_row][vc_column][vc_column_text]A Cuba la fotografia \u00e8 un&#8217;arte che fiorisce in ogni angolo e si fonde con la vita quotidiana in un paese dai luoghi pittoreschi. Abbiamo la fortuna di avere professionisti in quest&#8217;arte con la versatilit\u00e0 necessaria per intraprendere un tour fotografico specializzato o scattare istantanee uniche agli eventi che organizziamo. Se ti stai chiedendo quanto costa un fotografo? oppure Dove si scattano le foto a Cuba? Sei nel posto giusto per scoprirlo. Scopri l&#8217;affascinante mondo della fotografia commerciale a Cuba.<\/p>\n<p>&nbsp;<\/p>\n<h1><strong>Offerte studio fotografico a L&#8217;Avana<\/strong><\/h1>\n<p>&nbsp;<\/p>\n<p>Gli spazi per la fotografia a L&#8217;Avana dispongono di diversi servizi per soddisfare tutti i gusti. Sessioni familiari e creative, ritratti artistici e classici, sono alcune delle opzioni a cui puoi accedere. Esplora le offerte disponibili e scegli lo stile che meglio si adatta alla tua visione.<\/p>\n<p>Allo stesso modo, sono riconosciuti per adattarsi alle preferenze e agli stili di ogni cliente. Forniscono sessioni personalizzate per matrimoni, fidanzamenti, gravidanze, neonati, famiglia, ecc. Con attrezzature di alta qualit\u00e0 e un approccio creativo, garantiscono risultati eccezionali che superano le aspettative.<\/p>\n<p>Troverai anche fotografi talentuosi e appassionati che si dedicano a catturare l&#8217;essenza e la bellezza di ogni momento. Attraverso le loro capacit\u00e0 artistiche e tecniche, trasformano i momenti quotidiani in capolavori. Inoltre, sanno giocare con la luce, i colori e le emozioni, il che garantisce immagini sorprendenti e memorabili.<\/p>\n<h1><\/h1>\n<h1><strong>Fotografi all&#8217;Avana<\/strong><\/h1>\n<p>&nbsp;<\/p>\n<p>Che tu stia cercando un fotografo per il tuo matrimonio, una sessione di famiglia o semplicemente per esplorare la citt\u00e0, troverai talento e creativit\u00e0 dietro ogni angolo. Si distinguono per la capacit\u00e0 di catturare l&#8217;essenza e la bellezza di ogni momento. Con anni di esperienza e un approccio creativo, i fotografi cubani sono riconosciuti per la loro qualit\u00e0 e passione per l&#8217;arte visiva.<\/p>\n<p>&nbsp;<\/p>\n<h1><strong>Studi fotografici per bambini all&#8217;Avana<\/strong><\/h1>\n<p>&nbsp;<\/p>\n<p>Gli studi fotografici per bambini sono spazi dove creativit\u00e0 e divertimento si uniscono per catturare l&#8217;essenza dell&#8217;infanzia. Si distinguono per la loro professionalit\u00e0 quando si tratta di catturare l&#8217;innocenza e la gioia dei pi\u00f9 piccoli. Con ambientazioni appositamente studiate per creare un&#8217;atmosfera giocosa e accogliente, i bambini si divertono mentre vengono fotografati.<\/p>\n<p>Forniscono anche servizi speciali, creando momenti magici e divertenti che vengono catturati in bellissime fotografie. Attraverso sessioni tematiche su vari argomenti e ritratti classici, i vostri piccoli si sentiranno delle vere e proprie star davanti alla macchina fotografica. Ogni sessione fotografica \u00e8 un&#8217;esperienza unica e personalizzata, adattata alle preferenze di ogni bambino. I fotografi sanno come catturare l&#8217;essenza dell&#8217;infanzia in modo creativo ed emotivo. I bambini si sentono a proprio agio e liberi di esprimersi, cosa che si riflette in ogni immagine.<\/p>\n<p>Se vuoi immortalare i momenti pi\u00f9 preziosi dei tuoi piccoli con stile e professionalit\u00e0, gli studi fotografici specializzati a L&#8217;Avana sono il luogo perfetto per creare ricordi che dureranno per sempre.[\/vc_column_text][\/vc_column][\/vc_row][vc_row][vc_column][vc_single_image image=&#8221;21169&#8243; img_size=&#8221;full&#8221; alignment=&#8221;center&#8221;][\/vc_column][\/vc_row][vc_row][vc_column][vc_column_text]<\/p>\n<h1><strong>Quanto guadagna un fotografo a L&#8217;Avana?<\/strong><\/h1>\n<p>&nbsp;<\/p>\n<p>I prezzi variano a seconda di vari fattori, come l&#8217;esperienza del fotografo, la durata della sessione e i servizi inclusi. Nonostante ci\u00f2, mantengono prezzi competitivi e accessibili per i propri clienti. Con opzioni adatte a budget ed esigenze diverse, \u00e8 possibile trovare pacchetti personalizzati che garantiscono un&#8217;esperienza fotografica indimenticabile senza compromettere la qualit\u00e0. Troverai sessioni base e pacchetti completi con album personalizzati; \u00c8 importante comunicare le tue aspettative e il tuo budget al fotografo per trovare l&#8217;opzione migliore. Ti consigliamo di contattare direttamente lo studio di tua scelta per ottenere informazioni dettagliate sulle tariffe e sui pacchetti disponibili.<\/p>\n<p>&nbsp;<\/p>\n<h1><b><span style=\"color: windowtext;\">Dove vengono scattate le sessioni fotografiche a Cuba?<\/span><\/b><\/h1>\n<p>Cuba offre ambientazioni uniche per sessioni fotografiche indimenticabili. Le strade e gli edifici dell&#8217;Avana Vecchia, le spiagge paradisiache di Varadero, gli hotel, i parchi, ecc., ogni angolo dell&#8217;isola \u00e8 un&#8217;opportunit\u00e0 per creare immagini memorabili. Non esitare a esplorare luoghi diversi per trovare l&#8217;ambientazione perfetta che integri la tua visione.<\/p>\n<p>Se vuoi trovare il fotografo ideale per la tua celebrazione, assicurati di essere adeguatamente informato. <em>La nostra agenzia di organizzazione eventi Bodas en Cuba Fiestas<\/em> risiede nella capitale cubana, ma organizziamo eventi in tutta l&#8217;isola. Possiamo aiutarti a coordinare tutti i dettagli. Devi solo compilare il modulo sottostante e sarai assistito immediatamente.<\/p>\n<p>[\/vc_column_text][\/vc_column][\/vc_row][vc_row css=&#8221;.vc_custom_1619751404775{background-color: #ffffff !important;}&#8221;][vc_column][vc_text_separator title=&#8221;Contattaci Ora!!&#8221;]\n<div class=\"wpcf7 no-js\" id=\"wpcf7-f1864-o1\" lang=\"es-ES\" dir=\"ltr\" data-wpcf7-id=\"1864\">\n<div class=\"screen-reader-response\"><p role=\"status\" aria-live=\"polite\" aria-atomic=\"true\"><\/p> <ul><\/ul><\/div>\n<form action=\"\/it\/wp-json\/wp\/v2\/pages\/21270#wpcf7-f1864-o1\" method=\"post\" class=\"wpcf7-form init\" aria-label=\"Formulario de contacto\" novalidate=\"novalidate\" data-status=\"init\">\n<fieldset class=\"hidden-fields-container\"><input type=\"hidden\" name=\"_wpcf7\" value=\"1864\" \/><input type=\"hidden\" name=\"_wpcf7_version\" value=\"6.1.5\" \/><input type=\"hidden\" name=\"_wpcf7_locale\" value=\"es_ES\" \/><input type=\"hidden\" name=\"_wpcf7_unit_tag\" value=\"wpcf7-f1864-o1\" \/><input type=\"hidden\" name=\"_wpcf7_container_post\" value=\"0\" \/><input type=\"hidden\" name=\"_wpcf7_posted_data_hash\" value=\"\" \/>\n<\/fieldset>\n<p><label>Nombre (requerido)<br \/>\n<span class=\"wpcf7-form-control-wrap\" data-name=\"your-name\"><input size=\"40\" maxlength=\"400\" class=\"wpcf7-form-control wpcf7-text wpcf7-validates-as-required\" aria-required=\"true\" aria-invalid=\"false\" placeholder=\"Su Nombre aqu\u00ed\" value=\"\" type=\"text\" name=\"your-name\" \/><\/span><\/label><br \/>\n<label> Email (requerido)<br \/>\n<span class=\"wpcf7-form-control-wrap\" data-name=\"your-email\"><input size=\"40\" maxlength=\"400\" class=\"wpcf7-form-control wpcf7-email wpcf7-validates-as-required wpcf7-text wpcf7-validates-as-email\" aria-required=\"true\" aria-invalid=\"false\" placeholder=\"Su Email aqu\u00ed\" value=\"\" type=\"email\" name=\"your-email\" \/><\/span><\/label><br \/>\n<label>Pa\u00eds (requerido)<br \/>\n[uacf7_country_dropdown* uacf7_country_dropdown-160 country_auto_complete]<\/label><br \/>\n<label>Tel\u00e9fono (requerido)<br \/>\n<span class=\"wpcf7-form-control-wrap\" data-name=\"tel-780\"><input size=\"40\" maxlength=\"400\" class=\"wpcf7-form-control wpcf7-tel wpcf7-validates-as-required wpcf7-text wpcf7-validates-as-tel\" aria-required=\"true\" aria-invalid=\"false\" value=\"\" type=\"tel\" name=\"tel-780\" \/><\/span><\/label><br \/>\n<label>Tipo de evento o servicio (requerido)<br \/>\n<span class=\"wpcf7-form-control-wrap\" data-name=\"tipo-evento\"><select class=\"wpcf7-form-control wpcf7-select wpcf7-validates-as-required\" aria-required=\"true\" aria-invalid=\"false\" name=\"tipo-evento\"><option value=\"--Seleccione--\">--Seleccione--<\/option><option value=\"Boda\">Boda<\/option><option value=\"Renovaci\u00f3n de Votos\">Renovaci\u00f3n de Votos<\/option><option value=\"Negocios\">Negocios<\/option><option value=\"Evento Privado - Fiesta\">Evento Privado - Fiesta<\/option><option value=\"Cumplea\u00f1os Infantil\">Cumplea\u00f1os Infantil<\/option><option value=\"Fiesta de 15 A\u00f1os\">Fiesta de 15 A\u00f1os<\/option><option value=\"Fotos de 15 (Estudio y Exteriores)\">Fotos de 15 (Estudio y Exteriores)<\/option><option value=\"Anillos de compromiso\">Anillos de compromiso<\/option><\/select><\/span><\/label><br \/>\n<label>Estilo (requerido)<br \/>\n<span class=\"wpcf7-form-control-wrap\" data-name=\"Estilo\"><select class=\"wpcf7-form-control wpcf7-select wpcf7-validates-as-required\" aria-required=\"true\" aria-invalid=\"false\" name=\"Estilo\"><option value=\"--Seleccione--\">--Seleccione--<\/option><option value=\"Cl\u00e1sico (lujoso)\">Cl\u00e1sico (lujoso)<\/option><option value=\"Rom\u00e1ntico\">Rom\u00e1ntico<\/option><option value=\"Vintage\">Vintage<\/option><option value=\"Shabby Chic\">Shabby Chic<\/option><option value=\"Boho Chic\">Boho Chic<\/option><option value=\"Ecl\u00e9ctico\">Ecl\u00e9ctico<\/option><option value=\"Moderno\">Moderno<\/option><option value=\"Natural, Ecol\u00f3gico\">Natural, Ecol\u00f3gico<\/option><option value=\"Minimalista (simplificado)\">Minimalista (simplificado)<\/option><option value=\"Tradicional\">Tradicional<\/option><option value=\"Todav\u00eda no lo tengo, \u00a1ay\u00fadame!\">Todav\u00eda no lo tengo, \u00a1ay\u00fadame!<\/option><\/select><\/span><\/label><br \/>\n<label>Ubicaci\u00f3n preferida (requerido)<br \/>\n<span class=\"wpcf7-form-control-wrap\" data-name=\"checkbox-location\"><span class=\"wpcf7-form-control wpcf7-checkbox wpcf7-validates-as-required\"><span class=\"wpcf7-list-item first\"><input type=\"checkbox\" name=\"checkbox-location[]\" value=\"Playa\" \/><span class=\"wpcf7-list-item-label\">Playa<\/span><\/span><span class=\"wpcf7-list-item\"><input type=\"checkbox\" name=\"checkbox-location[]\" value=\"Apartamento con Vista al Mar\" \/><span class=\"wpcf7-list-item-label\">Apartamento con Vista al Mar<\/span><\/span><span class=\"wpcf7-list-item\"><input type=\"checkbox\" name=\"checkbox-location[]\" value=\"Jard\u00edn\" \/><span class=\"wpcf7-list-item-label\">Jard\u00edn<\/span><\/span><span class=\"wpcf7-list-item\"><input type=\"checkbox\" name=\"checkbox-location[]\" value=\"Campo\" \/><span class=\"wpcf7-list-item-label\">Campo<\/span><\/span><span class=\"wpcf7-list-item\"><input type=\"checkbox\" name=\"checkbox-location[]\" value=\"Villa Privada\" \/><span class=\"wpcf7-list-item-label\">Villa Privada<\/span><\/span><span class=\"wpcf7-list-item\"><input type=\"checkbox\" name=\"checkbox-location[]\" value=\"Sal\u00f3n\" \/><span class=\"wpcf7-list-item-label\">Sal\u00f3n<\/span><\/span><span class=\"wpcf7-list-item last\"><input type=\"checkbox\" name=\"checkbox-location[]\" value=\"Hotel\" \/><span class=\"wpcf7-list-item-label\">Hotel<\/span><\/span><\/span><\/span><\/label><br \/>\n<label>Presupuesto aproximado (requerido)<br \/>\n<span class=\"wpcf7-form-control-wrap\" data-name=\"presupuesto\"><select class=\"wpcf7-form-control wpcf7-select wpcf7-validates-as-required\" aria-required=\"true\" aria-invalid=\"false\" name=\"presupuesto\"><option value=\"--Seleccione--\">--Seleccione--<\/option><option value=\"100 \u00f7 350 USD\">100 \u00f7 350 USD<\/option><option value=\"350 \u00f7 600 USD\">350 \u00f7 600 USD<\/option><option value=\"600 \u00f7 1000 USD\">600 \u00f7 1000 USD<\/option><option value=\"1000 \u00f7 1500 USD\">1000 \u00f7 1500 USD<\/option><option value=\"1500 \u00f7 2000 USD\">1500 \u00f7 2000 USD<\/option><option value=\"2000 \u00f7 3000 USD\">2000 \u00f7 3000 USD<\/option><option value=\"3000 \u00f7 7000 USD\">3000 \u00f7 7000 USD<\/option><option value=\"7000 \u00f7 15 000 USD\">7000 \u00f7 15 000 USD<\/option><option value=\"15 000 \u00f7 20 000 USD\">15 000 \u00f7 20 000 USD<\/option><option value=\"20 000 \u00f7 25 000 USD\">20 000 \u00f7 25 000 USD<\/option><option value=\"25 000 \u00f7 USD ilimitado\">25 000 \u00f7 USD ilimitado<\/option><\/select><\/span><\/label><br \/>\n<label>N\u00famero de personas (requerido)<br \/>\n<span class=\"wpcf7-form-control-wrap\" data-name=\"cantidad-personas\"><select class=\"wpcf7-form-control wpcf7-select wpcf7-validates-as-required\" aria-required=\"true\" aria-invalid=\"false\" name=\"cantidad-personas\"><option value=\"--Seleccione--\">--Seleccione--<\/option><option value=\"1\">1<\/option><option value=\"2\">2<\/option><option value=\"3 - 10\">3 - 10<\/option><option value=\"10 - 20\">10 - 20<\/option><option value=\"20 - 30\">20 - 30<\/option><option value=\"30 - 40\">30 - 40<\/option><option value=\"40 - 50\">40 - 50<\/option><option value=\"50 - 70\">50 - 70<\/option><option value=\"70 - 100\">70 - 100<\/option><option value=\"100 - 150\">100 - 150<\/option><option value=\"150 - 200\">150 - 200<\/option><option value=\"200 - 300\">200 - 300<\/option><\/select><\/span><\/label><br \/>\n<label>Fecha (requerido)<br \/>\n<span class=\"wpcf7-form-control-wrap\" data-name=\"date-931\"><input class=\"wpcf7-form-control wpcf7-date wpcf7-validates-as-required wpcf7-validates-as-date\" aria-required=\"true\" aria-invalid=\"false\" value=\"\" type=\"date\" name=\"date-931\" \/><\/span><\/label><br \/>\n<label>Tu mensaje<br \/>\n<span class=\"wpcf7-form-control-wrap\" data-name=\"tu-mensaje\"><textarea cols=\"40\" rows=\"10\" maxlength=\"2000\" class=\"wpcf7-form-control wpcf7-textarea\" aria-invalid=\"false\" name=\"tu-mensaje\"><\/textarea><\/span><\/label><br \/>\n<input class=\"wpcf7-form-control wpcf7-submit has-spinner\" type=\"submit\" value=\"Enviar\" \/>\n<\/p><div class=\"wpcf7-response-output\" aria-hidden=\"true\"><\/div>\n<\/form>\n<\/div>\n[\/vc_column][\/vc_row]<\/p>\n<\/div>","protected":false},"excerpt":{"rendered":"<p>[vc_row][vc_column][vc_empty_space][\/vc_column][\/vc_row][vc_row][vc_column][vc_column_text]A Cuba la fotografia \u00e8 un&#8217;arte che fiorisce in ogni angolo e si fonde con la vita quotidiana in un paese dai luoghi pittoreschi. Abbiamo la fortuna di avere professionisti [&hellip;]<\/p>\n","protected":false},"author":2,"featured_media":0,"parent":0,"menu_order":0,"comment_status":"closed","ping_status":"closed","template":"","meta":{"_uf_show_specific_survey":0,"_uf_disable_surveys":false,"_joinchat":[],"footnotes":""},"class_list":["post-21270","page","type-page","status-publish","hentry"],"yoast_head":"<!-- This site is optimized with the Yoast SEO plugin v27.0 - https:\/\/yoast.com\/product\/yoast-seo-wordpress\/ -->\n<title>Fotografo a Cuba<\/title>\n<meta name=\"description\" content=\"Scopri l&#039;affascinante mondo della fotografia a Cuba. Trova offerte allettanti ed esplora studi specializzati per qualsiasi budget\" \/>\n<meta name=\"robots\" content=\"index, follow, max-snippet:-1, max-image-preview:large, max-video-preview:-1\" \/>\n<link rel=\"canonical\" href=\"https:\/\/bodasencubafiestas.com\/it\/fotografo-a-cuba\/\" \/>\n<meta property=\"og:locale\" content=\"it_IT\" \/>\n<meta property=\"og:type\" content=\"article\" \/>\n<meta property=\"og:title\" content=\"Fotografo a Cuba\" \/>\n<meta property=\"og:description\" content=\"Scopri l&#039;affascinante mondo della fotografia a Cuba. Trova offerte allettanti ed esplora studi specializzati per qualsiasi budget\" \/>\n<meta property=\"og:url\" content=\"https:\/\/bodasencubafiestas.com\/it\/fotografo-a-cuba\/\" \/>\n<meta property=\"og:site_name\" content=\"Bodas en Cuba Fiestas\" \/>\n<meta property=\"article:publisher\" content=\"https:\/\/www.facebook.com\/p\/Bodas-en-Cuba-fiestas-decoraciones-para-eventos-100064305390336\/\" \/>\n<meta name=\"twitter:card\" content=\"summary_large_image\" \/>\n<meta name=\"twitter:label1\" content=\"Tempo di lettura stimato\" \/>\n\t<meta name=\"twitter:data1\" content=\"4 minuti\" \/>\n<script type=\"application\/ld+json\" class=\"yoast-schema-graph\">{\"@context\":\"https:\/\/schema.org\",\"@graph\":[{\"@type\":\"WebPage\",\"@id\":\"https:\/\/bodasencubafiestas.com\/it\/fotografo-a-cuba\/\",\"url\":\"https:\/\/bodasencubafiestas.com\/it\/fotografo-a-cuba\/\",\"name\":\"Fotografo a Cuba\",\"isPartOf\":{\"@id\":\"https:\/\/bodasencubafiestas.com\/it\/#website\"},\"datePublished\":\"2024-03-14T18:56:06+00:00\",\"description\":\"Scopri l'affascinante mondo della fotografia a Cuba. Trova offerte allettanti ed esplora studi specializzati per qualsiasi budget\",\"breadcrumb\":{\"@id\":\"https:\/\/bodasencubafiestas.com\/it\/fotografo-a-cuba\/#breadcrumb\"},\"inLanguage\":\"it-IT\",\"potentialAction\":[{\"@type\":\"ReadAction\",\"target\":[\"https:\/\/bodasencubafiestas.com\/it\/fotografo-a-cuba\/\"]}]},{\"@type\":\"BreadcrumbList\",\"@id\":\"https:\/\/bodasencubafiestas.com\/it\/fotografo-a-cuba\/#breadcrumb\",\"itemListElement\":[{\"@type\":\"ListItem\",\"position\":1,\"name\":\"Home\",\"item\":\"https:\/\/bodasencubafiestas.com\/it\/\"},{\"@type\":\"ListItem\",\"position\":2,\"name\":\"Fotografo a Cuba\"}]},{\"@type\":\"WebSite\",\"@id\":\"https:\/\/bodasencubafiestas.com\/it\/#website\",\"url\":\"https:\/\/bodasencubafiestas.com\/it\/\",\"name\":\"Bodas en Cuba Fiestas\",\"description\":\"\",\"publisher\":{\"@id\":\"https:\/\/bodasencubafiestas.com\/it\/#organization\"},\"potentialAction\":[{\"@type\":\"SearchAction\",\"target\":{\"@type\":\"EntryPoint\",\"urlTemplate\":\"https:\/\/bodasencubafiestas.com\/it\/?s={search_term_string}\"},\"query-input\":{\"@type\":\"PropertyValueSpecification\",\"valueRequired\":true,\"valueName\":\"search_term_string\"}}],\"inLanguage\":\"it-IT\"},{\"@type\":\"Organization\",\"@id\":\"https:\/\/bodasencubafiestas.com\/it\/#organization\",\"name\":\"Bodas en Cuba Fiestas\",\"url\":\"https:\/\/bodasencubafiestas.com\/it\/\",\"logo\":{\"@type\":\"ImageObject\",\"inLanguage\":\"it-IT\",\"@id\":\"https:\/\/bodasencubafiestas.com\/it\/#\/schema\/logo\/image\/\",\"url\":\"https:\/\/bodasencubafiestas.com\/wp-content\/uploads\/2026\/03\/BodasenCubaFiestas-logo.png\",\"contentUrl\":\"https:\/\/bodasencubafiestas.com\/wp-content\/uploads\/2026\/03\/BodasenCubaFiestas-logo.png\",\"width\":696,\"height\":696,\"caption\":\"Bodas en Cuba Fiestas\"},\"image\":{\"@id\":\"https:\/\/bodasencubafiestas.com\/it\/#\/schema\/logo\/image\/\"},\"sameAs\":[\"https:\/\/www.facebook.com\/p\/Bodas-en-Cuba-fiestas-decoraciones-para-eventos-100064305390336\/\",\"https:\/\/www.instagram.com\/bodasencubafiestas\/\"]}]}<\/script>\n<!-- \/ Yoast SEO plugin. -->","yoast_head_json":{"title":"Fotografo a Cuba","description":"Scopri l'affascinante mondo della fotografia a Cuba. Trova offerte allettanti ed esplora studi specializzati per qualsiasi budget","robots":{"index":"index","follow":"follow","max-snippet":"max-snippet:-1","max-image-preview":"max-image-preview:large","max-video-preview":"max-video-preview:-1"},"canonical":"https:\/\/bodasencubafiestas.com\/it\/fotografo-a-cuba\/","og_locale":"it_IT","og_type":"article","og_title":"Fotografo a Cuba","og_description":"Scopri l'affascinante mondo della fotografia a Cuba. Trova offerte allettanti ed esplora studi specializzati per qualsiasi budget","og_url":"https:\/\/bodasencubafiestas.com\/it\/fotografo-a-cuba\/","og_site_name":"Bodas en Cuba Fiestas","article_publisher":"https:\/\/www.facebook.com\/p\/Bodas-en-Cuba-fiestas-decoraciones-para-eventos-100064305390336\/","twitter_card":"summary_large_image","twitter_misc":{"Tempo di lettura stimato":"4 minuti"},"schema":{"@context":"https:\/\/schema.org","@graph":[{"@type":"WebPage","@id":"https:\/\/bodasencubafiestas.com\/it\/fotografo-a-cuba\/","url":"https:\/\/bodasencubafiestas.com\/it\/fotografo-a-cuba\/","name":"Fotografo a Cuba","isPartOf":{"@id":"https:\/\/bodasencubafiestas.com\/it\/#website"},"datePublished":"2024-03-14T18:56:06+00:00","description":"Scopri l'affascinante mondo della fotografia a Cuba. Trova offerte allettanti ed esplora studi specializzati per qualsiasi budget","breadcrumb":{"@id":"https:\/\/bodasencubafiestas.com\/it\/fotografo-a-cuba\/#breadcrumb"},"inLanguage":"it-IT","potentialAction":[{"@type":"ReadAction","target":["https:\/\/bodasencubafiestas.com\/it\/fotografo-a-cuba\/"]}]},{"@type":"BreadcrumbList","@id":"https:\/\/bodasencubafiestas.com\/it\/fotografo-a-cuba\/#breadcrumb","itemListElement":[{"@type":"ListItem","position":1,"name":"Home","item":"https:\/\/bodasencubafiestas.com\/it\/"},{"@type":"ListItem","position":2,"name":"Fotografo a Cuba"}]},{"@type":"WebSite","@id":"https:\/\/bodasencubafiestas.com\/it\/#website","url":"https:\/\/bodasencubafiestas.com\/it\/","name":"Bodas en Cuba Fiestas","description":"","publisher":{"@id":"https:\/\/bodasencubafiestas.com\/it\/#organization"},"potentialAction":[{"@type":"SearchAction","target":{"@type":"EntryPoint","urlTemplate":"https:\/\/bodasencubafiestas.com\/it\/?s={search_term_string}"},"query-input":{"@type":"PropertyValueSpecification","valueRequired":true,"valueName":"search_term_string"}}],"inLanguage":"it-IT"},{"@type":"Organization","@id":"https:\/\/bodasencubafiestas.com\/it\/#organization","name":"Bodas en Cuba Fiestas","url":"https:\/\/bodasencubafiestas.com\/it\/","logo":{"@type":"ImageObject","inLanguage":"it-IT","@id":"https:\/\/bodasencubafiestas.com\/it\/#\/schema\/logo\/image\/","url":"https:\/\/bodasencubafiestas.com\/wp-content\/uploads\/2026\/03\/BodasenCubaFiestas-logo.png","contentUrl":"https:\/\/bodasencubafiestas.com\/wp-content\/uploads\/2026\/03\/BodasenCubaFiestas-logo.png","width":696,"height":696,"caption":"Bodas en Cuba Fiestas"},"image":{"@id":"https:\/\/bodasencubafiestas.com\/it\/#\/schema\/logo\/image\/"},"sameAs":["https:\/\/www.facebook.com\/p\/Bodas-en-Cuba-fiestas-decoraciones-para-eventos-100064305390336\/","https:\/\/www.instagram.com\/bodasencubafiestas\/"]}]}},"_links":{"self":[{"href":"https:\/\/bodasencubafiestas.com\/it\/wp-json\/wp\/v2\/pages\/21270","targetHints":{"allow":["GET"]}}],"collection":[{"href":"https:\/\/bodasencubafiestas.com\/it\/wp-json\/wp\/v2\/pages"}],"about":[{"href":"https:\/\/bodasencubafiestas.com\/it\/wp-json\/wp\/v2\/types\/page"}],"author":[{"embeddable":true,"href":"https:\/\/bodasencubafiestas.com\/it\/wp-json\/wp\/v2\/users\/2"}],"replies":[{"embeddable":true,"href":"https:\/\/bodasencubafiestas.com\/it\/wp-json\/wp\/v2\/comments?post=21270"}],"version-history":[{"count":0,"href":"https:\/\/bodasencubafiestas.com\/it\/wp-json\/wp\/v2\/pages\/21270\/revisions"}],"wp:attachment":[{"href":"https:\/\/bodasencubafiestas.com\/it\/wp-json\/wp\/v2\/media?parent=21270"}],"curies":[{"name":"wp","href":"https:\/\/api.w.org\/{rel}","templated":true}]}}