{"id":21462,"date":"2024-03-25T12:37:09","date_gmt":"2024-03-25T16:37:09","guid":{"rendered":"https:\/\/bodasencubafiestas.com\/buffet-per-catering-feste\/"},"modified":"2024-09-21T18:40:24","modified_gmt":"2024-09-21T22:40:24","slug":"buffet-per-catering-feste","status":"publish","type":"page","link":"https:\/\/bodasencubafiestas.com\/it\/buffet-per-catering-feste\/","title":{"rendered":"Buffet per Catering Feste"},"content":{"rendered":"<div class=\"wpb-content-wrapper\"><p>[vc_row full_width=&#8221;stretch_row&#8221; content_placement=&#8221;middle&#8221;][vc_column][vc_zigzag][\/vc_column][\/vc_row][vc_row full_width=&#8221;stretch_row&#8221; content_placement=&#8221;middle&#8221; css=&#8221;.vc_custom_1654732792379{margin-top: 40px !important;}&#8221;][vc_column width=&#8221;2\/3&#8243;]<h2 class=\"ozy-divider-cap-left wpb_content_element \"  style=\"color:#590455\" >Buffet para fiestas en Cuba<\/h2><div class=\"ozy-content-divider \" style=\"border-top-style:solid;border-top-width:2px;border-top-color:#590455!important;width:40px;max-width:40px;left:0;\"><\/div>[vc_column_text css=&#8221;.vc_custom_1691066243444{margin-top: 20px !important;}&#8221;]Servizio buffet per feste a Cuba. Siamo in grado di soddisfare i gusti pi\u00f9 squisiti e di offrire una variet\u00e0 di piatti che spaziano dalla tipica cucina cubana alla cucina internazionale pi\u00f9 raffinata.<\/p>\n<p>La nostra pasticceria \u00e8 specializzata e offriamo un ampio spettro di consistenze e sapori in torte, pasticcini e dolci. Il cliente pu\u00f2 scegliere il sapore e il ripieno, nonch\u00e9 il design e il colore.<\/p>\n<p>Se vuoi organizzare un <a href=\"http:\/\/bodasencubafiestas.com\" target=\"_blank\" rel=\"noopener\">matrimonio a Cuba<\/a>, un evento aziendale, festeggiare un <a href=\"http:\/\/bodasencubafiestas.com\/fiesta-15-cuba-habana-fotos-quinceaneras-trajes\/\">gala del 15<\/a> o organizzare una festa privata e non hai il servizio buffet: contattaci. Nella nostra agenzia abbiamo diversi chef, maestri pasticceri e personale altamente qualificato.[\/vc_column_text][\/vc_column][vc_column width=&#8221;1\/3&#8243;][vc_masonry_media_grid item=&#8221;mediaGrid_SimpleOverlay&#8221; grid_id=&#8221;vc_gid:1726958398346-8a522d51-4805-7&#8243; include=&#8221;3222,3218,3216,2172,3255,17662&#8243;][\/vc_column][\/vc_row][vc_row][vc_column][vc_custom_heading text=&#8221;Servizio di ristorazione a Cuba&#8221; font_container=&#8221;tag:h3|text_align:center|color:%23c09e6f&#8221; google_fonts=&#8221;font_family:Lovers%20Quarrel%3Anormal|font_style:300%20light%3A300%3Anormal&#8221;]\n<div id=\"ofd-20925\" class=\"ozy-floral-divider ornament_5 align-center \">\n<svg viewBox=\"0 0 255.12 23.4\"><use xlink:href=\"https:\/\/bodasencubafiestas.com\/wp-content\/plugins\/ozy-wedding-planner-essentials\/images\/ornament_divider5.svg#ornament_divider5\"><\/use><\/svg><\/div>[vc_empty_space][vc_column_text css=&#8221;.vc_custom_1572325345793{margin-top: 20px !important;}&#8221;]Disponiamo delle attrezzature e del personale per fornire il servizio catering presso la sede nel caso in cui l&#8217;evento finisca. Contattaci. Addolciremo la tua festa&#8230;[\/vc_column_text][vc_cta h2=&#8221;Chequea aqu\u00ed opciones de Paquetes para Bodas, Fiestas de 15 y Fotograf\u00eda. Sigue los enlaces:&#8221; txt_align=&#8221;center&#8221;]<\/p>\n<ul>\n<li><a href=\"http:\/\/bodasencubafiestas.com\/paquetes-de-bodas-en-cuba\/\">Pacchetto matrimonio economico<\/a><\/li>\n<li><a href=\"http:\/\/bodasencubafiestas.com\/paquetes-de-boda-en-la-playa-todo-incluido\/\">Pacchetto matrimonio sulla spiaggia tutto compreso<\/a><\/li>\n<li><a href=\"http:\/\/bodasencubafiestas.com\/paquete-luna-de-miel-cuba\/\">Pacchetto di nozze per la luna di miele<\/a><\/li>\n<li><a href=\"http:\/\/bodasencubafiestas.com\/paquete-de-15-anos-cuba\/\" target=\"_blank\" rel=\"noopener\">Pacchetti per feste Quinceanera<\/a><\/li>\n<li><a href=\"http:\/\/bodasencubafiestas.com\/fotos-de-15-en-cuba-precios-quinceaneras\/\" target=\"_blank\" rel=\"noopener\">Foto di 15 anni<\/a><\/li>\n<li><a href=\"http:\/\/bodasencubafiestas.com\">Vai alla pagina principale<\/a><\/li>\n<\/ul>\n<p>[\/vc_cta][\/vc_column][\/vc_row][vc_row css=&#8221;.vc_custom_1619645720388{background-color: #ffffff !important;}&#8221;][vc_column][vc_text_separator title=&#8221;Contattaci Ora!!&#8221;][vc_column_text css=&#8221;&#8221;]<div class=\"wpforms-container wpforms-container-full wpforms-render-modern\" id=\"wpforms-28207\"><form id=\"wpforms-form-28207\" class=\"wpforms-validate wpforms-form\" data-formid=\"28207\" method=\"post\" enctype=\"multipart\/form-data\" action=\"\/it\/wp-json\/wp\/v2\/pages\/21462\" data-token=\"445530565dc8d87a0e36723f2c21765c\" data-token-time=\"1775917475\"><noscript class=\"wpforms-error-noscript\">Abilita JavaScript nel browser per completare questo modulo.<\/noscript><div class=\"wpforms-hidden\" id=\"wpforms-error-noscript\">Abilita JavaScript nel browser per completare questo modulo.<\/div><div class=\"wpforms-field-container\"><div id=\"wpforms-28207-field_1-container\" class=\"wpforms-field wpforms-field-text\" data-field-id=\"1\"><label class=\"wpforms-field-label\" for=\"wpforms-28207-field_1\">Nome (richiesto) <span class=\"wpforms-required-label\" aria-hidden=\"true\">*<\/span><\/label><input type=\"text\" id=\"wpforms-28207-field_1\" class=\"wpforms-field-medium wpforms-field-required\" name=\"wpforms[fields][1]\" placeholder=\"Il tuo nome qui\" aria-errormessage=\"wpforms-28207-field_1-error\" required><\/div><div id=\"wpforms-28207-field_2-container\" class=\"wpforms-field wpforms-field-email\" data-field-id=\"2\"><label class=\"wpforms-field-label\" for=\"wpforms-28207-field_2\">Email (richiesto) <span class=\"wpforms-required-label\" aria-hidden=\"true\">*<\/span><\/label><input type=\"email\" id=\"wpforms-28207-field_2\" class=\"wpforms-field-medium wpforms-field-required\" name=\"wpforms[fields][2]\" placeholder=\"La tua email qui\" spellcheck=\"false\" aria-errormessage=\"wpforms-28207-field_2-error\" required><\/div><div id=\"wpforms-28207-field_13-container\" class=\"wpforms-field wpforms-field-phone\" data-field-id=\"13\"><label class=\"wpforms-field-label\" for=\"wpforms-28207-field_13\">Telefono (richiesto)<\/label><input type=\"tel\" id=\"wpforms-28207-field_13\" class=\"wpforms-field-medium wpforms-smart-phone-field\" data-rule-smart-phone-field=\"true\" name=\"wpforms[fields][13]\" aria-label=\"Telefono (richiesto)\" aria-errormessage=\"wpforms-28207-field_13-error\" ><\/div><div id=\"wpforms-28207-field_5-container\" class=\"wpforms-field wpforms-field-select wpforms-field-select-style-classic\" data-field-id=\"5\"><label class=\"wpforms-field-label\" for=\"wpforms-28207-field_5\">Tipo di evento o servizio (richiesto) <span class=\"wpforms-required-label\" aria-hidden=\"true\">*<\/span><\/label><select id=\"wpforms-28207-field_5\" class=\"wpforms-field-medium wpforms-field-required\" name=\"wpforms[fields][5]\" required=\"required\"><option value=\"--Selezionare--\" >--Selezionare--<\/option><option value=\"Matrimonio\" >Matrimonio<\/option><option value=\"Rinnovo Promesse Promesse\" >Rinnovo Promesse Promesse<\/option><option value=\"Business\" >Business<\/option><option value=\"Evento Privato - Festa\" >Evento Privato - Festa<\/option><option value=\"Compleanno Bambini\" >Compleanno Bambini<\/option><option value=\"Festa 15 Anni\" >Festa 15 Anni<\/option><option value=\"Foto di 15 (Studio ed Esterni)\" >Foto di 15 (Studio ed Esterni)<\/option><option value=\"Anelli di fidanzamento\" >Anelli di fidanzamento<\/option><\/select><\/div><div id=\"wpforms-28207-field_6-container\" class=\"wpforms-field wpforms-field-select wpforms-field-select-style-classic\" data-field-id=\"6\"><label class=\"wpforms-field-label\" for=\"wpforms-28207-field_6\">Stile (richiesto) <span class=\"wpforms-required-label\" aria-hidden=\"true\">*<\/span><\/label><select id=\"wpforms-28207-field_6\" class=\"wpforms-field-medium wpforms-field-required\" name=\"wpforms[fields][6]\" required=\"required\"><option value=\"--Selezionare--\" >--Selezionare--<\/option><option value=\"Classico (lussuoso)\" >Classico (lussuoso)<\/option><option value=\"Romantico\" >Romantico<\/option><option value=\"Vintage\" >Vintage<\/option><option value=\"Shabby Chic\" >Shabby Chic<\/option><option value=\"Boho Chic\" >Boho Chic<\/option><option value=\"Eclettico\" >Eclettico<\/option><option value=\"Moderno\" >Moderno<\/option><option value=\"Naturale, ecologico\" >Naturale, ecologico<\/option><option value=\"Minimalista (semplificato)\" >Minimalista (semplificato)<\/option><option value=\"Tradizionale\" >Tradizionale<\/option><option value=\"Non ce l&#039;ho ancora, aiutami!\" >Non ce l&#039;ho ancora, aiutami!<\/option><\/select><\/div><div id=\"wpforms-28207-field_7-container\" class=\"wpforms-field wpforms-field-checkbox\" data-field-id=\"7\"><fieldset><legend class=\"wpforms-field-label\">Posizione preferita (richiesto) <span class=\"wpforms-required-label\" aria-hidden=\"true\">*<\/span><\/legend><ul id=\"wpforms-28207-field_7\" class=\"wpforms-field-required\"><li class=\"choice-0 depth-1\"><input type=\"checkbox\" id=\"wpforms-28207-field_7_0\" name=\"wpforms[fields][7][]\" value=\"Spiaggia\" aria-errormessage=\"wpforms-28207-field_7_0-error\" required ><label class=\"wpforms-field-label-inline\" for=\"wpforms-28207-field_7_0\">Spiaggia<\/label><\/li><li class=\"choice-1 depth-1\"><input type=\"checkbox\" id=\"wpforms-28207-field_7_1\" name=\"wpforms[fields][7][]\" value=\"Appartamento con vista sull&#039;oceano\" aria-errormessage=\"wpforms-28207-field_7_1-error\" required ><label class=\"wpforms-field-label-inline\" for=\"wpforms-28207-field_7_1\">Appartamento con vista sull'oceano<\/label><\/li><li class=\"choice-2 depth-1\"><input type=\"checkbox\" id=\"wpforms-28207-field_7_2\" name=\"wpforms[fields][7][]\" value=\"Giardino\" aria-errormessage=\"wpforms-28207-field_7_2-error\" required ><label class=\"wpforms-field-label-inline\" for=\"wpforms-28207-field_7_2\">Giardino<\/label><\/li><li class=\"choice-3 depth-1\"><input type=\"checkbox\" id=\"wpforms-28207-field_7_3\" name=\"wpforms[fields][7][]\" value=\"Campo\" aria-errormessage=\"wpforms-28207-field_7_3-error\" required ><label class=\"wpforms-field-label-inline\" for=\"wpforms-28207-field_7_3\">Campo<\/label><\/li><li class=\"choice-4 depth-1\"><input type=\"checkbox\" id=\"wpforms-28207-field_7_4\" name=\"wpforms[fields][7][]\" value=\"Villa privata\" aria-errormessage=\"wpforms-28207-field_7_4-error\" required ><label class=\"wpforms-field-label-inline\" for=\"wpforms-28207-field_7_4\">Villa privata<\/label><\/li><li class=\"choice-5 depth-1\"><input type=\"checkbox\" id=\"wpforms-28207-field_7_5\" name=\"wpforms[fields][7][]\" value=\"Soggiorno\" aria-errormessage=\"wpforms-28207-field_7_5-error\" required ><label class=\"wpforms-field-label-inline\" for=\"wpforms-28207-field_7_5\">Soggiorno<\/label><\/li><li class=\"choice-6 depth-1\"><input type=\"checkbox\" id=\"wpforms-28207-field_7_6\" name=\"wpforms[fields][7][]\" value=\"Hotel\" aria-errormessage=\"wpforms-28207-field_7_6-error\" required ><label class=\"wpforms-field-label-inline\" for=\"wpforms-28207-field_7_6\">Hotel<\/label><\/li><\/ul><\/fieldset><\/div><div id=\"wpforms-28207-field_8-container\" class=\"wpforms-field wpforms-field-select wpforms-field-select-style-classic\" data-field-id=\"8\"><label class=\"wpforms-field-label\" for=\"wpforms-28207-field_8\">Budget approssimativo (richiesto) <span class=\"wpforms-required-label\" aria-hidden=\"true\">*<\/span><\/label><select id=\"wpforms-28207-field_8\" class=\"wpforms-field-medium wpforms-field-required\" name=\"wpforms[fields][8]\" required=\"required\"><option value=\"--Selezionare--\" >--Selezionare--<\/option><option value=\"100 \u00f7 350 USD\" >100 \u00f7 350 USD<\/option><option value=\"350 \u00f7 600 USD\" >350 \u00f7 600 USD<\/option><option value=\"600 \u00f7 1000 USD\" >600 \u00f7 1000 USD<\/option><option value=\"1000 \u00f7 1500 USD\" >1000 \u00f7 1500 USD<\/option><option value=\"1500 \u00f7 2000 USD\" >1500 \u00f7 2000 USD<\/option><option value=\"2000 \u00f7 3000 USD\" >2000 \u00f7 3000 USD<\/option><option value=\"3000 \u00f7 $ 7.000\" >3000 \u00f7 $ 7.000<\/option><option value=\"$ 7.000 \u00f7 $ 15.000\" >$ 7.000 \u00f7 $ 15.000<\/option><option value=\"$ 15.000 \u00f7 $ 20.000\" >$ 15.000 \u00f7 $ 20.000<\/option><option value=\"$ 20.000 \u00f7 $ 25.000\" >$ 20.000 \u00f7 $ 25.000<\/option><option value=\"$ 25.000 \u00f7 illimitato\" >$ 25.000 \u00f7 illimitato<\/option><\/select><\/div><div id=\"wpforms-28207-field_9-container\" class=\"wpforms-field wpforms-field-select wpforms-field-select-style-classic\" data-field-id=\"9\"><label class=\"wpforms-field-label\" for=\"wpforms-28207-field_9\">Numero di persone (richiesto) <span class=\"wpforms-required-label\" aria-hidden=\"true\">*<\/span><\/label><select id=\"wpforms-28207-field_9\" class=\"wpforms-field-medium wpforms-field-required\" name=\"wpforms[fields][9]\" required=\"required\"><option value=\"--Selezionare--\" >--Selezionare--<\/option><option value=\"1\" >1<\/option><option value=\"2\" >2<\/option><option value=\"3 - 10\" >3 - 10<\/option><option value=\"10 - 20\" >10 - 20<\/option><option value=\"20 - 30\" >20 - 30<\/option><option value=\"30 - 40\" >30 - 40<\/option><option value=\"40 - 50\" >40 - 50<\/option><option value=\"50 - 70\" >50 - 70<\/option><option value=\"70 - 100\" >70 - 100<\/option><option value=\"100 - 150\" >100 - 150<\/option><option value=\"150 - 200\" >150 - 200<\/option><option value=\"200 - 300\" >200 - 300<\/option><\/select><\/div><div id=\"wpforms-28207-field_10-container\" class=\"wpforms-field wpforms-field-date-time\" data-field-id=\"10\"><label class=\"wpforms-field-label\" for=\"wpforms-28207-field_10\">Data (richiesto) <span class=\"wpforms-required-label\" aria-hidden=\"true\">*<\/span><\/label><div class=\"wpforms-datepicker-wrap\"><input type=\"text\" id=\"wpforms-28207-field_10\" class=\"wpforms-field-date-time-date wpforms-datepicker wpforms-field-required wpforms-field-medium\" data-date-format=\"m\/d\/Y\" data-disable-past-dates=\"0\" data-input=\"true\" name=\"wpforms[fields][10][date]\" aria-errormessage=\"wpforms-28207-field_10-error\" required><a title=\"Cancella la data\" data-clear class=\"wpforms-datepicker-clear\" style=\"display:none;\"><\/a><\/div><\/div><div id=\"wpforms-28207-field_11-container\" class=\"wpforms-field wpforms-field-textarea\" data-field-id=\"11\"><label class=\"wpforms-field-label\" for=\"wpforms-28207-field_11\">Il tuo messaggio<\/label><textarea id=\"wpforms-28207-field_11\" class=\"wpforms-field-medium\" name=\"wpforms[fields][11]\" aria-errormessage=\"wpforms-28207-field_11-error\" ><\/textarea><\/div><\/div><!-- .wpforms-field-container --><div class=\"wpforms-recaptcha-container wpforms-is-turnstile\" ><div class=\"g-recaptcha\" data-sitekey=\"0x4AAAAAAAzmO8OSv74kHhcE\" data-action=\"FormID-28207\"><\/div><input type=\"text\" name=\"g-recaptcha-hidden\" class=\"wpforms-recaptcha-hidden\" style=\"position:absolute!important;clip:rect(0,0,0,0)!important;height:1px!important;width:1px!important;border:0!important;overflow:hidden!important;padding:0!important;margin:0!important;\" data-rule-turnstile=\"1\"><\/div><div class=\"wpforms-submit-container\" ><input type=\"hidden\" name=\"wpforms[id]\" value=\"28207\"><input type=\"hidden\" name=\"page_title\" value=\"\"><input type=\"hidden\" name=\"page_url\" value=\"https:\/\/bodasencubafiestas.com\/it\/wp-json\/wp\/v2\/pages\/21462\"><button type=\"submit\" name=\"wpforms[submit]\" id=\"wpforms-submit-28207\" class=\"wpforms-submit\" data-alt-text=\"Invio\" data-submit-text=\"Inviare\" aria-live=\"assertive\" value=\"wpforms-submit\">Inviare<\/button><\/div><\/form><\/div>  <!-- .wpforms-container -->[\/vc_column_text][\/vc_column][\/vc_row]<\/p>\n<\/div>","protected":false},"excerpt":{"rendered":"<p>[vc_row full_width=&#8221;stretch_row&#8221; content_placement=&#8221;middle&#8221;][vc_column][vc_zigzag][\/vc_column][\/vc_row][vc_row full_width=&#8221;stretch_row&#8221; content_placement=&#8221;middle&#8221; css=&#8221;.vc_custom_1654732792379{margin-top: 40px !important;}&#8221;][vc_column width=&#8221;2\/3&#8243;][vc_column_text css=&#8221;.vc_custom_1691066243444{margin-top: 20px !important;}&#8221;]Servizio buffet per feste a Cuba. Siamo in grado di soddisfare i gusti pi\u00f9 squisiti e di offrire una [&hellip;]<\/p>\n","protected":false},"author":2,"featured_media":0,"parent":0,"menu_order":0,"comment_status":"closed","ping_status":"closed","template":"","meta":{"_uf_show_specific_survey":0,"_uf_disable_surveys":false,"_joinchat":[],"footnotes":""},"class_list":["post-21462","page","type-page","status-publish","hentry"],"yoast_head":"<!-- This site is optimized with the Yoast SEO plugin v27.0 - https:\/\/yoast.com\/product\/yoast-seo-wordpress\/ -->\n<title>Buffet per feste a Cuba. Servizio di catering<\/title>\n<meta name=\"description\" content=\"Servizio buffet per feste a Cuba. Disponiamo delle attrezzature e del personale per fornire il servizio catering nel luogo in cui si terr\u00e0 l&#039;evento.\" \/>\n<meta name=\"robots\" content=\"index, follow, max-snippet:-1, max-image-preview:large, max-video-preview:-1\" \/>\n<link rel=\"canonical\" href=\"https:\/\/bodasencubafiestas.com\/it\/buffet-per-catering-feste\/\" \/>\n<meta property=\"og:locale\" content=\"it_IT\" \/>\n<meta property=\"og:type\" content=\"article\" \/>\n<meta property=\"og:title\" content=\"Buffet per feste a Cuba. Servizio di catering\" \/>\n<meta property=\"og:description\" content=\"Servizio buffet per feste a Cuba. Disponiamo delle attrezzature e del personale per fornire il servizio catering nel luogo in cui si terr\u00e0 l&#039;evento.\" \/>\n<meta property=\"og:url\" content=\"https:\/\/bodasencubafiestas.com\/it\/buffet-per-catering-feste\/\" \/>\n<meta property=\"og:site_name\" content=\"Bodas en Cuba Fiestas\" \/>\n<meta property=\"article:publisher\" content=\"https:\/\/www.facebook.com\/p\/Bodas-en-Cuba-fiestas-decoraciones-para-eventos-100064305390336\/\" \/>\n<meta property=\"article:modified_time\" content=\"2024-09-21T22:40:24+00:00\" \/>\n<meta name=\"twitter:card\" content=\"summary_large_image\" \/>\n<meta name=\"twitter:label1\" content=\"Tempo di lettura stimato\" \/>\n\t<meta name=\"twitter:data1\" content=\"3 minuti\" \/>\n<script type=\"application\/ld+json\" class=\"yoast-schema-graph\">{\"@context\":\"https:\/\/schema.org\",\"@graph\":[{\"@type\":\"WebPage\",\"@id\":\"https:\/\/bodasencubafiestas.com\/it\/buffet-per-catering-feste\/\",\"url\":\"https:\/\/bodasencubafiestas.com\/it\/buffet-per-catering-feste\/\",\"name\":\"Buffet per feste a Cuba. Servizio di catering\",\"isPartOf\":{\"@id\":\"https:\/\/bodasencubafiestas.com\/it\/#website\"},\"datePublished\":\"2024-03-25T16:37:09+00:00\",\"dateModified\":\"2024-09-21T22:40:24+00:00\",\"description\":\"Servizio buffet per feste a Cuba. Disponiamo delle attrezzature e del personale per fornire il servizio catering nel luogo in cui si terr\u00e0 l'evento.\",\"breadcrumb\":{\"@id\":\"https:\/\/bodasencubafiestas.com\/it\/buffet-per-catering-feste\/#breadcrumb\"},\"inLanguage\":\"it-IT\",\"potentialAction\":[{\"@type\":\"ReadAction\",\"target\":[\"https:\/\/bodasencubafiestas.com\/it\/buffet-per-catering-feste\/\"]}]},{\"@type\":\"BreadcrumbList\",\"@id\":\"https:\/\/bodasencubafiestas.com\/it\/buffet-per-catering-feste\/#breadcrumb\",\"itemListElement\":[{\"@type\":\"ListItem\",\"position\":1,\"name\":\"Home\",\"item\":\"https:\/\/bodasencubafiestas.com\/it\/\"},{\"@type\":\"ListItem\",\"position\":2,\"name\":\"Buffet per Catering Feste\"}]},{\"@type\":\"WebSite\",\"@id\":\"https:\/\/bodasencubafiestas.com\/it\/#website\",\"url\":\"https:\/\/bodasencubafiestas.com\/it\/\",\"name\":\"Bodas en Cuba Fiestas\",\"description\":\"\",\"publisher\":{\"@id\":\"https:\/\/bodasencubafiestas.com\/it\/#organization\"},\"potentialAction\":[{\"@type\":\"SearchAction\",\"target\":{\"@type\":\"EntryPoint\",\"urlTemplate\":\"https:\/\/bodasencubafiestas.com\/it\/?s={search_term_string}\"},\"query-input\":{\"@type\":\"PropertyValueSpecification\",\"valueRequired\":true,\"valueName\":\"search_term_string\"}}],\"inLanguage\":\"it-IT\"},{\"@type\":\"Organization\",\"@id\":\"https:\/\/bodasencubafiestas.com\/it\/#organization\",\"name\":\"Bodas en Cuba Fiestas\",\"url\":\"https:\/\/bodasencubafiestas.com\/it\/\",\"logo\":{\"@type\":\"ImageObject\",\"inLanguage\":\"it-IT\",\"@id\":\"https:\/\/bodasencubafiestas.com\/it\/#\/schema\/logo\/image\/\",\"url\":\"https:\/\/bodasencubafiestas.com\/wp-content\/uploads\/2026\/03\/BodasenCubaFiestas-logo.png\",\"contentUrl\":\"https:\/\/bodasencubafiestas.com\/wp-content\/uploads\/2026\/03\/BodasenCubaFiestas-logo.png\",\"width\":696,\"height\":696,\"caption\":\"Bodas en Cuba Fiestas\"},\"image\":{\"@id\":\"https:\/\/bodasencubafiestas.com\/it\/#\/schema\/logo\/image\/\"},\"sameAs\":[\"https:\/\/www.facebook.com\/p\/Bodas-en-Cuba-fiestas-decoraciones-para-eventos-100064305390336\/\",\"https:\/\/www.instagram.com\/bodasencubafiestas\/\"]}]}<\/script>\n<!-- \/ Yoast SEO plugin. -->","yoast_head_json":{"title":"Buffet per feste a Cuba. Servizio di catering","description":"Servizio buffet per feste a Cuba. Disponiamo delle attrezzature e del personale per fornire il servizio catering nel luogo in cui si terr\u00e0 l'evento.","robots":{"index":"index","follow":"follow","max-snippet":"max-snippet:-1","max-image-preview":"max-image-preview:large","max-video-preview":"max-video-preview:-1"},"canonical":"https:\/\/bodasencubafiestas.com\/it\/buffet-per-catering-feste\/","og_locale":"it_IT","og_type":"article","og_title":"Buffet per feste a Cuba. Servizio di catering","og_description":"Servizio buffet per feste a Cuba. Disponiamo delle attrezzature e del personale per fornire il servizio catering nel luogo in cui si terr\u00e0 l'evento.","og_url":"https:\/\/bodasencubafiestas.com\/it\/buffet-per-catering-feste\/","og_site_name":"Bodas en Cuba Fiestas","article_publisher":"https:\/\/www.facebook.com\/p\/Bodas-en-Cuba-fiestas-decoraciones-para-eventos-100064305390336\/","article_modified_time":"2024-09-21T22:40:24+00:00","twitter_card":"summary_large_image","twitter_misc":{"Tempo di lettura stimato":"3 minuti"},"schema":{"@context":"https:\/\/schema.org","@graph":[{"@type":"WebPage","@id":"https:\/\/bodasencubafiestas.com\/it\/buffet-per-catering-feste\/","url":"https:\/\/bodasencubafiestas.com\/it\/buffet-per-catering-feste\/","name":"Buffet per feste a Cuba. Servizio di catering","isPartOf":{"@id":"https:\/\/bodasencubafiestas.com\/it\/#website"},"datePublished":"2024-03-25T16:37:09+00:00","dateModified":"2024-09-21T22:40:24+00:00","description":"Servizio buffet per feste a Cuba. Disponiamo delle attrezzature e del personale per fornire il servizio catering nel luogo in cui si terr\u00e0 l'evento.","breadcrumb":{"@id":"https:\/\/bodasencubafiestas.com\/it\/buffet-per-catering-feste\/#breadcrumb"},"inLanguage":"it-IT","potentialAction":[{"@type":"ReadAction","target":["https:\/\/bodasencubafiestas.com\/it\/buffet-per-catering-feste\/"]}]},{"@type":"BreadcrumbList","@id":"https:\/\/bodasencubafiestas.com\/it\/buffet-per-catering-feste\/#breadcrumb","itemListElement":[{"@type":"ListItem","position":1,"name":"Home","item":"https:\/\/bodasencubafiestas.com\/it\/"},{"@type":"ListItem","position":2,"name":"Buffet per Catering Feste"}]},{"@type":"WebSite","@id":"https:\/\/bodasencubafiestas.com\/it\/#website","url":"https:\/\/bodasencubafiestas.com\/it\/","name":"Bodas en Cuba Fiestas","description":"","publisher":{"@id":"https:\/\/bodasencubafiestas.com\/it\/#organization"},"potentialAction":[{"@type":"SearchAction","target":{"@type":"EntryPoint","urlTemplate":"https:\/\/bodasencubafiestas.com\/it\/?s={search_term_string}"},"query-input":{"@type":"PropertyValueSpecification","valueRequired":true,"valueName":"search_term_string"}}],"inLanguage":"it-IT"},{"@type":"Organization","@id":"https:\/\/bodasencubafiestas.com\/it\/#organization","name":"Bodas en Cuba Fiestas","url":"https:\/\/bodasencubafiestas.com\/it\/","logo":{"@type":"ImageObject","inLanguage":"it-IT","@id":"https:\/\/bodasencubafiestas.com\/it\/#\/schema\/logo\/image\/","url":"https:\/\/bodasencubafiestas.com\/wp-content\/uploads\/2026\/03\/BodasenCubaFiestas-logo.png","contentUrl":"https:\/\/bodasencubafiestas.com\/wp-content\/uploads\/2026\/03\/BodasenCubaFiestas-logo.png","width":696,"height":696,"caption":"Bodas en Cuba Fiestas"},"image":{"@id":"https:\/\/bodasencubafiestas.com\/it\/#\/schema\/logo\/image\/"},"sameAs":["https:\/\/www.facebook.com\/p\/Bodas-en-Cuba-fiestas-decoraciones-para-eventos-100064305390336\/","https:\/\/www.instagram.com\/bodasencubafiestas\/"]}]}},"_links":{"self":[{"href":"https:\/\/bodasencubafiestas.com\/it\/wp-json\/wp\/v2\/pages\/21462","targetHints":{"allow":["GET"]}}],"collection":[{"href":"https:\/\/bodasencubafiestas.com\/it\/wp-json\/wp\/v2\/pages"}],"about":[{"href":"https:\/\/bodasencubafiestas.com\/it\/wp-json\/wp\/v2\/types\/page"}],"author":[{"embeddable":true,"href":"https:\/\/bodasencubafiestas.com\/it\/wp-json\/wp\/v2\/users\/2"}],"replies":[{"embeddable":true,"href":"https:\/\/bodasencubafiestas.com\/it\/wp-json\/wp\/v2\/comments?post=21462"}],"version-history":[{"count":0,"href":"https:\/\/bodasencubafiestas.com\/it\/wp-json\/wp\/v2\/pages\/21462\/revisions"}],"wp:attachment":[{"href":"https:\/\/bodasencubafiestas.com\/it\/wp-json\/wp\/v2\/media?parent=21462"}],"curies":[{"name":"wp","href":"https:\/\/api.w.org\/{rel}","templated":true}]}}