{"id":15137,"date":"2018-09-11T02:47:54","date_gmt":"2018-09-11T02:47:54","guid":{"rendered":"http:\/\/bodasencubafiestas.com\/contactar-agencia-para-eventos-en-la-habana-cuba\/"},"modified":"2024-09-24T15:34:03","modified_gmt":"2024-09-24T19:34:03","slug":"contato-agencia-para-eventos-em-havana-cuba","status":"publish","type":"page","link":"https:\/\/bodasencubafiestas.com\/pt-br\/contato-agencia-para-eventos-em-havana-cuba\/","title":{"rendered":"Contato"},"content":{"rendered":"<div class=\"wpb-content-wrapper\"><p>[vc_row css=&#8221;.vc_custom_1485254065501{margin-top: 0px !important;margin-bottom: 0px !important;padding-top: 60px !important;padding-bottom: 60px !important;}&#8221;][vc_column width=&#8221;1\/3&#8243;]<div id=\"tile-with-icon_icon9301\" class=\"title-with-icon-wrapper clear large \" data-color=\"\">\r\n\t\t\t<div class=\"wpb_content_element title-with-icon clearfix margin-bottom-0 \"><span  style=\"color:#590455 !important;background-color: !important;\" class=\"oic-location-1 clear large \" ><\/span><h3 style=\"color:#000000\">Endere\u00e7o<\/h3>\r\n\t\t\t<\/div><div class=\"wpb_content_element left-cs title-with-icon-content large clearfix\" style=\"color:#000000\">Rua 23 n\u00ba 1103 entre 8 e 10, Munic\u00edpio Plaza de La Revoluci\u00f3n, Havana, Cuba<\/p>\n<p>Hor\u00e1rio: 8h00 \u00e0s 21h30<br \/>\n(Necess\u00e1rio agendamento pr\u00e9vio)<\/div><\/div>[\/vc_column][vc_column width=&#8221;1\/3&#8243;]<div id=\"tile-with-icon_icon8112\" class=\"title-with-icon-wrapper clear large \" data-color=\"\">\r\n\t\t\t<div class=\"wpb_content_element title-with-icon clearfix margin-bottom-0 \"><span  style=\"color:#590455 !important;background-color: !important;\" class=\"oic-telephone clear large \" ><\/span><h3 style=\"color:#000000\">Telefone<\/h3>\r\n\t\t\t<\/div><div class=\"wpb_content_element left-cs title-with-icon-content large clearfix\" style=\"color:#000000\">+53 5 9160581<\/p>\n<p>Tamb\u00e9m pelo <strong>WhatsApp<\/strong><\/div><\/div>[\/vc_column][vc_column width=&#8221;1\/3&#8243;]<div id=\"tile-with-icon_icon2783\" class=\"title-with-icon-wrapper clear large \" data-color=\"\">\r\n\t\t\t<div class=\"wpb_content_element title-with-icon clearfix margin-bottom-0 \"><span  style=\"color:#590455 !important;background-color: !important;\" class=\"oic-monitor clear large \" ><\/span><h3 style=\"color:#000000\">E-Mail<\/h3>\r\n\t\t\t<\/div><div class=\"wpb_content_element left-cs title-with-icon-content large clearfix\" style=\"color:#000000\"><\/p>\n<div class=\"text-xs-left unit-body\"><a href=\"mailto:info@bodasencubafiestas.com\">info@bodasencubafiestas.com<\/a><\/div>\n<div><\/div>\n<div class=\"text-xs-left unit-body\">Preencha o formul\u00e1rio na parte inferior da p\u00e1gina e inclua informa\u00e7\u00f5es sobre o seu dia<\/div>\n<p><\/div><\/div>[\/vc_column][\/vc_row][vc_row][vc_column][vc_gmaps link=&#8221;#E-8_JTNDaWZyYW1lJTIwc3JjJTNEJTIyaHR0cHMlM0ElMkYlMkZ3d3cuZ29vZ2xlLmNvbSUyRm1hcHMlMkZlbWJlZCUzRnBiJTNEJTIxMW0xOCUyMTFtMTIlMjExbTMlMjExZDM2NjguNzc0NTk1Mzk4MzQ2JTIxMmQtODIuMzc4MDA2Nzg1MDMwMDElMjEzZDIzLjE0MTkxMjg4NDg5Mjc4MyUyMTJtMyUyMTFmMCUyMTJmMCUyMTNmMCUyMTNtMiUyMTFpMTAyNCUyMTJpNzY4JTIxNGYxMy4xJTIxM20zJTIxMW0yJTIxMXMweDg4Y2Q3OTM2NzgzY2E3OGYlMjUzQTB4OTRiZDY1MjI1NmY2OGJhMyUyMTJzQm9kYXMlMkJlbiUyQkN1YmElMkJGaWVzdGFzJTIxNWUwJTIxM20yJTIxMXNlcyUyMTJzdWElMjE0djE1NjEyOTcxNjU2ODElMjE1bTIlMjExc2VzJTIxMnN1YSUyMiUyMHdpZHRoJTNEJTIyNjAwJTIyJTIwaGVpZ2h0JTNEJTIyNDUwJTIyJTIwZnJhbWVib3JkZXIlM0QlMjIwJTIyJTIwc3R5bGUlM0QlMjJib3JkZXIlM0EwJTIyJTIwYWxsb3dmdWxsc2NyZWVuJTNFJTNDJTJGaWZyYW1lJTNF&#8221;][\/vc_column][\/vc_row][vc_row css=&#8221;.vc_custom_1619835909547{background-color: #ffffff !important;}&#8221;][vc_column][vc_text_separator title=&#8221;Entre em contato conosco agora!!&#8221;][vc_column_text css=&#8221;&#8221;]<div class=\"wpforms-container wpforms-container-full wpforms-render-modern\" id=\"wpforms-28205\"><form id=\"wpforms-form-28205\" class=\"wpforms-validate wpforms-form\" data-formid=\"28205\" method=\"post\" enctype=\"multipart\/form-data\" action=\"\/pt-br\/wp-json\/wp\/v2\/pages\/15137\" data-token=\"98a077abc7e76957735f7d5a7d8a8027\" data-token-time=\"1775816155\"><noscript class=\"wpforms-error-noscript\">Ative o JavaScript no seu navegador para preencher este formul\u00e1rio.<\/noscript><div class=\"wpforms-hidden\" id=\"wpforms-error-noscript\">Ative o JavaScript no seu navegador para preencher este formul\u00e1rio.<\/div><div class=\"wpforms-field-container\"><div id=\"wpforms-28205-field_1-container\" class=\"wpforms-field wpforms-field-text\" data-field-id=\"1\"><label class=\"wpforms-field-label\" for=\"wpforms-28205-field_1\">Nome (obrigat\u00f3rio) <span class=\"wpforms-required-label\" aria-hidden=\"true\">*<\/span><\/label><input type=\"text\" id=\"wpforms-28205-field_1\" class=\"wpforms-field-medium wpforms-field-required\" name=\"wpforms[fields][1]\" placeholder=\"Seu nome aqui\" aria-errormessage=\"wpforms-28205-field_1-error\" required><\/div><div id=\"wpforms-28205-field_2-container\" class=\"wpforms-field wpforms-field-email\" data-field-id=\"2\"><label class=\"wpforms-field-label\" for=\"wpforms-28205-field_2\">Email (obrigat\u00f3rio) <span class=\"wpforms-required-label\" aria-hidden=\"true\">*<\/span><\/label><input type=\"email\" id=\"wpforms-28205-field_2\" class=\"wpforms-field-medium wpforms-field-required\" name=\"wpforms[fields][2]\" placeholder=\"Seu Email aqui\" spellcheck=\"false\" aria-errormessage=\"wpforms-28205-field_2-error\" required><\/div><div id=\"wpforms-28205-field_13-container\" class=\"wpforms-field wpforms-field-phone\" data-field-id=\"13\"><label class=\"wpforms-field-label\" for=\"wpforms-28205-field_13\">Telefone (obrigat\u00f3rio)<\/label><input type=\"tel\" id=\"wpforms-28205-field_13\" class=\"wpforms-field-medium wpforms-smart-phone-field\" data-rule-smart-phone-field=\"true\" name=\"wpforms[fields][13]\" aria-label=\"Telefone (obrigat\u00f3rio)\" aria-errormessage=\"wpforms-28205-field_13-error\" ><\/div><div id=\"wpforms-28205-field_5-container\" class=\"wpforms-field wpforms-field-select wpforms-field-select-style-classic\" data-field-id=\"5\"><label class=\"wpforms-field-label\" for=\"wpforms-28205-field_5\">Tipo de evento ou servi\u00e7o (obrigat\u00f3rio) <span class=\"wpforms-required-label\" aria-hidden=\"true\">*<\/span><\/label><select id=\"wpforms-28205-field_5\" class=\"wpforms-field-medium wpforms-field-required\" name=\"wpforms[fields][5]\" required=\"required\"><option value=\"--Selecionar--\" >--Selecionar--<\/option><option value=\"Casamento\" >Casamento<\/option><option value=\"Renova\u00e7\u00e3o de votos\" >Renova\u00e7\u00e3o de votos<\/option><option value=\"Neg\u00f3cios\" >Neg\u00f3cios<\/option><option value=\"Evento privado - Festa\" >Evento privado - Festa<\/option><option value=\"Anivers\u00e1rio infantil\" >Anivers\u00e1rio infantil<\/option><option value=\"Festa de 15 anos\" >Festa de 15 anos<\/option><option value=\"Fotos de anivers\u00e1rio de 15 anos (est\u00fadio e ao ar livre)\" >Fotos de anivers\u00e1rio de 15 anos (est\u00fadio e ao ar livre)<\/option><option value=\"An\u00e9is de noivado\" >An\u00e9is de noivado<\/option><\/select><\/div><div id=\"wpforms-28205-field_6-container\" class=\"wpforms-field wpforms-field-select wpforms-field-select-style-classic\" data-field-id=\"6\"><label class=\"wpforms-field-label\" for=\"wpforms-28205-field_6\">Estilo (obrigat\u00f3rio) <span class=\"wpforms-required-label\" aria-hidden=\"true\">*<\/span><\/label><select id=\"wpforms-28205-field_6\" class=\"wpforms-field-medium wpforms-field-required\" name=\"wpforms[fields][6]\" required=\"required\"><option value=\"--Selecionar--\" >--Selecionar--<\/option><option value=\"Cl\u00e1ssico (luxuoso)\" >Cl\u00e1ssico (luxuoso)<\/option><option value=\"Rom\u00e2ntico\" >Rom\u00e2ntico<\/option><option value=\"Vintage\" >Vintage<\/option><option value=\"Shabby Chic\" >Shabby Chic<\/option><option value=\"Boho Chic\" >Boho Chic<\/option><option value=\"Ecl\u00e9tico\" >Ecl\u00e9tico<\/option><option value=\"Moderno\" >Moderno<\/option><option value=\"Natural, Ecol\u00f3gico\" >Natural, Ecol\u00f3gico<\/option><option value=\"Minimalista (simplificado)\" >Minimalista (simplificado)<\/option><option value=\"Tradicional\" >Tradicional<\/option><option value=\"N\u00e3o gosto ainda n\u00e3o tem, me ajude!\" >N\u00e3o gosto ainda n\u00e3o tem, me ajude!<\/option><\/select><\/div><div id=\"wpforms-28205-field_7-container\" class=\"wpforms-field wpforms-field-checkbox\" data-field-id=\"7\"><fieldset><legend class=\"wpforms-field-label\">Local preferido (obrigat\u00f3rio) <span class=\"wpforms-required-label\" aria-hidden=\"true\">*<\/span><\/legend><ul id=\"wpforms-28205-field_7\" class=\"wpforms-field-required\"><li class=\"choice-0 depth-1\"><input type=\"checkbox\" id=\"wpforms-28205-field_7_0\" name=\"wpforms[fields][7][]\" value=\"Praia\" aria-errormessage=\"wpforms-28205-field_7_0-error\" required ><label class=\"wpforms-field-label-inline\" for=\"wpforms-28205-field_7_0\">Praia<\/label><\/li><li class=\"choice-1 depth-1\"><input type=\"checkbox\" id=\"wpforms-28205-field_7_1\" name=\"wpforms[fields][7][]\" value=\"Apartamento com vista para o mar\" aria-errormessage=\"wpforms-28205-field_7_1-error\" required ><label class=\"wpforms-field-label-inline\" for=\"wpforms-28205-field_7_1\">Apartamento com vista para o mar<\/label><\/li><li class=\"choice-2 depth-1\"><input type=\"checkbox\" id=\"wpforms-28205-field_7_2\" name=\"wpforms[fields][7][]\" value=\"Jardim\" aria-errormessage=\"wpforms-28205-field_7_2-error\" required ><label class=\"wpforms-field-label-inline\" for=\"wpforms-28205-field_7_2\">Jardim<\/label><\/li><li class=\"choice-3 depth-1\"><input type=\"checkbox\" id=\"wpforms-28205-field_7_3\" name=\"wpforms[fields][7][]\" value=\"Campo\" aria-errormessage=\"wpforms-28205-field_7_3-error\" required ><label class=\"wpforms-field-label-inline\" for=\"wpforms-28205-field_7_3\">Campo<\/label><\/li><li class=\"choice-4 depth-1\"><input type=\"checkbox\" id=\"wpforms-28205-field_7_4\" name=\"wpforms[fields][7][]\" value=\"Villa Privada\" aria-errormessage=\"wpforms-28205-field_7_4-error\" required ><label class=\"wpforms-field-label-inline\" for=\"wpforms-28205-field_7_4\">Villa Privada<\/label><\/li><li class=\"choice-5 depth-1\"><input type=\"checkbox\" id=\"wpforms-28205-field_7_5\" name=\"wpforms[fields][7][]\" value=\"Sala de estar\" aria-errormessage=\"wpforms-28205-field_7_5-error\" required ><label class=\"wpforms-field-label-inline\" for=\"wpforms-28205-field_7_5\">Sala de estar<\/label><\/li><li class=\"choice-6 depth-1\"><input type=\"checkbox\" id=\"wpforms-28205-field_7_6\" name=\"wpforms[fields][7][]\" value=\"Hotel\" aria-errormessage=\"wpforms-28205-field_7_6-error\" required ><label class=\"wpforms-field-label-inline\" for=\"wpforms-28205-field_7_6\">Hotel<\/label><\/li><\/ul><\/fieldset><\/div><div id=\"wpforms-28205-field_8-container\" class=\"wpforms-field wpforms-field-select wpforms-field-select-style-classic\" data-field-id=\"8\"><label class=\"wpforms-field-label\" for=\"wpforms-28205-field_8\">Or\u00e7amento aproximado (obrigat\u00f3rio) <span class=\"wpforms-required-label\" aria-hidden=\"true\">*<\/span><\/label><select id=\"wpforms-28205-field_8\" class=\"wpforms-field-medium wpforms-field-required\" name=\"wpforms[fields][8]\" required=\"required\"><option value=\"--Selecionar--\" >--Selecionar--<\/option><option value=\"100 \u00f7 350 USD\" >100 \u00f7 350 USD<\/option><option value=\"350 \u00f7 600 USD\" >350 \u00f7 600 USD<\/option><option value=\"600 \u00f7 1000 USD\" >600 \u00f7 1000 USD<\/option><option value=\"1000 \u00f7 1500 USD\" >1000 \u00f7 1500 USD<\/option><option value=\"1500 \u00f7 2000 USD\" >1500 \u00f7 2000 USD<\/option><option value=\"2000 \u00f7 3000 USD\" >2000 \u00f7 3000 USD<\/option><option value=\"3000 \u00f7 7000 USD\" >3000 \u00f7 7000 USD<\/option><option value=\"7000 \u00f7 15 000 USD\" >7000 \u00f7 15 000 USD<\/option><option value=\"15 000 \u00f7 20 000 USD\" >15 000 \u00f7 20 000 USD<\/option><option value=\"20 000 \u00f7 25 000 USD\" >20 000 \u00f7 25 000 USD<\/option><option value=\"25 000 \u00f7 USD \u00f7 ilimitado\" >25 000 \u00f7 USD \u00f7 ilimitado<\/option><\/select><\/div><div id=\"wpforms-28205-field_9-container\" class=\"wpforms-field wpforms-field-select wpforms-field-select-style-classic\" data-field-id=\"9\"><label class=\"wpforms-field-label\" for=\"wpforms-28205-field_9\">N\u00famero de pessoas (obrigat\u00f3rio) <span class=\"wpforms-required-label\" aria-hidden=\"true\">*<\/span><\/label><select id=\"wpforms-28205-field_9\" class=\"wpforms-field-medium wpforms-field-required\" name=\"wpforms[fields][9]\" required=\"required\"><option value=\"--Selecionar--\" >--Selecionar--<\/option><option value=\"1\" >1<\/option><option value=\"2\" >2<\/option><option value=\"3 - 10\" >3 - 10<\/option><option value=\"10 - 20\" >10 - 20<\/option><option value=\"20 - 30\" >20 - 30<\/option><option value=\"30 - 40\" >30 - 40<\/option><option value=\"40 - 50\" >40 - 50<\/option><option value=\"50 - 70\" >50 - 70<\/option><option value=\"70 - 100\" >70 - 100<\/option><option value=\"100 - 150\" >100 - 150<\/option><option value=\"150 - 200\" >150 - 200<\/option><option value=\"200 - 300\" >200 - 300<\/option><\/select><\/div><div id=\"wpforms-28205-field_10-container\" class=\"wpforms-field wpforms-field-date-time\" data-field-id=\"10\"><label class=\"wpforms-field-label\" for=\"wpforms-28205-field_10\">Data (obrigat\u00f3rio) <span class=\"wpforms-required-label\" aria-hidden=\"true\">*<\/span><\/label><div class=\"wpforms-datepicker-wrap\"><input type=\"text\" id=\"wpforms-28205-field_10\" class=\"wpforms-field-date-time-date wpforms-datepicker wpforms-field-required wpforms-field-medium\" data-date-format=\"m\/d\/Y\" data-disable-past-dates=\"0\" data-input=\"true\" name=\"wpforms[fields][10][date]\" aria-errormessage=\"wpforms-28205-field_10-error\" required><a title=\"Limpar Data\" data-clear class=\"wpforms-datepicker-clear\" style=\"display:none;\"><\/a><\/div><\/div><div id=\"wpforms-28205-field_11-container\" class=\"wpforms-field wpforms-field-textarea\" data-field-id=\"11\"><label class=\"wpforms-field-label\" for=\"wpforms-28205-field_11\">Sua mensagem<\/label><textarea id=\"wpforms-28205-field_11\" class=\"wpforms-field-medium\" name=\"wpforms[fields][11]\" aria-errormessage=\"wpforms-28205-field_11-error\" ><\/textarea><\/div><\/div><!-- .wpforms-field-container --><div class=\"wpforms-recaptcha-container wpforms-is-turnstile\" ><div class=\"g-recaptcha\" data-sitekey=\"0x4AAAAAAAzmO8OSv74kHhcE\" data-action=\"FormID-28205\"><\/div><input type=\"text\" name=\"g-recaptcha-hidden\" class=\"wpforms-recaptcha-hidden\" style=\"position:absolute!important;clip:rect(0,0,0,0)!important;height:1px!important;width:1px!important;border:0!important;overflow:hidden!important;padding:0!important;margin:0!important;\" data-rule-turnstile=\"1\"><\/div><div class=\"wpforms-submit-container\" ><input type=\"hidden\" name=\"wpforms[id]\" value=\"28205\"><input type=\"hidden\" name=\"page_title\" value=\"\"><input type=\"hidden\" name=\"page_url\" value=\"https:\/\/bodasencubafiestas.com\/pt-br\/wp-json\/wp\/v2\/pages\/15137\"><button type=\"submit\" name=\"wpforms[submit]\" id=\"wpforms-submit-28205\" class=\"wpforms-submit\" data-alt-text=\"Enviando\" data-submit-text=\"Enviar\" aria-live=\"assertive\" value=\"wpforms-submit\">Enviar<\/button><\/div><\/form><\/div>  <!-- .wpforms-container -->[\/vc_column_text][\/vc_column][\/vc_row]<\/p>\n<\/div>","protected":false},"excerpt":{"rendered":"<p>[vc_row css=&#8221;.vc_custom_1485254065501{margin-top: 0px !important;margin-bottom: 0px !important;padding-top: 60px !important;padding-bottom: 60px !important;}&#8221;][vc_column width=&#8221;1\/3&#8243;][\/vc_column][vc_column width=&#8221;1\/3&#8243;][\/vc_column][vc_column width=&#8221;1\/3&#8243;][\/vc_column][\/vc_row][vc_row][vc_column][vc_gmaps link=&#8221;#E-8_JTNDaWZyYW1lJTIwc3JjJTNEJTIyaHR0cHMlM0ElMkYlMkZ3d3cuZ29vZ2xlLmNvbSUyRm1hcHMlMkZlbWJlZCUzRnBiJTNEJTIxMW0xOCUyMTFtMTIlMjExbTMlMjExZDM2NjguNzc0NTk1Mzk4MzQ2JTIxMmQtODIuMzc4MDA2Nzg1MDMwMDElMjEzZDIzLjE0MTkxMjg4NDg5Mjc4MyUyMTJtMyUyMTFmMCUyMTJmMCUyMTNmMCUyMTNtMiUyMTFpMTAyNCUyMTJpNzY4JTIxNGYxMy4xJTIxM20zJTIxMW0yJTIxMXMweDg4Y2Q3OTM2NzgzY2E3OGYlMjUzQTB4OTRiZDY1MjI1NmY2OGJhMyUyMTJzQm9kYXMlMkJlbiUyQkN1YmElMkJGaWVzdGFzJTIxNWUwJTIxM20yJTIxMXNlcyUyMTJzdWElMjE0djE1NjEyOTcxNjU2ODElMjE1bTIlMjExc2VzJTIxMnN1YSUyMiUyMHdpZHRoJTNEJTIyNjAwJTIyJTIwaGVpZ2h0JTNEJTIyNDUwJTIyJTIwZnJhbWVib3JkZXIlM0QlMjIwJTIyJTIwc3R5bGUlM0QlMjJib3JkZXIlM0EwJTIyJTIwYWxsb3dmdWxsc2NyZWVuJTNFJTNDJTJGaWZyYW1lJTNF&#8221;][\/vc_column][\/vc_row][vc_row css=&#8221;.vc_custom_1619835909547{background-color: #ffffff !important;}&#8221;][vc_column][vc_text_separator title=&#8221;Entre em contato conosco agora!!&#8221;][vc_column_text css=&#8221;&#8221;][\/vc_column_text][\/vc_column][\/vc_row]<\/p>\n","protected":false},"author":2,"featured_media":0,"parent":0,"menu_order":0,"comment_status":"closed","ping_status":"closed","template":"","meta":{"_uf_show_specific_survey":0,"_uf_disable_surveys":false,"_joinchat":[],"footnotes":""},"class_list":["post-15137","page","type-page","status-publish","hentry"],"yoast_head":"<!-- This site is optimized with the Yoast SEO plugin v27.0 - https:\/\/yoast.com\/product\/yoast-seo-wordpress\/ -->\n<title>Ag\u00eancia de contato para eventos em Havana, Cuba<\/title>\n<meta name=\"description\" content=\"Contate nossa ag\u00eancia para eventos em Havana, Cuba aqui\" \/>\n<meta name=\"robots\" content=\"index, follow, max-snippet:-1, max-image-preview:large, max-video-preview:-1\" \/>\n<link rel=\"canonical\" href=\"https:\/\/bodasencubafiestas.com\/pt-br\/contato-agencia-para-eventos-em-havana-cuba\/\" \/>\n<meta property=\"og:locale\" content=\"pt_BR\" \/>\n<meta property=\"og:type\" content=\"article\" \/>\n<meta property=\"og:title\" content=\"Ag\u00eancia de contato para eventos em Havana, Cuba\" \/>\n<meta property=\"og:description\" content=\"Contate nossa ag\u00eancia para eventos em Havana, Cuba aqui\" \/>\n<meta property=\"og:url\" content=\"https:\/\/bodasencubafiestas.com\/pt-br\/contato-agencia-para-eventos-em-havana-cuba\/\" \/>\n<meta property=\"og:site_name\" content=\"Bodas en Cuba Fiestas\" \/>\n<meta property=\"article:publisher\" content=\"https:\/\/www.facebook.com\/p\/Bodas-en-Cuba-fiestas-decoraciones-para-eventos-100064305390336\/\" \/>\n<meta property=\"article:modified_time\" content=\"2024-09-24T19:34:03+00:00\" \/>\n<meta name=\"twitter:card\" content=\"summary_large_image\" \/>\n<meta name=\"twitter:label1\" content=\"Est. tempo de leitura\" \/>\n\t<meta name=\"twitter:data1\" content=\"1 minuto\" \/>\n<script type=\"application\/ld+json\" class=\"yoast-schema-graph\">{\"@context\":\"https:\/\/schema.org\",\"@graph\":[{\"@type\":\"WebPage\",\"@id\":\"https:\/\/bodasencubafiestas.com\/pt-br\/contato-agencia-para-eventos-em-havana-cuba\/\",\"url\":\"https:\/\/bodasencubafiestas.com\/pt-br\/contato-agencia-para-eventos-em-havana-cuba\/\",\"name\":\"Ag\u00eancia de contato para eventos em Havana, Cuba\",\"isPartOf\":{\"@id\":\"https:\/\/bodasencubafiestas.com\/pt-br\/#website\"},\"datePublished\":\"2018-09-11T02:47:54+00:00\",\"dateModified\":\"2024-09-24T19:34:03+00:00\",\"description\":\"Contate nossa ag\u00eancia para eventos em Havana, Cuba aqui\",\"breadcrumb\":{\"@id\":\"https:\/\/bodasencubafiestas.com\/pt-br\/contato-agencia-para-eventos-em-havana-cuba\/#breadcrumb\"},\"inLanguage\":\"pt-BR\",\"potentialAction\":[{\"@type\":\"ReadAction\",\"target\":[\"https:\/\/bodasencubafiestas.com\/pt-br\/contato-agencia-para-eventos-em-havana-cuba\/\"]}]},{\"@type\":\"BreadcrumbList\",\"@id\":\"https:\/\/bodasencubafiestas.com\/pt-br\/contato-agencia-para-eventos-em-havana-cuba\/#breadcrumb\",\"itemListElement\":[{\"@type\":\"ListItem\",\"position\":1,\"name\":\"Home\",\"item\":\"https:\/\/bodasencubafiestas.com\/pt-br\/\"},{\"@type\":\"ListItem\",\"position\":2,\"name\":\"Contato\"}]},{\"@type\":\"WebSite\",\"@id\":\"https:\/\/bodasencubafiestas.com\/pt-br\/#website\",\"url\":\"https:\/\/bodasencubafiestas.com\/pt-br\/\",\"name\":\"Bodas en Cuba Fiestas\",\"description\":\"\",\"publisher\":{\"@id\":\"https:\/\/bodasencubafiestas.com\/pt-br\/#organization\"},\"potentialAction\":[{\"@type\":\"SearchAction\",\"target\":{\"@type\":\"EntryPoint\",\"urlTemplate\":\"https:\/\/bodasencubafiestas.com\/pt-br\/?s={search_term_string}\"},\"query-input\":{\"@type\":\"PropertyValueSpecification\",\"valueRequired\":true,\"valueName\":\"search_term_string\"}}],\"inLanguage\":\"pt-BR\"},{\"@type\":\"Organization\",\"@id\":\"https:\/\/bodasencubafiestas.com\/pt-br\/#organization\",\"name\":\"Bodas en Cuba Fiestas\",\"url\":\"https:\/\/bodasencubafiestas.com\/pt-br\/\",\"logo\":{\"@type\":\"ImageObject\",\"inLanguage\":\"pt-BR\",\"@id\":\"https:\/\/bodasencubafiestas.com\/pt-br\/#\/schema\/logo\/image\/\",\"url\":\"https:\/\/bodasencubafiestas.com\/wp-content\/uploads\/2026\/03\/BodasenCubaFiestas-logo.png\",\"contentUrl\":\"https:\/\/bodasencubafiestas.com\/wp-content\/uploads\/2026\/03\/BodasenCubaFiestas-logo.png\",\"width\":696,\"height\":696,\"caption\":\"Bodas en Cuba Fiestas\"},\"image\":{\"@id\":\"https:\/\/bodasencubafiestas.com\/pt-br\/#\/schema\/logo\/image\/\"},\"sameAs\":[\"https:\/\/www.facebook.com\/p\/Bodas-en-Cuba-fiestas-decoraciones-para-eventos-100064305390336\/\",\"https:\/\/www.instagram.com\/bodasencubafiestas\/\"]}]}<\/script>\n<!-- \/ Yoast SEO plugin. -->","yoast_head_json":{"title":"Ag\u00eancia de contato para eventos em Havana, Cuba","description":"Contate nossa ag\u00eancia para eventos em Havana, Cuba aqui","robots":{"index":"index","follow":"follow","max-snippet":"max-snippet:-1","max-image-preview":"max-image-preview:large","max-video-preview":"max-video-preview:-1"},"canonical":"https:\/\/bodasencubafiestas.com\/pt-br\/contato-agencia-para-eventos-em-havana-cuba\/","og_locale":"pt_BR","og_type":"article","og_title":"Ag\u00eancia de contato para eventos em Havana, Cuba","og_description":"Contate nossa ag\u00eancia para eventos em Havana, Cuba aqui","og_url":"https:\/\/bodasencubafiestas.com\/pt-br\/contato-agencia-para-eventos-em-havana-cuba\/","og_site_name":"Bodas en Cuba Fiestas","article_publisher":"https:\/\/www.facebook.com\/p\/Bodas-en-Cuba-fiestas-decoraciones-para-eventos-100064305390336\/","article_modified_time":"2024-09-24T19:34:03+00:00","twitter_card":"summary_large_image","twitter_misc":{"Est. tempo de leitura":"1 minuto"},"schema":{"@context":"https:\/\/schema.org","@graph":[{"@type":"WebPage","@id":"https:\/\/bodasencubafiestas.com\/pt-br\/contato-agencia-para-eventos-em-havana-cuba\/","url":"https:\/\/bodasencubafiestas.com\/pt-br\/contato-agencia-para-eventos-em-havana-cuba\/","name":"Ag\u00eancia de contato para eventos em Havana, Cuba","isPartOf":{"@id":"https:\/\/bodasencubafiestas.com\/pt-br\/#website"},"datePublished":"2018-09-11T02:47:54+00:00","dateModified":"2024-09-24T19:34:03+00:00","description":"Contate nossa ag\u00eancia para eventos em Havana, Cuba aqui","breadcrumb":{"@id":"https:\/\/bodasencubafiestas.com\/pt-br\/contato-agencia-para-eventos-em-havana-cuba\/#breadcrumb"},"inLanguage":"pt-BR","potentialAction":[{"@type":"ReadAction","target":["https:\/\/bodasencubafiestas.com\/pt-br\/contato-agencia-para-eventos-em-havana-cuba\/"]}]},{"@type":"BreadcrumbList","@id":"https:\/\/bodasencubafiestas.com\/pt-br\/contato-agencia-para-eventos-em-havana-cuba\/#breadcrumb","itemListElement":[{"@type":"ListItem","position":1,"name":"Home","item":"https:\/\/bodasencubafiestas.com\/pt-br\/"},{"@type":"ListItem","position":2,"name":"Contato"}]},{"@type":"WebSite","@id":"https:\/\/bodasencubafiestas.com\/pt-br\/#website","url":"https:\/\/bodasencubafiestas.com\/pt-br\/","name":"Bodas en Cuba Fiestas","description":"","publisher":{"@id":"https:\/\/bodasencubafiestas.com\/pt-br\/#organization"},"potentialAction":[{"@type":"SearchAction","target":{"@type":"EntryPoint","urlTemplate":"https:\/\/bodasencubafiestas.com\/pt-br\/?s={search_term_string}"},"query-input":{"@type":"PropertyValueSpecification","valueRequired":true,"valueName":"search_term_string"}}],"inLanguage":"pt-BR"},{"@type":"Organization","@id":"https:\/\/bodasencubafiestas.com\/pt-br\/#organization","name":"Bodas en Cuba Fiestas","url":"https:\/\/bodasencubafiestas.com\/pt-br\/","logo":{"@type":"ImageObject","inLanguage":"pt-BR","@id":"https:\/\/bodasencubafiestas.com\/pt-br\/#\/schema\/logo\/image\/","url":"https:\/\/bodasencubafiestas.com\/wp-content\/uploads\/2026\/03\/BodasenCubaFiestas-logo.png","contentUrl":"https:\/\/bodasencubafiestas.com\/wp-content\/uploads\/2026\/03\/BodasenCubaFiestas-logo.png","width":696,"height":696,"caption":"Bodas en Cuba Fiestas"},"image":{"@id":"https:\/\/bodasencubafiestas.com\/pt-br\/#\/schema\/logo\/image\/"},"sameAs":["https:\/\/www.facebook.com\/p\/Bodas-en-Cuba-fiestas-decoraciones-para-eventos-100064305390336\/","https:\/\/www.instagram.com\/bodasencubafiestas\/"]}]}},"_links":{"self":[{"href":"https:\/\/bodasencubafiestas.com\/pt-br\/wp-json\/wp\/v2\/pages\/15137","targetHints":{"allow":["GET"]}}],"collection":[{"href":"https:\/\/bodasencubafiestas.com\/pt-br\/wp-json\/wp\/v2\/pages"}],"about":[{"href":"https:\/\/bodasencubafiestas.com\/pt-br\/wp-json\/wp\/v2\/types\/page"}],"author":[{"embeddable":true,"href":"https:\/\/bodasencubafiestas.com\/pt-br\/wp-json\/wp\/v2\/users\/2"}],"replies":[{"embeddable":true,"href":"https:\/\/bodasencubafiestas.com\/pt-br\/wp-json\/wp\/v2\/comments?post=15137"}],"version-history":[{"count":0,"href":"https:\/\/bodasencubafiestas.com\/pt-br\/wp-json\/wp\/v2\/pages\/15137\/revisions"}],"wp:attachment":[{"href":"https:\/\/bodasencubafiestas.com\/pt-br\/wp-json\/wp\/v2\/media?parent=15137"}],"curies":[{"name":"wp","href":"https:\/\/api.w.org\/{rel}","templated":true}]}}