{"id":26601,"date":"2024-07-01T10:12:13","date_gmt":"2024-07-01T14:12:13","guid":{"rendered":"https:\/\/bodasencubafiestas.com\/decoracion-de-boda-en-cuba-copy\/"},"modified":"2024-07-01T10:21:24","modified_gmt":"2024-07-01T14:21:24","slug":"decoracao-de-casamento","status":"publish","type":"page","link":"https:\/\/bodasencubafiestas.com\/pt-br\/decoracao-de-casamento\/","title":{"rendered":"Decora\u00e7\u00e3o de casamento"},"content":{"rendered":"<div class=\"wpb-content-wrapper\"><p>[vc_row full_width=&#8221;stretch_row&#8221; content_placement=&#8221;middle&#8221; parallax=&#8221;content-moving&#8221; parallax_image=&#8221;22154&#8243; bg_slider=&#8221;hearts&#8221; css=&#8221;.vc_custom_1714422873718{margin-top: 0px !important;margin-bottom: 0px !important;padding-top: 200px !important;padding-bottom: 200px !important;}&#8221;][vc_column][vc_custom_heading text=&#8221;&#8221; font_container=&#8221;tag:h1|font_size:80|text_align:center|color:%23ffffff|line_height:80px&#8221; google_fonts=&#8221;font_family:Great%20Vibes%3Aregular|font_style:400%20regular%3A400%3Anormal&#8221;][\/vc_column][\/vc_row][vc_row][vc_column][vc_column_text]<\/p>\n<h1 style=\"text-align: center;\"><strong>Decora\u00e7\u00e3o de casamento em Cuba<\/strong><\/h1>\n<p>&nbsp;<\/p>\n<p><span style=\"font-size: 13pt;\">Ol\u00e1 a todos os amantes do casamento! Hoje queremos falar sobre uma tend\u00eancia que est\u00e1 varrendo o mundo dos eventos: a decora\u00e7\u00e3o de casamento cubana. Se voc\u00ea tem interesse em fazer algo diferente e colorido para o seu grande dia, essa \u00e9 a op\u00e7\u00e3o perfeita para voc\u00ea! Continue lendo e conhe\u00e7a o fabuloso cen\u00e1rio da decora\u00e7\u00e3o de casamento em Cuba. Al\u00e9m disso, conhe\u00e7a a ag\u00eancia organizadora de eventos Bodas en Cuba Fiestas, localizada na capital cubana, com especialistas no assunto.<\/span>[\/vc_column_text][vc_column_text]<span style=\"font-size: 13pt;\">A decora\u00e7\u00e3o de casamentos em Cuba se tornou muito popular nos \u00faltimos anos, o que n\u00e3o surpreende, pois \u00e9 uma cultura vibrante, alegre e cheia de vida. \u00c9 uma forma \u00fanica e divertida de celebrar o seu amor com cores vivas, motivos tropicais e muito ritmo. Portanto, se voc\u00ea est\u00e1 planejando um casamento em Cuba, n\u00e3o pode perder a oportunidade de incorporar esta decora\u00e7\u00e3o ao seu evento!<\/span><\/p>\n<p><span style=\"font-size: 13pt;\">Mas o que torna a decora\u00e7\u00e3o de casamento em Cuba t\u00e3o especial? Bem, h\u00e1 muitos fatores que contribuem para o seu charme. Uma delas s\u00e3o as cores; As cores vivas e alegres s\u00e3o parte essencial da cultura cubana, e se refletem em cada detalhe da decora\u00e7\u00e3o, como centros de mesa e guirlandas, tornam-se o centro das aten\u00e7\u00f5es do ambiente.<\/span><\/p>\n<p><span style=\"font-size: 13pt;\">Outro fator que torna \u00fanica a decora\u00e7\u00e3o de casamento cubana s\u00e3o os motivos tropicais. Folhas de palmeira, flores ex\u00f3ticas e animais tropicais s\u00e3o elementos comuns, e tamb\u00e9m podem ser incorporados em alimentos e bebidas, criando uma experi\u00eancia completa para seus convidados.<\/span>[\/vc_column_text][vc_single_image image=&#8221;22161&#8243; img_size=&#8221;full&#8221; alignment=&#8221;center&#8221;][vc_column_text]<span style=\"font-size: 13pt;\">Se voc\u00ea deseja encontrar uma maneira de incorporar a decora\u00e7\u00e3o cubana em sua festa de casamento, h\u00e1 muitas op\u00e7\u00f5es dispon\u00edveis. Voc\u00ea pode optar por um tema completo, com cores vibrantes e motivos tropicais em todos os detalhes, ou pode incorporar outros elementos como:<\/span><\/p>\n<p>&nbsp;<\/p>\n<p><span style=\"font-size: 13pt;\">&#8211; Centros de mesa com flores ex\u00f3ticas e cores vivas.<\/span><\/p>\n<p><span style=\"font-size: 13pt;\">&#8211; Cord\u00f5es de luzes com folhas de palmeira e flores.<\/span><\/p>\n<p><span style=\"font-size: 13pt;\">&#8211; Convites com motivos tropicais.<\/span><\/p>\n<p><span style=\"font-size: 13pt;\">&#8211; Comidas e bebidas cubanas.<\/span><\/p>\n<p><span style=\"font-size: 13pt;\">&#8211; M\u00fasica ao vivo durante a cerim\u00f4nia e recep\u00e7\u00e3o.<\/span>[\/vc_column_text][vc_single_image image=&#8221;22168&#8243; img_size=&#8221;full&#8221; alignment=&#8221;center&#8221;][vc_column_text]<span style=\"font-size: 13pt;\">A decora\u00e7\u00e3o cubana para o seu casamento \u00e9 uma op\u00e7\u00e3o \u00fanica e divertida para o seu t\u00e3o esperado dia. Em nossa ag\u00eancia organizadora de Casamentos em Cuba Fiestas, temos os profissionais perfeitos para transformar sua cerim\u00f4nia em um aut\u00eantico espet\u00e1culo caribenho. Garantimos que ser\u00e1 um dia que seus convidados jamais esquecer\u00e3o!<\/span><\/p>\n<p><span style=\"font-size: 13pt;\">Se gostou deste artigo, n\u00e3o hesite em compartilh\u00e1-lo em suas redes sociais. E se quiser mais inspira\u00e7\u00e3o para o seu casamento, visite nosso blog! Temos diversos artigos sobre decora\u00e7\u00e3o de casamento, tend\u00eancias e muito mais. Obrigado por nos ler!<\/span>[\/vc_column_text][\/vc_column][\/vc_row][vc_row css=&#8221;.vc_custom_1619641050256{background-color: #ffffff !important;}&#8221;][vc_column][vc_text_separator title=&#8221;Entre em contato conosco agora!&#8221;]\n<div class=\"wpcf7 no-js\" id=\"wpcf7-f13052-o1\" lang=\"\" dir=\"ltr\" data-wpcf7-id=\"13052\">\n<div class=\"screen-reader-response\"><p role=\"status\" aria-live=\"polite\" aria-atomic=\"true\"><\/p> <ul><\/ul><\/div>\n<form action=\"\/pt-br\/wp-json\/wp\/v2\/pages\/26601#wpcf7-f13052-o1\" method=\"post\" class=\"wpcf7-form init\" aria-label=\"Formul\u00e1rios de contato\" novalidate=\"novalidate\" data-status=\"init\">\n<fieldset class=\"hidden-fields-container\"><input type=\"hidden\" name=\"_wpcf7\" value=\"13052\" \/><input type=\"hidden\" name=\"_wpcf7_version\" value=\"6.1.5\" \/><input type=\"hidden\" name=\"_wpcf7_locale\" value=\"\" \/><input type=\"hidden\" name=\"_wpcf7_unit_tag\" value=\"wpcf7-f13052-o1\" \/><input type=\"hidden\" name=\"_wpcf7_container_post\" value=\"0\" \/><input type=\"hidden\" name=\"_wpcf7_posted_data_hash\" value=\"\" \/>\n<\/fieldset>\n<p><label>Nome (obrigat\u00f3rio)<br \/>\n<span class=\"wpcf7-form-control-wrap\" data-name=\"your-name\"><input size=\"40\" maxlength=\"400\" class=\"wpcf7-form-control wpcf7-text wpcf7-validates-as-required\" aria-required=\"true\" aria-invalid=\"false\" placeholder=\"Seu nome aqui\" value=\"\" type=\"text\" name=\"your-name\" \/><\/span><\/label><br \/>\n<label> Email (obrigat\u00f3rio)<br \/>\n<span class=\"wpcf7-form-control-wrap\" data-name=\"your-email\"><input size=\"40\" maxlength=\"400\" class=\"wpcf7-form-control wpcf7-email wpcf7-validates-as-required wpcf7-text wpcf7-validates-as-email\" aria-required=\"true\" aria-invalid=\"false\" placeholder=\"Seu Email aqui\" value=\"\" type=\"email\" name=\"your-email\" \/><\/span><\/label><br \/>\n<label>Telefone (obrigat\u00f3rio)<br \/>\n<span class=\"wpcf7-form-control-wrap\" data-name=\"your-phone\"><input size=\"40\" maxlength=\"400\" class=\"wpcf7-form-control wpcf7-text wpcf7-validates-as-required\" aria-required=\"true\" aria-invalid=\"false\" placeholder=\"Seu Telefone aqui\" value=\"\" type=\"text\" name=\"your-phone\" \/><\/span><\/label><br \/>\n<label>Pa\u00eds (obrigat\u00f3rio)<br \/>\n<span class=\"wpcf7-form-control-wrap\" data-name=\"your-location\"><input size=\"40\" maxlength=\"400\" class=\"wpcf7-form-control wpcf7-text wpcf7-validates-as-required\" aria-required=\"true\" aria-invalid=\"false\" placeholder=\"Seu Pa\u00eds aqui\" value=\"\" type=\"text\" name=\"your-location\" \/><\/span><\/label><br \/>\n<label>Tipo de evento ou servi\u00e7o (obrigat\u00f3rio)<br \/>\n<span class=\"wpcf7-form-control-wrap\" data-name=\"tipo-evento\"><select class=\"wpcf7-form-control wpcf7-select wpcf7-validates-as-required\" aria-required=\"true\" aria-invalid=\"false\" name=\"tipo-evento\"><option value=\"--Selecionar--\">--Selecionar--<\/option><option value=\"Casamento\">Casamento<\/option><option value=\"Renova\u00e7\u00e3o de votos\">Renova\u00e7\u00e3o de votos<\/option><option value=\"Neg\u00f3cios\">Neg\u00f3cios<\/option><option value=\"Evento privado - Festa\">Evento privado - Festa<\/option><option value=\"Anivers\u00e1rio infantil\">Anivers\u00e1rio infantil<\/option><option value=\"Festa de 15 anos\">Festa de 15 anos<\/option><option value=\"Fotos de anivers\u00e1rio de 15 anos (est\u00fadio e ao ar livre)\">Fotos de anivers\u00e1rio de 15 anos (est\u00fadio e ao ar livre)<\/option><option value=\"An\u00e9is de noivado\">An\u00e9is de noivado<\/option><\/select><\/span> <\/label><br \/>\n<label>Estilo (obrigat\u00f3rio)<br \/>\n<span class=\"wpcf7-form-control-wrap\" data-name=\"Estilo\"><select class=\"wpcf7-form-control wpcf7-select wpcf7-validates-as-required\" aria-required=\"true\" aria-invalid=\"false\" name=\"Estilo\"><option value=\"--Selecionar--\">--Selecionar--<\/option><option value=\"Cl\u00e1ssico (luxuoso)\">Cl\u00e1ssico (luxuoso)<\/option><option value=\"Rom\u00e2ntico\">Rom\u00e2ntico<\/option><option value=\"Vintage\">Vintage<\/option><option value=\"Shabby Chic\">Shabby Chic<\/option><option value=\"Boho Chic\">Boho Chic<\/option><option value=\"Ecl\u00e9tico\">Ecl\u00e9tico<\/option><option value=\"Moderno\">Moderno<\/option><option value=\"Natural, Ecol\u00f3gico\">Natural, Ecol\u00f3gico<\/option><option value=\"Minimalista (simplificado)\">Minimalista (simplificado)<\/option><option value=\"Tradicional\">Tradicional<\/option><option value=\"N\u00e3o gosto ainda n\u00e3o tem, me ajude!\">N\u00e3o gosto ainda n\u00e3o tem, me ajude!<\/option><\/select><\/span><\/label><br \/>\n<label>Local preferido (obrigat\u00f3rio)<br \/>\n<span class=\"wpcf7-form-control-wrap\" data-name=\"checkbox-location\"><span class=\"wpcf7-form-control wpcf7-checkbox wpcf7-validates-as-required\"><span class=\"wpcf7-list-item first\"><input type=\"checkbox\" name=\"checkbox-location[]\" value=\"Praia\" \/><span class=\"wpcf7-list-item-label\">Praia<\/span><\/span><span class=\"wpcf7-list-item\"><input type=\"checkbox\" name=\"checkbox-location[]\" value=\"Apartamento com vista para o mar\" \/><span class=\"wpcf7-list-item-label\">Apartamento com vista para o mar<\/span><\/span><span class=\"wpcf7-list-item\"><input type=\"checkbox\" name=\"checkbox-location[]\" value=\"Jardim\" \/><span class=\"wpcf7-list-item-label\">Jardim<\/span><\/span><span class=\"wpcf7-list-item\"><input type=\"checkbox\" name=\"checkbox-location[]\" value=\"Campo\" \/><span class=\"wpcf7-list-item-label\">Campo<\/span><\/span><span class=\"wpcf7-list-item\"><input type=\"checkbox\" name=\"checkbox-location[]\" value=\"Villa Privada\" \/><span class=\"wpcf7-list-item-label\">Villa Privada<\/span><\/span><span class=\"wpcf7-list-item\"><input type=\"checkbox\" name=\"checkbox-location[]\" value=\"Sala de estar\" \/><span class=\"wpcf7-list-item-label\">Sala de estar<\/span><\/span><span class=\"wpcf7-list-item last\"><input type=\"checkbox\" name=\"checkbox-location[]\" value=\"Hotel\" \/><span class=\"wpcf7-list-item-label\">Hotel<\/span><\/span><\/span><\/span><\/label><br \/>\n<label>Or\u00e7amento aproximado (obrigat\u00f3rio)<br \/>\n<span class=\"wpcf7-form-control-wrap\" data-name=\"presupuesto\"><select class=\"wpcf7-form-control wpcf7-select wpcf7-validates-as-required\" aria-required=\"true\" aria-invalid=\"false\" name=\"presupuesto\"><option value=\"--Selecionar--\">--Selecionar--<\/option><option value=\"100 \u00f7 350 USD\">100 \u00f7 350 USD<\/option><option value=\"350 \u00f7 600 USD\">350 \u00f7 600 USD<\/option><option value=\"600 \u00f7 1000 USD\">600 \u00f7 1000 USD<\/option><option value=\"1000 \u00f7 1500 USD\">1000 \u00f7 1500 USD<\/option><option value=\"1500 \u00f7 2000 USD\">1500 \u00f7 2000 USD<\/option><option value=\"2000 \u00f7 3000 USD\">2000 \u00f7 3000 USD<\/option><option value=\"3000 \u00f7 7000 USD\">3000 \u00f7 7000 USD<\/option><option value=\"7000 \u00f7 15 000 USD\">7000 \u00f7 15 000 USD<\/option><option value=\"15 000 \u00f7 20 000 USD\">15 000 \u00f7 20 000 USD<\/option><option value=\"20 000 \u00f7 25 000 USD\">20 000 \u00f7 25 000 USD<\/option><option value=\"25 000 \u00f7 USD \u00f7 ilimitado\">25 000 \u00f7 USD \u00f7 ilimitado<\/option><\/select><\/span><\/label><br \/>\n<label>N\u00famero de pessoas (obrigat\u00f3rio)<br \/>\n<span class=\"wpcf7-form-control-wrap\" data-name=\"cantidad-personas\"><select class=\"wpcf7-form-control wpcf7-select wpcf7-validates-as-required\" aria-required=\"true\" aria-invalid=\"false\" name=\"cantidad-personas\"><option value=\"--Selecionar--\">--Selecionar--<\/option><option value=\"1\">1<\/option><option value=\"2\">2<\/option><option value=\"3 - 10\">3 - 10<\/option><option value=\"10 - 20\">10 - 20<\/option><option value=\"20 - 30\">20 - 30<\/option><option value=\"30 - 40\">30 - 40<\/option><option value=\"40 - 50\">40 - 50<\/option><option value=\"50 - 70\">50 - 70<\/option><option value=\"70 - 100\">70 - 100<\/option><option value=\"100 - 150\">100 - 150<\/option><option value=\"150 - 200\">150 - 200<\/option><option value=\"200 - 300\">200 - 300<\/option><\/select><\/span><\/label><br \/>\n<label>Data (obrigat\u00f3rio)<br \/>\n<span class=\"wpcf7-form-control-wrap\" data-name=\"date-931\"><input class=\"wpcf7-form-control wpcf7-date wpcf7-validates-as-required wpcf7-validates-as-date\" aria-required=\"true\" aria-invalid=\"false\" value=\"\" type=\"date\" name=\"date-931\" \/><\/span><\/label><br \/>\n<label>Sua mensagem<br \/>\n<span class=\"wpcf7-form-control-wrap\" data-name=\"tu-mensaje\"><textarea cols=\"40\" rows=\"10\" maxlength=\"2000\" class=\"wpcf7-form-control wpcf7-textarea\" aria-invalid=\"false\" name=\"tu-mensaje\"><\/textarea><\/span><\/label><br \/>\n<input class=\"wpcf7-form-control wpcf7-submit has-spinner\" type=\"submit\" value=\"Mandar\" \/><br \/>\n<span class=\"wpcf7-form-control-wrap\" data-name=\"url-894\"><input size=\"40\" maxlength=\"400\" class=\"wpcf7-form-control wpcf7-url wpcf7-text wpcf7-validates-as-url\" aria-invalid=\"false\" value=\"\" type=\"url\" name=\"url-894\" \/><\/span>\n<\/p><div class=\"wpcf7-response-output\" aria-hidden=\"true\"><\/div>\n<\/form>\n<\/div>\n[\/vc_column][\/vc_row][vc_row][vc_column][vc_column_text]<\/p>\n<p>[\/vc_column_text][\/vc_column][\/vc_row][vc_row][vc_column][\/vc_column][\/vc_row]<\/p>\n<\/div>","protected":false},"excerpt":{"rendered":"<p>[vc_row full_width=&#8221;stretch_row&#8221; content_placement=&#8221;middle&#8221; parallax=&#8221;content-moving&#8221; parallax_image=&#8221;22154&#8243; bg_slider=&#8221;hearts&#8221; css=&#8221;.vc_custom_1714422873718{margin-top: 0px !important;margin-bottom: 0px !important;padding-top: 200px !important;padding-bottom: 200px !important;}&#8221;][vc_column][vc_custom_heading text=&#8221;&#8221; font_container=&#8221;tag:h1|font_size:80|text_align:center|color:%23ffffff|line_height:80px&#8221; google_fonts=&#8221;font_family:Great%20Vibes%3Aregular|font_style:400%20regular%3A400%3Anormal&#8221;][\/vc_column][\/vc_row][vc_row][vc_column][vc_column_text] Decora\u00e7\u00e3o de casamento em Cuba &nbsp; Ol\u00e1 a todos os amantes do [&hellip;]<\/p>\n","protected":false},"author":2,"featured_media":0,"parent":0,"menu_order":0,"comment_status":"closed","ping_status":"closed","template":"","meta":{"_uf_show_specific_survey":0,"_uf_disable_surveys":false,"_joinchat":[],"footnotes":""},"class_list":["post-26601","page","type-page","status-publish","hentry"],"yoast_head":"<!-- This site is optimized with the Yoast SEO plugin v27.0 - https:\/\/yoast.com\/product\/yoast-seo-wordpress\/ -->\n<title>Decora\u00e7\u00e3o de casamento<\/title>\n<meta name=\"description\" content=\"Descubra a magia da decora\u00e7\u00e3o de casamento em nosso artigo. Inspire-se com as cores vivas, os motivos tropicais e a vibra\u00e7\u00e3o \u00fanica dos casamentos cubanos.\" \/>\n<meta name=\"robots\" content=\"index, follow, max-snippet:-1, max-image-preview:large, max-video-preview:-1\" \/>\n<link rel=\"canonical\" href=\"https:\/\/bodasencubafiestas.com\/pt-br\/decoracao-de-casamento\/\" \/>\n<meta property=\"og:locale\" content=\"pt_BR\" \/>\n<meta property=\"og:type\" content=\"article\" \/>\n<meta property=\"og:title\" content=\"Decora\u00e7\u00e3o de casamento\" \/>\n<meta property=\"og:description\" content=\"Descubra a magia da decora\u00e7\u00e3o de casamento em nosso artigo. Inspire-se com as cores vivas, os motivos tropicais e a vibra\u00e7\u00e3o \u00fanica dos casamentos cubanos.\" \/>\n<meta property=\"og:url\" content=\"https:\/\/bodasencubafiestas.com\/pt-br\/decoracao-de-casamento\/\" \/>\n<meta property=\"og:site_name\" content=\"Bodas en Cuba Fiestas\" \/>\n<meta property=\"article:publisher\" content=\"https:\/\/www.facebook.com\/p\/Bodas-en-Cuba-fiestas-decoraciones-para-eventos-100064305390336\/\" \/>\n<meta property=\"article:modified_time\" content=\"2024-07-01T14:21:24+00:00\" \/>\n<meta name=\"twitter:card\" content=\"summary_large_image\" \/>\n<meta name=\"twitter:label1\" content=\"Est. tempo de leitura\" \/>\n\t<meta name=\"twitter:data1\" content=\"3 minutos\" \/>\n<script type=\"application\/ld+json\" class=\"yoast-schema-graph\">{\"@context\":\"https:\/\/schema.org\",\"@graph\":[{\"@type\":\"WebPage\",\"@id\":\"https:\/\/bodasencubafiestas.com\/pt-br\/decoracao-de-casamento\/\",\"url\":\"https:\/\/bodasencubafiestas.com\/pt-br\/decoracao-de-casamento\/\",\"name\":\"Decora\u00e7\u00e3o de casamento\",\"isPartOf\":{\"@id\":\"https:\/\/bodasencubafiestas.com\/pt-br\/#website\"},\"datePublished\":\"2024-07-01T14:12:13+00:00\",\"dateModified\":\"2024-07-01T14:21:24+00:00\",\"description\":\"Descubra a magia da decora\u00e7\u00e3o de casamento em nosso artigo. Inspire-se com as cores vivas, os motivos tropicais e a vibra\u00e7\u00e3o \u00fanica dos casamentos cubanos.\",\"breadcrumb\":{\"@id\":\"https:\/\/bodasencubafiestas.com\/pt-br\/decoracao-de-casamento\/#breadcrumb\"},\"inLanguage\":\"pt-BR\",\"potentialAction\":[{\"@type\":\"ReadAction\",\"target\":[\"https:\/\/bodasencubafiestas.com\/pt-br\/decoracao-de-casamento\/\"]}]},{\"@type\":\"BreadcrumbList\",\"@id\":\"https:\/\/bodasencubafiestas.com\/pt-br\/decoracao-de-casamento\/#breadcrumb\",\"itemListElement\":[{\"@type\":\"ListItem\",\"position\":1,\"name\":\"Home\",\"item\":\"https:\/\/bodasencubafiestas.com\/pt-br\/\"},{\"@type\":\"ListItem\",\"position\":2,\"name\":\"Decora\u00e7\u00e3o de casamento\"}]},{\"@type\":\"WebSite\",\"@id\":\"https:\/\/bodasencubafiestas.com\/pt-br\/#website\",\"url\":\"https:\/\/bodasencubafiestas.com\/pt-br\/\",\"name\":\"Bodas en Cuba Fiestas\",\"description\":\"\",\"publisher\":{\"@id\":\"https:\/\/bodasencubafiestas.com\/pt-br\/#organization\"},\"potentialAction\":[{\"@type\":\"SearchAction\",\"target\":{\"@type\":\"EntryPoint\",\"urlTemplate\":\"https:\/\/bodasencubafiestas.com\/pt-br\/?s={search_term_string}\"},\"query-input\":{\"@type\":\"PropertyValueSpecification\",\"valueRequired\":true,\"valueName\":\"search_term_string\"}}],\"inLanguage\":\"pt-BR\"},{\"@type\":\"Organization\",\"@id\":\"https:\/\/bodasencubafiestas.com\/pt-br\/#organization\",\"name\":\"Bodas en Cuba Fiestas\",\"url\":\"https:\/\/bodasencubafiestas.com\/pt-br\/\",\"logo\":{\"@type\":\"ImageObject\",\"inLanguage\":\"pt-BR\",\"@id\":\"https:\/\/bodasencubafiestas.com\/pt-br\/#\/schema\/logo\/image\/\",\"url\":\"https:\/\/bodasencubafiestas.com\/wp-content\/uploads\/2026\/03\/BodasenCubaFiestas-logo.png\",\"contentUrl\":\"https:\/\/bodasencubafiestas.com\/wp-content\/uploads\/2026\/03\/BodasenCubaFiestas-logo.png\",\"width\":696,\"height\":696,\"caption\":\"Bodas en Cuba Fiestas\"},\"image\":{\"@id\":\"https:\/\/bodasencubafiestas.com\/pt-br\/#\/schema\/logo\/image\/\"},\"sameAs\":[\"https:\/\/www.facebook.com\/p\/Bodas-en-Cuba-fiestas-decoraciones-para-eventos-100064305390336\/\",\"https:\/\/www.instagram.com\/bodasencubafiestas\/\"]}]}<\/script>\n<!-- \/ Yoast SEO plugin. -->","yoast_head_json":{"title":"Decora\u00e7\u00e3o de casamento","description":"Descubra a magia da decora\u00e7\u00e3o de casamento em nosso artigo. Inspire-se com as cores vivas, os motivos tropicais e a vibra\u00e7\u00e3o \u00fanica dos casamentos cubanos.","robots":{"index":"index","follow":"follow","max-snippet":"max-snippet:-1","max-image-preview":"max-image-preview:large","max-video-preview":"max-video-preview:-1"},"canonical":"https:\/\/bodasencubafiestas.com\/pt-br\/decoracao-de-casamento\/","og_locale":"pt_BR","og_type":"article","og_title":"Decora\u00e7\u00e3o de casamento","og_description":"Descubra a magia da decora\u00e7\u00e3o de casamento em nosso artigo. Inspire-se com as cores vivas, os motivos tropicais e a vibra\u00e7\u00e3o \u00fanica dos casamentos cubanos.","og_url":"https:\/\/bodasencubafiestas.com\/pt-br\/decoracao-de-casamento\/","og_site_name":"Bodas en Cuba Fiestas","article_publisher":"https:\/\/www.facebook.com\/p\/Bodas-en-Cuba-fiestas-decoraciones-para-eventos-100064305390336\/","article_modified_time":"2024-07-01T14:21:24+00:00","twitter_card":"summary_large_image","twitter_misc":{"Est. tempo de leitura":"3 minutos"},"schema":{"@context":"https:\/\/schema.org","@graph":[{"@type":"WebPage","@id":"https:\/\/bodasencubafiestas.com\/pt-br\/decoracao-de-casamento\/","url":"https:\/\/bodasencubafiestas.com\/pt-br\/decoracao-de-casamento\/","name":"Decora\u00e7\u00e3o de casamento","isPartOf":{"@id":"https:\/\/bodasencubafiestas.com\/pt-br\/#website"},"datePublished":"2024-07-01T14:12:13+00:00","dateModified":"2024-07-01T14:21:24+00:00","description":"Descubra a magia da decora\u00e7\u00e3o de casamento em nosso artigo. Inspire-se com as cores vivas, os motivos tropicais e a vibra\u00e7\u00e3o \u00fanica dos casamentos cubanos.","breadcrumb":{"@id":"https:\/\/bodasencubafiestas.com\/pt-br\/decoracao-de-casamento\/#breadcrumb"},"inLanguage":"pt-BR","potentialAction":[{"@type":"ReadAction","target":["https:\/\/bodasencubafiestas.com\/pt-br\/decoracao-de-casamento\/"]}]},{"@type":"BreadcrumbList","@id":"https:\/\/bodasencubafiestas.com\/pt-br\/decoracao-de-casamento\/#breadcrumb","itemListElement":[{"@type":"ListItem","position":1,"name":"Home","item":"https:\/\/bodasencubafiestas.com\/pt-br\/"},{"@type":"ListItem","position":2,"name":"Decora\u00e7\u00e3o de casamento"}]},{"@type":"WebSite","@id":"https:\/\/bodasencubafiestas.com\/pt-br\/#website","url":"https:\/\/bodasencubafiestas.com\/pt-br\/","name":"Bodas en Cuba Fiestas","description":"","publisher":{"@id":"https:\/\/bodasencubafiestas.com\/pt-br\/#organization"},"potentialAction":[{"@type":"SearchAction","target":{"@type":"EntryPoint","urlTemplate":"https:\/\/bodasencubafiestas.com\/pt-br\/?s={search_term_string}"},"query-input":{"@type":"PropertyValueSpecification","valueRequired":true,"valueName":"search_term_string"}}],"inLanguage":"pt-BR"},{"@type":"Organization","@id":"https:\/\/bodasencubafiestas.com\/pt-br\/#organization","name":"Bodas en Cuba Fiestas","url":"https:\/\/bodasencubafiestas.com\/pt-br\/","logo":{"@type":"ImageObject","inLanguage":"pt-BR","@id":"https:\/\/bodasencubafiestas.com\/pt-br\/#\/schema\/logo\/image\/","url":"https:\/\/bodasencubafiestas.com\/wp-content\/uploads\/2026\/03\/BodasenCubaFiestas-logo.png","contentUrl":"https:\/\/bodasencubafiestas.com\/wp-content\/uploads\/2026\/03\/BodasenCubaFiestas-logo.png","width":696,"height":696,"caption":"Bodas en Cuba Fiestas"},"image":{"@id":"https:\/\/bodasencubafiestas.com\/pt-br\/#\/schema\/logo\/image\/"},"sameAs":["https:\/\/www.facebook.com\/p\/Bodas-en-Cuba-fiestas-decoraciones-para-eventos-100064305390336\/","https:\/\/www.instagram.com\/bodasencubafiestas\/"]}]}},"_links":{"self":[{"href":"https:\/\/bodasencubafiestas.com\/pt-br\/wp-json\/wp\/v2\/pages\/26601","targetHints":{"allow":["GET"]}}],"collection":[{"href":"https:\/\/bodasencubafiestas.com\/pt-br\/wp-json\/wp\/v2\/pages"}],"about":[{"href":"https:\/\/bodasencubafiestas.com\/pt-br\/wp-json\/wp\/v2\/types\/page"}],"author":[{"embeddable":true,"href":"https:\/\/bodasencubafiestas.com\/pt-br\/wp-json\/wp\/v2\/users\/2"}],"replies":[{"embeddable":true,"href":"https:\/\/bodasencubafiestas.com\/pt-br\/wp-json\/wp\/v2\/comments?post=26601"}],"version-history":[{"count":0,"href":"https:\/\/bodasencubafiestas.com\/pt-br\/wp-json\/wp\/v2\/pages\/26601\/revisions"}],"wp:attachment":[{"href":"https:\/\/bodasencubafiestas.com\/pt-br\/wp-json\/wp\/v2\/media?parent=26601"}],"curies":[{"name":"wp","href":"https:\/\/api.w.org\/{rel}","templated":true}]}}